{"id":666,"date":"2019-07-17T20:40:46","date_gmt":"2019-07-17T20:40:46","guid":{"rendered":"https:\/\/safe.pharmacy\/elimination-des-medicaments\/results\/"},"modified":"2024-02-29T15:54:26","modified_gmt":"2024-02-29T21:54:26","slug":"results","status":"publish","type":"page","link":"https:\/\/safe.pharmacy\/fr\/elimination-des-medicaments\/results\/","title":{"rendered":"Results"},"content":{"rendered":"\n<div class=\"wp-block-cover alignfull is-light subpage-style\"><span aria-hidden=\"true\" class=\"wp-block-cover__background has-background-dim-0 has-background-dim\"><\/span><img loading=\"lazy\" decoding=\"async\" width=\"2560\" height=\"1708\" class=\"wp-block-cover__image-background wp-image-3871\" alt=\"\" src=\"https:\/\/safe.pharmacy\/wp-content\/uploads\/2024\/01\/DrugDisposal-scaled.jpeg\" data-object-fit=\"cover\" srcset=\"https:\/\/safe.pharmacy\/wp-content\/uploads\/2024\/01\/DrugDisposal-scaled.jpeg 2560w, https:\/\/safe.pharmacy\/wp-content\/uploads\/2024\/01\/DrugDisposal-300x200.jpeg 300w, https:\/\/safe.pharmacy\/wp-content\/uploads\/2024\/01\/DrugDisposal-1024x683.jpeg 1024w, https:\/\/safe.pharmacy\/wp-content\/uploads\/2024\/01\/DrugDisposal-768x512.jpeg 768w, https:\/\/safe.pharmacy\/wp-content\/uploads\/2024\/01\/DrugDisposal-1536x1025.jpeg 1536w, https:\/\/safe.pharmacy\/wp-content\/uploads\/2024\/01\/DrugDisposal-2048x1366.jpeg 2048w\" sizes=\"auto, (max-width: 2560px) 100vw, 2560px\" \/><div class=\"wp-block-cover__inner-container is-layout-flow wp-block-cover-is-layout-flow\">\n<div class=\"wp-block-columns is-layout-flex wp-container-core-columns-is-layout-9d6595d7 wp-block-columns-is-layout-flex\">\n<div class=\"wp-block-column is-vertically-aligned-center is-layout-flow wp-block-column-is-layout-flow\">\n<h1 class=\"wp-block-heading is-style-black-with-blur\">\u00c9limination s\u00e9curitaire&nbsp;: Aidez \u00e0 \u00e9viter l\u2019empoisonnement, l\u2019usage abusif et les surdoses.<\/h1>\n<\/div>\n\n\n\n<div class=\"wp-block-column is-layout-flow wp-block-column-is-layout-flow\"><div class=\"drug-disposal\">\n  <h2 class=\"is-style-red-header\"><img decoding=\"async\" src=\"\/wp-content\/themes\/safe24\/public\/img\/drug-disposal-icon.svg\" alt=\"Buy Safely Icon\" \/> \u00c9limination des M\u00e9dicaments<\/h2>\n  <p class=\"has-text-color\">L\u2019\u00e9limination s\u00e9curitaire des m\u00e9dicaments constitue un des moyens d\u2019en pr\u00e9venir l\u2019usage abusif. Faites une recherche \u00e0 l\u2019aide du Drug Disposal Locator Tool (outil de localisation de sites d\u2019\u00e9limination des m\u00e9dicaments) pour trouver des bo\u00eetes d\u2019\u00e9limination permanente dans votre r\u00e9gion.<\/p>\n  <form class=\"ddl__form\" acceptCharset=\"UTF-8\" method=\"GET\" name=\"disposal-location-search\" id=\"disposal_location_search\">\n    <label for=\"address\">Location<\/label>\n    <input type=\"hidden\" id=\"lat\" value=\"\" \/>\n    <input type=\"hidden\" id=\"lng\" value=\"\" \/>\n    <input type=\"hidden\" name=\"distance\" id=\"distance\" value=\"10\" \/>\n    <div class=\"address-search-bar\"><input type=\"text\" class=\"address\" id=\"address\" name=\"address\" placeholder=\"Adresse ou code Zip\" value=\"\" \/>\n      <input type=\"submit\" id=\"ddl-search\" value=\"Submit\" class=\"vuvl_btn\" \/>\n    <\/div>\n  <\/form>\n<\/div><\/div>\n<\/div>\n<\/div><\/div>\n\n\n<div class=\"dd-results\">\n  <div id=\"locations-found\"><\/div>\n  <div id=\"map\"><\/div>\n  <div class=\"map-pagination\"><\/div>\n  <div id=\"ddl-results\"><\/div>\n  <div class=\"map-pagination\"><\/div>\n<\/div>","protected":false},"excerpt":{"rendered":"","protected":false},"author":1,"featured_media":0,"parent":4667,"menu_order":0,"comment_status":"closed","ping_status":"closed","template":"","meta":{"_acf_changed":false,"footnotes":""},"class_list":["post-666","page","type-page","status-publish","hentry"],"acf":[],"yoast_head":"<!-- This site is optimized with the Yoast SEO plugin v27.3 - https:\/\/yoast.com\/product\/yoast-seo-wordpress\/ -->\n<title>Results - Safe.Pharmacy<\/title>\n<meta name=\"robots\" content=\"index, follow, max-snippet:-1, max-image-preview:large, max-video-preview:-1\" \/>\n<link rel=\"canonical\" href=\"https:\/\/safe.pharmacy\/fr\/elimination-des-medicaments\/results\/\" \/>\n<meta property=\"og:locale\" content=\"fr_FR\" \/>\n<meta property=\"og:type\" content=\"article\" \/>\n<meta property=\"og:title\" content=\"Results - Safe.Pharmacy\" \/>\n<meta property=\"og:url\" content=\"https:\/\/safe.pharmacy\/fr\/elimination-des-medicaments\/results\/\" \/>\n<meta property=\"og:site_name\" content=\"Safe.Pharmacy\" \/>\n<meta property=\"article:modified_time\" content=\"2024-02-29T21:54:26+00:00\" \/>\n<meta property=\"og:image\" content=\"https:\/\/safe.pharmacy\/wp-content\/uploads\/2024\/01\/DrugDisposal-scaled.jpeg\" \/>\n<meta name=\"twitter:card\" content=\"summary_large_image\" \/>\n<meta name=\"twitter:label1\" content=\"Dur\u00e9e de lecture estim\u00e9e\" \/>\n\t<meta name=\"twitter:data1\" content=\"1 minute\" \/>\n<script type=\"application\/ld+json\" class=\"yoast-schema-graph\">{\"@context\":\"https:\\\/\\\/schema.org\",\"@graph\":[{\"@type\":\"WebPage\",\"@id\":\"https:\\\/\\\/safe.pharmacy\\\/fr\\\/elimination-des-medicaments\\\/results\\\/\",\"url\":\"https:\\\/\\\/safe.pharmacy\\\/fr\\\/elimination-des-medicaments\\\/results\\\/\",\"name\":\"Results - Safe.Pharmacy\",\"isPartOf\":{\"@id\":\"https:\\\/\\\/safe.pharmacy\\\/fr\\\/#website\"},\"primaryImageOfPage\":{\"@id\":\"https:\\\/\\\/safe.pharmacy\\\/fr\\\/elimination-des-medicaments\\\/results\\\/#primaryimage\"},\"image\":{\"@id\":\"https:\\\/\\\/safe.pharmacy\\\/fr\\\/elimination-des-medicaments\\\/results\\\/#primaryimage\"},\"thumbnailUrl\":\"https:\\\/\\\/safe.pharmacy\\\/wp-content\\\/uploads\\\/2024\\\/01\\\/DrugDisposal-scaled.jpeg\",\"datePublished\":\"2019-07-17T20:40:46+00:00\",\"dateModified\":\"2024-02-29T21:54:26+00:00\",\"breadcrumb\":{\"@id\":\"https:\\\/\\\/safe.pharmacy\\\/fr\\\/elimination-des-medicaments\\\/results\\\/#breadcrumb\"},\"inLanguage\":\"fr-FR\",\"potentialAction\":[{\"@type\":\"ReadAction\",\"target\":[\"https:\\\/\\\/safe.pharmacy\\\/fr\\\/elimination-des-medicaments\\\/results\\\/\"]}]},{\"@type\":\"ImageObject\",\"inLanguage\":\"fr-FR\",\"@id\":\"https:\\\/\\\/safe.pharmacy\\\/fr\\\/elimination-des-medicaments\\\/results\\\/#primaryimage\",\"url\":\"https:\\\/\\\/safe.pharmacy\\\/wp-content\\\/uploads\\\/2024\\\/01\\\/DrugDisposal-scaled.jpeg\",\"contentUrl\":\"https:\\\/\\\/safe.pharmacy\\\/wp-content\\\/uploads\\\/2024\\\/01\\\/DrugDisposal-scaled.jpeg\"},{\"@type\":\"BreadcrumbList\",\"@id\":\"https:\\\/\\\/safe.pharmacy\\\/fr\\\/elimination-des-medicaments\\\/results\\\/#breadcrumb\",\"itemListElement\":[{\"@type\":\"ListItem\",\"position\":1,\"name\":\"Home\",\"item\":\"https:\\\/\\\/safe.pharmacy\\\/fr\\\/\"},{\"@type\":\"ListItem\",\"position\":2,\"name\":\"\u00c9limination des M\u00e9dicaments\",\"item\":\"https:\\\/\\\/safe.pharmacy\\\/fr\\\/elimination-des-medicaments\\\/\"},{\"@type\":\"ListItem\",\"position\":3,\"name\":\"Results\"}]},{\"@type\":\"WebSite\",\"@id\":\"https:\\\/\\\/safe.pharmacy\\\/fr\\\/#website\",\"url\":\"https:\\\/\\\/safe.pharmacy\\\/fr\\\/\",\"name\":\"NABP\",\"description\":\"Your resource for safe pharmacy\",\"publisher\":{\"@id\":\"https:\\\/\\\/safe.pharmacy\\\/fr\\\/#organization\"},\"potentialAction\":[{\"@type\":\"SearchAction\",\"target\":{\"@type\":\"EntryPoint\",\"urlTemplate\":\"https:\\\/\\\/safe.pharmacy\\\/fr\\\/?s={search_term_string}\"},\"query-input\":{\"@type\":\"PropertyValueSpecification\",\"valueRequired\":true,\"valueName\":\"search_term_string\"}}],\"inLanguage\":\"fr-FR\"},{\"@type\":\"Organization\",\"@id\":\"https:\\\/\\\/safe.pharmacy\\\/fr\\\/#organization\",\"name\":\"NABP\",\"url\":\"https:\\\/\\\/safe.pharmacy\\\/fr\\\/\",\"logo\":{\"@type\":\"ImageObject\",\"inLanguage\":\"fr-FR\",\"@id\":\"https:\\\/\\\/safe.pharmacy\\\/fr\\\/#\\\/schema\\\/logo\\\/image\\\/\",\"url\":\"https:\\\/\\\/safe.pharmacy\\\/wp-content\\\/uploads\\\/2023\\\/12\\\/Safe-Pharmacy-Logo.svg\",\"contentUrl\":\"https:\\\/\\\/safe.pharmacy\\\/wp-content\\\/uploads\\\/2023\\\/12\\\/Safe-Pharmacy-Logo.svg\",\"width\":151,\"height\":68,\"caption\":\"NABP\"},\"image\":{\"@id\":\"https:\\\/\\\/safe.pharmacy\\\/fr\\\/#\\\/schema\\\/logo\\\/image\\\/\"}}]}<\/script>\n<!-- \/ Yoast SEO plugin. -->","yoast_head_json":{"title":"Results - Safe.Pharmacy","robots":{"index":"index","follow":"follow","max-snippet":"max-snippet:-1","max-image-preview":"max-image-preview:large","max-video-preview":"max-video-preview:-1"},"canonical":"https:\/\/safe.pharmacy\/fr\/elimination-des-medicaments\/results\/","og_locale":"fr_FR","og_type":"article","og_title":"Results - Safe.Pharmacy","og_url":"https:\/\/safe.pharmacy\/fr\/elimination-des-medicaments\/results\/","og_site_name":"Safe.Pharmacy","article_modified_time":"2024-02-29T21:54:26+00:00","og_image":[{"url":"https:\/\/safe.pharmacy\/wp-content\/uploads\/2024\/01\/DrugDisposal-scaled.jpeg","type":"","width":"","height":""}],"twitter_card":"summary_large_image","twitter_misc":{"Dur\u00e9e de lecture estim\u00e9e":"1 minute"},"schema":{"@context":"https:\/\/schema.org","@graph":[{"@type":"WebPage","@id":"https:\/\/safe.pharmacy\/fr\/elimination-des-medicaments\/results\/","url":"https:\/\/safe.pharmacy\/fr\/elimination-des-medicaments\/results\/","name":"Results - Safe.Pharmacy","isPartOf":{"@id":"https:\/\/safe.pharmacy\/fr\/#website"},"primaryImageOfPage":{"@id":"https:\/\/safe.pharmacy\/fr\/elimination-des-medicaments\/results\/#primaryimage"},"image":{"@id":"https:\/\/safe.pharmacy\/fr\/elimination-des-medicaments\/results\/#primaryimage"},"thumbnailUrl":"https:\/\/safe.pharmacy\/wp-content\/uploads\/2024\/01\/DrugDisposal-scaled.jpeg","datePublished":"2019-07-17T20:40:46+00:00","dateModified":"2024-02-29T21:54:26+00:00","breadcrumb":{"@id":"https:\/\/safe.pharmacy\/fr\/elimination-des-medicaments\/results\/#breadcrumb"},"inLanguage":"fr-FR","potentialAction":[{"@type":"ReadAction","target":["https:\/\/safe.pharmacy\/fr\/elimination-des-medicaments\/results\/"]}]},{"@type":"ImageObject","inLanguage":"fr-FR","@id":"https:\/\/safe.pharmacy\/fr\/elimination-des-medicaments\/results\/#primaryimage","url":"https:\/\/safe.pharmacy\/wp-content\/uploads\/2024\/01\/DrugDisposal-scaled.jpeg","contentUrl":"https:\/\/safe.pharmacy\/wp-content\/uploads\/2024\/01\/DrugDisposal-scaled.jpeg"},{"@type":"BreadcrumbList","@id":"https:\/\/safe.pharmacy\/fr\/elimination-des-medicaments\/results\/#breadcrumb","itemListElement":[{"@type":"ListItem","position":1,"name":"Home","item":"https:\/\/safe.pharmacy\/fr\/"},{"@type":"ListItem","position":2,"name":"\u00c9limination des M\u00e9dicaments","item":"https:\/\/safe.pharmacy\/fr\/elimination-des-medicaments\/"},{"@type":"ListItem","position":3,"name":"Results"}]},{"@type":"WebSite","@id":"https:\/\/safe.pharmacy\/fr\/#website","url":"https:\/\/safe.pharmacy\/fr\/","name":"NABP","description":"Your resource for safe pharmacy","publisher":{"@id":"https:\/\/safe.pharmacy\/fr\/#organization"},"potentialAction":[{"@type":"SearchAction","target":{"@type":"EntryPoint","urlTemplate":"https:\/\/safe.pharmacy\/fr\/?s={search_term_string}"},"query-input":{"@type":"PropertyValueSpecification","valueRequired":true,"valueName":"search_term_string"}}],"inLanguage":"fr-FR"},{"@type":"Organization","@id":"https:\/\/safe.pharmacy\/fr\/#organization","name":"NABP","url":"https:\/\/safe.pharmacy\/fr\/","logo":{"@type":"ImageObject","inLanguage":"fr-FR","@id":"https:\/\/safe.pharmacy\/fr\/#\/schema\/logo\/image\/","url":"https:\/\/safe.pharmacy\/wp-content\/uploads\/2023\/12\/Safe-Pharmacy-Logo.svg","contentUrl":"https:\/\/safe.pharmacy\/wp-content\/uploads\/2023\/12\/Safe-Pharmacy-Logo.svg","width":151,"height":68,"caption":"NABP"},"image":{"@id":"https:\/\/safe.pharmacy\/fr\/#\/schema\/logo\/image\/"}}]}},"_links":{"self":[{"href":"https:\/\/safe.pharmacy\/fr\/wp-json\/wp\/v2\/pages\/666","targetHints":{"allow":["GET"]}}],"collection":[{"href":"https:\/\/safe.pharmacy\/fr\/wp-json\/wp\/v2\/pages"}],"about":[{"href":"https:\/\/safe.pharmacy\/fr\/wp-json\/wp\/v2\/types\/page"}],"author":[{"embeddable":true,"href":"https:\/\/safe.pharmacy\/fr\/wp-json\/wp\/v2\/users\/1"}],"replies":[{"embeddable":true,"href":"https:\/\/safe.pharmacy\/fr\/wp-json\/wp\/v2\/comments?post=666"}],"version-history":[{"count":11,"href":"https:\/\/safe.pharmacy\/fr\/wp-json\/wp\/v2\/pages\/666\/revisions"}],"predecessor-version":[{"id":5098,"href":"https:\/\/safe.pharmacy\/fr\/wp-json\/wp\/v2\/pages\/666\/revisions\/5098"}],"up":[{"embeddable":true,"href":"https:\/\/safe.pharmacy\/fr\/wp-json\/wp\/v2\/pages\/4667"}],"wp:attachment":[{"href":"https:\/\/safe.pharmacy\/fr\/wp-json\/wp\/v2\/media?parent=666"}],"curies":[{"name":"wp","href":"https:\/\/api.w.org\/{rel}","templated":true}]}}