{"id":5733,"date":"2025-10-24T13:40:12","date_gmt":"2025-10-24T18:40:12","guid":{"rendered":"https:\/\/safe.pharmacy\/?page_id=5733"},"modified":"2025-10-24T13:48:08","modified_gmt":"2025-10-24T18:48:08","slug":"formulaire-de-liste-daccreditation-des-commercants-de-soins-de-sante","status":"publish","type":"page","link":"https:\/\/safe.pharmacy\/fr\/faites-vos-achats-en-toute-securite\/formulaire-de-liste-daccreditation-des-commercants-de-soins-de-sante\/","title":{"rendered":"Formulaire de liste d&rsquo;accr\u00e9ditation des commer\u00e7ants de soins de sant\u00e9"},"content":{"rendered":"\n<div class=\"wp-block-cover alignfull\" style=\"padding-top:var(--wp--preset--spacing--80);padding-bottom:var(--wp--preset--spacing--80)\"><span aria-hidden=\"true\" class=\"wp-block-cover__background has-background-dim-100 has-background-dim has-background-gradient has-nabp-purple-gradient-gradient-background\"><\/span><div class=\"wp-block-cover__inner-container is-layout-constrained wp-block-cover-is-layout-constrained\">\n<div class=\"wp-block-columns is-layout-flex wp-container-core-columns-is-layout-9d6595d7 wp-block-columns-is-layout-flex\">\n<div class=\"wp-block-column is-vertically-aligned-center is-layout-flow wp-block-column-is-layout-flow\">\n<h1 class=\"wp-block-heading\">Formulaire de liste d&rsquo;accr\u00e9ditation des commer\u00e7ants de soins de sant\u00e9<\/h1>\n<\/div>\n\n\n\n<div class=\"wp-block-column is-vertically-aligned-center is-layout-flow wp-block-column-is-layout-flow\">\n<p><\/p>\n<\/div>\n<\/div>\n<\/div><\/div>\n\n\n\n<div class=\"wp-block-group alignfull no-padding has-background is-layout-constrained wp-block-group-is-layout-constrained\" style=\"background-color:#f2f2f2\"><div class=\"yoast-breadcrumbs\"><span><span><a href=\"https:\/\/safe.pharmacy\/fr\/\">Home<\/a><\/span> &raquo; <span><a href=\"https:\/\/safe.pharmacy\/fr\/faites-vos-achats-en-toute-securite\/\">Faites vos achats en toute s\u00e9curit\u00e9<\/a><\/span> &raquo; <span class=\"breadcrumb_last\" aria-current=\"page\">Formulaire de liste d&#8217;accr\u00e9ditation des commer\u00e7ants de soins de sant\u00e9<\/span><\/span><\/div><\/div>\n\n\n\n<div style=\"height:20px\" aria-hidden=\"true\" class=\"wp-block-spacer\"><\/div>\n\n\n\n<p>Pour acc\u00e9der \u00e0 la liste des marchands de soins de sant\u00e9 accr\u00e9dit\u00e9s NABP, remplissez le formulaire ci-dessous.<\/p>\n\n\n<link rel='stylesheet' id='formidable-css' href='https:\/\/safe.pharmacy\/wp-content\/plugins\/formidable\/css\/formidableforms.css?ver=3112152' type='text\/css' media='all' \/>\n<div class=\"frm_forms  with_frm_style frm_style_formidable-style\" id=\"frm_form_11_container\" data-token=\"2377634af4cf5cc8ffbc72f5f2a58eca\">\n<form enctype=\"multipart\/form-data\" method=\"post\" class=\"frm-show-form  frm_pro_form \" id=\"form_french-healthcare-merchant-accreditation-list-request\" data-token=\"2377634af4cf5cc8ffbc72f5f2a58eca\">\n<div class=\"frm_form_fields \">\n<fieldset>\n<legend class=\"frm_screen_reader\">French &#8211; Healthcare Merchant Accreditation List Request<\/legend>\r\n\r\n<div class=\"frm_fields_container\">\n<input type=\"hidden\" name=\"frm_action\" value=\"create\" \/>\n<input type=\"hidden\" name=\"form_id\" value=\"11\" \/>\n<input type=\"hidden\" name=\"frm_hide_fields_11\" id=\"frm_hide_fields_11\" value=\"\" \/>\n<input type=\"hidden\" name=\"form_key\" value=\"french-healthcare-merchant-accreditation-list-request\" \/>\n<input type=\"hidden\" name=\"item_meta[0]\" value=\"\" \/>\n<input type=\"hidden\" id=\"frm_submit_entry_11\" name=\"frm_submit_entry_11\" value=\"3f03dd7138\" \/><input type=\"hidden\" name=\"_wp_http_referer\" value=\"\/fr\/wp-json\/wp\/v2\/pages\/5733\" \/><div id=\"frm_field_99_container\" class=\"frm_form_field form-field  frm_required_field frm_top_container frm6 frm_first\">\r\n\t<label for=\"field_t0joq\" id=\"field_t0joq_label\" class=\"frm_primary_label\">Nom\r\n\t\t<span class=\"frm_required\" aria-hidden=\"true\">*<\/span>\r\n\t<\/label>\r\n\t<input  type=\"text\" id=\"field_t0joq\" name=\"item_meta[99]\" value=\"\"  data-reqmsg=\"Nom cannot be blank.\" aria-required=\"true\" data-invmsg=\"Nom is invalid\" aria-invalid=\"false\"   aria-describedby=\"frm_desc_field_t0joq\" \/>\r\n\t<div class=\"frm_description\" id=\"frm_desc_field_t0joq\">Pr\u00e9nom<\/div>\r\n\t\r\n<\/div>\n<div id=\"frm_field_98_container\" class=\"frm_form_field form-field  frm_required_field frm_top_container frm6\">\r\n\t<label for=\"field_ghc9k\" id=\"field_ghc9k_label\" class=\"frm_primary_label\">Nom de famille\r\n\t\t<span class=\"frm_required\" aria-hidden=\"true\">*<\/span>\r\n\t<\/label>\r\n\t<input  type=\"text\" id=\"field_ghc9k\" name=\"item_meta[98]\" value=\"\"  data-reqmsg=\"Nom de famille cannot be blank.\" aria-required=\"true\" data-invmsg=\"Nom de famille is invalid\" aria-invalid=\"false\"   aria-describedby=\"frm_desc_field_ghc9k\" \/>\r\n\t<div class=\"frm_description\" id=\"frm_desc_field_ghc9k\">Nom de famille<\/div>\r\n\t\r\n<\/div>\n<div id=\"frm_field_100_container\" class=\"frm_form_field form-field  frm_required_field frm_top_container frm6 frm_first\">\r\n\t<label for=\"field_e5iz3\" id=\"field_e5iz3_label\" class=\"frm_primary_label\">Entreprise\r\n\t\t<span class=\"frm_required\" aria-hidden=\"true\">*<\/span>\r\n\t<\/label>\r\n\t<input  type=\"text\" id=\"field_e5iz3\" name=\"item_meta[100]\" value=\"\"  data-reqmsg=\"Entreprise cannot be blank.\" aria-required=\"true\" data-invmsg=\"Entreprise is invalid\" aria-invalid=\"false\"   \/>\r\n\t\r\n\t\r\n<\/div>\n<div id=\"frm_field_101_container\" class=\"frm_form_field form-field  frm_required_field frm_top_container frm6\">\r\n\t<label for=\"field_57zpl\" id=\"field_57zpl_label\" class=\"frm_primary_label\">Courriel\r\n\t\t<span class=\"frm_required\" aria-hidden=\"true\">*<\/span>\r\n\t<\/label>\r\n\t<input  type=\"text\" id=\"field_57zpl\" name=\"item_meta[101]\" value=\"\"  data-reqmsg=\"Courriel cannot be blank.\" aria-required=\"true\" data-invmsg=\"Courriel is invalid\" aria-invalid=\"false\"   \/>\r\n\t\r\n\t\r\n<\/div>\n<div id=\"frm_field_109_container\" class=\"frm_form_field form-field  frm_none_container\">\n\t<label for=\"g-recaptcha-response\" id=\"field_in6yl_label\" class=\"frm_primary_label\">Captcha\n\t\t<span class=\"frm_required\" aria-hidden=\"true\"><\/span>\n\t<\/label>\n\t<div  id=\"field_in6yl\" class=\"frm-g-recaptcha\" data-sitekey=\"6LfDvMQUAAAAADvhc4pwyp2OSazraC5MKXx_s6zt\" data-size=\"normal\" data-theme=\"light\"><\/div>\n\t\n\t\n<\/div>\n<div id=\"frm_field_97_container\" class=\"frm_form_field form-field \">\r\n\t<div class=\"frm_submit frm_flex\">\r\n<button class=\"frm_button_submit frm_final_submit\" type=\"submit\"  >Submit<\/button>\r\n\r\n\r\n\r\n<\/div>\r\n<\/div>\n\t<input type=\"hidden\" name=\"item_key\" value=\"\" \/>\n\t\t\t<div id=\"frm_field_118_container\">\n\t\t\t<label for=\"field_qwvx9\" >\n\t\t\t\tSi vous \u00eates un humain, ne remplissez pas ce champ.\t\t\t<\/label>\n\t\t\t<input  id=\"field_qwvx9\" type=\"text\" class=\"frm_form_field form-field frm_verify\" name=\"item_meta[118]\" value=\"\"  \/>\n\t\t<\/div>\n\t\t<input name=\"frm_state\" type=\"hidden\" value=\"zbYGDgSlPAGB7DP3XlhX4sqtYmeQ7x\/8b\/u7rOUkvF8JRwlAlk2ZaiFwLrN7ih0i\" \/><\/div>\n<\/fieldset>\n<\/div>\n\n<p style=\"display: none !important;\" class=\"akismet-fields-container\" data-prefix=\"ak_\"><label>&#916;<textarea name=\"ak_hp_textarea\" cols=\"45\" rows=\"8\" maxlength=\"100\"><\/textarea><\/label><input type=\"hidden\" id=\"ak_js_1\" name=\"ak_js\" value=\"83\"\/><script>document.getElementById( \"ak_js_1\" ).setAttribute( \"value\", ( new Date() ).getTime() );<\/script><\/p><\/form>\n<\/div>\n","protected":false},"excerpt":{"rendered":"<p>Pour acc\u00e9der \u00e0 la liste des marchands de soins de sant\u00e9 accr\u00e9dit\u00e9s NABP, remplissez le formulaire ci-dessous.<\/p>\n","protected":false},"author":13,"featured_media":0,"parent":138,"menu_order":0,"comment_status":"closed","ping_status":"closed","template":"","meta":{"_acf_changed":false,"footnotes":""},"class_list":["post-5733","page","type-page","status-publish","hentry"],"acf":[],"yoast_head":"<!-- This site is optimized with the Yoast SEO plugin v27.3 - https:\/\/yoast.com\/product\/yoast-seo-wordpress\/ -->\n<title>Formulaire de liste d&#039;accr\u00e9ditation des commer\u00e7ants de soins de sant\u00e9 - Safe.Pharmacy<\/title>\n<meta name=\"robots\" content=\"index, follow, max-snippet:-1, max-image-preview:large, max-video-preview:-1\" \/>\n<link rel=\"canonical\" href=\"https:\/\/safe.pharmacy\/fr\/faites-vos-achats-en-toute-securite\/formulaire-de-liste-daccreditation-des-commercants-de-soins-de-sante\/\" \/>\n<meta property=\"og:locale\" content=\"fr_FR\" \/>\n<meta property=\"og:type\" content=\"article\" \/>\n<meta property=\"og:title\" content=\"Formulaire de liste d&#039;accr\u00e9ditation des commer\u00e7ants de soins de sant\u00e9 - Safe.Pharmacy\" \/>\n<meta property=\"og:description\" content=\"Pour acc\u00e9der \u00e0 la liste des marchands de soins de sant\u00e9 accr\u00e9dit\u00e9s NABP, remplissez le formulaire ci-dessous.\" \/>\n<meta property=\"og:url\" content=\"https:\/\/safe.pharmacy\/fr\/faites-vos-achats-en-toute-securite\/formulaire-de-liste-daccreditation-des-commercants-de-soins-de-sante\/\" \/>\n<meta property=\"og:site_name\" content=\"Safe.Pharmacy\" \/>\n<meta property=\"article:modified_time\" content=\"2025-10-24T18:48:08+00:00\" \/>\n<meta name=\"twitter:card\" content=\"summary_large_image\" \/>\n<meta name=\"twitter:label1\" content=\"Dur\u00e9e de lecture estim\u00e9e\" \/>\n\t<meta name=\"twitter:data1\" content=\"1 minute\" \/>\n<script type=\"application\/ld+json\" class=\"yoast-schema-graph\">{\"@context\":\"https:\\\/\\\/schema.org\",\"@graph\":[{\"@type\":\"WebPage\",\"@id\":\"https:\\\/\\\/safe.pharmacy\\\/fr\\\/faites-vos-achats-en-toute-securite\\\/formulaire-de-liste-daccreditation-des-commercants-de-soins-de-sante\\\/\",\"url\":\"https:\\\/\\\/safe.pharmacy\\\/fr\\\/faites-vos-achats-en-toute-securite\\\/formulaire-de-liste-daccreditation-des-commercants-de-soins-de-sante\\\/\",\"name\":\"Formulaire de liste d'accr\u00e9ditation des commer\u00e7ants de soins de sant\u00e9 - Safe.Pharmacy\",\"isPartOf\":{\"@id\":\"https:\\\/\\\/safe.pharmacy\\\/fr\\\/#website\"},\"datePublished\":\"2025-10-24T18:40:12+00:00\",\"dateModified\":\"2025-10-24T18:48:08+00:00\",\"breadcrumb\":{\"@id\":\"https:\\\/\\\/safe.pharmacy\\\/fr\\\/faites-vos-achats-en-toute-securite\\\/formulaire-de-liste-daccreditation-des-commercants-de-soins-de-sante\\\/#breadcrumb\"},\"inLanguage\":\"fr-FR\",\"potentialAction\":[{\"@type\":\"ReadAction\",\"target\":[\"https:\\\/\\\/safe.pharmacy\\\/fr\\\/faites-vos-achats-en-toute-securite\\\/formulaire-de-liste-daccreditation-des-commercants-de-soins-de-sante\\\/\"]}]},{\"@type\":\"BreadcrumbList\",\"@id\":\"https:\\\/\\\/safe.pharmacy\\\/fr\\\/faites-vos-achats-en-toute-securite\\\/formulaire-de-liste-daccreditation-des-commercants-de-soins-de-sante\\\/#breadcrumb\",\"itemListElement\":[{\"@type\":\"ListItem\",\"position\":1,\"name\":\"Home\",\"item\":\"https:\\\/\\\/safe.pharmacy\\\/fr\\\/\"},{\"@type\":\"ListItem\",\"position\":2,\"name\":\"Faites vos achats en toute s\u00e9curit\u00e9\",\"item\":\"https:\\\/\\\/safe.pharmacy\\\/fr\\\/faites-vos-achats-en-toute-securite\\\/\"},{\"@type\":\"ListItem\",\"position\":3,\"name\":\"Formulaire de liste d&#8217;accr\u00e9ditation des commer\u00e7ants de soins de sant\u00e9\"}]},{\"@type\":\"WebSite\",\"@id\":\"https:\\\/\\\/safe.pharmacy\\\/fr\\\/#website\",\"url\":\"https:\\\/\\\/safe.pharmacy\\\/fr\\\/\",\"name\":\"NABP\",\"description\":\"Your resource for safe pharmacy\",\"publisher\":{\"@id\":\"https:\\\/\\\/safe.pharmacy\\\/fr\\\/#organization\"},\"potentialAction\":[{\"@type\":\"SearchAction\",\"target\":{\"@type\":\"EntryPoint\",\"urlTemplate\":\"https:\\\/\\\/safe.pharmacy\\\/fr\\\/?s={search_term_string}\"},\"query-input\":{\"@type\":\"PropertyValueSpecification\",\"valueRequired\":true,\"valueName\":\"search_term_string\"}}],\"inLanguage\":\"fr-FR\"},{\"@type\":\"Organization\",\"@id\":\"https:\\\/\\\/safe.pharmacy\\\/fr\\\/#organization\",\"name\":\"NABP\",\"url\":\"https:\\\/\\\/safe.pharmacy\\\/fr\\\/\",\"logo\":{\"@type\":\"ImageObject\",\"inLanguage\":\"fr-FR\",\"@id\":\"https:\\\/\\\/safe.pharmacy\\\/fr\\\/#\\\/schema\\\/logo\\\/image\\\/\",\"url\":\"https:\\\/\\\/safe.pharmacy\\\/wp-content\\\/uploads\\\/2023\\\/12\\\/Safe-Pharmacy-Logo.svg\",\"contentUrl\":\"https:\\\/\\\/safe.pharmacy\\\/wp-content\\\/uploads\\\/2023\\\/12\\\/Safe-Pharmacy-Logo.svg\",\"width\":151,\"height\":68,\"caption\":\"NABP\"},\"image\":{\"@id\":\"https:\\\/\\\/safe.pharmacy\\\/fr\\\/#\\\/schema\\\/logo\\\/image\\\/\"}}]}<\/script>\n<!-- \/ Yoast SEO plugin. -->","yoast_head_json":{"title":"Formulaire de liste d'accr\u00e9ditation des commer\u00e7ants de soins de sant\u00e9 - Safe.Pharmacy","robots":{"index":"index","follow":"follow","max-snippet":"max-snippet:-1","max-image-preview":"max-image-preview:large","max-video-preview":"max-video-preview:-1"},"canonical":"https:\/\/safe.pharmacy\/fr\/faites-vos-achats-en-toute-securite\/formulaire-de-liste-daccreditation-des-commercants-de-soins-de-sante\/","og_locale":"fr_FR","og_type":"article","og_title":"Formulaire de liste d'accr\u00e9ditation des commer\u00e7ants de soins de sant\u00e9 - Safe.Pharmacy","og_description":"Pour acc\u00e9der \u00e0 la liste des marchands de soins de sant\u00e9 accr\u00e9dit\u00e9s NABP, remplissez le formulaire ci-dessous.","og_url":"https:\/\/safe.pharmacy\/fr\/faites-vos-achats-en-toute-securite\/formulaire-de-liste-daccreditation-des-commercants-de-soins-de-sante\/","og_site_name":"Safe.Pharmacy","article_modified_time":"2025-10-24T18:48:08+00:00","twitter_card":"summary_large_image","twitter_misc":{"Dur\u00e9e de lecture estim\u00e9e":"1 minute"},"schema":{"@context":"https:\/\/schema.org","@graph":[{"@type":"WebPage","@id":"https:\/\/safe.pharmacy\/fr\/faites-vos-achats-en-toute-securite\/formulaire-de-liste-daccreditation-des-commercants-de-soins-de-sante\/","url":"https:\/\/safe.pharmacy\/fr\/faites-vos-achats-en-toute-securite\/formulaire-de-liste-daccreditation-des-commercants-de-soins-de-sante\/","name":"Formulaire de liste d'accr\u00e9ditation des commer\u00e7ants de soins de sant\u00e9 - Safe.Pharmacy","isPartOf":{"@id":"https:\/\/safe.pharmacy\/fr\/#website"},"datePublished":"2025-10-24T18:40:12+00:00","dateModified":"2025-10-24T18:48:08+00:00","breadcrumb":{"@id":"https:\/\/safe.pharmacy\/fr\/faites-vos-achats-en-toute-securite\/formulaire-de-liste-daccreditation-des-commercants-de-soins-de-sante\/#breadcrumb"},"inLanguage":"fr-FR","potentialAction":[{"@type":"ReadAction","target":["https:\/\/safe.pharmacy\/fr\/faites-vos-achats-en-toute-securite\/formulaire-de-liste-daccreditation-des-commercants-de-soins-de-sante\/"]}]},{"@type":"BreadcrumbList","@id":"https:\/\/safe.pharmacy\/fr\/faites-vos-achats-en-toute-securite\/formulaire-de-liste-daccreditation-des-commercants-de-soins-de-sante\/#breadcrumb","itemListElement":[{"@type":"ListItem","position":1,"name":"Home","item":"https:\/\/safe.pharmacy\/fr\/"},{"@type":"ListItem","position":2,"name":"Faites vos achats en toute s\u00e9curit\u00e9","item":"https:\/\/safe.pharmacy\/fr\/faites-vos-achats-en-toute-securite\/"},{"@type":"ListItem","position":3,"name":"Formulaire de liste d&#8217;accr\u00e9ditation des commer\u00e7ants de soins de sant\u00e9"}]},{"@type":"WebSite","@id":"https:\/\/safe.pharmacy\/fr\/#website","url":"https:\/\/safe.pharmacy\/fr\/","name":"NABP","description":"Your resource for safe pharmacy","publisher":{"@id":"https:\/\/safe.pharmacy\/fr\/#organization"},"potentialAction":[{"@type":"SearchAction","target":{"@type":"EntryPoint","urlTemplate":"https:\/\/safe.pharmacy\/fr\/?s={search_term_string}"},"query-input":{"@type":"PropertyValueSpecification","valueRequired":true,"valueName":"search_term_string"}}],"inLanguage":"fr-FR"},{"@type":"Organization","@id":"https:\/\/safe.pharmacy\/fr\/#organization","name":"NABP","url":"https:\/\/safe.pharmacy\/fr\/","logo":{"@type":"ImageObject","inLanguage":"fr-FR","@id":"https:\/\/safe.pharmacy\/fr\/#\/schema\/logo\/image\/","url":"https:\/\/safe.pharmacy\/wp-content\/uploads\/2023\/12\/Safe-Pharmacy-Logo.svg","contentUrl":"https:\/\/safe.pharmacy\/wp-content\/uploads\/2023\/12\/Safe-Pharmacy-Logo.svg","width":151,"height":68,"caption":"NABP"},"image":{"@id":"https:\/\/safe.pharmacy\/fr\/#\/schema\/logo\/image\/"}}]}},"_links":{"self":[{"href":"https:\/\/safe.pharmacy\/fr\/wp-json\/wp\/v2\/pages\/5733","targetHints":{"allow":["GET"]}}],"collection":[{"href":"https:\/\/safe.pharmacy\/fr\/wp-json\/wp\/v2\/pages"}],"about":[{"href":"https:\/\/safe.pharmacy\/fr\/wp-json\/wp\/v2\/types\/page"}],"author":[{"embeddable":true,"href":"https:\/\/safe.pharmacy\/fr\/wp-json\/wp\/v2\/users\/13"}],"replies":[{"embeddable":true,"href":"https:\/\/safe.pharmacy\/fr\/wp-json\/wp\/v2\/comments?post=5733"}],"version-history":[{"count":2,"href":"https:\/\/safe.pharmacy\/fr\/wp-json\/wp\/v2\/pages\/5733\/revisions"}],"predecessor-version":[{"id":5737,"href":"https:\/\/safe.pharmacy\/fr\/wp-json\/wp\/v2\/pages\/5733\/revisions\/5737"}],"up":[{"embeddable":true,"href":"https:\/\/safe.pharmacy\/fr\/wp-json\/wp\/v2\/pages\/138"}],"wp:attachment":[{"href":"https:\/\/safe.pharmacy\/fr\/wp-json\/wp\/v2\/media?parent=5733"}],"curies":[{"name":"wp","href":"https:\/\/api.w.org\/{rel}","templated":true}]}}