{"id":5444,"date":"2025-03-07T11:35:42","date_gmt":"2025-03-07T17:35:42","guid":{"rendered":"https:\/\/safe.pharmacy\/?page_id=5444"},"modified":"2026-03-05T15:03:31","modified_gmt":"2026-03-05T21:03:31","slug":"comment-les-pharmaciens-peuvent-vous-aider","status":"publish","type":"page","link":"https:\/\/safe.pharmacy\/fr\/utilisation-securitaire\/comment-les-pharmaciens-peuvent-vous-aider\/","title":{"rendered":"Comment les pharmaciens peuvent vous aider"},"content":{"rendered":"\n<div class=\"wp-block-cover alignfull is-light\" style=\"min-height:347px;aspect-ratio:unset;\"><img loading=\"lazy\" decoding=\"async\" width=\"2560\" height=\"1709\" class=\"wp-block-cover__image-background wp-image-5919 size-large\" alt=\"\" src=\"https:\/\/safe.pharmacy\/wp-content\/uploads\/2026\/01\/How-Pharmacists-Help-Patients.svg\" style=\"object-position:55% 28%\" data-object-fit=\"cover\" data-object-position=\"55% 28%\"\/><span aria-hidden=\"true\" class=\"wp-block-cover__background has-background-dim-0 has-background-dim\" style=\"background-color:#c8c7c8\"><\/span><div class=\"wp-block-cover__inner-container is-layout-constrained wp-block-cover-is-layout-constrained\">\n<div class=\"wp-block-columns is-layout-flex wp-container-core-columns-is-layout-9d6595d7 wp-block-columns-is-layout-flex\">\n<div class=\"wp-block-column is-vertically-aligned-center is-layout-constrained wp-block-column-is-layout-constrained\">\n<h2 class=\"wp-block-heading is-style-black-with-blur\" style=\"font-size:47px;font-style:normal;font-weight:300\">Les pharmaciens\u202f: des experts qui vous aident \u00e0 g\u00e9rer vos soins de sant\u00e9&nbsp;<\/h2>\n<\/div>\n\n\n\n<div class=\"wp-block-column is-layout-flow wp-block-column-is-layout-flow\"><\/div>\n<\/div>\n<\/div><\/div>\n\n\n\n<div class=\"wp-block-group alignfull no-padding has-background is-layout-constrained wp-block-group-is-layout-constrained\" style=\"background-color:#f2f2f2\"><div class=\"yoast-breadcrumbs\"><span><span><a href=\"https:\/\/safe.pharmacy\/fr\/\">Home<\/a><\/span> &raquo; <span><a href=\"https:\/\/safe.pharmacy\/fr\/utilisation-securitaire\/\">Utilisation S\u00e9curitaire<\/a><\/span> &raquo; <span class=\"breadcrumb_last\" aria-current=\"page\">Comment les pharmaciens peuvent vous aider<\/span><\/span><\/div><\/div>\n\n\n\n<h1 class=\"wp-block-heading\">Comment les pharmaciens peuvent vous aider<\/h1>\n\n\n\n<p>Les pharmaciens comptent parmi les fournisseurs de soins de sant\u00e9 les plus accessibles pour les patients. Les pharmaciens sont vos experts de choix concernant les m\u00e9dicaments, et ils connaissent tr\u00e8s bien leur fonctionnement, ce qu&rsquo;ils traitent et comment ils interagissent avec d&rsquo;autres produits, mais ils peuvent aussi vous aider avec d&rsquo;autres probl\u00e8mes de sant\u00e9 et d&rsquo;autres sujets sans attendre un rendez-vous chez le m\u00e9decin.<\/p>\n\n\n\n<div style=\"height:25px\" aria-hidden=\"true\" class=\"wp-block-spacer\"><\/div>\n\n\n\n<div class=\"wp-block-columns is-layout-flex wp-container-core-columns-is-layout-9d6595d7 wp-block-columns-is-layout-flex\">\n<div class=\"wp-block-column is-layout-flow wp-block-column-is-layout-flow\" style=\"flex-basis:90px\">\n<figure class=\"wp-block-image size-large is-resized\"><img loading=\"lazy\" decoding=\"async\" width=\"72\" height=\"94\" src=\"https:\/\/safe.pharmacy\/wp-content\/uploads\/2024\/01\/ic-SafeOTC.svg\" alt=\"Prescription bottle\" class=\"wp-image-4156\" style=\"width:65px\"\/><\/figure>\n<\/div>\n\n\n\n<div class=\"wp-block-column is-layout-flow wp-block-column-is-layout-flow\">\n<h2 class=\"wp-block-heading\"><strong>Les sujets avec lesquels votre pharmacien peut vous aider<\/strong><\/h2>\n\n\n\n<div style=\"height:10px\" aria-hidden=\"true\" class=\"wp-block-spacer\"><\/div>\n\n\n\n<p>Votre pharmacien peut discuter avec vous d&rsquo;un vaste \u00e9ventail de sujets, notamment\u202f:<\/p>\n\n\n\n<h3 class=\"wp-block-heading\"><strong>G\u00e9rer vos m\u00e9dicaments<\/strong><\/h3>\n\n\n\n<p>Si vous avez de la difficult\u00e9 \u00e0 maintenir un horaire constant, \u00e0 garder les choses organis\u00e9es pour \u00e9viter de manquer des doses, ou pour rajuster vos m\u00e9dicaments, votre pharmacien peut vous aider \u00e0 cr\u00e9er un plan personnalis\u00e9 pour vos besoins de sant\u00e9.<\/p>\n\n\n\n<h3 class=\"wp-block-heading\"><strong>Utiliser des opio\u00efdes de fa\u00e7on s\u00e9curitaire<\/strong><\/h3>\n\n\n\n<p>M\u00eame si vous utilisez des opio\u00efdes exactement selon l&rsquo;ordonnance de votre m\u00e9decin, des accidents dangereux peuvent survenir. Votre pharmacien peut vous \u00e9duquer sur la fa\u00e7on de prendre votre m\u00e9dicament, y compris avoir une discussion sur le bon dosage, la fr\u00e9quence et la fa\u00e7on d&rsquo;\u00e9viter un accident qui pourrait causer une surdose. Si vous cherchez des renseignements sur le m\u00e9dicament salvateur naloxone qui annule les surdoses, demandez \u00e0 votre pharmacie ou\u202f<a href=\"https:\/\/youtu.be\/moC50FXVdAE?si=1aHKA5hhMFCAmjVJ\" target=\"_blank\" rel=\"noreferrer noopener\">visionnez cette vid\u00e9o<\/a>.<\/p>\n\n\n\n<h3 class=\"wp-block-heading\">Prescrire des m\u00e9dicaments pour les troubles li\u00e9s \u00e0 l&rsquo;usage d&rsquo;opio\u00efdes<\/h3>\n\n\n\n<p>Si vous ou un de vos proches souffrez d&rsquo;un trouble li\u00e9 \u00e0 l&rsquo;usage d&rsquo;opio\u00efdes (OUD), votre pharmacien pourra peut-\u00eatre vous prescrire de la bupr\u00e9norphine. En suivant une formation sp\u00e9cialis\u00e9e, les pharmaciens peuvent prodiguer ce traitement directement dans les pharmacies communautaires, aidant ainsi les patients \u00e0 acc\u00e9der plus rapidement aux soins. Ce changement facilite la t\u00e2che des personnes souffrant d&rsquo;OUD qui n&rsquo;ont peut-\u00eatre pas acc\u00e8s \u00e0 un m\u00e9decin ou qui se sentent mal \u00e0 l&rsquo;aise de demander un traitement m\u00e9dical en raison de la stigmatisation.<\/p>\n\n\n\n<h3 class=\"wp-block-heading\"><strong><strong>Trouver des m\u00e9dicaments et des suppl\u00e9ments en vente libre<\/strong><\/strong><\/h3>\n\n\n\n<p>En plus de m\u00e9dicaments offerts uniquement avec une ordonnance, les pharmaciens sont form\u00e9s sur la chimie et le dosage des m\u00e9dicaments et des suppl\u00e9ments en vente libre. Si vous \u00eates curieux au sujet des m\u00e9dicaments et des suppl\u00e9ments en vente libre, demandez \u00e0 votre pharmacien comment ils pourraient vous aider \u00e0 atteindre vos objectifs en mati\u00e8re de sant\u00e9.<\/p>\n\n\n\n<h3 class=\"wp-block-heading\"><strong><strong>Gestion des maladies chroniques<\/strong><\/strong><\/h3>\n\n\n\n<p>Si vous souffrez d&rsquo;une maladie chronique comme le diab\u00e8te, une maladie cardiovasculaire ou autre chose qui nuit \u00e0 votre sant\u00e9 \u00e0 long terme, les pharmaciens peuvent vous aider \u00e0 faire un plan pour g\u00e9rer votre traitement.<\/p>\n\n\n\n<h3 class=\"wp-block-heading\">Fournir des consultations de sant\u00e9 avant le voyage<\/h3>\n\n\n\n<p>Les pharmaciens peuvent vous aider \u00e0 pr\u00e9parer un voyage international en examinant votre destination, vos ant\u00e9c\u00e9dents m\u00e9dicaux et vos m\u00e9dicaments actuels. Ils peuvent recommander les vaccins n\u00e9cessaires, prescrire certains m\u00e9dicaments pr\u00e9ventifs et vous fournir des conseils pour vous aider \u00e0 \u00e9viter les risques pour la sant\u00e9 courants li\u00e9s aux voyages. Une consultation avant le voyage peut vous aider \u00e0 voyager en toute confiance et tranquillit\u00e9 d\u2019esprit.<\/p>\n\n\n\n<h3 class=\"wp-block-heading\"><strong>\u00c9conomiser de l\u2019argent sur les m\u00e9dicaments<\/strong><\/h3>\n\n\n\n<p>Les pharmaciens pourraient \u00eatre en mesure de vous pr\u00e9senter des options pour \u00e9pargner de l\u2019argent sur les m\u00e9dicaments. Ils peuvent recommander des versions g\u00e9n\u00e9riques de m\u00e9dicaments ou des\u202f<a href=\"https:\/\/www.fda.gov\/drugs\/therapeutic-biologics-applications-bla\/biosimilars\" target=\"_blank\" rel=\"noreferrer noopener\">m\u00e9dicaments biosimilaires<\/a>, trouver des m\u00e9dicaments moins dispendieux qui ont le m\u00eame effet et pr\u00e9senter des renseignements sur des cartes ou des bons-rabais.<\/p>\n\n\n\n<h3 class=\"wp-block-heading\"><strong>Vous faire vacciner<\/strong><\/h3>\n\n\n\n<p>N&rsquo;attendez pas d&rsquo;avoir un rendez-vous avec un m\u00e9decin pour vous faire vacciner! Planifiez votre vaccination \u00e0 votre pharmacie locale.<\/p>\n<\/div>\n<\/div>\n\n\n\n<div style=\"height:20px\" aria-hidden=\"true\" class=\"wp-block-spacer\"><\/div>\n\n\n\n<hr class=\"wp-block-separator alignfull has-text-color has-safe-blue-color has-alpha-channel-opacity has-safe-blue-background-color has-background is-style-wide\"\/>\n\n\n\n<div style=\"height:25px\" aria-hidden=\"true\" class=\"wp-block-spacer\"><\/div>\n\n\n\n<div style=\"height:25px\" aria-hidden=\"true\" class=\"wp-block-spacer\"><\/div>\n\n\n\n<div class=\"wp-block-columns is-layout-flex wp-container-core-columns-is-layout-9d6595d7 wp-block-columns-is-layout-flex\">\n<div class=\"wp-block-column is-layout-flow wp-block-column-is-layout-flow\" style=\"flex-basis:90px\">\n<figure class=\"wp-block-image size-large is-resized\"><img loading=\"lazy\" decoding=\"async\" width=\"72\" height=\"93\" src=\"https:\/\/safe.pharmacy\/wp-content\/uploads\/2024\/01\/ic-Pharmacist.svg\" alt=\"Pharmacist icon\" class=\"wp-image-4175\" style=\"width:65px\"\/><\/figure>\n<\/div>\n\n\n\n<div class=\"wp-block-column is-layout-flow wp-block-column-is-layout-flow\">\n<h2 class=\"wp-block-heading\"><strong>Des questions \u00e0 poser \u00e0 votre pharmacien<\/strong><\/h2>\n\n\n\n<div style=\"height:10px\" aria-hidden=\"true\" class=\"wp-block-spacer\"><\/div>\n\n\n\n<p>Quand vous ramassez vos m\u00e9dicaments \u00e0 votre pharmacie, il est tr\u00e8s probable qu&rsquo;on vous demande si vous avez des questions pour le pharmacien. Savez-vous quelles questions vous pourriez poser? Voici quelques exemples de questions \u00e0 poser \u00e0 votre pharmacien\u202f:<\/p>\n\n\n<div class=\"rounded-rectangles rr-left\">\n\n  <div class=\"image-rectangle\" style=\"background-image:url(https:\/\/safe.pharmacy\/wp-content\/uploads\/2025\/01\/iStock-950292796-1-scaled-e1736877325754.jpg);\"><\/div>\n  <div class=\"content-rectangle darkbg\" style=\"background-color:#232667;\">\n        <div class=\"acf-innerblocks-container\">\n\n<ol class=\"wp-block-list\">\n<li class=\"has-medium-font-size\" style=\"font-style:normal;font-weight:300\">Y a-t-il des m\u00e9dicaments en vente libre que je devrais \u00e9viter quand je prends mon m\u00e9dicament d&rsquo;ordonnance?<\/li>\n\n\n\n<li class=\"has-medium-font-size\" style=\"font-style:normal;font-weight:300\">Devrais-je \u00e9viter l&rsquo;alcool quand je prends mon m\u00e9dicament?<\/li>\n\n\n\n<li class=\"has-medium-font-size\" style=\"font-style:normal;font-weight:300\">Est-il s\u00e9curitaire de conduire quand je prends mon m\u00e9dicament d&rsquo;ordonnance?<\/li>\n\n\n\n<li class=\"has-medium-font-size\" style=\"font-style:normal;font-weight:300\">Y a-t-il des bons rabais pour ce m\u00e9dicament ou des m\u00e9dicaments de rechange moins dispendieux?<\/li>\n\n\n\n<li class=\"has-medium-font-size\" style=\"font-style:normal;font-weight:300\">Comment dois-je ranger ce m\u00e9dicament?<\/li>\n\n\n\n<li class=\"has-medium-font-size\" style=\"font-style:normal;font-weight:300\">Combien de temps est n\u00e9cessaire avant que ce m\u00e9dicament fasse effet?<\/li>\n\n\n\n<li class=\"has-medium-font-size\" style=\"font-style:normal;font-weight:300\">Que dois-je faire si j&rsquo;oublie de prendre une dose?<\/li>\n\n\n\n<li class=\"has-medium-font-size\" style=\"font-style:normal;font-weight:300\">Que dois-je faire si je perds mon m\u00e9dicament?<\/li>\n\n\n\n<li class=\"has-medium-font-size\" style=\"font-style:normal;font-weight:300\">Quels m\u00e9dicaments en vente libre pourraient m&rsquo;aider avec mon probl\u00e8me?<\/li>\n\n\n\n<li class=\"has-medium-font-size\" style=\"font-style:normal;font-weight:300\">Comment devrais-je voyager avec ce m\u00e9dicament?<\/li>\n\n\n\n<li class=\"has-medium-font-size\" style=\"font-style:normal;font-weight:300\">Comment puis-je mettre correctement au rebut ce m\u00e9dicament?<\/li>\n<\/ol>\n\n<\/div>\n\n  <\/div>\n<\/div>\n\n\n<div style=\"height:20px\" aria-hidden=\"true\" class=\"wp-block-spacer\"><\/div>\n\n\n\n<div style=\"height:0px\" aria-hidden=\"true\" class=\"wp-block-spacer\"><\/div>\n\n\n\n<p>Ce ne sont que quelques exemples de questions \u00e0 poser \u00e0 votre pharmacien. N&rsquo;h\u00e9sitez pas \u00e0 demander de l&rsquo;aide concernant d&rsquo;autres probl\u00e8mes de sant\u00e9. Trouvez plus de conseils concernant la s\u00fbret\u00e9 des m\u00e9dicaments sur le\u202f<a href=\"https:\/\/www.cdc.gov\/medication-safety\/about\/index.html\" target=\"_blank\" rel=\"noreferrer noopener\">site Web des CDC<\/a>.<\/p>\n<\/div>\n<\/div>\n","protected":false},"excerpt":{"rendered":"<p>Comment les pharmaciens peuvent vous aider Les pharmaciens comptent parmi les fournisseurs de soins de sant\u00e9 les plus accessibles pour les patients. Les pharmaciens sont vos experts de choix concernant les m\u00e9dicaments, et ils connaissent tr\u00e8s bien leur fonctionnement, ce qu&rsquo;ils traitent et comment ils interagissent avec d&rsquo;autres produits, mais ils peuvent aussi vous aider [&hellip;]<\/p>\n","protected":false},"author":13,"featured_media":5400,"parent":4695,"menu_order":0,"comment_status":"closed","ping_status":"closed","template":"","meta":{"_acf_changed":false,"footnotes":""},"class_list":["post-5444","page","type-page","status-publish","has-post-thumbnail","hentry"],"acf":[],"yoast_head":"<!-- This site is optimized with the Yoast SEO plugin v27.2 - https:\/\/yoast.com\/product\/yoast-seo-wordpress\/ -->\n<title>6 sujets sur lesquels votre pharmacien peut vous aider<\/title>\n<meta name=\"description\" content=\"D\u00e9couvrez les questions \u00e0 poser \u00e0 votre pharmacien et d\u00e9couvrez comment il peut vous aider \u00e0 g\u00e9rer vos besoins en mati\u00e8re de soins de sant\u00e9. Avec\" \/>\n<meta name=\"robots\" content=\"index, follow, max-snippet:-1, max-image-preview:large, max-video-preview:-1\" \/>\n<link rel=\"canonical\" href=\"https:\/\/safe.pharmacy\/fr\/utilisation-securitaire\/comment-les-pharmaciens-peuvent-vous-aider\/\" \/>\n<meta property=\"og:locale\" content=\"fr_FR\" \/>\n<meta property=\"og:type\" content=\"article\" \/>\n<meta property=\"og:title\" content=\"6 sujets sur lesquels votre pharmacien peut vous aider\" \/>\n<meta property=\"og:description\" content=\"D\u00e9couvrez les questions \u00e0 poser \u00e0 votre pharmacien et d\u00e9couvrez comment il peut vous aider \u00e0 g\u00e9rer vos besoins en mati\u00e8re de soins de sant\u00e9. Avec\" \/>\n<meta property=\"og:url\" content=\"https:\/\/safe.pharmacy\/fr\/utilisation-securitaire\/comment-les-pharmaciens-peuvent-vous-aider\/\" \/>\n<meta property=\"og:site_name\" content=\"Safe.Pharmacy\" \/>\n<meta property=\"article:modified_time\" content=\"2026-03-05T21:03:31+00:00\" \/>\n<meta property=\"og:image\" content=\"https:\/\/safe.pharmacy\/wp-content\/uploads\/2025\/02\/iStock-518285260-scaled.jpg\" \/>\n\t<meta property=\"og:image:width\" content=\"2560\" \/>\n\t<meta property=\"og:image:height\" content=\"1709\" \/>\n\t<meta property=\"og:image:type\" content=\"image\/jpeg\" \/>\n<meta name=\"twitter:card\" content=\"summary_large_image\" \/>\n<meta name=\"twitter:label1\" content=\"Dur\u00e9e de lecture estim\u00e9e\" \/>\n\t<meta name=\"twitter:data1\" content=\"5 minutes\" \/>\n<script type=\"application\/ld+json\" class=\"yoast-schema-graph\">{\"@context\":\"https:\/\/schema.org\",\"@graph\":[{\"@type\":\"WebPage\",\"@id\":\"https:\/\/safe.pharmacy\/fr\/utilisation-securitaire\/comment-les-pharmaciens-peuvent-vous-aider\/\",\"url\":\"https:\/\/safe.pharmacy\/fr\/utilisation-securitaire\/comment-les-pharmaciens-peuvent-vous-aider\/\",\"name\":\"6 sujets sur lesquels votre pharmacien peut vous aider\",\"isPartOf\":{\"@id\":\"https:\/\/safe.pharmacy\/fr\/#website\"},\"primaryImageOfPage\":{\"@id\":\"https:\/\/safe.pharmacy\/fr\/utilisation-securitaire\/comment-les-pharmaciens-peuvent-vous-aider\/#primaryimage\"},\"image\":{\"@id\":\"https:\/\/safe.pharmacy\/fr\/utilisation-securitaire\/comment-les-pharmaciens-peuvent-vous-aider\/#primaryimage\"},\"thumbnailUrl\":\"https:\/\/safe.pharmacy\/wp-content\/uploads\/2025\/02\/iStock-518285260-scaled.jpg\",\"datePublished\":\"2025-03-07T17:35:42+00:00\",\"dateModified\":\"2026-03-05T21:03:31+00:00\",\"description\":\"D\u00e9couvrez les questions \u00e0 poser \u00e0 votre pharmacien et d\u00e9couvrez comment il peut vous aider \u00e0 g\u00e9rer vos besoins en mati\u00e8re de soins de sant\u00e9. Avec\",\"breadcrumb\":{\"@id\":\"https:\/\/safe.pharmacy\/fr\/utilisation-securitaire\/comment-les-pharmaciens-peuvent-vous-aider\/#breadcrumb\"},\"inLanguage\":\"fr-FR\",\"potentialAction\":[{\"@type\":\"ReadAction\",\"target\":[\"https:\/\/safe.pharmacy\/fr\/utilisation-securitaire\/comment-les-pharmaciens-peuvent-vous-aider\/\"]}]},{\"@type\":\"ImageObject\",\"inLanguage\":\"fr-FR\",\"@id\":\"https:\/\/safe.pharmacy\/fr\/utilisation-securitaire\/comment-les-pharmaciens-peuvent-vous-aider\/#primaryimage\",\"url\":\"https:\/\/safe.pharmacy\/wp-content\/uploads\/2025\/02\/iStock-518285260-scaled.jpg\",\"contentUrl\":\"https:\/\/safe.pharmacy\/wp-content\/uploads\/2025\/02\/iStock-518285260-scaled.jpg\",\"width\":2560,\"height\":1709,\"caption\":\"A female pharmacist sits with a senior female patient in the pharmacist consultation area and discusses her prescription and choice of medication. In the background a father and daughter stand at the dispensing counter and are served by a female pharmacy assistant .\"},{\"@type\":\"BreadcrumbList\",\"@id\":\"https:\/\/safe.pharmacy\/fr\/utilisation-securitaire\/comment-les-pharmaciens-peuvent-vous-aider\/#breadcrumb\",\"itemListElement\":[{\"@type\":\"ListItem\",\"position\":1,\"name\":\"Home\",\"item\":\"https:\/\/safe.pharmacy\/fr\/\"},{\"@type\":\"ListItem\",\"position\":2,\"name\":\"Utilisation S\u00e9curitaire\",\"item\":\"https:\/\/safe.pharmacy\/fr\/utilisation-securitaire\/\"},{\"@type\":\"ListItem\",\"position\":3,\"name\":\"Comment les pharmaciens peuvent vous aider\"}]},{\"@type\":\"WebSite\",\"@id\":\"https:\/\/safe.pharmacy\/fr\/#website\",\"url\":\"https:\/\/safe.pharmacy\/fr\/\",\"name\":\"NABP\",\"description\":\"Your resource for safe pharmacy\",\"publisher\":{\"@id\":\"https:\/\/safe.pharmacy\/fr\/#organization\"},\"potentialAction\":[{\"@type\":\"SearchAction\",\"target\":{\"@type\":\"EntryPoint\",\"urlTemplate\":\"https:\/\/safe.pharmacy\/fr\/?s={search_term_string}\"},\"query-input\":{\"@type\":\"PropertyValueSpecification\",\"valueRequired\":true,\"valueName\":\"search_term_string\"}}],\"inLanguage\":\"fr-FR\"},{\"@type\":\"Organization\",\"@id\":\"https:\/\/safe.pharmacy\/fr\/#organization\",\"name\":\"NABP\",\"url\":\"https:\/\/safe.pharmacy\/fr\/\",\"logo\":{\"@type\":\"ImageObject\",\"inLanguage\":\"fr-FR\",\"@id\":\"https:\/\/safe.pharmacy\/fr\/#\/schema\/logo\/image\/\",\"url\":\"https:\/\/safe.pharmacy\/wp-content\/uploads\/2023\/12\/Safe-Pharmacy-Logo.svg\",\"contentUrl\":\"https:\/\/safe.pharmacy\/wp-content\/uploads\/2023\/12\/Safe-Pharmacy-Logo.svg\",\"width\":151,\"height\":68,\"caption\":\"NABP\"},\"image\":{\"@id\":\"https:\/\/safe.pharmacy\/fr\/#\/schema\/logo\/image\/\"}}]}<\/script>\n<!-- \/ Yoast SEO plugin. -->","yoast_head_json":{"title":"6 sujets sur lesquels votre pharmacien peut vous aider","description":"D\u00e9couvrez les questions \u00e0 poser \u00e0 votre pharmacien et d\u00e9couvrez comment il peut vous aider \u00e0 g\u00e9rer vos besoins en mati\u00e8re de soins de sant\u00e9. Avec","robots":{"index":"index","follow":"follow","max-snippet":"max-snippet:-1","max-image-preview":"max-image-preview:large","max-video-preview":"max-video-preview:-1"},"canonical":"https:\/\/safe.pharmacy\/fr\/utilisation-securitaire\/comment-les-pharmaciens-peuvent-vous-aider\/","og_locale":"fr_FR","og_type":"article","og_title":"6 sujets sur lesquels votre pharmacien peut vous aider","og_description":"D\u00e9couvrez les questions \u00e0 poser \u00e0 votre pharmacien et d\u00e9couvrez comment il peut vous aider \u00e0 g\u00e9rer vos besoins en mati\u00e8re de soins de sant\u00e9. Avec","og_url":"https:\/\/safe.pharmacy\/fr\/utilisation-securitaire\/comment-les-pharmaciens-peuvent-vous-aider\/","og_site_name":"Safe.Pharmacy","article_modified_time":"2026-03-05T21:03:31+00:00","og_image":[{"width":2560,"height":1709,"url":"https:\/\/safe.pharmacy\/wp-content\/uploads\/2025\/02\/iStock-518285260-scaled.jpg","type":"image\/jpeg"}],"twitter_card":"summary_large_image","twitter_misc":{"Dur\u00e9e de lecture estim\u00e9e":"5 minutes"},"schema":{"@context":"https:\/\/schema.org","@graph":[{"@type":"WebPage","@id":"https:\/\/safe.pharmacy\/fr\/utilisation-securitaire\/comment-les-pharmaciens-peuvent-vous-aider\/","url":"https:\/\/safe.pharmacy\/fr\/utilisation-securitaire\/comment-les-pharmaciens-peuvent-vous-aider\/","name":"6 sujets sur lesquels votre pharmacien peut vous aider","isPartOf":{"@id":"https:\/\/safe.pharmacy\/fr\/#website"},"primaryImageOfPage":{"@id":"https:\/\/safe.pharmacy\/fr\/utilisation-securitaire\/comment-les-pharmaciens-peuvent-vous-aider\/#primaryimage"},"image":{"@id":"https:\/\/safe.pharmacy\/fr\/utilisation-securitaire\/comment-les-pharmaciens-peuvent-vous-aider\/#primaryimage"},"thumbnailUrl":"https:\/\/safe.pharmacy\/wp-content\/uploads\/2025\/02\/iStock-518285260-scaled.jpg","datePublished":"2025-03-07T17:35:42+00:00","dateModified":"2026-03-05T21:03:31+00:00","description":"D\u00e9couvrez les questions \u00e0 poser \u00e0 votre pharmacien et d\u00e9couvrez comment il peut vous aider \u00e0 g\u00e9rer vos besoins en mati\u00e8re de soins de sant\u00e9. Avec","breadcrumb":{"@id":"https:\/\/safe.pharmacy\/fr\/utilisation-securitaire\/comment-les-pharmaciens-peuvent-vous-aider\/#breadcrumb"},"inLanguage":"fr-FR","potentialAction":[{"@type":"ReadAction","target":["https:\/\/safe.pharmacy\/fr\/utilisation-securitaire\/comment-les-pharmaciens-peuvent-vous-aider\/"]}]},{"@type":"ImageObject","inLanguage":"fr-FR","@id":"https:\/\/safe.pharmacy\/fr\/utilisation-securitaire\/comment-les-pharmaciens-peuvent-vous-aider\/#primaryimage","url":"https:\/\/safe.pharmacy\/wp-content\/uploads\/2025\/02\/iStock-518285260-scaled.jpg","contentUrl":"https:\/\/safe.pharmacy\/wp-content\/uploads\/2025\/02\/iStock-518285260-scaled.jpg","width":2560,"height":1709,"caption":"A female pharmacist sits with a senior female patient in the pharmacist consultation area and discusses her prescription and choice of medication. In the background a father and daughter stand at the dispensing counter and are served by a female pharmacy assistant ."},{"@type":"BreadcrumbList","@id":"https:\/\/safe.pharmacy\/fr\/utilisation-securitaire\/comment-les-pharmaciens-peuvent-vous-aider\/#breadcrumb","itemListElement":[{"@type":"ListItem","position":1,"name":"Home","item":"https:\/\/safe.pharmacy\/fr\/"},{"@type":"ListItem","position":2,"name":"Utilisation S\u00e9curitaire","item":"https:\/\/safe.pharmacy\/fr\/utilisation-securitaire\/"},{"@type":"ListItem","position":3,"name":"Comment les pharmaciens peuvent vous aider"}]},{"@type":"WebSite","@id":"https:\/\/safe.pharmacy\/fr\/#website","url":"https:\/\/safe.pharmacy\/fr\/","name":"NABP","description":"Your resource for safe pharmacy","publisher":{"@id":"https:\/\/safe.pharmacy\/fr\/#organization"},"potentialAction":[{"@type":"SearchAction","target":{"@type":"EntryPoint","urlTemplate":"https:\/\/safe.pharmacy\/fr\/?s={search_term_string}"},"query-input":{"@type":"PropertyValueSpecification","valueRequired":true,"valueName":"search_term_string"}}],"inLanguage":"fr-FR"},{"@type":"Organization","@id":"https:\/\/safe.pharmacy\/fr\/#organization","name":"NABP","url":"https:\/\/safe.pharmacy\/fr\/","logo":{"@type":"ImageObject","inLanguage":"fr-FR","@id":"https:\/\/safe.pharmacy\/fr\/#\/schema\/logo\/image\/","url":"https:\/\/safe.pharmacy\/wp-content\/uploads\/2023\/12\/Safe-Pharmacy-Logo.svg","contentUrl":"https:\/\/safe.pharmacy\/wp-content\/uploads\/2023\/12\/Safe-Pharmacy-Logo.svg","width":151,"height":68,"caption":"NABP"},"image":{"@id":"https:\/\/safe.pharmacy\/fr\/#\/schema\/logo\/image\/"}}]}},"_links":{"self":[{"href":"https:\/\/safe.pharmacy\/fr\/wp-json\/wp\/v2\/pages\/5444","targetHints":{"allow":["GET"]}}],"collection":[{"href":"https:\/\/safe.pharmacy\/fr\/wp-json\/wp\/v2\/pages"}],"about":[{"href":"https:\/\/safe.pharmacy\/fr\/wp-json\/wp\/v2\/types\/page"}],"author":[{"embeddable":true,"href":"https:\/\/safe.pharmacy\/fr\/wp-json\/wp\/v2\/users\/13"}],"replies":[{"embeddable":true,"href":"https:\/\/safe.pharmacy\/fr\/wp-json\/wp\/v2\/comments?post=5444"}],"version-history":[{"count":6,"href":"https:\/\/safe.pharmacy\/fr\/wp-json\/wp\/v2\/pages\/5444\/revisions"}],"predecessor-version":[{"id":6039,"href":"https:\/\/safe.pharmacy\/fr\/wp-json\/wp\/v2\/pages\/5444\/revisions\/6039"}],"up":[{"embeddable":true,"href":"https:\/\/safe.pharmacy\/fr\/wp-json\/wp\/v2\/pages\/4695"}],"wp:featuredmedia":[{"embeddable":true,"href":"https:\/\/safe.pharmacy\/fr\/wp-json\/wp\/v2\/media\/5400"}],"wp:attachment":[{"href":"https:\/\/safe.pharmacy\/fr\/wp-json\/wp\/v2\/media?parent=5444"}],"curies":[{"name":"wp","href":"https:\/\/api.w.org\/{rel}","templated":true}]}}