{"id":5433,"date":"2025-03-07T11:10:22","date_gmt":"2025-03-07T17:10:22","guid":{"rendered":"https:\/\/safe.pharmacy\/?page_id=5433"},"modified":"2025-03-07T11:10:24","modified_gmt":"2025-03-07T17:10:24","slug":"restez-a-laffut-pour-plus-dinformations-de-la-nabp","status":"publish","type":"page","link":"https:\/\/safe.pharmacy\/fr\/restez-a-laffut-pour-plus-dinformations-de-la-nabp\/","title":{"rendered":"Restez \u00e0 l&rsquo;aff\u00fbt pour plus d&rsquo;informations de la NABP!"},"content":{"rendered":"\n<div class=\"wp-block-cover alignfull\" style=\"padding-top:var(--wp--preset--spacing--80);padding-bottom:var(--wp--preset--spacing--80)\"><span aria-hidden=\"true\" class=\"wp-block-cover__background has-background-dim-100 has-background-dim has-background-gradient has-nabp-purple-gradient-gradient-background\"><\/span><div class=\"wp-block-cover__inner-container is-layout-constrained wp-block-cover-is-layout-constrained\">\n<div class=\"wp-block-columns is-layout-flex wp-container-core-columns-is-layout-9d6595d7 wp-block-columns-is-layout-flex\">\n<div class=\"wp-block-column is-vertically-aligned-center is-layout-flow wp-block-column-is-layout-flow\">\n<h1 class=\"wp-block-heading\">Tout est en ordre! Merci de vous \u00eatre abonn\u00e9 \u00e0 <em>Safe Pharmacy News<\/em>. Restez \u00e0 l&rsquo;aff\u00fbt pour plus d&rsquo;informations de la NABP.\u00a0<\/h1>\n<\/div>\n\n\n\n<div class=\"wp-block-column is-layout-flow wp-block-column-is-layout-flow\"><\/div>\n<\/div>\n<\/div><\/div>\n\n\n\n<div class=\"wp-block-group alignfull no-padding has-background is-layout-constrained wp-block-group-is-layout-constrained\" style=\"background-color:#f2f2f2\"><div class=\"yoast-breadcrumbs\"><span><span><a href=\"https:\/\/safe.pharmacy\/fr\/\">Home<\/a><\/span> &raquo; <span class=\"breadcrumb_last\" aria-current=\"page\">Restez \u00e0 l&#8217;aff\u00fbt pour plus d&#8217;informations de la NABP!<\/span><\/span><\/div><\/div>\n\n\n\n<h2 class=\"wp-block-heading\"><strong>Merci d&rsquo;\u00eatre abonn\u00e9 \u00e0\u202f<em>Safe Pharmacy News<\/em><\/strong>\u00a0<\/h2>\n\n\n\n<div class=\"wp-block-columns is-layout-flex wp-container-core-columns-is-layout-9d6595d7 wp-block-columns-is-layout-flex\">\n<div class=\"wp-block-column is-layout-flow wp-block-column-is-layout-flow\" style=\"flex-basis:66.66%\">\n<p>Tout est en ordre! Votre abonnement \u00e0 <em>Safe Pharmacy News<\/em> a \u00e9t\u00e9 confirm\u00e9 avec succ\u00e8s. Vous sommes ravis de vous tenir inform\u00e9 des derni\u00e8res nouvelles concernant la s\u00fbret\u00e9 des m\u00e9dicaments, directement dans votre bo\u00eete de r\u00e9ception.<\/p>\n\n\n\n<p>Vous pouvez vous attendre \u00e0 recevoir un contenu vari\u00e9, y compris ce qui suit\u202f:<\/p>\n\n\n\n<ul class=\"wp-block-list\">\n<li>Pr\u00e9vention de l&rsquo;abus de m\u00e9dicaments d&rsquo;ordonnance<\/li>\n\n\n\n<li>S\u00fbret\u00e9 des m\u00e9dicaments<\/li>\n\n\n\n<li>S\u00fbret\u00e9 des pharmacies en ligne<\/li>\n\n\n\n<li>Ressources ax\u00e9es sur le consommateur<\/li>\n<\/ul>\n<\/div>\n\n\n\n<div class=\"wp-block-column is-layout-flow wp-block-column-is-layout-flow\" style=\"flex-basis:20%\">\n<figure class=\"wp-block-image size-large is-style-rounded is-style-rounded--1\"><img loading=\"lazy\" decoding=\"async\" width=\"991\" height=\"1024\" src=\"https:\/\/safe.pharmacy\/wp-content\/uploads\/2024\/01\/Resources-File-Image-991x1024.png\" alt=\"Resources Education Kit Image\" class=\"wp-image-3782\" srcset=\"https:\/\/safe.pharmacy\/wp-content\/uploads\/2024\/01\/Resources-File-Image-991x1024.png 991w, https:\/\/safe.pharmacy\/wp-content\/uploads\/2024\/01\/Resources-File-Image-290x300.png 290w, https:\/\/safe.pharmacy\/wp-content\/uploads\/2024\/01\/Resources-File-Image-768x793.png 768w, https:\/\/safe.pharmacy\/wp-content\/uploads\/2024\/01\/Resources-File-Image.png 1027w\" sizes=\"auto, (max-width: 991px) 100vw, 991px\" \/><\/figure>\n<\/div>\n<\/div>\n\n\n\n<div style=\"height:25px\" aria-hidden=\"true\" class=\"wp-block-spacer\"><\/div>\n\n\n\n<div class=\"wp-block-columns is-layout-flex wp-container-core-columns-is-layout-9d6595d7 wp-block-columns-is-layout-flex\">\n<div class=\"wp-block-column is-vertically-aligned-top is-layout-flow wp-block-column-is-layout-flow\" style=\"flex-basis:100px\">\n<div style=\"height:25px\" aria-hidden=\"true\" class=\"wp-block-spacer\"><\/div>\n\n\n\n<figure class=\"wp-block-image aligncenter size-large is-resized hide-on-mobile\"><img loading=\"lazy\" decoding=\"async\" width=\"84\" height=\"98\" src=\"https:\/\/safe.pharmacy\/wp-content\/uploads\/2024\/01\/ic-AvoidOnlineMeds.svg\" alt=\"Avoid Online Meds\" class=\"wp-image-4335\" style=\"width:65px;height:auto\"\/><\/figure>\n<\/div>\n\n\n\n<div class=\"wp-block-column is-layout-flow wp-block-column-is-layout-flow\">\n<h2 class=\"wp-block-heading\"><strong>Ressources relatives aux pharmacies s\u00fbres<\/strong><\/h2>\n\n\n\n<p>Nous sommes engag\u00e9s envers notre\u202f<a href=\"https:\/\/safe.pharmacy\/about\/\" target=\"_blank\" rel=\"noreferrer noopener\">mission<\/a>, qui consiste \u00e0 prot\u00e9ger la sant\u00e9 du public en informant les consommateurs comme vous des pratiques s\u00e9curitaires relatives aux m\u00e9dicaments qui favorisent votre sant\u00e9 et votre bien-\u00eatre et ceux des personnes que vous aimez.\u00a0<\/p>\n<\/div>\n<\/div>\n\n\n\n<hr class=\"wp-block-separator alignfull has-text-color has-custom-1-color has-alpha-channel-opacity has-custom-1-background-color has-background is-style-wide\"\/>\n\n\n\n<div style=\"height:25px\" aria-hidden=\"true\" class=\"wp-block-spacer\"><\/div>\n\n\n\n<div class=\"wp-block-columns is-layout-flex wp-container-core-columns-is-layout-9d6595d7 wp-block-columns-is-layout-flex\">\n<div class=\"wp-block-column is-vertically-aligned-top is-layout-flow wp-block-column-is-layout-flow\" style=\"flex-basis:100px\">\n<div style=\"height:25px\" aria-hidden=\"true\" class=\"wp-block-spacer\"><\/div>\n\n\n\n<figure class=\"wp-block-image aligncenter size-large is-resized hide-on-mobile\"><img loading=\"lazy\" decoding=\"async\" width=\"88\" height=\"84\" src=\"https:\/\/safe.pharmacy\/wp-content\/uploads\/2024\/01\/ic-OnlineCommunication.svg\" alt=\"Online Communication icon\" class=\"wp-image-4308\" style=\"width:65px;height:auto\"\/><\/figure>\n<\/div>\n\n\n\n<div class=\"wp-block-column is-layout-flow wp-block-column-is-layout-flow\">\n<h2 class=\"wp-block-heading\"><strong>Blogues \u00e9ducatifs<\/strong><\/h2>\n\n\n\n<p>Restez \u00e0 jour gr\u00e2ce \u00e0 nos blogues r\u00e9dig\u00e9s par des experts qui traitent de sujets relatifs \u00e0 la s\u00e9curit\u00e9 des pharmacies en ligne. Nos articles fournissent de pr\u00e9cieux renseignements sur les derni\u00e8res tendances et les pratiques exemplaires en mati\u00e8re de s\u00e9curit\u00e9 des m\u00e9dicaments.\u00a0<\/p>\n\n\n\n<div class=\"wp-block-buttons is-layout-flex wp-block-buttons-is-layout-flex\">\n<div class=\"wp-block-button is-style-outline is-style-outline--2\"><a class=\"wp-block-button__link wp-element-button\" href=\"https:\/\/safe.pharmacy\/resources\/blog\/\">D\u00e9couvrez-en davantage<\/a><\/div>\n<\/div>\n<\/div>\n<\/div>\n\n\n\n<hr class=\"wp-block-separator alignfull has-text-color has-custom-1-color has-alpha-channel-opacity has-custom-1-background-color has-background is-style-wide\"\/>\n\n\n\n<div style=\"height:25px\" aria-hidden=\"true\" class=\"wp-block-spacer\"><\/div>\n\n\n\n<div class=\"wp-block-columns is-layout-flex wp-container-core-columns-is-layout-9d6595d7 wp-block-columns-is-layout-flex\">\n<div class=\"wp-block-column is-vertically-aligned-top is-layout-flow wp-block-column-is-layout-flow\" style=\"flex-basis:100px\">\n<div style=\"height:25px\" aria-hidden=\"true\" class=\"wp-block-spacer\"><\/div>\n\n\n\n<figure class=\"wp-block-image aligncenter size-large is-resized hide-on-mobile\"><img loading=\"lazy\" decoding=\"async\" width=\"94\" height=\"94\" src=\"https:\/\/safe.pharmacy\/wp-content\/uploads\/2024\/01\/ic-DataTransfer.svg\" alt=\"Two computers sharing data\" class=\"wp-image-4320\" style=\"width:65px;height:auto\"\/><\/figure>\n<\/div>\n\n\n\n<div class=\"wp-block-column is-layout-flow wp-block-column-is-layout-flow\">\n<h2 class=\"wp-block-heading\"><strong><strong><strong>Suivez-nous sur les m\u00e9dias sociaux<\/strong>\u00a0<\/strong><\/strong><\/h2>\n\n\n\n<p>Joignez-vous \u00e0 la communaut\u00e9 sur les m\u00e9dias sociaux pour obtenir des mises \u00e0 jour en temps r\u00e9el sur la s\u00e9curit\u00e9 des pharmacies en ligne. Vous ferez partie d&rsquo;une communaut\u00e9 croissante d\u00e9vou\u00e9e \u00e0 la promotion de la s\u00e9curit\u00e9 et de pratiques fiables en mati\u00e8re de s\u00e9curit\u00e9 des m\u00e9dicaments. Suivez-nous d\u00e8s aujourd&rsquo;hui et aidez \u00e0 faire passer le mot!<\/p>\n\n\n\n<ul class=\"wp-block-social-links is-layout-flex wp-block-social-links-is-layout-flex\"><li class=\"wp-social-link wp-social-link-x  wp-block-social-link\"><a href=\"https:\/\/twitter.com\/NABPforPatients\" class=\"wp-block-social-link-anchor\"><svg width=\"24\" height=\"24\" viewBox=\"0 0 24 24\" version=\"1.1\" xmlns=\"http:\/\/www.w3.org\/2000\/svg\" aria-hidden=\"true\" focusable=\"false\"><path d=\"M13.982 10.622 20.54 3h-1.554l-5.693 6.618L8.745 3H3.5l6.876 10.007L3.5 21h1.554l6.012-6.989L15.868 21h5.245l-7.131-10.378Zm-2.128 2.474-.697-.997-5.543-7.93H8l4.474 6.4.697.996 5.815 8.318h-2.387l-4.745-6.787Z\" \/><\/svg><span class=\"wp-block-social-link-label screen-reader-text\">X<\/span><\/a><\/li>\n\n<li class=\"wp-social-link wp-social-link-facebook  wp-block-social-link\"><a href=\"https:\/\/www.facebook.com\/NABPforPatients\" class=\"wp-block-social-link-anchor\"><svg width=\"24\" height=\"24\" viewBox=\"0 0 24 24\" version=\"1.1\" xmlns=\"http:\/\/www.w3.org\/2000\/svg\" aria-hidden=\"true\" focusable=\"false\"><path d=\"M12 2C6.5 2 2 6.5 2 12c0 5 3.7 9.1 8.4 9.9v-7H7.9V12h2.5V9.8c0-2.5 1.5-3.9 3.8-3.9 1.1 0 2.2.2 2.2.2v2.5h-1.3c-1.2 0-1.6.8-1.6 1.6V12h2.8l-.4 2.9h-2.3v7C18.3 21.1 22 17 22 12c0-5.5-4.5-10-10-10z\"><\/path><\/svg><span class=\"wp-block-social-link-label screen-reader-text\">Facebook<\/span><\/a><\/li>\n\n<li class=\"wp-social-link wp-social-link-instagram  wp-block-social-link\"><a href=\"https:\/\/www.instagram.com\/nabpforpatients\/\" class=\"wp-block-social-link-anchor\"><svg width=\"24\" height=\"24\" viewBox=\"0 0 24 24\" version=\"1.1\" xmlns=\"http:\/\/www.w3.org\/2000\/svg\" aria-hidden=\"true\" focusable=\"false\"><path d=\"M12,4.622c2.403,0,2.688,0.009,3.637,0.052c0.877,0.04,1.354,0.187,1.671,0.31c0.42,0.163,0.72,0.358,1.035,0.673 c0.315,0.315,0.51,0.615,0.673,1.035c0.123,0.317,0.27,0.794,0.31,1.671c0.043,0.949,0.052,1.234,0.052,3.637 s-0.009,2.688-0.052,3.637c-0.04,0.877-0.187,1.354-0.31,1.671c-0.163,0.42-0.358,0.72-0.673,1.035 c-0.315,0.315-0.615,0.51-1.035,0.673c-0.317,0.123-0.794,0.27-1.671,0.31c-0.949,0.043-1.233,0.052-3.637,0.052 s-2.688-0.009-3.637-0.052c-0.877-0.04-1.354-0.187-1.671-0.31c-0.42-0.163-0.72-0.358-1.035-0.673 c-0.315-0.315-0.51-0.615-0.673-1.035c-0.123-0.317-0.27-0.794-0.31-1.671C4.631,14.688,4.622,14.403,4.622,12 s0.009-2.688,0.052-3.637c0.04-0.877,0.187-1.354,0.31-1.671c0.163-0.42,0.358-0.72,0.673-1.035 c0.315-0.315,0.615-0.51,1.035-0.673c0.317-0.123,0.794-0.27,1.671-0.31C9.312,4.631,9.597,4.622,12,4.622 M12,3 C9.556,3,9.249,3.01,8.289,3.054C7.331,3.098,6.677,3.25,6.105,3.472C5.513,3.702,5.011,4.01,4.511,4.511 c-0.5,0.5-0.808,1.002-1.038,1.594C3.25,6.677,3.098,7.331,3.054,8.289C3.01,9.249,3,9.556,3,12c0,2.444,0.01,2.751,0.054,3.711 c0.044,0.958,0.196,1.612,0.418,2.185c0.23,0.592,0.538,1.094,1.038,1.594c0.5,0.5,1.002,0.808,1.594,1.038 c0.572,0.222,1.227,0.375,2.185,0.418C9.249,20.99,9.556,21,12,21s2.751-0.01,3.711-0.054c0.958-0.044,1.612-0.196,2.185-0.418 c0.592-0.23,1.094-0.538,1.594-1.038c0.5-0.5,0.808-1.002,1.038-1.594c0.222-0.572,0.375-1.227,0.418-2.185 C20.99,14.751,21,14.444,21,12s-0.01-2.751-0.054-3.711c-0.044-0.958-0.196-1.612-0.418-2.185c-0.23-0.592-0.538-1.094-1.038-1.594 c-0.5-0.5-1.002-0.808-1.594-1.038c-0.572-0.222-1.227-0.375-2.185-0.418C14.751,3.01,14.444,3,12,3L12,3z M12,7.378 c-2.552,0-4.622,2.069-4.622,4.622S9.448,16.622,12,16.622s4.622-2.069,4.622-4.622S14.552,7.378,12,7.378z M12,15 c-1.657,0-3-1.343-3-3s1.343-3,3-3s3,1.343,3,3S13.657,15,12,15z M16.804,6.116c-0.596,0-1.08,0.484-1.08,1.08 s0.484,1.08,1.08,1.08c0.596,0,1.08-0.484,1.08-1.08S17.401,6.116,16.804,6.116z\"><\/path><\/svg><span class=\"wp-block-social-link-label screen-reader-text\">Instagram<\/span><\/a><\/li><\/ul>\n<\/div>\n<\/div>\n\n\n\n<p><\/p>\n","protected":false},"excerpt":{"rendered":"<p>Merci d&rsquo;\u00eatre abonn\u00e9 \u00e0\u202fSafe Pharmacy News\u00a0 Tout est en ordre! Votre abonnement \u00e0 Safe Pharmacy News a \u00e9t\u00e9 confirm\u00e9 avec succ\u00e8s. Vous sommes ravis de vous tenir inform\u00e9 des derni\u00e8res nouvelles concernant la s\u00fbret\u00e9 des m\u00e9dicaments, directement dans votre bo\u00eete de r\u00e9ception. Vous pouvez vous attendre \u00e0 recevoir un contenu vari\u00e9, y compris ce qui [&hellip;]<\/p>\n","protected":false},"author":13,"featured_media":0,"parent":0,"menu_order":0,"comment_status":"closed","ping_status":"closed","template":"","meta":{"_acf_changed":false,"footnotes":""},"class_list":["post-5433","page","type-page","status-publish","hentry"],"acf":[],"yoast_head":"<!-- This site is optimized with the Yoast SEO plugin v27.3 - https:\/\/yoast.com\/product\/yoast-seo-wordpress\/ -->\n<title>Restez \u00e0 l&#039;aff\u00fbt pour plus d&#039;informations de la NABP! - Safe.Pharmacy<\/title>\n<meta name=\"robots\" content=\"index, follow, max-snippet:-1, max-image-preview:large, max-video-preview:-1\" \/>\n<link rel=\"canonical\" href=\"https:\/\/safe.pharmacy\/fr\/restez-a-laffut-pour-plus-dinformations-de-la-nabp\/\" \/>\n<meta property=\"og:locale\" content=\"fr_FR\" \/>\n<meta property=\"og:type\" content=\"article\" \/>\n<meta property=\"og:title\" content=\"Restez \u00e0 l&#039;aff\u00fbt pour plus d&#039;informations de la NABP! - Safe.Pharmacy\" \/>\n<meta property=\"og:description\" content=\"Merci d&rsquo;\u00eatre abonn\u00e9 \u00e0\u202fSafe Pharmacy News\u00a0 Tout est en ordre! Votre abonnement \u00e0 Safe Pharmacy News a \u00e9t\u00e9 confirm\u00e9 avec succ\u00e8s. Vous sommes ravis de vous tenir inform\u00e9 des derni\u00e8res nouvelles concernant la s\u00fbret\u00e9 des m\u00e9dicaments, directement dans votre bo\u00eete de r\u00e9ception. Vous pouvez vous attendre \u00e0 recevoir un contenu vari\u00e9, y compris ce qui [&hellip;]\" \/>\n<meta property=\"og:url\" content=\"https:\/\/safe.pharmacy\/fr\/restez-a-laffut-pour-plus-dinformations-de-la-nabp\/\" \/>\n<meta property=\"og:site_name\" content=\"Safe.Pharmacy\" \/>\n<meta property=\"article:modified_time\" content=\"2025-03-07T17:10:24+00:00\" \/>\n<meta property=\"og:image\" content=\"https:\/\/safe.pharmacy\/wp-content\/uploads\/2024\/01\/Resources-File-Image-991x1024.png\" \/>\n<meta name=\"twitter:card\" content=\"summary_large_image\" \/>\n<meta name=\"twitter:label1\" content=\"Dur\u00e9e de lecture estim\u00e9e\" \/>\n\t<meta name=\"twitter:data1\" content=\"2 minutes\" \/>\n<script type=\"application\/ld+json\" class=\"yoast-schema-graph\">{\"@context\":\"https:\\\/\\\/schema.org\",\"@graph\":[{\"@type\":\"WebPage\",\"@id\":\"https:\\\/\\\/safe.pharmacy\\\/fr\\\/restez-a-laffut-pour-plus-dinformations-de-la-nabp\\\/\",\"url\":\"https:\\\/\\\/safe.pharmacy\\\/fr\\\/restez-a-laffut-pour-plus-dinformations-de-la-nabp\\\/\",\"name\":\"Restez \u00e0 l'aff\u00fbt pour plus d'informations de la NABP! - Safe.Pharmacy\",\"isPartOf\":{\"@id\":\"https:\\\/\\\/safe.pharmacy\\\/fr\\\/#website\"},\"primaryImageOfPage\":{\"@id\":\"https:\\\/\\\/safe.pharmacy\\\/fr\\\/restez-a-laffut-pour-plus-dinformations-de-la-nabp\\\/#primaryimage\"},\"image\":{\"@id\":\"https:\\\/\\\/safe.pharmacy\\\/fr\\\/restez-a-laffut-pour-plus-dinformations-de-la-nabp\\\/#primaryimage\"},\"thumbnailUrl\":\"https:\\\/\\\/safe.pharmacy\\\/wp-content\\\/uploads\\\/2024\\\/01\\\/Resources-File-Image-991x1024.png\",\"datePublished\":\"2025-03-07T17:10:22+00:00\",\"dateModified\":\"2025-03-07T17:10:24+00:00\",\"breadcrumb\":{\"@id\":\"https:\\\/\\\/safe.pharmacy\\\/fr\\\/restez-a-laffut-pour-plus-dinformations-de-la-nabp\\\/#breadcrumb\"},\"inLanguage\":\"fr-FR\",\"potentialAction\":[{\"@type\":\"ReadAction\",\"target\":[\"https:\\\/\\\/safe.pharmacy\\\/fr\\\/restez-a-laffut-pour-plus-dinformations-de-la-nabp\\\/\"]}]},{\"@type\":\"ImageObject\",\"inLanguage\":\"fr-FR\",\"@id\":\"https:\\\/\\\/safe.pharmacy\\\/fr\\\/restez-a-laffut-pour-plus-dinformations-de-la-nabp\\\/#primaryimage\",\"url\":\"https:\\\/\\\/safe.pharmacy\\\/wp-content\\\/uploads\\\/2024\\\/01\\\/Resources-File-Image-991x1024.png\",\"contentUrl\":\"https:\\\/\\\/safe.pharmacy\\\/wp-content\\\/uploads\\\/2024\\\/01\\\/Resources-File-Image-991x1024.png\"},{\"@type\":\"BreadcrumbList\",\"@id\":\"https:\\\/\\\/safe.pharmacy\\\/fr\\\/restez-a-laffut-pour-plus-dinformations-de-la-nabp\\\/#breadcrumb\",\"itemListElement\":[{\"@type\":\"ListItem\",\"position\":1,\"name\":\"Home\",\"item\":\"https:\\\/\\\/safe.pharmacy\\\/fr\\\/\"},{\"@type\":\"ListItem\",\"position\":2,\"name\":\"Restez \u00e0 l&#8217;aff\u00fbt pour plus d&#8217;informations de la NABP!\"}]},{\"@type\":\"WebSite\",\"@id\":\"https:\\\/\\\/safe.pharmacy\\\/fr\\\/#website\",\"url\":\"https:\\\/\\\/safe.pharmacy\\\/fr\\\/\",\"name\":\"NABP\",\"description\":\"Your resource for safe pharmacy\",\"publisher\":{\"@id\":\"https:\\\/\\\/safe.pharmacy\\\/fr\\\/#organization\"},\"potentialAction\":[{\"@type\":\"SearchAction\",\"target\":{\"@type\":\"EntryPoint\",\"urlTemplate\":\"https:\\\/\\\/safe.pharmacy\\\/fr\\\/?s={search_term_string}\"},\"query-input\":{\"@type\":\"PropertyValueSpecification\",\"valueRequired\":true,\"valueName\":\"search_term_string\"}}],\"inLanguage\":\"fr-FR\"},{\"@type\":\"Organization\",\"@id\":\"https:\\\/\\\/safe.pharmacy\\\/fr\\\/#organization\",\"name\":\"NABP\",\"url\":\"https:\\\/\\\/safe.pharmacy\\\/fr\\\/\",\"logo\":{\"@type\":\"ImageObject\",\"inLanguage\":\"fr-FR\",\"@id\":\"https:\\\/\\\/safe.pharmacy\\\/fr\\\/#\\\/schema\\\/logo\\\/image\\\/\",\"url\":\"https:\\\/\\\/safe.pharmacy\\\/wp-content\\\/uploads\\\/2023\\\/12\\\/Safe-Pharmacy-Logo.svg\",\"contentUrl\":\"https:\\\/\\\/safe.pharmacy\\\/wp-content\\\/uploads\\\/2023\\\/12\\\/Safe-Pharmacy-Logo.svg\",\"width\":151,\"height\":68,\"caption\":\"NABP\"},\"image\":{\"@id\":\"https:\\\/\\\/safe.pharmacy\\\/fr\\\/#\\\/schema\\\/logo\\\/image\\\/\"}}]}<\/script>\n<!-- \/ Yoast SEO plugin. -->","yoast_head_json":{"title":"Restez \u00e0 l'aff\u00fbt pour plus d'informations de la NABP! - Safe.Pharmacy","robots":{"index":"index","follow":"follow","max-snippet":"max-snippet:-1","max-image-preview":"max-image-preview:large","max-video-preview":"max-video-preview:-1"},"canonical":"https:\/\/safe.pharmacy\/fr\/restez-a-laffut-pour-plus-dinformations-de-la-nabp\/","og_locale":"fr_FR","og_type":"article","og_title":"Restez \u00e0 l'aff\u00fbt pour plus d'informations de la NABP! - Safe.Pharmacy","og_description":"Merci d&rsquo;\u00eatre abonn\u00e9 \u00e0\u202fSafe Pharmacy News\u00a0 Tout est en ordre! Votre abonnement \u00e0 Safe Pharmacy News a \u00e9t\u00e9 confirm\u00e9 avec succ\u00e8s. Vous sommes ravis de vous tenir inform\u00e9 des derni\u00e8res nouvelles concernant la s\u00fbret\u00e9 des m\u00e9dicaments, directement dans votre bo\u00eete de r\u00e9ception. Vous pouvez vous attendre \u00e0 recevoir un contenu vari\u00e9, y compris ce qui [&hellip;]","og_url":"https:\/\/safe.pharmacy\/fr\/restez-a-laffut-pour-plus-dinformations-de-la-nabp\/","og_site_name":"Safe.Pharmacy","article_modified_time":"2025-03-07T17:10:24+00:00","og_image":[{"url":"https:\/\/safe.pharmacy\/wp-content\/uploads\/2024\/01\/Resources-File-Image-991x1024.png","type":"","width":"","height":""}],"twitter_card":"summary_large_image","twitter_misc":{"Dur\u00e9e de lecture estim\u00e9e":"2 minutes"},"schema":{"@context":"https:\/\/schema.org","@graph":[{"@type":"WebPage","@id":"https:\/\/safe.pharmacy\/fr\/restez-a-laffut-pour-plus-dinformations-de-la-nabp\/","url":"https:\/\/safe.pharmacy\/fr\/restez-a-laffut-pour-plus-dinformations-de-la-nabp\/","name":"Restez \u00e0 l'aff\u00fbt pour plus d'informations de la NABP! - Safe.Pharmacy","isPartOf":{"@id":"https:\/\/safe.pharmacy\/fr\/#website"},"primaryImageOfPage":{"@id":"https:\/\/safe.pharmacy\/fr\/restez-a-laffut-pour-plus-dinformations-de-la-nabp\/#primaryimage"},"image":{"@id":"https:\/\/safe.pharmacy\/fr\/restez-a-laffut-pour-plus-dinformations-de-la-nabp\/#primaryimage"},"thumbnailUrl":"https:\/\/safe.pharmacy\/wp-content\/uploads\/2024\/01\/Resources-File-Image-991x1024.png","datePublished":"2025-03-07T17:10:22+00:00","dateModified":"2025-03-07T17:10:24+00:00","breadcrumb":{"@id":"https:\/\/safe.pharmacy\/fr\/restez-a-laffut-pour-plus-dinformations-de-la-nabp\/#breadcrumb"},"inLanguage":"fr-FR","potentialAction":[{"@type":"ReadAction","target":["https:\/\/safe.pharmacy\/fr\/restez-a-laffut-pour-plus-dinformations-de-la-nabp\/"]}]},{"@type":"ImageObject","inLanguage":"fr-FR","@id":"https:\/\/safe.pharmacy\/fr\/restez-a-laffut-pour-plus-dinformations-de-la-nabp\/#primaryimage","url":"https:\/\/safe.pharmacy\/wp-content\/uploads\/2024\/01\/Resources-File-Image-991x1024.png","contentUrl":"https:\/\/safe.pharmacy\/wp-content\/uploads\/2024\/01\/Resources-File-Image-991x1024.png"},{"@type":"BreadcrumbList","@id":"https:\/\/safe.pharmacy\/fr\/restez-a-laffut-pour-plus-dinformations-de-la-nabp\/#breadcrumb","itemListElement":[{"@type":"ListItem","position":1,"name":"Home","item":"https:\/\/safe.pharmacy\/fr\/"},{"@type":"ListItem","position":2,"name":"Restez \u00e0 l&#8217;aff\u00fbt pour plus d&#8217;informations de la NABP!"}]},{"@type":"WebSite","@id":"https:\/\/safe.pharmacy\/fr\/#website","url":"https:\/\/safe.pharmacy\/fr\/","name":"NABP","description":"Your resource for safe pharmacy","publisher":{"@id":"https:\/\/safe.pharmacy\/fr\/#organization"},"potentialAction":[{"@type":"SearchAction","target":{"@type":"EntryPoint","urlTemplate":"https:\/\/safe.pharmacy\/fr\/?s={search_term_string}"},"query-input":{"@type":"PropertyValueSpecification","valueRequired":true,"valueName":"search_term_string"}}],"inLanguage":"fr-FR"},{"@type":"Organization","@id":"https:\/\/safe.pharmacy\/fr\/#organization","name":"NABP","url":"https:\/\/safe.pharmacy\/fr\/","logo":{"@type":"ImageObject","inLanguage":"fr-FR","@id":"https:\/\/safe.pharmacy\/fr\/#\/schema\/logo\/image\/","url":"https:\/\/safe.pharmacy\/wp-content\/uploads\/2023\/12\/Safe-Pharmacy-Logo.svg","contentUrl":"https:\/\/safe.pharmacy\/wp-content\/uploads\/2023\/12\/Safe-Pharmacy-Logo.svg","width":151,"height":68,"caption":"NABP"},"image":{"@id":"https:\/\/safe.pharmacy\/fr\/#\/schema\/logo\/image\/"}}]}},"_links":{"self":[{"href":"https:\/\/safe.pharmacy\/fr\/wp-json\/wp\/v2\/pages\/5433","targetHints":{"allow":["GET"]}}],"collection":[{"href":"https:\/\/safe.pharmacy\/fr\/wp-json\/wp\/v2\/pages"}],"about":[{"href":"https:\/\/safe.pharmacy\/fr\/wp-json\/wp\/v2\/types\/page"}],"author":[{"embeddable":true,"href":"https:\/\/safe.pharmacy\/fr\/wp-json\/wp\/v2\/users\/13"}],"replies":[{"embeddable":true,"href":"https:\/\/safe.pharmacy\/fr\/wp-json\/wp\/v2\/comments?post=5433"}],"version-history":[{"count":2,"href":"https:\/\/safe.pharmacy\/fr\/wp-json\/wp\/v2\/pages\/5433\/revisions"}],"predecessor-version":[{"id":5436,"href":"https:\/\/safe.pharmacy\/fr\/wp-json\/wp\/v2\/pages\/5433\/revisions\/5436"}],"wp:attachment":[{"href":"https:\/\/safe.pharmacy\/fr\/wp-json\/wp\/v2\/media?parent=5433"}],"curies":[{"name":"wp","href":"https:\/\/api.w.org\/{rel}","templated":true}]}}