{"id":4681,"date":"2024-01-26T12:23:51","date_gmt":"2024-01-26T18:23:51","guid":{"rendered":"https:\/\/safe.pharmacy\/?page_id=4681"},"modified":"2025-10-31T09:51:21","modified_gmt":"2025-10-31T14:51:21","slug":"ressources","status":"publish","type":"page","link":"https:\/\/safe.pharmacy\/fr\/ressources\/","title":{"rendered":"Ressources"},"content":{"rendered":"\n<div class=\"wp-block-cover alignfull\" style=\"padding-top:var(--wp--preset--spacing--80);padding-bottom:var(--wp--preset--spacing--80)\"><span aria-hidden=\"true\" class=\"wp-block-cover__background has-background-dim-100 has-background-dim has-background-gradient\" style=\"background:linear-gradient(45deg,rgb(35,38,103) 0%,rgb(88,139,148) 100%)\"><\/span><div class=\"wp-block-cover__inner-container is-layout-constrained wp-block-cover-is-layout-constrained\">\n<div class=\"wp-block-columns is-layout-flex wp-container-core-columns-is-layout-9d6595d7 wp-block-columns-is-layout-flex\">\n<div class=\"wp-block-column is-layout-flow wp-block-column-is-layout-flow\">\n<h2 class=\"wp-block-heading is-style-white-with-blur\" style=\"font-size:46px;font-style:normal;font-weight:300\">Partager des connaissances sur la s\u00fbret\u00e9 des pharmacies<\/h2>\n<\/div>\n\n\n\n<div class=\"wp-block-column is-layout-flow wp-block-column-is-layout-flow\"><\/div>\n<\/div>\n<\/div><\/div>\n\n\n\n<div class=\"wp-block-group alignfull no-padding has-background is-layout-constrained wp-block-group-is-layout-constrained\" style=\"background-color:#f2f2f2\"><div class=\"yoast-breadcrumbs\"><span><span><a href=\"https:\/\/safe.pharmacy\/fr\/\">Home<\/a><\/span> &raquo; <span class=\"breadcrumb_last\" aria-current=\"page\">Ressources<\/span><\/span><\/div><\/div>\n\n\n\n<h1 class=\"wp-block-heading\">Ressources<\/h1>\n\n\n\n<p>Trouvez des ressources \u00e0 partager dans votre collectivit\u00e9 sur l\u2019innocuit\u00e9 des m\u00e9dicaments, y compris sur l\u2019\u00e9limination s\u00e9curitaire des m\u00e9dicaments, l\u2019achat de m\u00e9dicaments en ligne, la pr\u00e9vention de la toxicomanie et plus encore.<\/p>\n\n\n\n<div class=\"wp-block-columns is-layout-flex wp-container-core-columns-is-layout-9d6595d7 wp-block-columns-is-layout-flex\">\n<div class=\"wp-block-column is-layout-flow wp-block-column-is-layout-flow\">\n<figure class=\"wp-block-image aligncenter size-full is-resized is-style-rounded is-style-rounded--1\"><img loading=\"lazy\" decoding=\"async\" width=\"841\" height=\"595\" src=\"https:\/\/safe.pharmacy\/wp-content\/uploads\/2024\/01\/GeneralBlogs.svg\" alt=\"Illustration of a laptop displaying stacked news banners.\" class=\"wp-image-4485\" style=\"width:500px\"\/><\/figure>\n<\/div>\n\n\n\n<div class=\"wp-block-column is-vertically-aligned-center is-layout-flow wp-block-column-is-layout-flow\">\n<h2 class=\"wp-block-heading\">Blogue<\/h2>\n\n\n\n<p>Lisez des articles r\u00e9dig\u00e9s par des experts sur divers sujets d\u2019actualit\u00e9 de Safe Pharmacy pour les consommateurs.<\/p>\n\n\n\n<div class=\"wp-block-buttons is-layout-flex wp-block-buttons-is-layout-flex\">\n<div class=\"wp-block-button is-style-outline is-style-outline--2\"><a class=\"wp-block-button__link wp-element-button\" href=\"http:\/\/safe.pharmacy\/resources\/blog\">D\u00e9couvrez des blogues<\/a><\/div>\n<\/div>\n<\/div>\n<\/div>\n\n\n\n<hr class=\"wp-block-separator alignfull has-text-color has-custom-1-color has-alpha-channel-opacity has-custom-1-background-color has-background is-style-wide\"\/>\n\n\n\n<div style=\"height:20px\" aria-hidden=\"true\" class=\"wp-block-spacer\"><\/div>\n\n\n\n<div class=\"wp-block-columns is-layout-flex wp-container-core-columns-is-layout-9d6595d7 wp-block-columns-is-layout-flex\">\n<div class=\"wp-block-column is-layout-flow wp-block-column-is-layout-flow\">\n<h2 class=\"wp-block-heading\">Trousse d\u2019outils \u00e9ducatifs<\/h2>\n\n\n\n<p>Trouvez des messages, des images, des outils et des vid\u00e9os pour les m\u00e9dias sociaux afin de passer le mot sur l\u2019achat de m\u00e9dicaments en ligne.<\/p>\n\n\n\n<div class=\"wp-block-buttons is-layout-flex wp-block-buttons-is-layout-flex\">\n<div class=\"wp-block-button is-style-outline is-style-outline--3\"><a class=\"wp-block-button__link wp-element-button\" href=\"https:\/\/safe.pharmacy\/resources\/buy-safely-media-toolkit\/\">D\u00e9couvrez la trousse d\u2019outils<\/a><\/div>\n<\/div>\n<\/div>\n\n\n\n<div class=\"wp-block-column is-vertically-aligned-center is-layout-flow wp-block-column-is-layout-flow\">\n<figure class=\"wp-block-image aligncenter size-full is-resized is-style-rounded is-style-rounded--4\"><img loading=\"lazy\" decoding=\"async\" width=\"841\" height=\"595\" src=\"https:\/\/safe.pharmacy\/wp-content\/uploads\/2024\/02\/French-Verify-Before-You-Buy.svg\" alt=\"Graphic with the text &quot;Before you Buy, Verify&quot;.\" class=\"wp-image-5029\" style=\"width:500px\"\/><\/figure>\n<\/div>\n<\/div>\n","protected":false},"excerpt":{"rendered":"<p>Ressources Trouvez des ressources \u00e0 partager dans votre collectivit\u00e9 sur l\u2019innocuit\u00e9 des m\u00e9dicaments, y compris sur l\u2019\u00e9limination s\u00e9curitaire des m\u00e9dicaments, l\u2019achat de m\u00e9dicaments en ligne, la pr\u00e9vention de la toxicomanie et plus encore. Blogue Lisez des articles r\u00e9dig\u00e9s par des experts sur divers sujets d\u2019actualit\u00e9 de Safe Pharmacy pour les consommateurs. Trousse d\u2019outils \u00e9ducatifs Trouvez [&hellip;]<\/p>\n","protected":false},"author":7,"featured_media":4486,"parent":0,"menu_order":0,"comment_status":"closed","ping_status":"closed","template":"","meta":{"_acf_changed":false,"footnotes":""},"class_list":["post-4681","page","type-page","status-publish","has-post-thumbnail","hentry"],"acf":[],"yoast_head":"<!-- This site is optimized with the Yoast SEO plugin v27.3 - https:\/\/yoast.com\/product\/yoast-seo-wordpress\/ -->\n<title>Pharmacie sure | Ressources | Articles d&#039;experts | Achats en ligne<\/title>\n<meta name=\"description\" content=\"Trouvez des ressources a partager avec votre communaute sur la securite des medicaments, y compris l&#039;elimination sure des medicaments, l&#039;achat de medicaments en ligne et la prevention de l&#039;abus de medicaments.\" \/>\n<meta name=\"robots\" content=\"index, follow, max-snippet:-1, max-image-preview:large, max-video-preview:-1\" \/>\n<link rel=\"canonical\" href=\"https:\/\/safe.pharmacy\/fr\/ressources\/\" \/>\n<meta property=\"og:locale\" content=\"fr_FR\" \/>\n<meta property=\"og:type\" content=\"article\" \/>\n<meta property=\"og:title\" content=\"Pharmacie sure | Ressources | Articles d&#039;experts | Achats en ligne\" \/>\n<meta property=\"og:description\" content=\"Trouvez des ressources a partager avec votre communaute sur la securite des medicaments, y compris l&#039;elimination sure des medicaments, l&#039;achat de medicaments en ligne et la prevention de l&#039;abus de medicaments.\" \/>\n<meta property=\"og:url\" content=\"https:\/\/safe.pharmacy\/fr\/ressources\/\" \/>\n<meta property=\"og:site_name\" content=\"Safe.Pharmacy\" \/>\n<meta property=\"article:modified_time\" content=\"2025-10-31T14:51:21+00:00\" \/>\n<meta name=\"twitter:card\" content=\"summary_large_image\" \/>\n<meta name=\"twitter:label1\" content=\"Dur\u00e9e de lecture estim\u00e9e\" \/>\n\t<meta name=\"twitter:data1\" content=\"2 minutes\" \/>\n<script type=\"application\/ld+json\" class=\"yoast-schema-graph\">{\"@context\":\"https:\\\/\\\/schema.org\",\"@graph\":[{\"@type\":\"WebPage\",\"@id\":\"https:\\\/\\\/safe.pharmacy\\\/fr\\\/ressources\\\/\",\"url\":\"https:\\\/\\\/safe.pharmacy\\\/fr\\\/ressources\\\/\",\"name\":\"Pharmacie sure | Ressources | Articles d'experts | Achats en ligne\",\"isPartOf\":{\"@id\":\"https:\\\/\\\/safe.pharmacy\\\/fr\\\/#website\"},\"primaryImageOfPage\":{\"@id\":\"https:\\\/\\\/safe.pharmacy\\\/fr\\\/ressources\\\/#primaryimage\"},\"image\":{\"@id\":\"https:\\\/\\\/safe.pharmacy\\\/fr\\\/ressources\\\/#primaryimage\"},\"thumbnailUrl\":\"https:\\\/\\\/safe.pharmacy\\\/wp-content\\\/uploads\\\/2024\\\/01\\\/GeneralBlogs.svg\",\"datePublished\":\"2024-01-26T18:23:51+00:00\",\"dateModified\":\"2025-10-31T14:51:21+00:00\",\"description\":\"Trouvez des ressources a partager avec votre communaute sur la securite des medicaments, y compris l'elimination sure des medicaments, l'achat de medicaments en ligne et la prevention de l'abus de medicaments.\",\"breadcrumb\":{\"@id\":\"https:\\\/\\\/safe.pharmacy\\\/fr\\\/ressources\\\/#breadcrumb\"},\"inLanguage\":\"fr-FR\",\"potentialAction\":[{\"@type\":\"ReadAction\",\"target\":[\"https:\\\/\\\/safe.pharmacy\\\/fr\\\/ressources\\\/\"]}]},{\"@type\":\"ImageObject\",\"inLanguage\":\"fr-FR\",\"@id\":\"https:\\\/\\\/safe.pharmacy\\\/fr\\\/ressources\\\/#primaryimage\",\"url\":\"https:\\\/\\\/safe.pharmacy\\\/wp-content\\\/uploads\\\/2024\\\/01\\\/GeneralBlogs.svg\",\"contentUrl\":\"https:\\\/\\\/safe.pharmacy\\\/wp-content\\\/uploads\\\/2024\\\/01\\\/GeneralBlogs.svg\",\"width\":841,\"height\":595,\"caption\":\"Image shows a variety of websites that outline pharmacy safety\"},{\"@type\":\"BreadcrumbList\",\"@id\":\"https:\\\/\\\/safe.pharmacy\\\/fr\\\/ressources\\\/#breadcrumb\",\"itemListElement\":[{\"@type\":\"ListItem\",\"position\":1,\"name\":\"Home\",\"item\":\"https:\\\/\\\/safe.pharmacy\\\/fr\\\/\"},{\"@type\":\"ListItem\",\"position\":2,\"name\":\"Ressources\"}]},{\"@type\":\"WebSite\",\"@id\":\"https:\\\/\\\/safe.pharmacy\\\/fr\\\/#website\",\"url\":\"https:\\\/\\\/safe.pharmacy\\\/fr\\\/\",\"name\":\"NABP\",\"description\":\"Your resource for safe pharmacy\",\"publisher\":{\"@id\":\"https:\\\/\\\/safe.pharmacy\\\/fr\\\/#organization\"},\"potentialAction\":[{\"@type\":\"SearchAction\",\"target\":{\"@type\":\"EntryPoint\",\"urlTemplate\":\"https:\\\/\\\/safe.pharmacy\\\/fr\\\/?s={search_term_string}\"},\"query-input\":{\"@type\":\"PropertyValueSpecification\",\"valueRequired\":true,\"valueName\":\"search_term_string\"}}],\"inLanguage\":\"fr-FR\"},{\"@type\":\"Organization\",\"@id\":\"https:\\\/\\\/safe.pharmacy\\\/fr\\\/#organization\",\"name\":\"NABP\",\"url\":\"https:\\\/\\\/safe.pharmacy\\\/fr\\\/\",\"logo\":{\"@type\":\"ImageObject\",\"inLanguage\":\"fr-FR\",\"@id\":\"https:\\\/\\\/safe.pharmacy\\\/fr\\\/#\\\/schema\\\/logo\\\/image\\\/\",\"url\":\"https:\\\/\\\/safe.pharmacy\\\/wp-content\\\/uploads\\\/2023\\\/12\\\/Safe-Pharmacy-Logo.svg\",\"contentUrl\":\"https:\\\/\\\/safe.pharmacy\\\/wp-content\\\/uploads\\\/2023\\\/12\\\/Safe-Pharmacy-Logo.svg\",\"width\":151,\"height\":68,\"caption\":\"NABP\"},\"image\":{\"@id\":\"https:\\\/\\\/safe.pharmacy\\\/fr\\\/#\\\/schema\\\/logo\\\/image\\\/\"}}]}<\/script>\n<!-- \/ Yoast SEO plugin. -->","yoast_head_json":{"title":"Pharmacie sure | Ressources | Articles d'experts | Achats en ligne","description":"Trouvez des ressources a partager avec votre communaute sur la securite des medicaments, y compris l'elimination sure des medicaments, l'achat de medicaments en ligne et la prevention de l'abus de medicaments.","robots":{"index":"index","follow":"follow","max-snippet":"max-snippet:-1","max-image-preview":"max-image-preview:large","max-video-preview":"max-video-preview:-1"},"canonical":"https:\/\/safe.pharmacy\/fr\/ressources\/","og_locale":"fr_FR","og_type":"article","og_title":"Pharmacie sure | Ressources | Articles d'experts | Achats en ligne","og_description":"Trouvez des ressources a partager avec votre communaute sur la securite des medicaments, y compris l'elimination sure des medicaments, l'achat de medicaments en ligne et la prevention de l'abus de medicaments.","og_url":"https:\/\/safe.pharmacy\/fr\/ressources\/","og_site_name":"Safe.Pharmacy","article_modified_time":"2025-10-31T14:51:21+00:00","twitter_card":"summary_large_image","twitter_misc":{"Dur\u00e9e de lecture estim\u00e9e":"2 minutes"},"schema":{"@context":"https:\/\/schema.org","@graph":[{"@type":"WebPage","@id":"https:\/\/safe.pharmacy\/fr\/ressources\/","url":"https:\/\/safe.pharmacy\/fr\/ressources\/","name":"Pharmacie sure | Ressources | Articles d'experts | Achats en ligne","isPartOf":{"@id":"https:\/\/safe.pharmacy\/fr\/#website"},"primaryImageOfPage":{"@id":"https:\/\/safe.pharmacy\/fr\/ressources\/#primaryimage"},"image":{"@id":"https:\/\/safe.pharmacy\/fr\/ressources\/#primaryimage"},"thumbnailUrl":"https:\/\/safe.pharmacy\/wp-content\/uploads\/2024\/01\/GeneralBlogs.svg","datePublished":"2024-01-26T18:23:51+00:00","dateModified":"2025-10-31T14:51:21+00:00","description":"Trouvez des ressources a partager avec votre communaute sur la securite des medicaments, y compris l'elimination sure des medicaments, l'achat de medicaments en ligne et la prevention de l'abus de medicaments.","breadcrumb":{"@id":"https:\/\/safe.pharmacy\/fr\/ressources\/#breadcrumb"},"inLanguage":"fr-FR","potentialAction":[{"@type":"ReadAction","target":["https:\/\/safe.pharmacy\/fr\/ressources\/"]}]},{"@type":"ImageObject","inLanguage":"fr-FR","@id":"https:\/\/safe.pharmacy\/fr\/ressources\/#primaryimage","url":"https:\/\/safe.pharmacy\/wp-content\/uploads\/2024\/01\/GeneralBlogs.svg","contentUrl":"https:\/\/safe.pharmacy\/wp-content\/uploads\/2024\/01\/GeneralBlogs.svg","width":841,"height":595,"caption":"Image shows a variety of websites that outline pharmacy safety"},{"@type":"BreadcrumbList","@id":"https:\/\/safe.pharmacy\/fr\/ressources\/#breadcrumb","itemListElement":[{"@type":"ListItem","position":1,"name":"Home","item":"https:\/\/safe.pharmacy\/fr\/"},{"@type":"ListItem","position":2,"name":"Ressources"}]},{"@type":"WebSite","@id":"https:\/\/safe.pharmacy\/fr\/#website","url":"https:\/\/safe.pharmacy\/fr\/","name":"NABP","description":"Your resource for safe pharmacy","publisher":{"@id":"https:\/\/safe.pharmacy\/fr\/#organization"},"potentialAction":[{"@type":"SearchAction","target":{"@type":"EntryPoint","urlTemplate":"https:\/\/safe.pharmacy\/fr\/?s={search_term_string}"},"query-input":{"@type":"PropertyValueSpecification","valueRequired":true,"valueName":"search_term_string"}}],"inLanguage":"fr-FR"},{"@type":"Organization","@id":"https:\/\/safe.pharmacy\/fr\/#organization","name":"NABP","url":"https:\/\/safe.pharmacy\/fr\/","logo":{"@type":"ImageObject","inLanguage":"fr-FR","@id":"https:\/\/safe.pharmacy\/fr\/#\/schema\/logo\/image\/","url":"https:\/\/safe.pharmacy\/wp-content\/uploads\/2023\/12\/Safe-Pharmacy-Logo.svg","contentUrl":"https:\/\/safe.pharmacy\/wp-content\/uploads\/2023\/12\/Safe-Pharmacy-Logo.svg","width":151,"height":68,"caption":"NABP"},"image":{"@id":"https:\/\/safe.pharmacy\/fr\/#\/schema\/logo\/image\/"}}]}},"_links":{"self":[{"href":"https:\/\/safe.pharmacy\/fr\/wp-json\/wp\/v2\/pages\/4681","targetHints":{"allow":["GET"]}}],"collection":[{"href":"https:\/\/safe.pharmacy\/fr\/wp-json\/wp\/v2\/pages"}],"about":[{"href":"https:\/\/safe.pharmacy\/fr\/wp-json\/wp\/v2\/types\/page"}],"author":[{"embeddable":true,"href":"https:\/\/safe.pharmacy\/fr\/wp-json\/wp\/v2\/users\/7"}],"replies":[{"embeddable":true,"href":"https:\/\/safe.pharmacy\/fr\/wp-json\/wp\/v2\/comments?post=4681"}],"version-history":[{"count":21,"href":"https:\/\/safe.pharmacy\/fr\/wp-json\/wp\/v2\/pages\/4681\/revisions"}],"predecessor-version":[{"id":5751,"href":"https:\/\/safe.pharmacy\/fr\/wp-json\/wp\/v2\/pages\/4681\/revisions\/5751"}],"wp:featuredmedia":[{"embeddable":true,"href":"https:\/\/safe.pharmacy\/fr\/wp-json\/wp\/v2\/media\/4486"}],"wp:attachment":[{"href":"https:\/\/safe.pharmacy\/fr\/wp-json\/wp\/v2\/media?parent=4681"}],"curies":[{"name":"wp","href":"https:\/\/api.w.org\/{rel}","templated":true}]}}