{"id":4671,"date":"2024-01-26T12:09:54","date_gmt":"2024-01-26T18:09:54","guid":{"rendered":"https:\/\/safe.pharmacy\/?page_id=4671"},"modified":"2025-09-29T15:31:42","modified_gmt":"2025-09-29T20:31:42","slug":"a-propos","status":"publish","type":"page","link":"https:\/\/safe.pharmacy\/fr\/a-propos\/","title":{"rendered":"\u00c0 Propos"},"content":{"rendered":"\n<div class=\"wp-block-cover alignfull is-light\" style=\"min-height:347px;aspect-ratio:unset;\"><img loading=\"lazy\" decoding=\"async\" width=\"2560\" height=\"1097\" class=\"wp-block-cover__image-background wp-image-4496\" alt=\"Pharmacist helping patient\" src=\"https:\/\/safe.pharmacy\/wp-content\/uploads\/2024\/01\/iStock-1325914414-scaled.jpg\" style=\"object-position:54% 12%\" data-object-fit=\"cover\" data-object-position=\"54% 12%\" srcset=\"https:\/\/safe.pharmacy\/wp-content\/uploads\/2024\/01\/iStock-1325914414-scaled.jpg 2560w, https:\/\/safe.pharmacy\/wp-content\/uploads\/2024\/01\/iStock-1325914414-300x129.jpg 300w, https:\/\/safe.pharmacy\/wp-content\/uploads\/2024\/01\/iStock-1325914414-1024x439.jpg 1024w, https:\/\/safe.pharmacy\/wp-content\/uploads\/2024\/01\/iStock-1325914414-768x329.jpg 768w, https:\/\/safe.pharmacy\/wp-content\/uploads\/2024\/01\/iStock-1325914414-1536x658.jpg 1536w, https:\/\/safe.pharmacy\/wp-content\/uploads\/2024\/01\/iStock-1325914414-2048x877.jpg 2048w\" sizes=\"auto, (max-width: 2560px) 100vw, 2560px\" \/><span aria-hidden=\"true\" class=\"wp-block-cover__background has-background-dim-0 has-background-dim\"><\/span><div class=\"wp-block-cover__inner-container is-layout-constrained wp-block-cover-is-layout-constrained\">\n<div class=\"wp-block-columns is-layout-flex wp-container-core-columns-is-layout-9d6595d7 wp-block-columns-is-layout-flex\">\n<div class=\"wp-block-column is-vertically-aligned-center is-layout-constrained wp-block-column-is-layout-constrained\">\n<h2 class=\"wp-block-heading is-style-black-with-blur\" style=\"font-size:48px;font-style:normal;font-weight:300\">D\u00e9couvrez l\u2019initiative  Safe Pharmacy adipiscing<\/h2>\n<\/div>\n\n\n\n<div class=\"wp-block-column is-layout-flow wp-block-column-is-layout-flow\"><\/div>\n<\/div>\n<\/div><\/div>\n\n\n\n<div class=\"wp-block-group alignfull no-padding has-background is-layout-constrained wp-block-group-is-layout-constrained\" style=\"background-color:#f2f2f2\"><div class=\"yoast-breadcrumbs\"><span><span><a href=\"https:\/\/safe.pharmacy\/fr\/\">Home<\/a><\/span> &raquo; <span class=\"breadcrumb_last\" aria-current=\"page\">\u00c0 Propos<\/span><\/span><\/div><\/div>\n\n\n\n<h1 class=\"wp-block-heading\">\u00c0 Propos<\/h1>\n\n\n\n<div style=\"height:25px\" aria-hidden=\"true\" class=\"wp-block-spacer\"><\/div>\n\n\n\n<h2 class=\"wp-block-heading is-style-default has-black-color has-text-color\" id=\"national-association-of-boards-of-pharmacy\">National Association of Boards of Pharmacy<\/h2>\n\n\n\n<p>National Association of Boards of Pharmacy<sup>\u00ae<\/sup> (NABP<sup>\u00ae<\/sup>) est un organisme \u00e0 but non lucratif qui travaille conjointement avec les conseils de pharmacie d\u2019\u00c9tat pour prot\u00e9ger la sant\u00e9 publique et veiller \u00e0 ce que vous et votre famille obteniez les meilleurs soins pharmaceutiques.&nbsp;<\/p>\n\n\n\n<p>Depuis notre fondation il y a 120&nbsp;ans, nous \u0153uvrons \u00e0 faire la promotion de la sant\u00e9 publique et de la s\u00e9curit\u00e9 au moyen de divers programmes et services. En 1999, nous avons commenc\u00e9 \u00e0 aider le public \u00e0 rep\u00e9rer les sites Web de pharmacie s\u00e9curitaires au moyen d\u2019un programme d\u2019accr\u00e9ditation pour les pharmacies en ligne. De plus, en 2014, nous avons \u00e9tendu ce service pour offrir le domaine .pharmacy aux sites Web v\u00e9rifi\u00e9s, ce qui facilite encore plus la reconnaissance d\u2019un site Web s\u00e9curitaire. Nous continuons \u00e0 sensibiliser le public \u00e0 l\u2019\u00e9pid\u00e9mie d\u2019opio\u00efdes et de la s\u00e9curit\u00e9 des m\u00e9dicaments sur ordonnance par le biais de notre initiative pharmacie s\u00fbr, lanc\u00e9e en 2010.<\/p>\n\n\n\n<p>La sant\u00e9 et la s\u00e9curit\u00e9 publiques sont des principes fondamentaux de notre mission. Nous travaillons avec les conseils de pharmacie des \u00c9tats pour vous servir vous, le consommateur.&nbsp;<a href=\"https:\/\/www.nabp.pharmacy\/\" target=\"_blank\" rel=\"noreferrer noopener\">Apprenez-en davantage sur la NABP<\/a>.&nbsp;<\/p>\n\n\n\n<div style=\"height:25px\" aria-hidden=\"true\" class=\"wp-block-spacer\"><\/div>\n\n\n\n<div class=\"wp-block-cover alignfull is-light\"><span aria-hidden=\"true\" class=\"wp-block-cover__background has-custom-1-background-color has-background-dim-100 has-background-dim\"><\/span><div class=\"wp-block-cover__inner-container is-layout-constrained wp-block-cover-is-layout-constrained\">\n<div class=\"wp-block-columns is-layout-flex wp-container-core-columns-is-layout-9d6595d7 wp-block-columns-is-layout-flex\">\n<div class=\"wp-block-column is-vertically-aligned-center is-layout-flow wp-block-column-is-layout-flow\">\n<div style=\"height:25px\" aria-hidden=\"true\" class=\"wp-block-spacer\"><\/div>\n\n\n\n<figure class=\"wp-block-image size-full is-style-rounded is-style-rounded--1\"><img loading=\"lazy\" decoding=\"async\" width=\"2560\" height=\"1709\" src=\"https:\/\/safe.pharmacy\/wp-content\/uploads\/2024\/01\/Pharmacist-Patient-Care-1-scaled.jpg\" alt=\"Pharmacist talking to a patient. \" class=\"wp-image-4493\" srcset=\"https:\/\/safe.pharmacy\/wp-content\/uploads\/2024\/01\/Pharmacist-Patient-Care-1-scaled.jpg 2560w, https:\/\/safe.pharmacy\/wp-content\/uploads\/2024\/01\/Pharmacist-Patient-Care-1-300x200.jpg 300w, https:\/\/safe.pharmacy\/wp-content\/uploads\/2024\/01\/Pharmacist-Patient-Care-1-1024x683.jpg 1024w, https:\/\/safe.pharmacy\/wp-content\/uploads\/2024\/01\/Pharmacist-Patient-Care-1-768x513.jpg 768w, https:\/\/safe.pharmacy\/wp-content\/uploads\/2024\/01\/Pharmacist-Patient-Care-1-1536x1025.jpg 1536w, https:\/\/safe.pharmacy\/wp-content\/uploads\/2024\/01\/Pharmacist-Patient-Care-1-2048x1367.jpg 2048w\" sizes=\"auto, (max-width: 2560px) 100vw, 2560px\" \/><\/figure>\n<\/div>\n\n\n\n<div class=\"wp-block-column is-vertically-aligned-center is-layout-flow wp-block-column-is-layout-flow\">\n<h2 class=\"wp-block-heading\">Au sujet de safe.pharmacy<\/h2>\n\n\n\n<p>Nous avons lanc\u00e9 notre initiative Safe Pharmacy en 2010 sur un site Web cr\u00e9\u00e9 pour renseigner le public sur l\u2019innocuit\u00e9 des m\u00e9dicaments dans quatre domaines prioritaires&nbsp;\u2013 l\u2019achat s\u00e9curitaire en ligne, l\u2019usage s\u00e9curitaire de m\u00e9dicaments, la pr\u00e9vention de l\u2019usage abusif et l\u2019\u00e9limination des m\u00e9dicaments. \u00c0 un moment o\u00f9 l\u2019on estime que 8,5&nbsp;millions d\u2019Am\u00e9ricains et d\u2019Am\u00e9ricaines abusent de toutes sortes d\u2019analg\u00e9siques sur ordonnance en 2022, sans compter les antidouleurs en vente libre qui peuvent \u00e9galement faire l\u2019objet d\u2019un usage abusif ou les enfants et les animaux qui ing\u00e8rent par accident des m\u00e9dicaments, il est important que les consommateurs se renseignent sur ces sujets.<\/p>\n\n\n\n<p>Nous cherchons continuellement \u00e0 enrichir notre site Web et nos efforts en mati\u00e8re d\u2019\u00e9ducation, en mettant l\u2019accent sur la &nbsp;pr\u00e9sentation de &nbsp;renseignements \u00e0 des consommateurs comme vous sur des pratiques s\u00fbres li\u00e9es aux m\u00e9dicaments qui ont une incidence sur votre sant\u00e9 et votre s\u00e9curit\u00e9 et sur celles de vos proches.<\/p>\n<\/div>\n<\/div>\n<\/div><\/div>\n\n\n\n<div style=\"height:20px\" aria-hidden=\"true\" class=\"wp-block-spacer\"><\/div>\n\n\n\n<hr class=\"wp-block-separator has-text-color has-custom-1-color has-alpha-channel-opacity has-custom-1-background-color has-background is-style-wide\"\/>\n\n\n\n<div style=\"height:25px\" aria-hidden=\"true\" class=\"wp-block-spacer\"><\/div>\n\n\n\n<h2 class=\"wp-block-heading has-black-color has-text-color\" id=\"your-additional-resources\">Vos ressources suppl\u00e9mentaires<\/h2>\n\n\n\n<p>Le conseil de pharmacie de votre \u00c9tat et votre pharmacien sont des ressources pr\u00e9cieuses pour conna\u00eetre les pratiques s\u00e9curitaires relatives aux m\u00e9dicaments. Trouvez les coordonn\u00e9es des&nbsp;<a href=\"https:\/\/nabp.pharmacy\/about\/boards-of-pharmacy\/\" target=\"_blank\" rel=\"noreferrer noopener\">conseils de pharmacie<\/a>&nbsp;sur le site Web de la NABP.<\/p>\n\n\n\n<div class=\"wp-block-columns is-layout-flex wp-container-core-columns-is-layout-9d6595d7 wp-block-columns-is-layout-flex\">\n<div class=\"wp-block-column is-vertically-aligned-top is-layout-flow wp-block-column-is-layout-flow\" style=\"flex-basis:100px\">\n<div style=\"height:25px\" aria-hidden=\"true\" class=\"wp-block-spacer\"><\/div>\n\n\n\n<figure class=\"wp-block-image aligncenter size-large is-resized\"><img loading=\"lazy\" decoding=\"async\" width=\"102\" height=\"94\" src=\"https:\/\/safe.pharmacy\/wp-content\/uploads\/2024\/01\/ic-HeartHand.svg\" alt=\"Icon of a hand holding a heart.\" class=\"wp-image-4477\" style=\"width:65px;height:auto\"\/><\/figure>\n<\/div>\n\n\n\n<div class=\"wp-block-column is-vertically-aligned-top is-layout-flow wp-block-column-is-layout-flow\" style=\"flex-basis:1000px\">\n<h3 class=\"wp-block-heading\">Le conseil de pharmacie de votre \u00c9tat peut vous aider avec ce qui suit:<\/h3>\n\n\n\n<ul class=\"wp-block-list\">\n<li>D\u00e9terminer la situation relative aux permis d\u2019un pharmacien ou d\u2019une pharmacie et d\u00e9terminer si des mesures disciplinaires ou des proc\u00e9dures judiciaires ont \u00e9t\u00e9 entreprises \u00e0 son \u00e9gard<\/li>\n\n\n\n<li>Offrir une aide en cas d\u2019erreur de m\u00e9dication et d\u2019autres probl\u00e8mes qui surviennent \u00e0 votre pharmacie<\/li>\n\n\n\n<li>Fournir des renseignements pertinents concernant les consommateurs et les patients dans votre \u00c9tat<\/li>\n\n\n\n<li>Comment \u00e9liminer les m\u00e9dicaments de fa\u00e7on s\u00e9curitaire dans votre \u00c9tat<\/li>\n\n\n\n<li>Comment lire les \u00e9tiquettes des m\u00e9dicaments sur ordonnance<\/li>\n<\/ul>\n<\/div>\n<\/div>\n\n\n\n<div class=\"wp-block-columns is-layout-flex wp-container-core-columns-is-layout-9d6595d7 wp-block-columns-is-layout-flex\">\n<div class=\"wp-block-column is-vertically-aligned-top is-layout-flow wp-block-column-is-layout-flow\" style=\"flex-basis:100px\">\n<div style=\"height:25px\" aria-hidden=\"true\" class=\"wp-block-spacer\"><\/div>\n\n\n\n<figure class=\"wp-block-image aligncenter size-large is-resized\"><img loading=\"lazy\" decoding=\"async\" width=\"75\" height=\"98\" src=\"https:\/\/safe.pharmacy\/wp-content\/uploads\/2024\/01\/ic-Pharmacist-1-1.svg\" alt=\"Icon of a female pharmacist.\" class=\"wp-image-4474\" style=\"width:65px;height:auto\"\/><\/figure>\n<\/div>\n\n\n\n<div class=\"wp-block-column is-vertically-aligned-top is-layout-flow wp-block-column-is-layout-flow\" style=\"flex-basis:1000px\">\n<h3 class=\"wp-block-heading\" id=\"votre-pharmacien-peut-vous-aider\">Votre pharmacien peut vous aider:&nbsp;<\/h3>\n\n\n\n<ul class=\"wp-block-list\">\n<li>\u00c0 g\u00e9rer vos m\u00e9dicaments et \u00e0 coordonner les soins avec votre m\u00e9decin<\/li>\n\n\n\n<li>Consommer des opio\u00efdes de fa\u00e7on s\u00e9curitaire en fournissant du contenu \u00e9ducatif aux patients et aux aidants<\/li>\n\n\n\n<li>\u00c9conomiser de l\u2019argent sur les m\u00e9dicaments en offrant des options de r\u00e9duction de co\u00fbts<\/li>\n\n\n\n<li>Vous faire vacciner, y compris contre la grippe<\/li>\n<\/ul>\n<\/div>\n<\/div>\n\n\n\n<div style=\"height:10px\" aria-hidden=\"true\" class=\"wp-block-spacer\"><\/div>\n\n\n\n<div style=\"height:25px\" aria-hidden=\"true\" class=\"wp-block-spacer\"><\/div>\n","protected":false},"excerpt":{"rendered":"<p>\u00c0 Propos National Association of Boards of Pharmacy National Association of Boards of Pharmacy\u00ae (NABP\u00ae) est un organisme \u00e0 but non lucratif qui travaille conjointement avec les conseils de pharmacie d\u2019\u00c9tat pour prot\u00e9ger la sant\u00e9 publique et veiller \u00e0 ce que vous et votre famille obteniez les meilleurs soins pharmaceutiques.&nbsp; Depuis notre fondation il y [&hellip;]<\/p>\n","protected":false},"author":7,"featured_media":4497,"parent":0,"menu_order":0,"comment_status":"closed","ping_status":"closed","template":"","meta":{"_acf_changed":false,"footnotes":""},"class_list":["post-4671","page","type-page","status-publish","has-post-thumbnail","hentry"],"acf":[],"yoast_head":"<!-- This site is optimized with the Yoast SEO plugin v27.3 - https:\/\/yoast.com\/product\/yoast-seo-wordpress\/ -->\n<title>Pharmacie S\u00e9curitaire | S\u00e9curit\u00e9 des m\u00e9dicaments | Prot\u00e9ger la sant\u00e9 publique<\/title>\n<meta name=\"description\" content=\"Ressources pour la s\u00e9curit\u00e9 des m\u00e9dicaments sur ordonnance, trouver des pharmacies en ligne s\u00fbres et parler avec votre pharmacien.\" \/>\n<meta name=\"robots\" content=\"index, follow, max-snippet:-1, max-image-preview:large, max-video-preview:-1\" \/>\n<link rel=\"canonical\" href=\"https:\/\/safe.pharmacy\/fr\/a-propos\/\" \/>\n<meta property=\"og:locale\" content=\"fr_FR\" \/>\n<meta property=\"og:type\" content=\"article\" \/>\n<meta property=\"og:title\" content=\"Pharmacie S\u00e9curitaire | S\u00e9curit\u00e9 des m\u00e9dicaments | Prot\u00e9ger la sant\u00e9 publique\" \/>\n<meta property=\"og:description\" content=\"Ressources pour la s\u00e9curit\u00e9 des m\u00e9dicaments sur ordonnance, trouver des pharmacies en ligne s\u00fbres et parler avec votre pharmacien.\" \/>\n<meta property=\"og:url\" content=\"https:\/\/safe.pharmacy\/fr\/a-propos\/\" \/>\n<meta property=\"og:site_name\" content=\"Safe.Pharmacy\" \/>\n<meta property=\"article:modified_time\" content=\"2025-09-29T20:31:42+00:00\" \/>\n<meta property=\"og:image\" content=\"https:\/\/safe.pharmacy\/wp-content\/uploads\/2024\/01\/iStock-1325914414-scaled.jpg\" \/>\n\t<meta property=\"og:image:width\" content=\"2560\" \/>\n\t<meta property=\"og:image:height\" content=\"1097\" \/>\n\t<meta property=\"og:image:type\" content=\"image\/jpeg\" \/>\n<meta name=\"twitter:card\" content=\"summary_large_image\" \/>\n<meta name=\"twitter:label1\" content=\"Dur\u00e9e de lecture estim\u00e9e\" \/>\n\t<meta name=\"twitter:data1\" content=\"4 minutes\" \/>\n<script type=\"application\/ld+json\" class=\"yoast-schema-graph\">{\"@context\":\"https:\\\/\\\/schema.org\",\"@graph\":[{\"@type\":\"WebPage\",\"@id\":\"https:\\\/\\\/safe.pharmacy\\\/fr\\\/a-propos\\\/\",\"url\":\"https:\\\/\\\/safe.pharmacy\\\/fr\\\/a-propos\\\/\",\"name\":\"Pharmacie S\u00e9curitaire | S\u00e9curit\u00e9 des m\u00e9dicaments | Prot\u00e9ger la sant\u00e9 publique\",\"isPartOf\":{\"@id\":\"https:\\\/\\\/safe.pharmacy\\\/fr\\\/#website\"},\"primaryImageOfPage\":{\"@id\":\"https:\\\/\\\/safe.pharmacy\\\/fr\\\/a-propos\\\/#primaryimage\"},\"image\":{\"@id\":\"https:\\\/\\\/safe.pharmacy\\\/fr\\\/a-propos\\\/#primaryimage\"},\"thumbnailUrl\":\"https:\\\/\\\/safe.pharmacy\\\/wp-content\\\/uploads\\\/2024\\\/01\\\/iStock-1325914414-scaled.jpg\",\"datePublished\":\"2024-01-26T18:09:54+00:00\",\"dateModified\":\"2025-09-29T20:31:42+00:00\",\"description\":\"Ressources pour la s\u00e9curit\u00e9 des m\u00e9dicaments sur ordonnance, trouver des pharmacies en ligne s\u00fbres et parler avec votre pharmacien.\",\"breadcrumb\":{\"@id\":\"https:\\\/\\\/safe.pharmacy\\\/fr\\\/a-propos\\\/#breadcrumb\"},\"inLanguage\":\"fr-FR\",\"potentialAction\":[{\"@type\":\"ReadAction\",\"target\":[\"https:\\\/\\\/safe.pharmacy\\\/fr\\\/a-propos\\\/\"]}]},{\"@type\":\"ImageObject\",\"inLanguage\":\"fr-FR\",\"@id\":\"https:\\\/\\\/safe.pharmacy\\\/fr\\\/a-propos\\\/#primaryimage\",\"url\":\"https:\\\/\\\/safe.pharmacy\\\/wp-content\\\/uploads\\\/2024\\\/01\\\/iStock-1325914414-scaled.jpg\",\"contentUrl\":\"https:\\\/\\\/safe.pharmacy\\\/wp-content\\\/uploads\\\/2024\\\/01\\\/iStock-1325914414-scaled.jpg\",\"width\":2560,\"height\":1097,\"caption\":\"Pharmacy: Professional Specialist Pharmacist Helping Beautiful Senior Female Customer with Medicine Recommendation, Advice, Talking. Drugstore with Full of Drugs, Pills, Health Care, Beauty Products\"},{\"@type\":\"BreadcrumbList\",\"@id\":\"https:\\\/\\\/safe.pharmacy\\\/fr\\\/a-propos\\\/#breadcrumb\",\"itemListElement\":[{\"@type\":\"ListItem\",\"position\":1,\"name\":\"Home\",\"item\":\"https:\\\/\\\/safe.pharmacy\\\/fr\\\/\"},{\"@type\":\"ListItem\",\"position\":2,\"name\":\"\u00c0 Propos\"}]},{\"@type\":\"WebSite\",\"@id\":\"https:\\\/\\\/safe.pharmacy\\\/fr\\\/#website\",\"url\":\"https:\\\/\\\/safe.pharmacy\\\/fr\\\/\",\"name\":\"NABP\",\"description\":\"Your resource for safe pharmacy\",\"publisher\":{\"@id\":\"https:\\\/\\\/safe.pharmacy\\\/fr\\\/#organization\"},\"potentialAction\":[{\"@type\":\"SearchAction\",\"target\":{\"@type\":\"EntryPoint\",\"urlTemplate\":\"https:\\\/\\\/safe.pharmacy\\\/fr\\\/?s={search_term_string}\"},\"query-input\":{\"@type\":\"PropertyValueSpecification\",\"valueRequired\":true,\"valueName\":\"search_term_string\"}}],\"inLanguage\":\"fr-FR\"},{\"@type\":\"Organization\",\"@id\":\"https:\\\/\\\/safe.pharmacy\\\/fr\\\/#organization\",\"name\":\"NABP\",\"url\":\"https:\\\/\\\/safe.pharmacy\\\/fr\\\/\",\"logo\":{\"@type\":\"ImageObject\",\"inLanguage\":\"fr-FR\",\"@id\":\"https:\\\/\\\/safe.pharmacy\\\/fr\\\/#\\\/schema\\\/logo\\\/image\\\/\",\"url\":\"https:\\\/\\\/safe.pharmacy\\\/wp-content\\\/uploads\\\/2023\\\/12\\\/Safe-Pharmacy-Logo.svg\",\"contentUrl\":\"https:\\\/\\\/safe.pharmacy\\\/wp-content\\\/uploads\\\/2023\\\/12\\\/Safe-Pharmacy-Logo.svg\",\"width\":151,\"height\":68,\"caption\":\"NABP\"},\"image\":{\"@id\":\"https:\\\/\\\/safe.pharmacy\\\/fr\\\/#\\\/schema\\\/logo\\\/image\\\/\"}}]}<\/script>\n<!-- \/ Yoast SEO plugin. -->","yoast_head_json":{"title":"Pharmacie S\u00e9curitaire | S\u00e9curit\u00e9 des m\u00e9dicaments | Prot\u00e9ger la sant\u00e9 publique","description":"Ressources pour la s\u00e9curit\u00e9 des m\u00e9dicaments sur ordonnance, trouver des pharmacies en ligne s\u00fbres et parler avec votre pharmacien.","robots":{"index":"index","follow":"follow","max-snippet":"max-snippet:-1","max-image-preview":"max-image-preview:large","max-video-preview":"max-video-preview:-1"},"canonical":"https:\/\/safe.pharmacy\/fr\/a-propos\/","og_locale":"fr_FR","og_type":"article","og_title":"Pharmacie S\u00e9curitaire | S\u00e9curit\u00e9 des m\u00e9dicaments | Prot\u00e9ger la sant\u00e9 publique","og_description":"Ressources pour la s\u00e9curit\u00e9 des m\u00e9dicaments sur ordonnance, trouver des pharmacies en ligne s\u00fbres et parler avec votre pharmacien.","og_url":"https:\/\/safe.pharmacy\/fr\/a-propos\/","og_site_name":"Safe.Pharmacy","article_modified_time":"2025-09-29T20:31:42+00:00","og_image":[{"width":2560,"height":1097,"url":"https:\/\/safe.pharmacy\/wp-content\/uploads\/2024\/01\/iStock-1325914414-scaled.jpg","type":"image\/jpeg"}],"twitter_card":"summary_large_image","twitter_misc":{"Dur\u00e9e de lecture estim\u00e9e":"4 minutes"},"schema":{"@context":"https:\/\/schema.org","@graph":[{"@type":"WebPage","@id":"https:\/\/safe.pharmacy\/fr\/a-propos\/","url":"https:\/\/safe.pharmacy\/fr\/a-propos\/","name":"Pharmacie S\u00e9curitaire | S\u00e9curit\u00e9 des m\u00e9dicaments | Prot\u00e9ger la sant\u00e9 publique","isPartOf":{"@id":"https:\/\/safe.pharmacy\/fr\/#website"},"primaryImageOfPage":{"@id":"https:\/\/safe.pharmacy\/fr\/a-propos\/#primaryimage"},"image":{"@id":"https:\/\/safe.pharmacy\/fr\/a-propos\/#primaryimage"},"thumbnailUrl":"https:\/\/safe.pharmacy\/wp-content\/uploads\/2024\/01\/iStock-1325914414-scaled.jpg","datePublished":"2024-01-26T18:09:54+00:00","dateModified":"2025-09-29T20:31:42+00:00","description":"Ressources pour la s\u00e9curit\u00e9 des m\u00e9dicaments sur ordonnance, trouver des pharmacies en ligne s\u00fbres et parler avec votre pharmacien.","breadcrumb":{"@id":"https:\/\/safe.pharmacy\/fr\/a-propos\/#breadcrumb"},"inLanguage":"fr-FR","potentialAction":[{"@type":"ReadAction","target":["https:\/\/safe.pharmacy\/fr\/a-propos\/"]}]},{"@type":"ImageObject","inLanguage":"fr-FR","@id":"https:\/\/safe.pharmacy\/fr\/a-propos\/#primaryimage","url":"https:\/\/safe.pharmacy\/wp-content\/uploads\/2024\/01\/iStock-1325914414-scaled.jpg","contentUrl":"https:\/\/safe.pharmacy\/wp-content\/uploads\/2024\/01\/iStock-1325914414-scaled.jpg","width":2560,"height":1097,"caption":"Pharmacy: Professional Specialist Pharmacist Helping Beautiful Senior Female Customer with Medicine Recommendation, Advice, Talking. Drugstore with Full of Drugs, Pills, Health Care, Beauty Products"},{"@type":"BreadcrumbList","@id":"https:\/\/safe.pharmacy\/fr\/a-propos\/#breadcrumb","itemListElement":[{"@type":"ListItem","position":1,"name":"Home","item":"https:\/\/safe.pharmacy\/fr\/"},{"@type":"ListItem","position":2,"name":"\u00c0 Propos"}]},{"@type":"WebSite","@id":"https:\/\/safe.pharmacy\/fr\/#website","url":"https:\/\/safe.pharmacy\/fr\/","name":"NABP","description":"Your resource for safe pharmacy","publisher":{"@id":"https:\/\/safe.pharmacy\/fr\/#organization"},"potentialAction":[{"@type":"SearchAction","target":{"@type":"EntryPoint","urlTemplate":"https:\/\/safe.pharmacy\/fr\/?s={search_term_string}"},"query-input":{"@type":"PropertyValueSpecification","valueRequired":true,"valueName":"search_term_string"}}],"inLanguage":"fr-FR"},{"@type":"Organization","@id":"https:\/\/safe.pharmacy\/fr\/#organization","name":"NABP","url":"https:\/\/safe.pharmacy\/fr\/","logo":{"@type":"ImageObject","inLanguage":"fr-FR","@id":"https:\/\/safe.pharmacy\/fr\/#\/schema\/logo\/image\/","url":"https:\/\/safe.pharmacy\/wp-content\/uploads\/2023\/12\/Safe-Pharmacy-Logo.svg","contentUrl":"https:\/\/safe.pharmacy\/wp-content\/uploads\/2023\/12\/Safe-Pharmacy-Logo.svg","width":151,"height":68,"caption":"NABP"},"image":{"@id":"https:\/\/safe.pharmacy\/fr\/#\/schema\/logo\/image\/"}}]}},"_links":{"self":[{"href":"https:\/\/safe.pharmacy\/fr\/wp-json\/wp\/v2\/pages\/4671","targetHints":{"allow":["GET"]}}],"collection":[{"href":"https:\/\/safe.pharmacy\/fr\/wp-json\/wp\/v2\/pages"}],"about":[{"href":"https:\/\/safe.pharmacy\/fr\/wp-json\/wp\/v2\/types\/page"}],"author":[{"embeddable":true,"href":"https:\/\/safe.pharmacy\/fr\/wp-json\/wp\/v2\/users\/7"}],"replies":[{"embeddable":true,"href":"https:\/\/safe.pharmacy\/fr\/wp-json\/wp\/v2\/comments?post=4671"}],"version-history":[{"count":11,"href":"https:\/\/safe.pharmacy\/fr\/wp-json\/wp\/v2\/pages\/4671\/revisions"}],"predecessor-version":[{"id":5683,"href":"https:\/\/safe.pharmacy\/fr\/wp-json\/wp\/v2\/pages\/4671\/revisions\/5683"}],"wp:featuredmedia":[{"embeddable":true,"href":"https:\/\/safe.pharmacy\/fr\/wp-json\/wp\/v2\/media\/4497"}],"wp:attachment":[{"href":"https:\/\/safe.pharmacy\/fr\/wp-json\/wp\/v2\/media?parent=4671"}],"curies":[{"name":"wp","href":"https:\/\/api.w.org\/{rel}","templated":true}]}}