{"id":1663,"date":"2021-05-19T10:19:39","date_gmt":"2021-05-19T15:19:39","guid":{"rendered":"https:\/\/safe.pharmacy\/?page_id=1663"},"modified":"2024-01-31T10:10:31","modified_gmt":"2024-01-31T16:10:31","slug":"signalez-un-site-web-douteux","status":"publish","type":"page","link":"https:\/\/safe.pharmacy\/fr\/signalez-un-site-web-douteux\/","title":{"rendered":"Signalez un site Web douteux"},"content":{"rendered":"\n<div class=\"wp-block-cover alignfull\" style=\"padding-top:var(--wp--preset--spacing--80);padding-bottom:var(--wp--preset--spacing--80)\"><span aria-hidden=\"true\" class=\"wp-block-cover__background has-background-dim-100 has-background-dim has-background-gradient has-nabp-purple-gradient-gradient-background\"><\/span><div class=\"wp-block-cover__inner-container is-layout-constrained wp-block-cover-is-layout-constrained\">\n<div class=\"wp-block-columns is-layout-flex wp-container-core-columns-is-layout-9d6595d7 wp-block-columns-is-layout-flex\">\n<div class=\"wp-block-column is-vertically-aligned-center is-layout-flow wp-block-column-is-layout-flow\">\n<h1 class=\"wp-block-heading\">Signalez un site Web douteux<\/h1>\n<\/div>\n\n\n\n<div class=\"wp-block-column is-vertically-aligned-center is-layout-flow wp-block-column-is-layout-flow\">\n<p>Si vous avez consult\u00e9 un site Web douteux qui n\u2019est pas inscrit sur la liste de sites non recommand\u00e9s, signalez-le ci-dessous.<\/p>\n<\/div>\n<\/div>\n<\/div><\/div>\n\n\n\n<div class=\"wp-block-group alignfull no-padding has-background is-layout-constrained wp-block-group-is-layout-constrained\" style=\"background-color:#f2f2f2\"><div class=\"yoast-breadcrumbs\"><span><span><a href=\"https:\/\/safe.pharmacy\/fr\/\">Home<\/a><\/span> &raquo; <span class=\"breadcrumb_last\" aria-current=\"page\">Signalez un site Web douteux<\/span><\/span><\/div><\/div>\n\n\n<link rel='stylesheet' id='formidable-css' href='https:\/\/safe.pharmacy\/wp-content\/plugins\/formidable\/css\/formidableforms.css?ver=3112152' type='text\/css' media='all' \/>\n<div class=\"frm_forms  with_frm_style frm_style_formidable-style\" id=\"frm_form_4_container\" >\n<form enctype=\"multipart\/form-data\" method=\"post\" class=\"frm-show-form  frm_pro_form \" id=\"form_vousaveztrouvunsitewebdouteuxsignalez-le\" >\n<div class=\"frm_form_fields \">\n<fieldset>\n<legend class=\"frm_screen_reader\">FR Report a Site &#8211; Vous avez trouv\u00e9 un site Web douteux? Signalez-le.<\/legend>\r\n\r\n<div class=\"frm_fields_container\">\n<input type=\"hidden\" name=\"frm_action\" value=\"create\" \/>\n<input type=\"hidden\" name=\"form_id\" value=\"4\" \/>\n<input type=\"hidden\" name=\"frm_hide_fields_4\" id=\"frm_hide_fields_4\" value=\"\" \/>\n<input type=\"hidden\" name=\"form_key\" value=\"vousaveztrouvunsitewebdouteuxsignalez-le\" \/>\n<input type=\"hidden\" name=\"item_meta[0]\" value=\"\" \/>\n<input type=\"hidden\" id=\"frm_submit_entry_4\" name=\"frm_submit_entry_4\" value=\"6404b8b69f\" \/><input type=\"hidden\" name=\"_wp_http_referer\" value=\"\/fr\/wp-json\/wp\/v2\/pages\/1663\" \/><div id=\"frm_field_30_container\" class=\"frm_form_field form-field  frm_required_field frm_top_container\">\r\n    <label for=\"field_tqhsf\" id=\"field_tqhsf_label\" class=\"frm_primary_label\">Nom de la soci\u00e9t\u00e9 ou du promoteur du site (s\u2019il est connu):\r\n        <span class=\"frm_required\">*<\/span>\r\n    <\/label>\r\n    <input  type=\"text\" id=\"field_tqhsf\" name=\"item_meta[30]\" value=\"\"  data-reqmsg=\"Nom de la soci\u00e9t\u00e9 ou du promoteur du site (s\u2019il est connu): cannot be blank.\" aria-required=\"true\" data-invmsg=\"Text is invalid\" aria-invalid=\"false\"   \/>\r\n    \r\n    \r\n<\/div>\n<div id=\"frm_field_32_container\" class=\"frm_form_field form-field  frm_required_field frm_top_container\">\r\n    <label for=\"field_re150\" id=\"field_re150_label\" class=\"frm_primary_label\">Adresse URL du site:\r\n        <span class=\"frm_required\">*<\/span>\r\n    <\/label>\r\n    <input type=\"url\" id=\"field_re150\" name=\"item_meta[32]\" value=\"\"  data-reqmsg=\"Adresse URL du site: cannot be blank.\" aria-required=\"true\" data-invmsg=\"Website\/URL is invalid\" aria-invalid=\"false\"  \/>\r\n    \r\n    \r\n<\/div>\n<div id=\"frm_field_33_container\" class=\"frm_form_field form-field  frm_required_field frm_top_container\">\r\n    <label for=\"field_e42ez\" id=\"field_e42ez_label\" class=\"frm_primary_label\">Date \u00e0 laquelle vous avez d\u00e9couvert le site:\r\n        <span class=\"frm_required\">*<\/span>\r\n    <\/label>\r\n    <input  type=\"text\" id=\"field_e42ez\" name=\"item_meta[33]\" value=\"\"  data-reqmsg=\"Date \u00e0 laquelle vous avez d\u00e9couvert le site: cannot be blank.\" aria-required=\"true\" data-invmsg=\"Text is invalid\" aria-invalid=\"false\"   \/>\r\n    \r\n    \r\n<\/div>\n<div id=\"frm_field_34_container\" class=\"frm_form_field form-field  frm_required_field frm_top_container vertical_radio\">\r\n    <div  id=\"field_zmhvd_label\" class=\"frm_primary_label\">Comment avez-vous d\u00e9couvert le site douteux?\r\n        <span class=\"frm_required\">*<\/span>\r\n    <\/div>\r\n    <div class=\"frm_opt_container\" aria-labelledby=\"field_zmhvd_label\" role=\"radiogroup\" aria-required=\"true\">\t\t<div class=\"frm_radio\" id=\"frm_radio_34-0\">\t\t\t<label  for=\"field_zmhvd-0\">\n\t\t\t\t\t<input type=\"radio\" name=\"item_meta[34]\" id=\"field_zmhvd-0\" value=\"Courriel\"\n\t\t data-reqmsg=\"Comment avez-vous d\u00e9couvert le site douteux? cannot be blank.\" data-invmsg=\"Comment avez-vous d\u00e9couvert le site douteux? est non valide\"   \/> Courriel<\/label><\/div>\n\t\t<div class=\"frm_radio\" id=\"frm_radio_34-1\">\t\t\t<label  for=\"field_zmhvd-1\">\n\t\t\t\t\t<input type=\"radio\" name=\"item_meta[34]\" id=\"field_zmhvd-1\" value=\"R\u00e9f\u00e9rence vers le site Web\"\n\t\t data-reqmsg=\"Comment avez-vous d\u00e9couvert le site douteux? cannot be blank.\" data-invmsg=\"Comment avez-vous d\u00e9couvert le site douteux? est non valide\"   \/> R\u00e9f\u00e9rence vers le site Web<\/label><\/div>\n\t\t<div class=\"frm_radio\" id=\"frm_radio_34-2\">\t\t\t<label  for=\"field_zmhvd-2\">\n\t\t\t\t\t<input type=\"radio\" name=\"item_meta[34]\" id=\"field_zmhvd-2\" value=\"Autre\"\n\t\t data-reqmsg=\"Comment avez-vous d\u00e9couvert le site douteux? cannot be blank.\" data-invmsg=\"Comment avez-vous d\u00e9couvert le site douteux? est non valide\"   \/> Autre<\/label><\/div>\n<\/div>\r\n    \r\n    \r\n<\/div>\n<div id=\"frm_field_35_container\" class=\"frm_form_field form-field  frm_required_field frm_top_container\">\r\n    <label for=\"field_fhont\" id=\"field_fhont_label\" class=\"frm_primary_label\">Qu\u2019est-ce qui est douteux sur le site?\r\n        <span class=\"frm_required\">*<\/span>\r\n    <\/label>\r\n    <textarea name=\"item_meta[35]\" id=\"field_fhont\" rows=\"5\"  data-reqmsg=\"Qu\u2019est-ce qui est douteux sur le site? cannot be blank.\" aria-required=\"true\" data-invmsg=\"Qu\u2019est-ce qui est douteux sur le site? est non valide\" aria-invalid=\"false\"  ><\/textarea>\r\n    \r\n    \r\n<\/div>\n<div id=\"frm_field_36_container\" class=\"frm_form_field form-field  frm_top_container\">\r\n    <label for=\"field_sxop3\" id=\"field_sxop3_label\" class=\"frm_primary_label\">Indiquez l\u2019endroit o\u00f9 la soci\u00e9t\u00e9 est situ\u00e9e (s\u2019il est connu)\r\n        <span class=\"frm_required\"><\/span>\r\n    <\/label>\r\n    <input  type=\"text\" id=\"field_sxop3\" name=\"item_meta[36]\" value=\"\"  data-invmsg=\"Text is invalid\" aria-invalid=\"false\"   \/>\r\n    \r\n    \r\n<\/div>\n<div id=\"frm_field_37_container\" class=\"frm_form_field form-field  frm_required_field frm_top_container\">\r\n    <label for=\"field_wtggf\" id=\"field_wtggf_label\" class=\"frm_primary_label\">Votre \u00c9tat de r\u00e9sidence:\r\n        <span class=\"frm_required\">*<\/span>\r\n    <\/label>\r\n    <input  type=\"text\" id=\"field_wtggf\" name=\"item_meta[37]\" value=\"\"  data-reqmsg=\"Votre \u00c9tat de r\u00e9sidence: cannot be blank.\" aria-required=\"true\" data-invmsg=\"Text is invalid\" aria-invalid=\"false\"   \/>\r\n    \r\n    \r\n<\/div>\n<div id=\"frm_field_38_container\" class=\"frm_form_field form-field  frm_required_field frm_top_container\">\r\n    <label for=\"field_jqg8i\" id=\"field_jqg8i_label\" class=\"frm_primary_label\">Est-ce que vous ou une de vos connaissances avez \u00e9t\u00e9 l\u00e9s\u00e9 par les actions des exploitants du site? (Veuillez expliquer)\r\n        <span class=\"frm_required\">*<\/span>\r\n    <\/label>\r\n    <textarea name=\"item_meta[38]\" id=\"field_jqg8i\" rows=\"5\"  data-reqmsg=\"Est-ce que vous ou une de vos connaissances avez \u00e9t\u00e9 l\u00e9s\u00e9 par les actions des exploitants du site? (Veuillez expliquer) cannot be blank.\" aria-required=\"true\" data-invmsg=\"Est-ce que vous ou une de vos connaissances avez \u00e9t\u00e9 l\u00e9s\u00e9 par les actions des exploitants du site? (Veuillez expliquer) est non valide\" aria-invalid=\"false\"  ><\/textarea>\r\n    \r\n    \r\n<\/div>\n<div id=\"frm_field_39_container\" class=\"frm_form_field form-field  frm_required_field frm_top_container vertical_radio\">\r\n    <div  id=\"field_yysgi_label\" class=\"frm_primary_label\">La NABP ou un organisme de r\u00e9glementation peut-il communiquer avec vous pour obtenir de plus amples renseignements ou des pr\u00e9cisions (au besoin)?\r\n        <span class=\"frm_required\">*<\/span>\r\n    <\/div>\r\n    <div class=\"frm_opt_container\" aria-labelledby=\"field_yysgi_label\" role=\"radiogroup\" aria-required=\"true\">\t\t<div class=\"frm_radio\" id=\"frm_radio_39-0\">\t\t\t<label  for=\"field_yysgi-0\">\n\t\t\t\t\t<input type=\"radio\" name=\"item_meta[39]\" id=\"field_yysgi-0\" value=\"Oui\"\n\t\t data-reqmsg=\"La NABP ou un organisme de r\u00e9glementation peut-il communiquer avec vous pour obtenir de plus amples renseignements ou des pr\u00e9cisions (au besoin)? cannot be blank.\" data-invmsg=\"La NABP ou un organisme de r\u00e9glementation peut-il communiquer avec vous pour obtenir de plus amples renseignements ou des pr\u00e9cisions (au besoin)? est non valide\"   \/> Oui<\/label><\/div>\n\t\t<div class=\"frm_radio\" id=\"frm_radio_39-1\">\t\t\t<label  for=\"field_yysgi-1\">\n\t\t\t\t\t<input type=\"radio\" name=\"item_meta[39]\" id=\"field_yysgi-1\" value=\"Non\"\n\t\t data-reqmsg=\"La NABP ou un organisme de r\u00e9glementation peut-il communiquer avec vous pour obtenir de plus amples renseignements ou des pr\u00e9cisions (au besoin)? cannot be blank.\" data-invmsg=\"La NABP ou un organisme de r\u00e9glementation peut-il communiquer avec vous pour obtenir de plus amples renseignements ou des pr\u00e9cisions (au besoin)? est non valide\"   \/> Non<\/label><\/div>\n<\/div>\r\n    \r\n    \r\n<\/div>\n<div id=\"frm_field_40_container\" class=\"frm_form_field frm_section_heading form-field \">\r\n<h3 class=\"frm_pos_top frm_section_spacing\">Coordonn\u00e9es<\/h3>\r\n\r\n\r\n<div id=\"frm_field_42_container\" class=\"frm_form_field form-field  frm_top_container frm_first frm_half\">\r\n    <label for=\"field_ykiru\" id=\"field_ykiru_label\" class=\"frm_primary_label\">Pr\u00e9nom\r\n        <span class=\"frm_required\"><\/span>\r\n    <\/label>\r\n    <input  type=\"text\" id=\"field_ykiru\" name=\"item_meta[42]\" value=\"\"  data-sectionid=\"40\"  data-invmsg=\"Text is invalid\" aria-invalid=\"false\"   \/>\r\n    \r\n    \r\n<\/div>\n<div id=\"frm_field_43_container\" class=\"frm_form_field form-field  frm_top_container frm_half\">\r\n    <label for=\"field_1advk\" id=\"field_1advk_label\" class=\"frm_primary_label\">Nom de famille\r\n        <span class=\"frm_required\"><\/span>\r\n    <\/label>\r\n    <input  type=\"text\" id=\"field_1advk\" name=\"item_meta[43]\" value=\"\"  data-sectionid=\"40\"  data-invmsg=\"Text is invalid\" aria-invalid=\"false\"   \/>\r\n    \r\n    \r\n<\/div>\n<div id=\"frm_field_44_container\" class=\"frm_form_field form-field  frm_top_container\">\r\n    <label for=\"field_qhsaf\" id=\"field_qhsaf_label\" class=\"frm_primary_label\">T\u00e9l\u00e9phone\r\n        <span class=\"frm_required\"><\/span>\r\n    <\/label>\r\n    <input type=\"tel\" id=\"field_qhsaf\" name=\"item_meta[44]\" value=\"\"  data-sectionid=\"40\"  data-invmsg=\"Phone is invalid\" aria-invalid=\"false\" pattern=\"((\\+\\d{1,3}(-|.| )?\\(?\\d\\)?(-| |.)?\\d{1,5})|(\\(?\\d{2,6}\\)?))(-|.| )?(\\d{3,4})(-|.| )?(\\d{4})(( x| ext)\\d{1,5}){0,1}$\"  \/>\r\n    \r\n    \r\n<\/div>\n<div id=\"frm_field_45_container\" class=\"frm_form_field form-field  frm_top_container\">\r\n    <label for=\"field_umfs\" id=\"field_umfs_label\" class=\"frm_primary_label\">Courriel\r\n        <span class=\"frm_required\"><\/span>\r\n    <\/label>\r\n    <input type=\"email\" id=\"field_umfs\" name=\"item_meta[45]\" value=\"\"  data-sectionid=\"40\"  data-invmsg=\"Email is invalid\" aria-invalid=\"false\"   aria-describedby=\"frm_desc_field_umfs\"\/>\r\n    <div class=\"frm_description\" id=\"frm_desc_field_umfs\">Veuillez ne pas oublier d\u2019inscrire votre adresse de courriel afin de recevoir une r\u00e9ponse \u00e9crite \u00e0 vos demandes.<\/div>\r\n    \r\n<\/div>\n<div id=\"frm_field_46_container\" class=\"frm_form_field form-field  frm_top_container\">\r\n    <label for=\"field_41i4z\" id=\"field_41i4z_label\" class=\"frm_primary_label\">Meilleur moment pour communiquer avec vous\r\n        <span class=\"frm_required\"><\/span>\r\n    <\/label>\r\n    \t\t<select name=\"item_meta[46]\" id=\"field_41i4z\"  data-sectionid=\"40\"  data-invmsg=\"Meilleur moment pour communiquer avec vous est non valide\" aria-invalid=\"false\"  >\n\t\t<option  value=\"8 \u00e0 10 h\">8 \u00e0 10 h<\/option><option  value=\"10 h \u00e0 midi\">10 h \u00e0 midi<\/option><option  value=\"Midi \u00e0 14 h\">Midi \u00e0 14 h<\/option><option  value=\"14 \u00e0 16 h\">14 \u00e0 16 h<\/option><option  value=\"Apr\u00e8s 16 h\">Apr\u00e8s 16 h<\/option>\t<\/select>\n\t\r\n    \r\n    \r\n<\/div>\n<\/div>\n<div id=\"frm_field_80_container\" class=\"frm_form_field form-field  frm_none_container\">\r\n    <div  id=\"field_641r0_label\" class=\"frm_primary_label\">reCAPTCHA\r\n        <span class=\"frm_required\"><\/span>\r\n    <\/div>\r\n    <div  id=\"field_641r0\" class=\"frm-g-recaptcha\" data-sitekey=\"6LfDvMQUAAAAADvhc4pwyp2OSazraC5MKXx_s6zt\" data-size=\"normal\" data-theme=\"light\"><\/div>\r\n    \r\n    \r\n<\/div>\n\t<input type=\"hidden\" name=\"item_key\" value=\"\" \/>\n\t\t\t<div id=\"frm_field_118_container\">\n\t\t\t<label for=\"field_px77s\" >\n\t\t\t\tSi vous \u00eates un humain, ne remplissez pas ce champ.\t\t\t<\/label>\n\t\t\t<input  id=\"field_px77s\" type=\"text\" class=\"frm_form_field form-field frm_verify\" name=\"item_meta[118]\" value=\"\"  \/>\n\t\t<\/div>\n\t\t<input name=\"frm_state\" type=\"hidden\" value=\"zbYGDgSlPAGB7DP3XlhX4rmn75Z9w\/mHq0WZ2c9IyscJRwlAlk2ZaiFwLrN7ih0i\" \/><div class=\"frm_submit\">\r\n\r\n<button class=\"frm_button_submit frm_final_submit\" type=\"submit\"   formnovalidate=\"formnovalidate\">Soumettre<\/button>\r\n\r\n<\/div><\/div>\n<\/fieldset>\n<\/div>\n\n<p style=\"display: none !important;\" class=\"akismet-fields-container\" data-prefix=\"ak_\"><label>&#916;<textarea name=\"ak_hp_textarea\" cols=\"45\" rows=\"8\" maxlength=\"100\"><\/textarea><\/label><input type=\"hidden\" id=\"ak_js_1\" name=\"ak_js\" value=\"81\"\/><script>document.getElementById( \"ak_js_1\" ).setAttribute( \"value\", ( new Date() ).getTime() );<\/script><\/p><\/form>\n<\/div>\n","protected":false},"excerpt":{"rendered":"","protected":false},"author":7,"featured_media":0,"parent":0,"menu_order":0,"comment_status":"closed","ping_status":"closed","template":"","meta":{"_acf_changed":false,"footnotes":""},"class_list":["post-1663","page","type-page","status-publish","hentry"],"acf":[],"yoast_head":"<!-- This site is optimized with the Yoast SEO plugin v27.3 - https:\/\/yoast.com\/product\/yoast-seo-wordpress\/ -->\n<title>Site Web securise | Non recommande | Rapport<\/title>\n<meta name=\"description\" content=\"Si un site web que vous avez visite est suspect, mais ne figure pas actuellement sur la list non recommandee, signalez-le\" \/>\n<meta name=\"robots\" content=\"index, follow, max-snippet:-1, max-image-preview:large, max-video-preview:-1\" \/>\n<link rel=\"canonical\" href=\"https:\/\/safe.pharmacy\/fr\/signalez-un-site-web-douteux\/\" \/>\n<meta property=\"og:locale\" content=\"fr_FR\" \/>\n<meta property=\"og:type\" content=\"article\" \/>\n<meta property=\"og:title\" content=\"Site Web securise | Non recommande | Rapport\" \/>\n<meta property=\"og:description\" content=\"Si un site web que vous avez visite est suspect, mais ne figure pas actuellement sur la list non recommandee, signalez-le\" \/>\n<meta property=\"og:url\" content=\"https:\/\/safe.pharmacy\/fr\/signalez-un-site-web-douteux\/\" \/>\n<meta property=\"og:site_name\" content=\"Safe.Pharmacy\" \/>\n<meta property=\"article:modified_time\" content=\"2024-01-31T16:10:31+00:00\" \/>\n<meta name=\"twitter:card\" content=\"summary_large_image\" \/>\n<meta name=\"twitter:label1\" content=\"Dur\u00e9e de lecture estim\u00e9e\" \/>\n\t<meta name=\"twitter:data1\" content=\"1 minute\" \/>\n<script type=\"application\/ld+json\" class=\"yoast-schema-graph\">{\"@context\":\"https:\\\/\\\/schema.org\",\"@graph\":[{\"@type\":\"WebPage\",\"@id\":\"https:\\\/\\\/safe.pharmacy\\\/fr\\\/signalez-un-site-web-douteux\\\/\",\"url\":\"https:\\\/\\\/safe.pharmacy\\\/fr\\\/signalez-un-site-web-douteux\\\/\",\"name\":\"Site Web securise | Non recommande | Rapport\",\"isPartOf\":{\"@id\":\"https:\\\/\\\/safe.pharmacy\\\/fr\\\/#website\"},\"datePublished\":\"2021-05-19T15:19:39+00:00\",\"dateModified\":\"2024-01-31T16:10:31+00:00\",\"description\":\"Si un site web que vous avez visite est suspect, mais ne figure pas actuellement sur la list non recommandee, signalez-le\",\"breadcrumb\":{\"@id\":\"https:\\\/\\\/safe.pharmacy\\\/fr\\\/signalez-un-site-web-douteux\\\/#breadcrumb\"},\"inLanguage\":\"fr-FR\",\"potentialAction\":[{\"@type\":\"ReadAction\",\"target\":[\"https:\\\/\\\/safe.pharmacy\\\/fr\\\/signalez-un-site-web-douteux\\\/\"]}]},{\"@type\":\"BreadcrumbList\",\"@id\":\"https:\\\/\\\/safe.pharmacy\\\/fr\\\/signalez-un-site-web-douteux\\\/#breadcrumb\",\"itemListElement\":[{\"@type\":\"ListItem\",\"position\":1,\"name\":\"Home\",\"item\":\"https:\\\/\\\/safe.pharmacy\\\/fr\\\/\"},{\"@type\":\"ListItem\",\"position\":2,\"name\":\"Signalez un site Web douteux\"}]},{\"@type\":\"WebSite\",\"@id\":\"https:\\\/\\\/safe.pharmacy\\\/fr\\\/#website\",\"url\":\"https:\\\/\\\/safe.pharmacy\\\/fr\\\/\",\"name\":\"NABP\",\"description\":\"Your resource for safe pharmacy\",\"publisher\":{\"@id\":\"https:\\\/\\\/safe.pharmacy\\\/fr\\\/#organization\"},\"potentialAction\":[{\"@type\":\"SearchAction\",\"target\":{\"@type\":\"EntryPoint\",\"urlTemplate\":\"https:\\\/\\\/safe.pharmacy\\\/fr\\\/?s={search_term_string}\"},\"query-input\":{\"@type\":\"PropertyValueSpecification\",\"valueRequired\":true,\"valueName\":\"search_term_string\"}}],\"inLanguage\":\"fr-FR\"},{\"@type\":\"Organization\",\"@id\":\"https:\\\/\\\/safe.pharmacy\\\/fr\\\/#organization\",\"name\":\"NABP\",\"url\":\"https:\\\/\\\/safe.pharmacy\\\/fr\\\/\",\"logo\":{\"@type\":\"ImageObject\",\"inLanguage\":\"fr-FR\",\"@id\":\"https:\\\/\\\/safe.pharmacy\\\/fr\\\/#\\\/schema\\\/logo\\\/image\\\/\",\"url\":\"https:\\\/\\\/safe.pharmacy\\\/wp-content\\\/uploads\\\/2023\\\/12\\\/Safe-Pharmacy-Logo.svg\",\"contentUrl\":\"https:\\\/\\\/safe.pharmacy\\\/wp-content\\\/uploads\\\/2023\\\/12\\\/Safe-Pharmacy-Logo.svg\",\"width\":151,\"height\":68,\"caption\":\"NABP\"},\"image\":{\"@id\":\"https:\\\/\\\/safe.pharmacy\\\/fr\\\/#\\\/schema\\\/logo\\\/image\\\/\"}}]}<\/script>\n<!-- \/ Yoast SEO plugin. -->","yoast_head_json":{"title":"Site Web securise | Non recommande | Rapport","description":"Si un site web que vous avez visite est suspect, mais ne figure pas actuellement sur la list non recommandee, signalez-le","robots":{"index":"index","follow":"follow","max-snippet":"max-snippet:-1","max-image-preview":"max-image-preview:large","max-video-preview":"max-video-preview:-1"},"canonical":"https:\/\/safe.pharmacy\/fr\/signalez-un-site-web-douteux\/","og_locale":"fr_FR","og_type":"article","og_title":"Site Web securise | Non recommande | Rapport","og_description":"Si un site web que vous avez visite est suspect, mais ne figure pas actuellement sur la list non recommandee, signalez-le","og_url":"https:\/\/safe.pharmacy\/fr\/signalez-un-site-web-douteux\/","og_site_name":"Safe.Pharmacy","article_modified_time":"2024-01-31T16:10:31+00:00","twitter_card":"summary_large_image","twitter_misc":{"Dur\u00e9e de lecture estim\u00e9e":"1 minute"},"schema":{"@context":"https:\/\/schema.org","@graph":[{"@type":"WebPage","@id":"https:\/\/safe.pharmacy\/fr\/signalez-un-site-web-douteux\/","url":"https:\/\/safe.pharmacy\/fr\/signalez-un-site-web-douteux\/","name":"Site Web securise | Non recommande | Rapport","isPartOf":{"@id":"https:\/\/safe.pharmacy\/fr\/#website"},"datePublished":"2021-05-19T15:19:39+00:00","dateModified":"2024-01-31T16:10:31+00:00","description":"Si un site web que vous avez visite est suspect, mais ne figure pas actuellement sur la list non recommandee, signalez-le","breadcrumb":{"@id":"https:\/\/safe.pharmacy\/fr\/signalez-un-site-web-douteux\/#breadcrumb"},"inLanguage":"fr-FR","potentialAction":[{"@type":"ReadAction","target":["https:\/\/safe.pharmacy\/fr\/signalez-un-site-web-douteux\/"]}]},{"@type":"BreadcrumbList","@id":"https:\/\/safe.pharmacy\/fr\/signalez-un-site-web-douteux\/#breadcrumb","itemListElement":[{"@type":"ListItem","position":1,"name":"Home","item":"https:\/\/safe.pharmacy\/fr\/"},{"@type":"ListItem","position":2,"name":"Signalez un site Web douteux"}]},{"@type":"WebSite","@id":"https:\/\/safe.pharmacy\/fr\/#website","url":"https:\/\/safe.pharmacy\/fr\/","name":"NABP","description":"Your resource for safe pharmacy","publisher":{"@id":"https:\/\/safe.pharmacy\/fr\/#organization"},"potentialAction":[{"@type":"SearchAction","target":{"@type":"EntryPoint","urlTemplate":"https:\/\/safe.pharmacy\/fr\/?s={search_term_string}"},"query-input":{"@type":"PropertyValueSpecification","valueRequired":true,"valueName":"search_term_string"}}],"inLanguage":"fr-FR"},{"@type":"Organization","@id":"https:\/\/safe.pharmacy\/fr\/#organization","name":"NABP","url":"https:\/\/safe.pharmacy\/fr\/","logo":{"@type":"ImageObject","inLanguage":"fr-FR","@id":"https:\/\/safe.pharmacy\/fr\/#\/schema\/logo\/image\/","url":"https:\/\/safe.pharmacy\/wp-content\/uploads\/2023\/12\/Safe-Pharmacy-Logo.svg","contentUrl":"https:\/\/safe.pharmacy\/wp-content\/uploads\/2023\/12\/Safe-Pharmacy-Logo.svg","width":151,"height":68,"caption":"NABP"},"image":{"@id":"https:\/\/safe.pharmacy\/fr\/#\/schema\/logo\/image\/"}}]}},"_links":{"self":[{"href":"https:\/\/safe.pharmacy\/fr\/wp-json\/wp\/v2\/pages\/1663","targetHints":{"allow":["GET"]}}],"collection":[{"href":"https:\/\/safe.pharmacy\/fr\/wp-json\/wp\/v2\/pages"}],"about":[{"href":"https:\/\/safe.pharmacy\/fr\/wp-json\/wp\/v2\/types\/page"}],"author":[{"embeddable":true,"href":"https:\/\/safe.pharmacy\/fr\/wp-json\/wp\/v2\/users\/7"}],"replies":[{"embeddable":true,"href":"https:\/\/safe.pharmacy\/fr\/wp-json\/wp\/v2\/comments?post=1663"}],"version-history":[{"count":6,"href":"https:\/\/safe.pharmacy\/fr\/wp-json\/wp\/v2\/pages\/1663\/revisions"}],"predecessor-version":[{"id":4780,"href":"https:\/\/safe.pharmacy\/fr\/wp-json\/wp\/v2\/pages\/1663\/revisions\/4780"}],"wp:attachment":[{"href":"https:\/\/safe.pharmacy\/fr\/wp-json\/wp\/v2\/media?parent=1663"}],"curies":[{"name":"wp","href":"https:\/\/api.w.org\/{rel}","templated":true}]}}