{"id":136,"date":"2019-08-16T19:29:55","date_gmt":"2019-08-16T19:29:55","guid":{"rendered":"https:\/\/safe.pharmacy\/?page_id=136"},"modified":"2026-01-16T12:10:33","modified_gmt":"2026-01-16T18:10:33","slug":"home-2","status":"publish","type":"page","link":"https:\/\/safe.pharmacy\/fr\/","title":{"rendered":"Home"},"content":{"rendered":"<div class=\"home-hero\">\n  <div class=\"container\">\n          <div class=\"home-hero-image\" style=\"background-image: url(https:\/\/safe.pharmacy\/wp-content\/uploads\/2024\/01\/Homepage-Hero2.jpg);\">\n\n      <\/div>\n        <div class=\"home-hero-content\">\n      <div class=\"acf-innerblocks-container\">\n\n<h1 class=\"wp-block-heading\">Safe Pharmacy<\/h1>\n\n\n\n<p style=\"font-size:22px\">Prot\u00e9gez-vous et vos proches. Comprenez les pratiques de Safe Pharmacy.<\/p>\n\n\n\n<p>Safe Pharmacy fournit des ressources sur l\u2019innocuit\u00e9 des m\u00e9dicaments, l\u2019usage abusif de m\u00e9dicaments sur ordonnance, l\u2019\u00e9limination des m\u00e9dicaments et l\u2019achat de m\u00e9dicaments en ligne en toute s\u00e9curit\u00e9.<\/p>\n\n<\/div>\n    <\/div>\n  <\/div>\n<\/div>\n\n\n<div class=\"wp-block-columns is-layout-flex wp-container-core-columns-is-layout-9d6595d7 wp-block-columns-is-layout-flex\">\n<div class=\"wp-block-column is-layout-flow wp-block-column-is-layout-flow\"><div class=\"buy-safely\">\n  <h2 class=\"is-style-red-header\"><img decoding=\"async\" src=\"\/wp-content\/themes\/safe24\/public\/img\/buy-safely-icon.svg\" alt=\"Buy Safely Icon\" \/> Faites vos Achats en Toute S\u00e9curit\u00e9<\/h2>\n  <p>Prenez garde aux m\u00e9dicaments sur ordonnance frauduleux et dangereux vendus sur des sites Web ou des plateformes de m\u00e9dias sociaux. Faites une recherche pour d\u00e9terminer si un site Web est s\u00e9curitaire ou non recommand\u00e9\u202f.\r\n\r\n<\/p>\n  <form class=\"vuvl_query\">\n    <label for=\"url\">WEBSITE URL<\/label>\n    <div class=\"url-search-bar\"><input type=\"text\" class=\"vuvl_url\" name=\"url\" placeholder=\"example.com\" value=\"\" \/>\n      <input type=\"submit\" value=\"Submit\" class=\"vuvl_btn\" \/>\n    <\/div>\n  <\/form>\n  <\/div><\/div>\n\n\n\n<div class=\"wp-block-column is-layout-flow wp-block-column-is-layout-flow\"><div class=\"drug-disposal\">\n  <h2 class=\"is-style-red-header\"><img decoding=\"async\" src=\"\/wp-content\/themes\/safe24\/public\/img\/drug-disposal-icon.svg\" alt=\"Buy Safely Icon\" \/> \u00c9limination des M\u00e9dicaments<\/h2>\n  <p class=\"has-text-color\">L\u2019\u00e9limination des m\u00e9dicaments constitue un des moyens d\u2019en pr\u00e9venir l\u2019usage abusif. Faites une recherche \u00e0 l\u2019aide de l\u2019outil de localisation de sites d\u2019\u00e9limination des m\u00e9dicaments pour trouver des bo\u00eetes d\u2019\u00e9limination permanente dans votre r\u00e9gion.<\/p>\n  <form class=\"ddl__form\" acceptCharset=\"UTF-8\" method=\"GET\" name=\"disposal-location-search\" id=\"disposal_location_search\">\n    <label for=\"address\">Location<\/label>\n    <input type=\"hidden\" id=\"lat\" value=\"\" \/>\n    <input type=\"hidden\" id=\"lng\" value=\"\" \/>\n    <input type=\"hidden\" name=\"distance\" id=\"distance\" value=\"10\" \/>\n    <div class=\"address-search-bar\"><input type=\"text\" class=\"address\" id=\"address\" name=\"address\" placeholder=\"Adresse ou code Zip\" value=\"\" \/>\n      <input type=\"submit\" id=\"ddl-search\" value=\"Submit\" class=\"vuvl_btn\" \/>\n    <\/div>\n  <\/form>\n<\/div><\/div>\n<\/div>\n\n\n\n<div style=\"height:20px\" aria-hidden=\"true\" class=\"wp-block-spacer\"><\/div>\n\n\n\n<h2 class=\"wp-block-heading has-text-align-center\" style=\"font-style:normal;font-weight:400\">Protection de la sant\u00e9 publique par la sensibilisation \u00e0 l\u2019innocuit\u00e9 des m\u00e9dicaments<\/h2>\n\n\n\n<div class=\"wp-block-columns is-layout-flex wp-container-core-columns-is-layout-9d6595d7 wp-block-columns-is-layout-flex\">\n<div class=\"wp-block-column is-layout-flow wp-block-column-is-layout-flow\" style=\"flex-basis:25%\"><\/div>\n\n\n\n<div class=\"wp-block-column is-vertically-aligned-center is-layout-flow wp-block-column-is-layout-flow\" style=\"flex-basis:50%\">\n<figure class=\"wp-block-embed aligncenter is-type-video is-provider-youtube wp-block-embed-youtube wp-embed-aspect-16-9 wp-has-aspect-ratio\"><div class=\"wp-block-embed__wrapper\">\n<iframe loading=\"lazy\" title=\"Rogue Online Pharmacies Can Be Deadly\" width=\"500\" height=\"281\" src=\"https:\/\/www.youtube.com\/embed\/mBLGTtRc6PU?feature=oembed\" frameborder=\"0\" allow=\"accelerometer; autoplay; clipboard-write; encrypted-media; gyroscope; picture-in-picture; web-share\" referrerpolicy=\"strict-origin-when-cross-origin\" allowfullscreen><\/iframe>\n<\/div><\/figure>\n<\/div>\n\n\n\n<div class=\"wp-block-column is-layout-flow wp-block-column-is-layout-flow\" style=\"flex-basis:25%\"><\/div>\n<\/div>\n\n\n\n<div class=\"wp-block-columns is-style-iconblock is-layout-flex wp-container-core-columns-is-layout-9d6595d7 wp-block-columns-is-layout-flex\">\n<div class=\"wp-block-column is-layout-flow wp-block-column-is-layout-flow\">\n<figure class=\"wp-block-image size-large\"><img loading=\"lazy\" decoding=\"async\" width=\"102\" height=\"90\" src=\"https:\/\/safe.pharmacy\/wp-content\/uploads\/2024\/01\/ic-caution-purple.svg\" alt=\"Icon of a hazard sign\" class=\"wp-image-4050\"\/><\/figure>\n\n\n\n<p>La NABP a recens\u00e9 plus de 40\u202f000\u202fsites Web qui ne sont pas conformes aux normes de la NABP en mati\u00e8re de s\u00e9curit\u00e9 des patients et d\u2019exercice de la pharmacie ou aux lois en vigueur.<\/p>\n<\/div>\n\n\n\n<div class=\"wp-block-column is-layout-flow wp-block-column-is-layout-flow\">\n<figure class=\"wp-block-image size-large\"><img loading=\"lazy\" decoding=\"async\" width=\"92\" height=\"128\" src=\"https:\/\/safe.pharmacy\/wp-content\/uploads\/2024\/01\/ic-handPill-Purple.svg\" alt=\"Icon of a hand holding a pill\" class=\"wp-image-4059\"\/><\/figure>\n\n\n\n<p>Jusqu\u2019\u00e0 11&nbsp;milliards de dollars de m\u00e9dicaments inutilis\u00e9s sont jet\u00e9s tous les ans.<\/p>\n<\/div>\n\n\n\n<div class=\"wp-block-column is-layout-flow wp-block-column-is-layout-flow\">\n<figure class=\"wp-block-image size-large\"><img loading=\"lazy\" decoding=\"async\" width=\"107\" height=\"94\" src=\"https:\/\/safe.pharmacy\/wp-content\/uploads\/2024\/01\/ic-heart-purple.svg\" alt=\"Icon of a hand holding a floating heart\" class=\"wp-image-4056\"\/><\/figure>\n\n\n\n<p>Pr\u00e8s de 20&nbsp;% des adultes aux \u00c9tats-Unis fournissent des soins de sant\u00e9 d\u2019assistance \u00e0 un proche adulte plus vieux ou \u00e0 un ami.<\/p>\n<\/div>\n\n\n\n<div class=\"wp-block-column is-layout-flow wp-block-column-is-layout-flow\">\n<figure class=\"wp-block-image size-large\"><img loading=\"lazy\" decoding=\"async\" width=\"77\" height=\"81\" src=\"https:\/\/safe.pharmacy\/wp-content\/uploads\/2024\/01\/ic-PillBottle-Purple.svg\" alt=\"Icon of a pill bottle\" class=\"wp-image-4053\"\/><\/figure>\n\n\n\n<p>2.8% des personnes \u00e2g\u00e9es de 12&nbsp;ans et plus ont signal\u00e9 avoir abus\u00e9 d\u2019antidouleurs sur ordonnance au cours des 12&nbsp;derniers mois.<\/p>\n<\/div>\n<\/div>\n\n\n<div class=\"rounded-rectangles rr-left\">\n\n  <div class=\"image-rectangle\" style=\"background-image:url(https:\/\/safe.pharmacy\/wp-content\/uploads\/2024\/03\/BuySafely-HomePage.jpg);\"><\/div>\n  <div class=\"content-rectangle darkbg\" style=\"background-color:#232667;\">\n        <div class=\"acf-innerblocks-container\">\n\n<h2 class=\"wp-block-heading\">Faites vos Achats en Toute S\u00e9curit\u00e9<\/h2>\n\n\n\n<p>V\u00e9rifiez avant d\u2019acheter des m\u00e9dicaments en ligne pour aider \u00e0 prot\u00e9ger vos proches. Recherchez des sites s\u00fbrs et d\u00e9couvrez comment rep\u00e9rer un site non v\u00e9rifi\u00e9.<\/p>\n\n\n\n<div class=\"wp-block-button\"><a class=\"wp-block-button__link wp-element-button\" href=\"https:\/\/safe.pharmacy\/fr\/faites-vos-achats-en-toute-securite\/\">D\u00e9couvrez comment faire vos achats en toute s\u00e9curit\u00e9<\/a><\/div>\n\n\n\n<div class=\"wp-block-columns is-layout-flex wp-container-core-columns-is-layout-9d6595d7 wp-block-columns-is-layout-flex\">\n<div class=\"wp-block-column is-layout-flow wp-block-column-is-layout-flow\">\n<h3 class=\"wp-block-heading\">96 %<\/h3>\n\n\n\n<p>96 % des pharmacies en ligne ill\u00e9gales v\u00e9rifi\u00e9es par la NABP n\u2019exigeaient aucune prescription valide pour vendre des m\u00e9dicaments sur ordonnance seulement.<\/p>\n<\/div>\n\n\n\n<div class=\"wp-block-column is-layout-flow wp-block-column-is-layout-flow\">\n<h3 class=\"wp-block-heading\">75M<\/h3>\n\n\n\n<p>La contrefa\u00e7on de m\u00e9dicaments et la distribution en ligne sont les formes de crime organis\u00e9 les plus importantes, repr\u00e9sentant 75&nbsp;milliards de dollars par ann\u00e9e.<\/p>\n<\/div>\n<\/div>\n\n<\/div>\n\n  <\/div>\n<\/div>\n\n<div class=\"rounded-rectangles rr-right\">\n\n  <div class=\"image-rectangle\" style=\"background-image:url(https:\/\/safe.pharmacy\/wp-content\/uploads\/2024\/01\/DrugDisposal-scaled.jpeg);\"><\/div>\n  <div class=\"content-rectangle darkbg\" style=\"background-color:#65325a;\">\n        <div class=\"acf-innerblocks-container\">\n\n<h2 class=\"wp-block-heading\">\u00c9limination des M\u00e9dicaments<\/h2>\n\n\n\n<p>\u00c9liminez les m\u00e9dicaments inutilis\u00e9s ou superflus \u00e0 des emplacements d\u2019\u00e9limination de m\u00e9dicaments partout au pays pour aider \u00e0 pr\u00e9venir l\u2019empoisonnement et l\u2019abus.<\/p>\n\n\n\n<div class=\"wp-block-button\"><a class=\"wp-block-button__link wp-element-button\" href=\"https:\/\/safe.pharmacy\/fr\/elimination-des-medicaments\/\">D\u00e9couvrez l\u2019\u00e9limination des m\u00e9dicaments<\/a><\/div>\n\n\n\n<div class=\"wp-block-columns is-layout-flex wp-container-core-columns-is-layout-9d6595d7 wp-block-columns-is-layout-flex\">\n<div class=\"wp-block-column is-layout-flow wp-block-column-is-layout-flow\">\n<h3 class=\"wp-block-heading\">66 %<\/h3>\n\n\n\n<p>Plus des 2\/3 des visites \u00e0 l\u2019urgence en raison d\u2019une exposition accidentelle \u00e0 des m\u00e9dicaments concernent des enfants de deux ans et moins.<\/p>\n<\/div>\n\n\n\n<div class=\"wp-block-column is-layout-flow wp-block-column-is-layout-flow\">\n<h3 class=\"wp-block-heading\">43 %<\/h3>\n\n\n\n<p>43&nbsp;% des expositions accidentelles \u00e0 des m\u00e9dicaments chez les enfants mettent en cause des m\u00e9dicaments rang\u00e9s dans des contenants \u00e0 l\u2019\u00e9preuve des enfants.<\/p>\n<\/div>\n<\/div>\n\n<\/div>\n\n  <\/div>\n<\/div>\n\n<div class=\"rounded-rectangles rr-left\">\n\n  <div class=\"image-rectangle\" style=\"background-image:url(https:\/\/safe.pharmacy\/wp-content\/uploads\/2024\/01\/Safe-Use-Landing.jpg);\"><\/div>\n  <div class=\"content-rectangle darkbg\" style=\"background-color:#922269;\">\n        <div class=\"acf-innerblocks-container\">\n\n<h2 class=\"wp-block-heading\">Utilisation S\u00e9curitaire<\/h2>\n\n\n\n<p>Comprenez les lignes directrices pour utiliser des m\u00e9dicaments en toute s\u00e9curit\u00e9, pour vous et vos proches.<\/p>\n\n\n\n<div class=\"wp-block-button\"><a class=\"wp-block-button__link wp-element-button\" href=\"https:\/\/safe.pharmacy\/fr\/utilisation-securitaire\/\">D\u00e9couvrez l\u2019usage s\u00fbr de m\u00e9dicaments<\/a><\/div>\n\n\n\n<div class=\"wp-block-columns is-layout-flex wp-container-core-columns-is-layout-9d6595d7 wp-block-columns-is-layout-flex\">\n<div class=\"wp-block-column is-layout-flow wp-block-column-is-layout-flow\">\n<h3 class=\"wp-block-heading\">10 000<\/h3>\n\n\n\n<p>10&nbsp;000&nbsp;enfants \u00e2g\u00e9s de moins de 18&nbsp;ans se rendent \u00e0 l\u2019urgence tous les ans en raison d\u2019erreurs lors de l\u2019autoadministration de m\u00e9dicaments en vente libre.<\/p>\n<\/div>\n\n\n\n<div class=\"wp-block-column is-layout-flow wp-block-column-is-layout-flow\">\n<h3 class=\"wp-block-heading\">12 %<\/h3>\n\n\n\n<p>La consommation accidentelle d\u2019antidouleurs est la cause de pr\u00e8s de 12&nbsp;% des appels aux centres antipoison aux \u00c9tats-Unis.<\/p>\n<\/div>\n<\/div>\n\n<\/div>\n\n  <\/div>\n<\/div>\n\n<div class=\"rounded-rectangles rr-right\">\n\n  <div class=\"image-rectangle\" style=\"background-image:url(https:\/\/safe.pharmacy\/wp-content\/uploads\/2024\/01\/Misuse-615x580-1.jpg);\"><\/div>\n  <div class=\"content-rectangle darkbg\" style=\"background-color:#588b94;\">\n        <div class=\"acf-innerblocks-container\">\n\n<h2 class=\"wp-block-heading\">Pr\u00e9venir les Abus<\/h2>\n\n\n\n<p>Sachez quoi regarder et faire pour aider \u00e0 pr\u00e9venir l\u2019usage et les surdoses de m\u00e9dicaments.<\/p>\n\n\n\n<div class=\"wp-block-button\"><a class=\"wp-block-button__link wp-element-button\" href=\"https:\/\/safe.pharmacy\/fr\/prevenir-les-abus\/\">Apprenez-en davantage sur l\u2019usage abusif<\/a><\/div>\n\n\n\n<div class=\"wp-block-columns is-layout-flex wp-container-core-columns-is-layout-9d6595d7 wp-block-columns-is-layout-flex\">\n<div class=\"wp-block-column is-layout-flow wp-block-column-is-layout-flow\">\n<h3 class=\"wp-block-heading\">13.8M<\/h3>\n\n\n\n<p>En moyenne, 13.8\u00a0millions d\u2019Am\u00e9ricains et d\u2019Am\u00e9ricaines \u00e2g\u00e9s de 12\u00a0ans et plus abusent de m\u00e9dicaments sur ordonnance tous les ans.<\/p>\n<\/div>\n\n\n\n<div class=\"wp-block-column is-layout-flow wp-block-column-is-layout-flow\">\n<h3 class=\"wp-block-heading\">42.3 %<\/h3>\n\n\n\n<p>42.3% des personnes \u00e2g\u00e9es de 12\u00a0ans et plus qui ont abus\u00e9 d\u2019antidouleurs sur ordonnance les ont obtenus, vol\u00e9s ou achet\u00e9s d\u2019un ami ou d\u2019un parent.<\/p>\n<\/div>\n<\/div>\n\n<\/div>\n\n  <\/div>\n<\/div>\n\n\n<div style=\"height:10px\" aria-hidden=\"true\" class=\"wp-block-spacer\"><\/div>\n\n\n\n<div style=\"height:10px\" aria-hidden=\"true\" class=\"wp-block-spacer\"><\/div>\n","protected":false},"excerpt":{"rendered":"<p>Protection de la sant\u00e9 publique par la sensibilisation \u00e0 l\u2019innocuit\u00e9 des m\u00e9dicaments La NABP a recens\u00e9 plus de 40\u202f000\u202fsites Web qui ne sont pas conformes aux normes de la NABP en mati\u00e8re de s\u00e9curit\u00e9 des patients et d\u2019exercice de la pharmacie ou aux lois en vigueur. Jusqu\u2019\u00e0 11&nbsp;milliards de dollars de m\u00e9dicaments inutilis\u00e9s sont jet\u00e9s [&hellip;]<\/p>\n","protected":false},"author":1,"featured_media":3887,"parent":0,"menu_order":0,"comment_status":"closed","ping_status":"closed","template":"","meta":{"_acf_changed":false,"footnotes":""},"class_list":["post-136","page","type-page","status-publish","has-post-thumbnail","hentry"],"acf":[],"yoast_head":"<!-- This site is optimized with the Yoast SEO plugin v27.3 - https:\/\/yoast.com\/product\/yoast-seo-wordpress\/ -->\n<title>Pharmacie S\u00e9curitaire | National Association of Boards of Pharmacy<\/title>\n<meta name=\"description\" content=\"Apprendre \u00e0 trouver une pharmacie s\u00e9curitaire, o\u00f9 jeter les m\u00e9dicaments sur ordonnance et comment v\u00e9rifier vos m\u00e9dicaments avant d&#039;acheter.\" \/>\n<meta name=\"robots\" content=\"index, follow, max-snippet:-1, max-image-preview:large, max-video-preview:-1\" \/>\n<link rel=\"canonical\" href=\"https:\/\/safe.pharmacy\/fr\/\" \/>\n<meta property=\"og:locale\" content=\"fr_FR\" \/>\n<meta property=\"og:type\" content=\"article\" \/>\n<meta property=\"og:title\" content=\"Pharmacie S\u00e9curitaire | National Association of Boards of Pharmacy\" \/>\n<meta property=\"og:description\" content=\"Apprendre \u00e0 trouver une pharmacie s\u00e9curitaire, o\u00f9 jeter les m\u00e9dicaments sur ordonnance et comment v\u00e9rifier vos m\u00e9dicaments avant d&#039;acheter.\" \/>\n<meta property=\"og:url\" content=\"https:\/\/safe.pharmacy\/fr\/\" \/>\n<meta property=\"og:site_name\" content=\"Safe.Pharmacy\" \/>\n<meta property=\"article:modified_time\" content=\"2026-01-16T18:10:33+00:00\" \/>\n<meta property=\"og:image\" content=\"https:\/\/safe.pharmacy\/wp-content\/uploads\/2024\/01\/Homepage-Hero2.jpg\" \/>\n\t<meta property=\"og:image:width\" content=\"1065\" \/>\n\t<meta property=\"og:image:height\" content=\"655\" \/>\n\t<meta property=\"og:image:type\" content=\"image\/jpeg\" \/>\n<meta name=\"twitter:card\" content=\"summary_large_image\" \/>\n<meta name=\"twitter:label1\" content=\"Dur\u00e9e de lecture estim\u00e9e\" \/>\n\t<meta name=\"twitter:data1\" content=\"4 minutes\" \/>\n<script type=\"application\/ld+json\" class=\"yoast-schema-graph\">{\"@context\":\"https:\\\/\\\/schema.org\",\"@graph\":[{\"@type\":\"WebPage\",\"@id\":\"https:\\\/\\\/safe.pharmacy\\\/fr\\\/\",\"url\":\"https:\\\/\\\/safe.pharmacy\\\/fr\\\/\",\"name\":\"Pharmacie S\u00e9curitaire | National Association of Boards of Pharmacy\",\"isPartOf\":{\"@id\":\"https:\\\/\\\/safe.pharmacy\\\/fr\\\/#website\"},\"primaryImageOfPage\":{\"@id\":\"https:\\\/\\\/safe.pharmacy\\\/fr\\\/#primaryimage\"},\"image\":{\"@id\":\"https:\\\/\\\/safe.pharmacy\\\/fr\\\/#primaryimage\"},\"thumbnailUrl\":\"https:\\\/\\\/safe.pharmacy\\\/wp-content\\\/uploads\\\/2024\\\/01\\\/Homepage-Hero2.jpg\",\"datePublished\":\"2019-08-16T19:29:55+00:00\",\"dateModified\":\"2026-01-16T18:10:33+00:00\",\"description\":\"Apprendre \u00e0 trouver une pharmacie s\u00e9curitaire, o\u00f9 jeter les m\u00e9dicaments sur ordonnance et comment v\u00e9rifier vos m\u00e9dicaments avant d'acheter.\",\"breadcrumb\":{\"@id\":\"https:\\\/\\\/safe.pharmacy\\\/fr\\\/#breadcrumb\"},\"inLanguage\":\"fr-FR\",\"potentialAction\":[{\"@type\":\"ReadAction\",\"target\":[\"https:\\\/\\\/safe.pharmacy\\\/fr\\\/\"]}]},{\"@type\":\"ImageObject\",\"inLanguage\":\"fr-FR\",\"@id\":\"https:\\\/\\\/safe.pharmacy\\\/fr\\\/#primaryimage\",\"url\":\"https:\\\/\\\/safe.pharmacy\\\/wp-content\\\/uploads\\\/2024\\\/01\\\/Homepage-Hero2.jpg\",\"contentUrl\":\"https:\\\/\\\/safe.pharmacy\\\/wp-content\\\/uploads\\\/2024\\\/01\\\/Homepage-Hero2.jpg\",\"width\":1065,\"height\":655,\"caption\":\"Women searching for medication\"},{\"@type\":\"BreadcrumbList\",\"@id\":\"https:\\\/\\\/safe.pharmacy\\\/fr\\\/#breadcrumb\",\"itemListElement\":[{\"@type\":\"ListItem\",\"position\":1,\"name\":\"Home\",\"item\":\"https:\\\/\\\/safe.pharmacy\\\/fr\\\/\"},{\"@type\":\"ListItem\",\"position\":2,\"name\":\"Home\"}]},{\"@type\":\"WebSite\",\"@id\":\"https:\\\/\\\/safe.pharmacy\\\/fr\\\/#website\",\"url\":\"https:\\\/\\\/safe.pharmacy\\\/fr\\\/\",\"name\":\"NABP\",\"description\":\"Your resource for safe pharmacy\",\"publisher\":{\"@id\":\"https:\\\/\\\/safe.pharmacy\\\/fr\\\/#organization\"},\"potentialAction\":[{\"@type\":\"SearchAction\",\"target\":{\"@type\":\"EntryPoint\",\"urlTemplate\":\"https:\\\/\\\/safe.pharmacy\\\/fr\\\/?s={search_term_string}\"},\"query-input\":{\"@type\":\"PropertyValueSpecification\",\"valueRequired\":true,\"valueName\":\"search_term_string\"}}],\"inLanguage\":\"fr-FR\"},{\"@type\":\"Organization\",\"@id\":\"https:\\\/\\\/safe.pharmacy\\\/fr\\\/#organization\",\"name\":\"NABP\",\"url\":\"https:\\\/\\\/safe.pharmacy\\\/fr\\\/\",\"logo\":{\"@type\":\"ImageObject\",\"inLanguage\":\"fr-FR\",\"@id\":\"https:\\\/\\\/safe.pharmacy\\\/fr\\\/#\\\/schema\\\/logo\\\/image\\\/\",\"url\":\"https:\\\/\\\/safe.pharmacy\\\/wp-content\\\/uploads\\\/2023\\\/12\\\/Safe-Pharmacy-Logo.svg\",\"contentUrl\":\"https:\\\/\\\/safe.pharmacy\\\/wp-content\\\/uploads\\\/2023\\\/12\\\/Safe-Pharmacy-Logo.svg\",\"width\":151,\"height\":68,\"caption\":\"NABP\"},\"image\":{\"@id\":\"https:\\\/\\\/safe.pharmacy\\\/fr\\\/#\\\/schema\\\/logo\\\/image\\\/\"}}]}<\/script>\n<!-- \/ Yoast SEO plugin. -->","yoast_head_json":{"title":"Pharmacie S\u00e9curitaire | National Association of Boards of Pharmacy","description":"Apprendre \u00e0 trouver une pharmacie s\u00e9curitaire, o\u00f9 jeter les m\u00e9dicaments sur ordonnance et comment v\u00e9rifier vos m\u00e9dicaments avant d'acheter.","robots":{"index":"index","follow":"follow","max-snippet":"max-snippet:-1","max-image-preview":"max-image-preview:large","max-video-preview":"max-video-preview:-1"},"canonical":"https:\/\/safe.pharmacy\/fr\/","og_locale":"fr_FR","og_type":"article","og_title":"Pharmacie S\u00e9curitaire | National Association of Boards of Pharmacy","og_description":"Apprendre \u00e0 trouver une pharmacie s\u00e9curitaire, o\u00f9 jeter les m\u00e9dicaments sur ordonnance et comment v\u00e9rifier vos m\u00e9dicaments avant d'acheter.","og_url":"https:\/\/safe.pharmacy\/fr\/","og_site_name":"Safe.Pharmacy","article_modified_time":"2026-01-16T18:10:33+00:00","og_image":[{"width":1065,"height":655,"url":"https:\/\/safe.pharmacy\/wp-content\/uploads\/2024\/01\/Homepage-Hero2.jpg","type":"image\/jpeg"}],"twitter_card":"summary_large_image","twitter_misc":{"Dur\u00e9e de lecture estim\u00e9e":"4 minutes"},"schema":{"@context":"https:\/\/schema.org","@graph":[{"@type":"WebPage","@id":"https:\/\/safe.pharmacy\/fr\/","url":"https:\/\/safe.pharmacy\/fr\/","name":"Pharmacie S\u00e9curitaire | National Association of Boards of Pharmacy","isPartOf":{"@id":"https:\/\/safe.pharmacy\/fr\/#website"},"primaryImageOfPage":{"@id":"https:\/\/safe.pharmacy\/fr\/#primaryimage"},"image":{"@id":"https:\/\/safe.pharmacy\/fr\/#primaryimage"},"thumbnailUrl":"https:\/\/safe.pharmacy\/wp-content\/uploads\/2024\/01\/Homepage-Hero2.jpg","datePublished":"2019-08-16T19:29:55+00:00","dateModified":"2026-01-16T18:10:33+00:00","description":"Apprendre \u00e0 trouver une pharmacie s\u00e9curitaire, o\u00f9 jeter les m\u00e9dicaments sur ordonnance et comment v\u00e9rifier vos m\u00e9dicaments avant d'acheter.","breadcrumb":{"@id":"https:\/\/safe.pharmacy\/fr\/#breadcrumb"},"inLanguage":"fr-FR","potentialAction":[{"@type":"ReadAction","target":["https:\/\/safe.pharmacy\/fr\/"]}]},{"@type":"ImageObject","inLanguage":"fr-FR","@id":"https:\/\/safe.pharmacy\/fr\/#primaryimage","url":"https:\/\/safe.pharmacy\/wp-content\/uploads\/2024\/01\/Homepage-Hero2.jpg","contentUrl":"https:\/\/safe.pharmacy\/wp-content\/uploads\/2024\/01\/Homepage-Hero2.jpg","width":1065,"height":655,"caption":"Women searching for medication"},{"@type":"BreadcrumbList","@id":"https:\/\/safe.pharmacy\/fr\/#breadcrumb","itemListElement":[{"@type":"ListItem","position":1,"name":"Home","item":"https:\/\/safe.pharmacy\/fr\/"},{"@type":"ListItem","position":2,"name":"Home"}]},{"@type":"WebSite","@id":"https:\/\/safe.pharmacy\/fr\/#website","url":"https:\/\/safe.pharmacy\/fr\/","name":"NABP","description":"Your resource for safe pharmacy","publisher":{"@id":"https:\/\/safe.pharmacy\/fr\/#organization"},"potentialAction":[{"@type":"SearchAction","target":{"@type":"EntryPoint","urlTemplate":"https:\/\/safe.pharmacy\/fr\/?s={search_term_string}"},"query-input":{"@type":"PropertyValueSpecification","valueRequired":true,"valueName":"search_term_string"}}],"inLanguage":"fr-FR"},{"@type":"Organization","@id":"https:\/\/safe.pharmacy\/fr\/#organization","name":"NABP","url":"https:\/\/safe.pharmacy\/fr\/","logo":{"@type":"ImageObject","inLanguage":"fr-FR","@id":"https:\/\/safe.pharmacy\/fr\/#\/schema\/logo\/image\/","url":"https:\/\/safe.pharmacy\/wp-content\/uploads\/2023\/12\/Safe-Pharmacy-Logo.svg","contentUrl":"https:\/\/safe.pharmacy\/wp-content\/uploads\/2023\/12\/Safe-Pharmacy-Logo.svg","width":151,"height":68,"caption":"NABP"},"image":{"@id":"https:\/\/safe.pharmacy\/fr\/#\/schema\/logo\/image\/"}}]}},"_links":{"self":[{"href":"https:\/\/safe.pharmacy\/fr\/wp-json\/wp\/v2\/pages\/136","targetHints":{"allow":["GET"]}}],"collection":[{"href":"https:\/\/safe.pharmacy\/fr\/wp-json\/wp\/v2\/pages"}],"about":[{"href":"https:\/\/safe.pharmacy\/fr\/wp-json\/wp\/v2\/types\/page"}],"author":[{"embeddable":true,"href":"https:\/\/safe.pharmacy\/fr\/wp-json\/wp\/v2\/users\/1"}],"replies":[{"embeddable":true,"href":"https:\/\/safe.pharmacy\/fr\/wp-json\/wp\/v2\/comments?post=136"}],"version-history":[{"count":32,"href":"https:\/\/safe.pharmacy\/fr\/wp-json\/wp\/v2\/pages\/136\/revisions"}],"predecessor-version":[{"id":5907,"href":"https:\/\/safe.pharmacy\/fr\/wp-json\/wp\/v2\/pages\/136\/revisions\/5907"}],"wp:featuredmedia":[{"embeddable":true,"href":"https:\/\/safe.pharmacy\/fr\/wp-json\/wp\/v2\/media\/3887"}],"wp:attachment":[{"href":"https:\/\/safe.pharmacy\/fr\/wp-json\/wp\/v2\/media?parent=136"}],"curies":[{"name":"wp","href":"https:\/\/api.w.org\/{rel}","templated":true}]}}