{"id":667,"date":"2019-07-17T20:40:46","date_gmt":"2019-07-17T20:40:46","guid":{"rendered":"https:\/\/safe.pharmacy\/desecho-de-medicamentos\/results\/"},"modified":"2024-02-29T15:54:00","modified_gmt":"2024-02-29T21:54:00","slug":"results","status":"publish","type":"page","link":"https:\/\/safe.pharmacy\/es\/desecho-de-medicamentos\/results\/","title":{"rendered":"Results"},"content":{"rendered":"\n<div class=\"wp-block-cover alignfull is-light has-custom-content-position is-position-top-center subpage-style has-black-color has-text-color has-link-color wp-elements-d8af0dccae2bf05401ee8bf652f306d5\" style=\"padding-top:0;padding-right:0px;padding-bottom:0;padding-left:0px;min-height:688px;aspect-ratio:unset;\"><span aria-hidden=\"true\" class=\"wp-block-cover__background has-background-dim-0 has-background-dim\"><\/span><img loading=\"lazy\" decoding=\"async\" width=\"1510\" height=\"655\" class=\"wp-block-cover__image-background wp-image-4099\" alt=\"\" src=\"https:\/\/safe.pharmacy\/wp-content\/uploads\/2024\/01\/Drug-Disposal-Landing.jpg\" data-object-fit=\"cover\" srcset=\"https:\/\/safe.pharmacy\/wp-content\/uploads\/2024\/01\/Drug-Disposal-Landing.jpg 1510w, https:\/\/safe.pharmacy\/wp-content\/uploads\/2024\/01\/Drug-Disposal-Landing-300x130.jpg 300w, https:\/\/safe.pharmacy\/wp-content\/uploads\/2024\/01\/Drug-Disposal-Landing-1024x444.jpg 1024w, https:\/\/safe.pharmacy\/wp-content\/uploads\/2024\/01\/Drug-Disposal-Landing-768x333.jpg 768w\" sizes=\"auto, (max-width: 1510px) 100vw, 1510px\" \/><div class=\"wp-block-cover__inner-container is-layout-constrained wp-container-core-cover-is-layout-86aebc78 wp-block-cover-is-layout-constrained\">\n<div class=\"wp-block-columns is-layout-flex wp-container-core-columns-is-layout-9d6595d7 wp-block-columns-is-layout-flex\">\n<div class=\"wp-block-column is-vertically-aligned-center is-layout-flow wp-block-column-is-layout-flow\">\n<h1 class=\"wp-block-heading is-style-black-with-blur\">Desechar de manera segura: Ayude a prevenir el envenenamiento, el uso indebido y las sobredosis.<\/h1>\n<\/div>\n\n\n\n<div class=\"wp-block-column is-layout-flow wp-block-column-is-layout-flow\"><div class=\"drug-disposal\">\n  <h2 class=\"is-style-red-header\"><img decoding=\"async\" src=\"\/wp-content\/themes\/safe24\/public\/img\/drug-disposal-icon.svg\" alt=\"Buy Safely Icon\" \/> Desecho de Medicamentos<\/h2>\n  <p class=\"has-text-color\">Desechar los medicamentos de manera segura es una forma de prevenir el uso indebido. Busque en la Herramienta de localizaci\u00f3n de desecho de medicamentos las cajas permanentes de eliminaci\u00f3n de medicamentos de su \u00e1rea.<\/p>\n  <form class=\"ddl__form\" acceptCharset=\"UTF-8\" method=\"GET\" name=\"disposal-location-search\" id=\"disposal_location_search\">\n    <label for=\"address\">Ubicaci\u00f3n<\/label>\n    <input type=\"hidden\" id=\"lat\" value=\"\" \/>\n    <input type=\"hidden\" id=\"lng\" value=\"\" \/>\n    <input type=\"hidden\" name=\"distance\" id=\"distance\" value=\"10\" \/>\n    <div class=\"address-search-bar\"><input type=\"text\" class=\"address\" id=\"address\" name=\"address\" placeholder=\"Direcci\u00f3n o c\u00f3digo postal\" value=\"\" \/>\n      <input type=\"submit\" id=\"ddl-search\" value=\"Submit\" class=\"vuvl_btn\" \/>\n    <\/div>\n  <\/form>\n<\/div><\/div>\n<\/div>\n<\/div><\/div>\n\n\n\n<div class=\"wp-block-group alignfull no-padding has-background is-layout-constrained wp-block-group-is-layout-constrained\" style=\"background-color:#f2f2f2\"><div class=\"yoast-breadcrumbs\"><span><span><a href=\"https:\/\/safe.pharmacy\/es\/\">Home<\/a><\/span> &raquo; <span><a href=\"https:\/\/safe.pharmacy\/es\/desecho-de-medicamentos\/\">Desecho de Medicamentos<\/a><\/span> &raquo; <span class=\"breadcrumb_last\" aria-current=\"page\">Results<\/span><\/span><\/div><\/div>\n\n\n<div class=\"dd-results\">\n  <div id=\"locations-found\"><\/div>\n  <div id=\"map\"><\/div>\n  <div class=\"map-pagination\"><\/div>\n  <div id=\"ddl-results\"><\/div>\n  <div class=\"map-pagination\"><\/div>\n<\/div>","protected":false},"excerpt":{"rendered":"","protected":false},"author":1,"featured_media":0,"parent":4664,"menu_order":0,"comment_status":"closed","ping_status":"closed","template":"","meta":{"_acf_changed":false,"footnotes":""},"class_list":["post-667","page","type-page","status-publish","hentry"],"acf":[],"yoast_head":"<!-- This site is optimized with the Yoast SEO plugin v27.4 - https:\/\/yoast.com\/product\/yoast-seo-wordpress\/ -->\n<title>Results - Safe.Pharmacy<\/title>\n<meta name=\"robots\" content=\"index, follow, max-snippet:-1, max-image-preview:large, max-video-preview:-1\" \/>\n<link rel=\"canonical\" href=\"https:\/\/safe.pharmacy\/es\/desecho-de-medicamentos\/results\/\" \/>\n<meta property=\"og:locale\" content=\"es_ES\" \/>\n<meta property=\"og:type\" content=\"article\" \/>\n<meta property=\"og:title\" content=\"Results - Safe.Pharmacy\" \/>\n<meta property=\"og:url\" content=\"https:\/\/safe.pharmacy\/es\/desecho-de-medicamentos\/results\/\" \/>\n<meta property=\"og:site_name\" content=\"Safe.Pharmacy\" \/>\n<meta property=\"article:modified_time\" content=\"2024-02-29T21:54:00+00:00\" \/>\n<meta property=\"og:image\" content=\"https:\/\/safe.pharmacy\/wp-content\/uploads\/2024\/01\/Drug-Disposal-Landing.jpg\" \/>\n<meta name=\"twitter:card\" content=\"summary_large_image\" \/>\n<meta name=\"twitter:label1\" content=\"Tiempo de lectura\" \/>\n\t<meta name=\"twitter:data1\" content=\"1 minuto\" \/>\n<script type=\"application\/ld+json\" class=\"yoast-schema-graph\">{\"@context\":\"https:\\\/\\\/schema.org\",\"@graph\":[{\"@type\":\"WebPage\",\"@id\":\"https:\\\/\\\/safe.pharmacy\\\/es\\\/desecho-de-medicamentos\\\/results\\\/\",\"url\":\"https:\\\/\\\/safe.pharmacy\\\/es\\\/desecho-de-medicamentos\\\/results\\\/\",\"name\":\"Results - Safe.Pharmacy\",\"isPartOf\":{\"@id\":\"https:\\\/\\\/safe.pharmacy\\\/es\\\/#website\"},\"primaryImageOfPage\":{\"@id\":\"https:\\\/\\\/safe.pharmacy\\\/es\\\/desecho-de-medicamentos\\\/results\\\/#primaryimage\"},\"image\":{\"@id\":\"https:\\\/\\\/safe.pharmacy\\\/es\\\/desecho-de-medicamentos\\\/results\\\/#primaryimage\"},\"thumbnailUrl\":\"https:\\\/\\\/safe.pharmacy\\\/wp-content\\\/uploads\\\/2024\\\/01\\\/Drug-Disposal-Landing.jpg\",\"datePublished\":\"2019-07-17T20:40:46+00:00\",\"dateModified\":\"2024-02-29T21:54:00+00:00\",\"breadcrumb\":{\"@id\":\"https:\\\/\\\/safe.pharmacy\\\/es\\\/desecho-de-medicamentos\\\/results\\\/#breadcrumb\"},\"inLanguage\":\"es\",\"potentialAction\":[{\"@type\":\"ReadAction\",\"target\":[\"https:\\\/\\\/safe.pharmacy\\\/es\\\/desecho-de-medicamentos\\\/results\\\/\"]}]},{\"@type\":\"ImageObject\",\"inLanguage\":\"es\",\"@id\":\"https:\\\/\\\/safe.pharmacy\\\/es\\\/desecho-de-medicamentos\\\/results\\\/#primaryimage\",\"url\":\"https:\\\/\\\/safe.pharmacy\\\/wp-content\\\/uploads\\\/2024\\\/01\\\/Drug-Disposal-Landing.jpg\",\"contentUrl\":\"https:\\\/\\\/safe.pharmacy\\\/wp-content\\\/uploads\\\/2024\\\/01\\\/Drug-Disposal-Landing.jpg\"},{\"@type\":\"BreadcrumbList\",\"@id\":\"https:\\\/\\\/safe.pharmacy\\\/es\\\/desecho-de-medicamentos\\\/results\\\/#breadcrumb\",\"itemListElement\":[{\"@type\":\"ListItem\",\"position\":1,\"name\":\"Home\",\"item\":\"https:\\\/\\\/safe.pharmacy\\\/es\\\/\"},{\"@type\":\"ListItem\",\"position\":2,\"name\":\"Desecho de Medicamentos\",\"item\":\"https:\\\/\\\/safe.pharmacy\\\/es\\\/desecho-de-medicamentos\\\/\"},{\"@type\":\"ListItem\",\"position\":3,\"name\":\"Results\"}]},{\"@type\":\"WebSite\",\"@id\":\"https:\\\/\\\/safe.pharmacy\\\/es\\\/#website\",\"url\":\"https:\\\/\\\/safe.pharmacy\\\/es\\\/\",\"name\":\"NABP\",\"description\":\"Your resource for safe pharmacy\",\"publisher\":{\"@id\":\"https:\\\/\\\/safe.pharmacy\\\/es\\\/#organization\"},\"potentialAction\":[{\"@type\":\"SearchAction\",\"target\":{\"@type\":\"EntryPoint\",\"urlTemplate\":\"https:\\\/\\\/safe.pharmacy\\\/es\\\/?s={search_term_string}\"},\"query-input\":{\"@type\":\"PropertyValueSpecification\",\"valueRequired\":true,\"valueName\":\"search_term_string\"}}],\"inLanguage\":\"es\"},{\"@type\":\"Organization\",\"@id\":\"https:\\\/\\\/safe.pharmacy\\\/es\\\/#organization\",\"name\":\"NABP\",\"url\":\"https:\\\/\\\/safe.pharmacy\\\/es\\\/\",\"logo\":{\"@type\":\"ImageObject\",\"inLanguage\":\"es\",\"@id\":\"https:\\\/\\\/safe.pharmacy\\\/es\\\/#\\\/schema\\\/logo\\\/image\\\/\",\"url\":\"https:\\\/\\\/safe.pharmacy\\\/wp-content\\\/uploads\\\/2023\\\/12\\\/Safe-Pharmacy-Logo.svg\",\"contentUrl\":\"https:\\\/\\\/safe.pharmacy\\\/wp-content\\\/uploads\\\/2023\\\/12\\\/Safe-Pharmacy-Logo.svg\",\"width\":151,\"height\":68,\"caption\":\"NABP\"},\"image\":{\"@id\":\"https:\\\/\\\/safe.pharmacy\\\/es\\\/#\\\/schema\\\/logo\\\/image\\\/\"}}]}<\/script>\n<!-- \/ Yoast SEO plugin. -->","yoast_head_json":{"title":"Results - Safe.Pharmacy","robots":{"index":"index","follow":"follow","max-snippet":"max-snippet:-1","max-image-preview":"max-image-preview:large","max-video-preview":"max-video-preview:-1"},"canonical":"https:\/\/safe.pharmacy\/es\/desecho-de-medicamentos\/results\/","og_locale":"es_ES","og_type":"article","og_title":"Results - Safe.Pharmacy","og_url":"https:\/\/safe.pharmacy\/es\/desecho-de-medicamentos\/results\/","og_site_name":"Safe.Pharmacy","article_modified_time":"2024-02-29T21:54:00+00:00","og_image":[{"url":"https:\/\/safe.pharmacy\/wp-content\/uploads\/2024\/01\/Drug-Disposal-Landing.jpg","type":"","width":"","height":""}],"twitter_card":"summary_large_image","twitter_misc":{"Tiempo de lectura":"1 minuto"},"schema":{"@context":"https:\/\/schema.org","@graph":[{"@type":"WebPage","@id":"https:\/\/safe.pharmacy\/es\/desecho-de-medicamentos\/results\/","url":"https:\/\/safe.pharmacy\/es\/desecho-de-medicamentos\/results\/","name":"Results - Safe.Pharmacy","isPartOf":{"@id":"https:\/\/safe.pharmacy\/es\/#website"},"primaryImageOfPage":{"@id":"https:\/\/safe.pharmacy\/es\/desecho-de-medicamentos\/results\/#primaryimage"},"image":{"@id":"https:\/\/safe.pharmacy\/es\/desecho-de-medicamentos\/results\/#primaryimage"},"thumbnailUrl":"https:\/\/safe.pharmacy\/wp-content\/uploads\/2024\/01\/Drug-Disposal-Landing.jpg","datePublished":"2019-07-17T20:40:46+00:00","dateModified":"2024-02-29T21:54:00+00:00","breadcrumb":{"@id":"https:\/\/safe.pharmacy\/es\/desecho-de-medicamentos\/results\/#breadcrumb"},"inLanguage":"es","potentialAction":[{"@type":"ReadAction","target":["https:\/\/safe.pharmacy\/es\/desecho-de-medicamentos\/results\/"]}]},{"@type":"ImageObject","inLanguage":"es","@id":"https:\/\/safe.pharmacy\/es\/desecho-de-medicamentos\/results\/#primaryimage","url":"https:\/\/safe.pharmacy\/wp-content\/uploads\/2024\/01\/Drug-Disposal-Landing.jpg","contentUrl":"https:\/\/safe.pharmacy\/wp-content\/uploads\/2024\/01\/Drug-Disposal-Landing.jpg"},{"@type":"BreadcrumbList","@id":"https:\/\/safe.pharmacy\/es\/desecho-de-medicamentos\/results\/#breadcrumb","itemListElement":[{"@type":"ListItem","position":1,"name":"Home","item":"https:\/\/safe.pharmacy\/es\/"},{"@type":"ListItem","position":2,"name":"Desecho de Medicamentos","item":"https:\/\/safe.pharmacy\/es\/desecho-de-medicamentos\/"},{"@type":"ListItem","position":3,"name":"Results"}]},{"@type":"WebSite","@id":"https:\/\/safe.pharmacy\/es\/#website","url":"https:\/\/safe.pharmacy\/es\/","name":"NABP","description":"Your resource for safe pharmacy","publisher":{"@id":"https:\/\/safe.pharmacy\/es\/#organization"},"potentialAction":[{"@type":"SearchAction","target":{"@type":"EntryPoint","urlTemplate":"https:\/\/safe.pharmacy\/es\/?s={search_term_string}"},"query-input":{"@type":"PropertyValueSpecification","valueRequired":true,"valueName":"search_term_string"}}],"inLanguage":"es"},{"@type":"Organization","@id":"https:\/\/safe.pharmacy\/es\/#organization","name":"NABP","url":"https:\/\/safe.pharmacy\/es\/","logo":{"@type":"ImageObject","inLanguage":"es","@id":"https:\/\/safe.pharmacy\/es\/#\/schema\/logo\/image\/","url":"https:\/\/safe.pharmacy\/wp-content\/uploads\/2023\/12\/Safe-Pharmacy-Logo.svg","contentUrl":"https:\/\/safe.pharmacy\/wp-content\/uploads\/2023\/12\/Safe-Pharmacy-Logo.svg","width":151,"height":68,"caption":"NABP"},"image":{"@id":"https:\/\/safe.pharmacy\/es\/#\/schema\/logo\/image\/"}}]}},"_links":{"self":[{"href":"https:\/\/safe.pharmacy\/es\/wp-json\/wp\/v2\/pages\/667","targetHints":{"allow":["GET"]}}],"collection":[{"href":"https:\/\/safe.pharmacy\/es\/wp-json\/wp\/v2\/pages"}],"about":[{"href":"https:\/\/safe.pharmacy\/es\/wp-json\/wp\/v2\/types\/page"}],"author":[{"embeddable":true,"href":"https:\/\/safe.pharmacy\/es\/wp-json\/wp\/v2\/users\/1"}],"replies":[{"embeddable":true,"href":"https:\/\/safe.pharmacy\/es\/wp-json\/wp\/v2\/comments?post=667"}],"version-history":[{"count":11,"href":"https:\/\/safe.pharmacy\/es\/wp-json\/wp\/v2\/pages\/667\/revisions"}],"predecessor-version":[{"id":5097,"href":"https:\/\/safe.pharmacy\/es\/wp-json\/wp\/v2\/pages\/667\/revisions\/5097"}],"up":[{"embeddable":true,"href":"https:\/\/safe.pharmacy\/es\/wp-json\/wp\/v2\/pages\/4664"}],"wp:attachment":[{"href":"https:\/\/safe.pharmacy\/es\/wp-json\/wp\/v2\/media?parent=667"}],"curies":[{"name":"wp","href":"https:\/\/api.w.org\/{rel}","templated":true}]}}