{"id":618,"date":"2019-10-15T17:09:37","date_gmt":"2019-10-15T17:09:37","guid":{"rendered":"https:\/\/safe.pharmacy\/?page_id=618"},"modified":"2024-01-30T14:34:17","modified_gmt":"2024-01-30T20:34:17","slug":"contactenos","status":"publish","type":"page","link":"https:\/\/safe.pharmacy\/es\/contactenos\/","title":{"rendered":"Cont\u00e1ctenos"},"content":{"rendered":"\n<div class=\"wp-block-cover alignfull\" style=\"padding-top:var(--wp--preset--spacing--80);padding-right:0;padding-bottom:var(--wp--preset--spacing--80);padding-left:0\"><span aria-hidden=\"true\" class=\"wp-block-cover__background has-background-dim-100 has-background-dim has-background-gradient has-nabp-purple-gradient-gradient-background\"><\/span><div class=\"wp-block-cover__inner-container is-layout-constrained wp-container-core-cover-is-layout-f3fd0db7 wp-block-cover-is-layout-constrained\">\n<div class=\"wp-block-columns is-layout-flex wp-container-core-columns-is-layout-9d6595d7 wp-block-columns-is-layout-flex\">\n<div class=\"wp-block-column is-vertically-aligned-center is-layout-flow wp-block-column-is-layout-flow\">\n<h1 class=\"wp-block-heading\">Cont\u00e1ctenos<\/h1>\n<\/div>\n\n\n\n<div class=\"wp-block-column is-vertically-aligned-center is-layout-flow wp-block-column-is-layout-flow\">\n<p>Si tiene preguntas o comentarios, cont\u00e1ctenos; nos encantar\u00eda saber de usted. Complete el formulario y nos pondremos en contacto con usted a la brevedad.<\/p>\n<\/div>\n<\/div>\n<\/div><\/div>\n\n\n\n<div class=\"wp-block-group alignfull no-padding has-background is-layout-constrained wp-block-group-is-layout-constrained\" style=\"background-color:#f2f2f2\"><div class=\"yoast-breadcrumbs\"><span><span><a href=\"https:\/\/safe.pharmacy\/es\/\">Home<\/a><\/span> &raquo; <span class=\"breadcrumb_last\" aria-current=\"page\">Cont\u00e1ctenos<\/span><\/span><\/div><\/div>\n\n\n<link rel='stylesheet' id='formidable-css' href='https:\/\/safe.pharmacy\/wp-content\/plugins\/formidable\/css\/formidableforms.css?ver=3112152' type='text\/css' media='all' \/>\n<div class=\"frm_forms  with_frm_style frm_style_formidable-style\" id=\"frm_form_7_container\" >\n<form enctype=\"multipart\/form-data\" method=\"post\" class=\"frm-show-form  frm_pro_form \" id=\"form_contact-form3\" >\n<div class=\"frm_form_fields \">\n<fieldset>\n<legend class=\"frm_screen_reader\">SP Contact Us<\/legend>\r\n\r\n<div class=\"frm_fields_container\">\n<input type=\"hidden\" name=\"frm_action\" value=\"create\" \/>\n<input type=\"hidden\" name=\"form_id\" value=\"7\" \/>\n<input type=\"hidden\" name=\"frm_hide_fields_7\" id=\"frm_hide_fields_7\" value=\"\" \/>\n<input type=\"hidden\" name=\"form_key\" value=\"contact-form3\" \/>\n<input type=\"hidden\" name=\"item_meta[0]\" value=\"\" \/>\n<input type=\"hidden\" id=\"frm_submit_entry_7\" name=\"frm_submit_entry_7\" value=\"868afdd434\" \/><input type=\"hidden\" name=\"_wp_http_referer\" value=\"\/es\/wp-json\/wp\/v2\/pages\/618\" \/><div id=\"frm_field_69_container\" class=\"frm_form_field form-field  frm_required_field frm_top_container frm_first frm_half\">\r\n    <label for=\"field_qh4icy3\" id=\"field_qh4icy3_label\" class=\"frm_primary_label\">Nombre\r\n        <span class=\"frm_required\">*<\/span>\r\n    <\/label>\r\n    <input  type=\"text\" id=\"field_qh4icy3\" name=\"item_meta[69]\" value=\"\"  data-reqmsg=\"Nombre cannot be blank.\" aria-required=\"true\" data-invmsg=\"Name is invalid\" aria-invalid=\"false\"   \/>\r\n    \r\n    \r\n<\/div>\n<div id=\"frm_field_70_container\" class=\"frm_form_field form-field  frm_required_field frm_hidden_container frm_half\">\r\n    <label for=\"field_ocfup13\" id=\"field_ocfup13_label\" class=\"frm_primary_label\">Apellido\r\n        <span class=\"frm_required\">*<\/span>\r\n    <\/label>\r\n    <input  type=\"text\" id=\"field_ocfup13\" name=\"item_meta[70]\" value=\"\"  data-reqmsg=\"Apellido cannot be blank.\" aria-required=\"true\" data-invmsg=\"Last is invalid\" aria-invalid=\"false\"   aria-describedby=\"frm_desc_field_ocfup13\" \/>\r\n    <div class=\"frm_description\" id=\"frm_desc_field_ocfup13\">Apellido<\/div>\r\n    \r\n<\/div>\n<div id=\"frm_field_71_container\" class=\"frm_form_field form-field  frm_required_field frm_top_container frm_full\">\r\n    <label for=\"field_29yf4d3\" id=\"field_29yf4d3_label\" class=\"frm_primary_label\">Correo electr\u00f3nico \r\n        <span class=\"frm_required\">*<\/span>\r\n    <\/label>\r\n    <input type=\"email\" id=\"field_29yf4d3\" name=\"item_meta[71]\" value=\"\"  data-reqmsg=\"Correo electr\u00f3nico  cannot be blank.\" aria-required=\"true\" data-invmsg=\"Please enter a valid email address\" aria-invalid=\"false\"  \/>\r\n    \r\n    \r\n<\/div>\n<div id=\"frm_field_72_container\" class=\"frm_form_field form-field  frm_top_container\">\r\n    <label for=\"field_ddtx73\" id=\"field_ddtx73_label\" class=\"frm_primary_label\">Tel\u00e9fono\r\n        <span class=\"frm_required\"><\/span>\r\n    <\/label>\r\n    <input type=\"tel\" id=\"field_ddtx73\" name=\"item_meta[72]\" value=\"\"  data-invmsg=\"Phone is invalid\" aria-invalid=\"false\" pattern=\"((\\+\\d{1,3}(-|.| )?\\(?\\d\\)?(-| |.)?\\d{1,5})|(\\(?\\d{2,6}\\)?))(-|.| )?(\\d{3,4})(-|.| )?(\\d{4})(( x| ext)\\d{1,5}){0,1}$\"  \/>\r\n    \r\n    \r\n<\/div>\n<div id=\"frm_field_73_container\" class=\"frm_form_field form-field  frm_required_field frm_top_container vertical_radio\">\r\n    <div  id=\"field_568y03_label\" class=\"frm_primary_label\">\u00bfA qu\u00e9 se refiere su consulta? \r\n        <span class=\"frm_required\">*<\/span>\r\n    <\/div>\r\n    <div class=\"frm_opt_container\" aria-labelledby=\"field_568y03_label\" role=\"radiogroup\" aria-required=\"true\">\t\t<div class=\"frm_radio\" id=\"frm_radio_73-0\">\t\t\t<label  for=\"field_568y03-0\">\n\t\t\t\t\t<input type=\"radio\" name=\"item_meta[73]\" id=\"field_568y03-0\" value=\"Me gustar\u00eda enviar ubicaciones a la herramienta de localizaci\u00f3n de eliminaci\u00f3n de medicamentos.\"\n\t\t data-reqmsg=\"\u00bfA qu\u00e9 se refiere su consulta?  cannot be blank.\" data-invmsg=\"\u00bfA qu\u00e9 se refiere su consulta?  no es v\u00e1lido\"   \/> Me gustar\u00eda enviar ubicaciones a la herramienta de localizaci\u00f3n de eliminaci\u00f3n de medicamentos.<\/label><\/div>\n\t\t<div class=\"frm_radio\" id=\"frm_radio_73-1\">\t\t\t<label  for=\"field_568y03-1\">\n\t\t\t\t\t<input type=\"radio\" name=\"item_meta[73]\" id=\"field_568y03-1\" value=\"Tengo una pregunta sobre la compra de medicamentos en l\u00ednea.\"\n\t\t data-reqmsg=\"\u00bfA qu\u00e9 se refiere su consulta?  cannot be blank.\" data-invmsg=\"\u00bfA qu\u00e9 se refiere su consulta?  no es v\u00e1lido\"   \/> Tengo una pregunta sobre la compra de medicamentos en l\u00ednea.<\/label><\/div>\n\t\t<div class=\"frm_radio\" id=\"frm_radio_73-2\">\t\t\t<label  for=\"field_568y03-2\">\n\t\t\t\t\t<input type=\"radio\" name=\"item_meta[73]\" id=\"field_568y03-2\" value=\"Tengo una pregunta o comentario sobre el uso seguro de medicamentos.\"\n\t\t data-reqmsg=\"\u00bfA qu\u00e9 se refiere su consulta?  cannot be blank.\" data-invmsg=\"\u00bfA qu\u00e9 se refiere su consulta?  no es v\u00e1lido\"   \/> Tengo una pregunta o comentario sobre el uso seguro de medicamentos.<\/label><\/div>\n\t\t<div class=\"frm_radio\" id=\"frm_radio_73-3\">\t\t\t<label  for=\"field_568y03-3\">\n\t\t\t\t\t<input type=\"radio\" name=\"item_meta[73]\" id=\"field_568y03-3\" value=\"Otro\"\n\t\t data-reqmsg=\"\u00bfA qu\u00e9 se refiere su consulta?  cannot be blank.\" data-invmsg=\"\u00bfA qu\u00e9 se refiere su consulta?  no es v\u00e1lido\"   \/> Otro<\/label><\/div>\n<\/div>\r\n    \r\n    \r\n<\/div>\n<div id=\"frm_field_74_container\" class=\"frm_form_field form-field  frm_required_field frm_top_container frm_full\">\r\n    <label for=\"field_9jv0r13\" id=\"field_9jv0r13_label\" class=\"frm_primary_label\">Mensaje\r\n        <span class=\"frm_required\">*<\/span>\r\n    <\/label>\r\n    <textarea name=\"item_meta[74]\" id=\"field_9jv0r13\" rows=\"5\"  data-reqmsg=\"Mensaje cannot be blank.\" aria-required=\"true\" data-invmsg=\"Mensaje no es v\u00e1lido\" aria-invalid=\"false\"  ><\/textarea>\r\n    \r\n    \r\n<\/div>\n<div id=\"frm_field_81_container\" class=\"frm_form_field form-field  frm_none_container\">\n    <div  id=\"field_mp44q_label\" class=\"frm_primary_label\">reCAPTCHA\n        <span class=\"frm_required\"><\/span>\n    <\/div>\n    <div  id=\"field_mp44q\" class=\"frm-g-recaptcha\" data-sitekey=\"6LfDvMQUAAAAADvhc4pwyp2OSazraC5MKXx_s6zt\" data-size=\"normal\" data-theme=\"light\"><\/div>\n    \n    \n<\/div>\n<div id=\"frm_field_95_container\" class=\"frm_form_field form-field \">\n\t<div class=\"frm_submit\">\r\n\r\n<button class=\"frm_button_submit frm_final_submit\" type=\"submit\"   formnovalidate=\"formnovalidate\">Enviar<\/button>\r\n\r\n<\/div>\n<\/div>\n\t<input type=\"hidden\" name=\"item_key\" value=\"\" \/>\n\t\t\t<div id=\"frm_field_118_container\">\n\t\t\t<label for=\"field_y14fw\" >\n\t\t\t\tSi eres humano, deja este campo en blanco.\t\t\t<\/label>\n\t\t\t<input  id=\"field_y14fw\" type=\"text\" class=\"frm_form_field form-field frm_verify\" name=\"item_meta[118]\" value=\"\"  \/>\n\t\t<\/div>\n\t\t<input name=\"frm_state\" type=\"hidden\" value=\"zbYGDgSlPAGB7DP3XlhX4oXubXFVEP3HXEwZgdFPbM6aaJzp4oL0ts\/UKmIRw+tC\" \/><\/div>\n<\/fieldset>\n<\/div>\n\n<p style=\"display: none !important;\" class=\"akismet-fields-container\" data-prefix=\"ak_\"><label>&#916;<textarea name=\"ak_hp_textarea\" cols=\"45\" rows=\"8\" maxlength=\"100\"><\/textarea><\/label><input type=\"hidden\" id=\"ak_js_1\" name=\"ak_js\" value=\"89\"\/><script>document.getElementById( \"ak_js_1\" ).setAttribute( \"value\", ( new Date() ).getTime() );<\/script><\/p><\/form>\n<\/div>\n\n","protected":false},"excerpt":{"rendered":"","protected":false},"author":5,"featured_media":0,"parent":0,"menu_order":0,"comment_status":"closed","ping_status":"closed","template":"","meta":{"_acf_changed":false,"footnotes":""},"class_list":["post-618","page","type-page","status-publish","hentry"],"acf":[],"yoast_head":"<!-- This site is optimized with the Yoast SEO plugin v27.3 - https:\/\/yoast.com\/product\/yoast-seo-wordpress\/ -->\n<title>Cont\u00e1ctenos - Safe.Pharmacy<\/title>\n<meta name=\"description\" content=\"Ponte en contacto con la farmacia segura. Pongase en contacto con nosotros para que podamos proporcionar asistencia o mas information sobre nuestros programas y servicios.\" \/>\n<meta name=\"robots\" content=\"index, follow, max-snippet:-1, max-image-preview:large, max-video-preview:-1\" \/>\n<link rel=\"canonical\" href=\"https:\/\/safe.pharmacy\/es\/contactenos\/\" \/>\n<meta property=\"og:locale\" content=\"es_ES\" \/>\n<meta property=\"og:type\" content=\"article\" \/>\n<meta property=\"og:title\" content=\"Cont\u00e1ctenos - Safe.Pharmacy\" \/>\n<meta property=\"og:description\" content=\"Ponte en contacto con la farmacia segura. Pongase en contacto con nosotros para que podamos proporcionar asistencia o mas information sobre nuestros programas y servicios.\" \/>\n<meta property=\"og:url\" content=\"https:\/\/safe.pharmacy\/es\/contactenos\/\" \/>\n<meta property=\"og:site_name\" content=\"Safe.Pharmacy\" \/>\n<meta property=\"article:modified_time\" content=\"2024-01-30T20:34:17+00:00\" \/>\n<meta name=\"twitter:card\" content=\"summary_large_image\" \/>\n<meta name=\"twitter:label1\" content=\"Tiempo de lectura\" \/>\n\t<meta name=\"twitter:data1\" content=\"1 minuto\" \/>\n<script type=\"application\/ld+json\" class=\"yoast-schema-graph\">{\"@context\":\"https:\\\/\\\/schema.org\",\"@graph\":[{\"@type\":\"WebPage\",\"@id\":\"https:\\\/\\\/safe.pharmacy\\\/es\\\/contactenos\\\/\",\"url\":\"https:\\\/\\\/safe.pharmacy\\\/es\\\/contactenos\\\/\",\"name\":\"Cont\u00e1ctenos - Safe.Pharmacy\",\"isPartOf\":{\"@id\":\"https:\\\/\\\/safe.pharmacy\\\/es\\\/#website\"},\"datePublished\":\"2019-10-15T17:09:37+00:00\",\"dateModified\":\"2024-01-30T20:34:17+00:00\",\"description\":\"Ponte en contacto con la farmacia segura. Pongase en contacto con nosotros para que podamos proporcionar asistencia o mas information sobre nuestros programas y servicios.\",\"breadcrumb\":{\"@id\":\"https:\\\/\\\/safe.pharmacy\\\/es\\\/contactenos\\\/#breadcrumb\"},\"inLanguage\":\"es\",\"potentialAction\":[{\"@type\":\"ReadAction\",\"target\":[\"https:\\\/\\\/safe.pharmacy\\\/es\\\/contactenos\\\/\"]}]},{\"@type\":\"BreadcrumbList\",\"@id\":\"https:\\\/\\\/safe.pharmacy\\\/es\\\/contactenos\\\/#breadcrumb\",\"itemListElement\":[{\"@type\":\"ListItem\",\"position\":1,\"name\":\"Home\",\"item\":\"https:\\\/\\\/safe.pharmacy\\\/es\\\/\"},{\"@type\":\"ListItem\",\"position\":2,\"name\":\"Cont\u00e1ctenos\"}]},{\"@type\":\"WebSite\",\"@id\":\"https:\\\/\\\/safe.pharmacy\\\/es\\\/#website\",\"url\":\"https:\\\/\\\/safe.pharmacy\\\/es\\\/\",\"name\":\"NABP\",\"description\":\"Your resource for safe pharmacy\",\"publisher\":{\"@id\":\"https:\\\/\\\/safe.pharmacy\\\/es\\\/#organization\"},\"potentialAction\":[{\"@type\":\"SearchAction\",\"target\":{\"@type\":\"EntryPoint\",\"urlTemplate\":\"https:\\\/\\\/safe.pharmacy\\\/es\\\/?s={search_term_string}\"},\"query-input\":{\"@type\":\"PropertyValueSpecification\",\"valueRequired\":true,\"valueName\":\"search_term_string\"}}],\"inLanguage\":\"es\"},{\"@type\":\"Organization\",\"@id\":\"https:\\\/\\\/safe.pharmacy\\\/es\\\/#organization\",\"name\":\"NABP\",\"url\":\"https:\\\/\\\/safe.pharmacy\\\/es\\\/\",\"logo\":{\"@type\":\"ImageObject\",\"inLanguage\":\"es\",\"@id\":\"https:\\\/\\\/safe.pharmacy\\\/es\\\/#\\\/schema\\\/logo\\\/image\\\/\",\"url\":\"https:\\\/\\\/safe.pharmacy\\\/wp-content\\\/uploads\\\/2023\\\/12\\\/Safe-Pharmacy-Logo.svg\",\"contentUrl\":\"https:\\\/\\\/safe.pharmacy\\\/wp-content\\\/uploads\\\/2023\\\/12\\\/Safe-Pharmacy-Logo.svg\",\"width\":151,\"height\":68,\"caption\":\"NABP\"},\"image\":{\"@id\":\"https:\\\/\\\/safe.pharmacy\\\/es\\\/#\\\/schema\\\/logo\\\/image\\\/\"}}]}<\/script>\n<!-- \/ Yoast SEO plugin. -->","yoast_head_json":{"title":"Cont\u00e1ctenos - Safe.Pharmacy","description":"Ponte en contacto con la farmacia segura. Pongase en contacto con nosotros para que podamos proporcionar asistencia o mas information sobre nuestros programas y servicios.","robots":{"index":"index","follow":"follow","max-snippet":"max-snippet:-1","max-image-preview":"max-image-preview:large","max-video-preview":"max-video-preview:-1"},"canonical":"https:\/\/safe.pharmacy\/es\/contactenos\/","og_locale":"es_ES","og_type":"article","og_title":"Cont\u00e1ctenos - Safe.Pharmacy","og_description":"Ponte en contacto con la farmacia segura. Pongase en contacto con nosotros para que podamos proporcionar asistencia o mas information sobre nuestros programas y servicios.","og_url":"https:\/\/safe.pharmacy\/es\/contactenos\/","og_site_name":"Safe.Pharmacy","article_modified_time":"2024-01-30T20:34:17+00:00","twitter_card":"summary_large_image","twitter_misc":{"Tiempo de lectura":"1 minuto"},"schema":{"@context":"https:\/\/schema.org","@graph":[{"@type":"WebPage","@id":"https:\/\/safe.pharmacy\/es\/contactenos\/","url":"https:\/\/safe.pharmacy\/es\/contactenos\/","name":"Cont\u00e1ctenos - Safe.Pharmacy","isPartOf":{"@id":"https:\/\/safe.pharmacy\/es\/#website"},"datePublished":"2019-10-15T17:09:37+00:00","dateModified":"2024-01-30T20:34:17+00:00","description":"Ponte en contacto con la farmacia segura. Pongase en contacto con nosotros para que podamos proporcionar asistencia o mas information sobre nuestros programas y servicios.","breadcrumb":{"@id":"https:\/\/safe.pharmacy\/es\/contactenos\/#breadcrumb"},"inLanguage":"es","potentialAction":[{"@type":"ReadAction","target":["https:\/\/safe.pharmacy\/es\/contactenos\/"]}]},{"@type":"BreadcrumbList","@id":"https:\/\/safe.pharmacy\/es\/contactenos\/#breadcrumb","itemListElement":[{"@type":"ListItem","position":1,"name":"Home","item":"https:\/\/safe.pharmacy\/es\/"},{"@type":"ListItem","position":2,"name":"Cont\u00e1ctenos"}]},{"@type":"WebSite","@id":"https:\/\/safe.pharmacy\/es\/#website","url":"https:\/\/safe.pharmacy\/es\/","name":"NABP","description":"Your resource for safe pharmacy","publisher":{"@id":"https:\/\/safe.pharmacy\/es\/#organization"},"potentialAction":[{"@type":"SearchAction","target":{"@type":"EntryPoint","urlTemplate":"https:\/\/safe.pharmacy\/es\/?s={search_term_string}"},"query-input":{"@type":"PropertyValueSpecification","valueRequired":true,"valueName":"search_term_string"}}],"inLanguage":"es"},{"@type":"Organization","@id":"https:\/\/safe.pharmacy\/es\/#organization","name":"NABP","url":"https:\/\/safe.pharmacy\/es\/","logo":{"@type":"ImageObject","inLanguage":"es","@id":"https:\/\/safe.pharmacy\/es\/#\/schema\/logo\/image\/","url":"https:\/\/safe.pharmacy\/wp-content\/uploads\/2023\/12\/Safe-Pharmacy-Logo.svg","contentUrl":"https:\/\/safe.pharmacy\/wp-content\/uploads\/2023\/12\/Safe-Pharmacy-Logo.svg","width":151,"height":68,"caption":"NABP"},"image":{"@id":"https:\/\/safe.pharmacy\/es\/#\/schema\/logo\/image\/"}}]}},"_links":{"self":[{"href":"https:\/\/safe.pharmacy\/es\/wp-json\/wp\/v2\/pages\/618","targetHints":{"allow":["GET"]}}],"collection":[{"href":"https:\/\/safe.pharmacy\/es\/wp-json\/wp\/v2\/pages"}],"about":[{"href":"https:\/\/safe.pharmacy\/es\/wp-json\/wp\/v2\/types\/page"}],"author":[{"embeddable":true,"href":"https:\/\/safe.pharmacy\/es\/wp-json\/wp\/v2\/users\/5"}],"replies":[{"embeddable":true,"href":"https:\/\/safe.pharmacy\/es\/wp-json\/wp\/v2\/comments?post=618"}],"version-history":[{"count":8,"href":"https:\/\/safe.pharmacy\/es\/wp-json\/wp\/v2\/pages\/618\/revisions"}],"predecessor-version":[{"id":4783,"href":"https:\/\/safe.pharmacy\/es\/wp-json\/wp\/v2\/pages\/618\/revisions\/4783"}],"wp:attachment":[{"href":"https:\/\/safe.pharmacy\/es\/wp-json\/wp\/v2\/media?parent=618"}],"curies":[{"name":"wp","href":"https:\/\/api.w.org\/{rel}","templated":true}]}}