{"id":595,"date":"2019-10-15T17:10:26","date_gmt":"2019-10-15T17:10:26","guid":{"rendered":"https:\/\/safe.pharmacy\/?page_id=595"},"modified":"2026-01-26T11:30:55","modified_gmt":"2026-01-26T17:30:55","slug":"home","status":"publish","type":"page","link":"https:\/\/safe.pharmacy\/es\/","title":{"rendered":"Home"},"content":{"rendered":"<div class=\"home-hero\">\n  <div class=\"container\">\n          <div class=\"home-hero-image\" style=\"background-image: url(https:\/\/safe.pharmacy\/wp-content\/uploads\/2024\/01\/Homepage-Hero2.jpg);\">\n\n      <\/div>\n        <div class=\"home-hero-content\">\n      <div class=\"acf-innerblocks-container\">\n\n<h1 class=\"wp-block-heading\">Safe Pharmacy<\/h1>\n\n\n\n<p style=\"font-size:22px\">Prot\u00e9jase usted y a sus seres queridos. Comprenda las pr\u00e1cticas de Safe Pharmacy.<\/p>\n\n\n\n<p class=\"has-medium-font-size\">Safe Pharmacy brinda recursos sobre la seguridad de los medicamentos, el uso indebido de medicamentos recetados, la eliminaci\u00f3n de los medicamentos y la compra segura de medicamentos en l\u00ednea.<\/p>\n\n<\/div>\n    <\/div>\n  <\/div>\n<\/div>\n\n\n<div class=\"wp-block-columns is-layout-flex wp-container-core-columns-is-layout-9d6595d7 wp-block-columns-is-layout-flex\">\n<div class=\"wp-block-column is-layout-flow wp-block-column-is-layout-flow\"><div class=\"buy-safely\">\n  <h2 class=\"is-style-red-header\"><img decoding=\"async\" src=\"\/wp-content\/themes\/safe24\/public\/img\/buy-safely-icon.svg\" alt=\"Buy Safely Icon\" \/> Antes de Comprar, Verifique<\/h2>\n  <p>Ten cuidado con los medicamentos recetados fraudulentos e inseguros que se venden en sitios web y plataformas de redes sociales. Haz una b\u00fasqueda de sitios web para ver si son seguros o est\u00e1n en la lista de sitios web no recomendados:\r\n\r\n\r\n\r\n<\/p>\n  <form class=\"vuvl_query\">\n    <label for=\"url\">WEBSITE URL<\/label>\n    <div class=\"url-search-bar\"><input type=\"text\" class=\"vuvl_url\" name=\"url\" placeholder=\"example.com\" value=\"\" \/>\n      <input type=\"submit\" value=\"Submit\" class=\"vuvl_btn\" \/>\n    <\/div>\n  <\/form>\n  <\/div><\/div>\n\n\n\n<div class=\"wp-block-column is-layout-flow wp-block-column-is-layout-flow\"><div class=\"drug-disposal\">\n  <h2 class=\"is-style-red-header\"><img decoding=\"async\" src=\"\/wp-content\/themes\/safe24\/public\/img\/drug-disposal-icon.svg\" alt=\"Buy Safely Icon\" \/> Desecho de Medicamentos<\/h2>\n  <p class=\"has-text-color\">Desechar los medicamentos de manera segura es una forma de prevenir el uso indebido y el abuso. Busque la herramienta de ubicaci\u00f3n de desecho de medicamentos para encontrar las cajas permanentes de desecho de medicamentos en su \u00e1rea.<\/p>\n  <form class=\"ddl__form\" acceptCharset=\"UTF-8\" method=\"GET\" name=\"disposal-location-search\" id=\"disposal_location_search\">\n    <label for=\"address\">Ubicaci\u00f3n<\/label>\n    <input type=\"hidden\" id=\"lat\" value=\"\" \/>\n    <input type=\"hidden\" id=\"lng\" value=\"\" \/>\n    <input type=\"hidden\" name=\"distance\" id=\"distance\" value=\"10\" \/>\n    <div class=\"address-search-bar\"><input type=\"text\" class=\"address\" id=\"address\" name=\"address\" placeholder=\"Direcci\u00f3n o c\u00f3digo postal\" value=\"\" \/>\n      <input type=\"submit\" id=\"ddl-search\" value=\"Submit\" class=\"vuvl_btn\" \/>\n    <\/div>\n  <\/form>\n<\/div><\/div>\n<\/div>\n\n\n\n<div style=\"height:20px\" aria-hidden=\"true\" class=\"wp-block-spacer\"><\/div>\n\n\n\n<h2 class=\"wp-block-heading has-text-align-center\" style=\"font-style:normal;font-weight:400\">Protecci\u00f3n de la salud p\u00fablica a trav\u00e9s de la concienciaci\u00f3n sobre la seguridad de los medicamentos<\/h2>\n\n\n\n<div class=\"wp-block-columns is-layout-flex wp-container-core-columns-is-layout-9d6595d7 wp-block-columns-is-layout-flex\">\n<div class=\"wp-block-column is-layout-flow wp-block-column-is-layout-flow\" style=\"flex-basis:25%\"><\/div>\n\n\n\n<div class=\"wp-block-column is-layout-flow wp-block-column-is-layout-flow\" style=\"flex-basis:50%\">\n<figure class=\"wp-block-embed aligncenter is-type-video is-provider-youtube wp-block-embed-youtube wp-embed-aspect-16-9 wp-has-aspect-ratio\"><div class=\"wp-block-embed__wrapper\">\n<iframe loading=\"lazy\" title=\"Rogue Online Pharmacies Can Be Deadly\" width=\"500\" height=\"281\" src=\"https:\/\/www.youtube.com\/embed\/mBLGTtRc6PU?feature=oembed\" frameborder=\"0\" allow=\"accelerometer; autoplay; clipboard-write; encrypted-media; gyroscope; picture-in-picture; web-share\" referrerpolicy=\"strict-origin-when-cross-origin\" allowfullscreen><\/iframe>\n<\/div><\/figure>\n<\/div>\n\n\n\n<div class=\"wp-block-column is-layout-flow wp-block-column-is-layout-flow\" style=\"flex-basis:25%\"><\/div>\n<\/div>\n\n\n\n<div class=\"wp-block-columns is-style-iconblock is-layout-flex wp-container-core-columns-is-layout-9d6595d7 wp-block-columns-is-layout-flex\">\n<div class=\"wp-block-column is-layout-flow wp-block-column-is-layout-flow\">\n<figure class=\"wp-block-image size-large\"><img loading=\"lazy\" decoding=\"async\" width=\"102\" height=\"90\" src=\"https:\/\/safe.pharmacy\/wp-content\/uploads\/2024\/01\/ic-caution-purple.svg\" alt=\"Icon of a hazard sign\" class=\"wp-image-4050\"\/><\/figure>\n\n\n\n<p>NABP ha identificado m\u00e1s de 40,000 sitios web que no cumplen con las normas de seguridad del paciente y est\u00e1ndares de pr\u00e1ctica de farmacia de NABP o con las leyes aplicables.<\/p>\n<\/div>\n\n\n\n<div class=\"wp-block-column is-layout-flow wp-block-column-is-layout-flow\">\n<figure class=\"wp-block-image size-large\"><img loading=\"lazy\" decoding=\"async\" width=\"92\" height=\"128\" src=\"https:\/\/safe.pharmacy\/wp-content\/uploads\/2024\/01\/ic-handPill-Purple.svg\" alt=\"Icon of a hand holding a pill\" class=\"wp-image-4059\"\/><\/figure>\n\n\n\n<p>Cada a\u00f1o se desechan hasta 11 mil millones de d\u00f3lares en medicamentos no utilizados.<\/p>\n<\/div>\n\n\n\n<div class=\"wp-block-column is-layout-flow wp-block-column-is-layout-flow\">\n<figure class=\"wp-block-image size-large\"><img loading=\"lazy\" decoding=\"async\" width=\"107\" height=\"94\" src=\"https:\/\/safe.pharmacy\/wp-content\/uploads\/2024\/01\/ic-heart-purple.svg\" alt=\"Icon of a hand holding a floating heart\" class=\"wp-image-4056\"\/><\/figure>\n\n\n\n<p>Casi el 20% de los adultos en los EE.UU. ofrecen asistencia m\u00e9dica a un familiar o amigo adulto mayor.<\/p>\n<\/div>\n\n\n\n<div class=\"wp-block-column is-layout-flow wp-block-column-is-layout-flow\">\n<figure class=\"wp-block-image size-large\"><img loading=\"lazy\" decoding=\"async\" width=\"77\" height=\"81\" src=\"https:\/\/safe.pharmacy\/wp-content\/uploads\/2024\/01\/ic-PillBottle-Purple.svg\" alt=\"Icon of a pill bottle\" class=\"wp-image-4053\"\/><\/figure>\n\n\n\n<p>El 2.8% de las personas de 12 a\u00f1os o m\u00e1s informaron haber abusado en los \u00faltimos 12 meses de analg\u00e9sicos recetados.<\/p>\n<\/div>\n<\/div>\n\n\n<div class=\"rounded-rectangles rr-left\">\n\n  <div class=\"image-rectangle\" style=\"background-image:url(https:\/\/safe.pharmacy\/wp-content\/uploads\/2024\/03\/BuySafely-HomePage.jpg);\"><\/div>\n  <div class=\"content-rectangle darkbg\" style=\"background-color:#232667;\">\n        <div class=\"acf-innerblocks-container\">\n\n<h2 class=\"wp-block-heading\">Compre Con Seguridad<\/h2>\n\n\n\n<p>Confirme antes de comprar medicamentos en l\u00ednea para ayudar a proteger a sus seres queridos. Busque sitios seguros y aprenda a identificar los no verificados.<\/p>\n\n\n\n<div class=\"wp-block-button\"><a class=\"wp-block-button__link wp-element-button\" href=\"https:\/\/safe.pharmacy\/es\/compre-con-seguridad\/\">Aprenda a comprar de forma segura<\/a><\/div>\n\n\n\n<div class=\"wp-block-columns is-layout-flex wp-container-core-columns-is-layout-9d6595d7 wp-block-columns-is-layout-flex\">\n<div class=\"wp-block-column is-layout-flow wp-block-column-is-layout-flow\">\n<h3 class=\"wp-block-heading\">96%<\/h3>\n\n\n\n<p>El 96% de las farmacias ilegales en l\u00ednea rese\u00f1adas por NABP no requer\u00edan una receta m\u00e9dica para la venta de medicamentos s\u00f3lo disponibles con receta.<\/p>\n<\/div>\n\n\n\n<div class=\"wp-block-column is-layout-flow wp-block-column-is-layout-flow\">\n<h3 class=\"wp-block-heading\">$75,000M<\/h3>\n\n\n\n<p>La falsificaci\u00f3n de drogas y la distribuci\u00f3n en l\u00ednea son las mayores formas de crimen organizado, representando $75,000 millones de d\u00f3lares anualmente.<\/p>\n<\/div>\n<\/div>\n\n<\/div>\n\n  <\/div>\n<\/div>\n\n<div class=\"rounded-rectangles rr-right\">\n\n  <div class=\"image-rectangle\" style=\"background-image:url(https:\/\/safe.pharmacy\/wp-content\/uploads\/2024\/01\/DrugDisposal-scaled.jpeg);\"><\/div>\n  <div class=\"content-rectangle darkbg\" style=\"background-color:#65325a;\">\n        <div class=\"acf-innerblocks-container\">\n\n<h2 class=\"wp-block-heading\">Desecho de Medicamentos<\/h2>\n\n\n\n<p>Disponga de los medicamentos no utilizados o innecesarios en los lugares de desecho de medicamentos en todo el pa\u00eds para ayudar a prevenir el envenenamiento y el uso indebido.<\/p>\n\n\n\n<div class=\"wp-block-button\"><a class=\"wp-block-button__link wp-element-button\" href=\"https:\/\/safe.pharmacy\/es\/desecho-de-medicamentos\/\">Descubra el desecho de medicamentos<\/a><\/div>\n\n\n\n<div class=\"wp-block-columns is-layout-flex wp-container-core-columns-is-layout-9d6595d7 wp-block-columns-is-layout-flex\">\n<div class=\"wp-block-column is-layout-flow wp-block-column-is-layout-flow\">\n<h3 class=\"wp-block-heading\">66%<\/h3>\n\n\n\n<p>M\u00e1s de 2\/3 de las visitas a la sala de emergencias por exposiciones accidentales a medicamentos pedi\u00e1tricos involucran a ni\u00f1os de 2 a\u00f1os o menos.<\/p>\n<\/div>\n\n\n\n<div class=\"wp-block-column is-layout-flow wp-block-column-is-layout-flow\">\n<h3 class=\"wp-block-heading\">43%<\/h3>\n\n\n\n<p>El 43% de la exposici\u00f3n accidental a medicamentos en ni\u00f1os involucra medicamentos almacenados en recipientes a prueba de ni\u00f1os.<\/p>\n<\/div>\n<\/div>\n\n<\/div>\n\n  <\/div>\n<\/div>\n\n<div class=\"rounded-rectangles rr-left\">\n\n  <div class=\"image-rectangle\" style=\"background-image:url(https:\/\/safe.pharmacy\/wp-content\/uploads\/2024\/01\/Safe-Use-Landing.jpg);\"><\/div>\n  <div class=\"content-rectangle darkbg\" style=\"background-color:#922269;\">\n        <div class=\"acf-innerblocks-container\">\n\n<h2 class=\"wp-block-heading\">Uso Seguro<\/h2>\n\n\n\n<p>Comprenda las directrices para el uso seguro de los medicamentos para usted y sus seres queridos.<\/p>\n\n\n\n<div class=\"wp-block-button\"><a class=\"wp-block-button__link wp-element-button\" href=\"https:\/\/safe.pharmacy\/es\/uso-seguro\/\">Explore el uso seguro de los medicamentos<\/a><\/div>\n\n\n\n<div class=\"wp-block-columns is-layout-flex wp-container-core-columns-is-layout-9d6595d7 wp-block-columns-is-layout-flex\">\n<div class=\"wp-block-column is-layout-flow wp-block-column-is-layout-flow\">\n<h3 class=\"wp-block-heading\">10,000<\/h3>\n\n\n\n<p>10,000 ni\u00f1os menores de 18 a\u00f1os de edad visitan la sala de emergencias cada a\u00f1o debido a errores de autoadministraci\u00f3n de medicamentos de venta libre.<\/p>\n<\/div>\n\n\n\n<div class=\"wp-block-column is-layout-flow wp-block-column-is-layout-flow\">\n<h3 class=\"wp-block-heading\">12%<\/h3>\n\n\n\n<p>El consumo accidental de analg\u00e9sicos representa casi el 12% de las llamadas que se reportan a los Centros de Envenenamiento de los Estados Unidos.<\/p>\n<\/div>\n<\/div>\n\n<\/div>\n\n  <\/div>\n<\/div>\n\n<div class=\"rounded-rectangles rr-right\">\n\n  <div class=\"image-rectangle\" style=\"background-image:url(https:\/\/safe.pharmacy\/wp-content\/uploads\/2024\/01\/Misuse-615x580-1.jpg);\"><\/div>\n  <div class=\"content-rectangle darkbg\" style=\"background-color:#588b94;\">\n        <div class=\"acf-innerblocks-container\">\n\n<h2 class=\"wp-block-heading\">Prevenci\u00f3n del Abuso<\/h2>\n\n\n\n<p>Sepa qu\u00e9 debe buscar y c\u00f3mo puede ayudar a prevenir el uso indebido y las sobredosis.<\/p>\n\n\n\n<div class=\"wp-block-button\"><a class=\"wp-block-button__link wp-element-button\" href=\"https:\/\/safe.pharmacy\/es\/prevencion-del-abuso\/\">Aprenda sobre el mal uso<\/a><\/div>\n\n\n\n<div class=\"wp-block-columns is-layout-flex wp-container-core-columns-is-layout-9d6595d7 wp-block-columns-is-layout-flex\">\n<div class=\"wp-block-column is-layout-flow wp-block-column-is-layout-flow\">\n<h3 class=\"wp-block-heading\">13.8M<\/h3>\n\n\n\n<p>En promedio, 13.8 millones de estadounidenses de 12 a\u00f1os o m\u00e1s abusan cada a\u00f1o de los medicamentos recetados.<\/p>\n<\/div>\n\n\n\n<div class=\"wp-block-column is-layout-flow wp-block-column-is-layout-flow\">\n<h3 class=\"wp-block-heading\">42.3%<\/h3>\n\n\n\n<p>El 42.3% de las personas de 12 a\u00f1os o m\u00e1s que hicieron un mal uso de analg\u00e9sicos recetados los recibieron, robaron o compraron a un amigo o familiar.<\/p>\n<\/div>\n<\/div>\n\n<\/div>\n\n  <\/div>\n<\/div>\n\n\n<div style=\"height:10px\" aria-hidden=\"true\" class=\"wp-block-spacer\"><\/div>\n","protected":false},"excerpt":{"rendered":"<p>Protecci\u00f3n de la salud p\u00fablica a trav\u00e9s de la concienciaci\u00f3n sobre la seguridad de los medicamentos NABP ha identificado m\u00e1s de 40,000 sitios web que no cumplen con las normas de seguridad del paciente y est\u00e1ndares de pr\u00e1ctica de farmacia de NABP o con las leyes aplicables. Cada a\u00f1o se desechan hasta 11 mil millones [&hellip;]<\/p>\n","protected":false},"author":5,"featured_media":3888,"parent":0,"menu_order":0,"comment_status":"closed","ping_status":"closed","template":"","meta":{"_acf_changed":false,"footnotes":""},"class_list":["post-595","page","type-page","status-publish","has-post-thumbnail","hentry"],"acf":[],"yoast_head":"<!-- This site is optimized with the Yoast SEO plugin v27.3 - https:\/\/yoast.com\/product\/yoast-seo-wordpress\/ -->\n<title>Farmacia Segura | Asociaci\u00f3n Nacional de Juntas de Farmacia<\/title>\n<meta name=\"description\" content=\"Aprenda a encontrar una farmacia segura, d\u00f3nde deshacerse de los medicamentos recetados y c\u00f3mo comprobar su medicaci\u00f3n antes de comprar por Internet.\" \/>\n<meta name=\"robots\" content=\"index, follow, max-snippet:-1, max-image-preview:large, max-video-preview:-1\" \/>\n<link rel=\"canonical\" href=\"https:\/\/safe.pharmacy\/es\/\" \/>\n<meta property=\"og:locale\" content=\"es_ES\" \/>\n<meta property=\"og:type\" content=\"article\" \/>\n<meta property=\"og:title\" content=\"Farmacia Segura | Asociaci\u00f3n Nacional de Juntas de Farmacia\" \/>\n<meta property=\"og:description\" content=\"Aprenda a encontrar una farmacia segura, d\u00f3nde deshacerse de los medicamentos recetados y c\u00f3mo comprobar su medicaci\u00f3n antes de comprar por Internet.\" \/>\n<meta property=\"og:url\" content=\"https:\/\/safe.pharmacy\/es\/\" \/>\n<meta property=\"og:site_name\" content=\"Safe.Pharmacy\" \/>\n<meta property=\"article:modified_time\" content=\"2026-01-26T17:30:55+00:00\" \/>\n<meta property=\"og:image\" content=\"https:\/\/safe.pharmacy\/wp-content\/uploads\/2024\/01\/Homepage-Hero2.jpg\" \/>\n\t<meta property=\"og:image:width\" content=\"1065\" \/>\n\t<meta property=\"og:image:height\" content=\"655\" \/>\n\t<meta property=\"og:image:type\" content=\"image\/jpeg\" \/>\n<meta name=\"twitter:card\" content=\"summary_large_image\" \/>\n<meta name=\"twitter:label1\" content=\"Tiempo de lectura\" \/>\n\t<meta name=\"twitter:data1\" content=\"4 minutos\" \/>\n<script type=\"application\/ld+json\" class=\"yoast-schema-graph\">{\"@context\":\"https:\\\/\\\/schema.org\",\"@graph\":[{\"@type\":\"WebPage\",\"@id\":\"https:\\\/\\\/safe.pharmacy\\\/es\\\/\",\"url\":\"https:\\\/\\\/safe.pharmacy\\\/es\\\/\",\"name\":\"Farmacia Segura | Asociaci\u00f3n Nacional de Juntas de Farmacia\",\"isPartOf\":{\"@id\":\"https:\\\/\\\/safe.pharmacy\\\/es\\\/#website\"},\"primaryImageOfPage\":{\"@id\":\"https:\\\/\\\/safe.pharmacy\\\/es\\\/#primaryimage\"},\"image\":{\"@id\":\"https:\\\/\\\/safe.pharmacy\\\/es\\\/#primaryimage\"},\"thumbnailUrl\":\"https:\\\/\\\/safe.pharmacy\\\/wp-content\\\/uploads\\\/2024\\\/01\\\/Homepage-Hero2.jpg\",\"datePublished\":\"2019-10-15T17:10:26+00:00\",\"dateModified\":\"2026-01-26T17:30:55+00:00\",\"description\":\"Aprenda a encontrar una farmacia segura, d\u00f3nde deshacerse de los medicamentos recetados y c\u00f3mo comprobar su medicaci\u00f3n antes de comprar por Internet.\",\"breadcrumb\":{\"@id\":\"https:\\\/\\\/safe.pharmacy\\\/es\\\/#breadcrumb\"},\"inLanguage\":\"es\",\"potentialAction\":[{\"@type\":\"ReadAction\",\"target\":[\"https:\\\/\\\/safe.pharmacy\\\/es\\\/\"]}]},{\"@type\":\"ImageObject\",\"inLanguage\":\"es\",\"@id\":\"https:\\\/\\\/safe.pharmacy\\\/es\\\/#primaryimage\",\"url\":\"https:\\\/\\\/safe.pharmacy\\\/wp-content\\\/uploads\\\/2024\\\/01\\\/Homepage-Hero2.jpg\",\"contentUrl\":\"https:\\\/\\\/safe.pharmacy\\\/wp-content\\\/uploads\\\/2024\\\/01\\\/Homepage-Hero2.jpg\",\"width\":1065,\"height\":655,\"caption\":\"Women searching for medication\"},{\"@type\":\"BreadcrumbList\",\"@id\":\"https:\\\/\\\/safe.pharmacy\\\/es\\\/#breadcrumb\",\"itemListElement\":[{\"@type\":\"ListItem\",\"position\":1,\"name\":\"Home\",\"item\":\"https:\\\/\\\/safe.pharmacy\\\/es\\\/\"},{\"@type\":\"ListItem\",\"position\":2,\"name\":\"Home\"}]},{\"@type\":\"WebSite\",\"@id\":\"https:\\\/\\\/safe.pharmacy\\\/es\\\/#website\",\"url\":\"https:\\\/\\\/safe.pharmacy\\\/es\\\/\",\"name\":\"NABP\",\"description\":\"Your resource for safe pharmacy\",\"publisher\":{\"@id\":\"https:\\\/\\\/safe.pharmacy\\\/es\\\/#organization\"},\"potentialAction\":[{\"@type\":\"SearchAction\",\"target\":{\"@type\":\"EntryPoint\",\"urlTemplate\":\"https:\\\/\\\/safe.pharmacy\\\/es\\\/?s={search_term_string}\"},\"query-input\":{\"@type\":\"PropertyValueSpecification\",\"valueRequired\":true,\"valueName\":\"search_term_string\"}}],\"inLanguage\":\"es\"},{\"@type\":\"Organization\",\"@id\":\"https:\\\/\\\/safe.pharmacy\\\/es\\\/#organization\",\"name\":\"NABP\",\"url\":\"https:\\\/\\\/safe.pharmacy\\\/es\\\/\",\"logo\":{\"@type\":\"ImageObject\",\"inLanguage\":\"es\",\"@id\":\"https:\\\/\\\/safe.pharmacy\\\/es\\\/#\\\/schema\\\/logo\\\/image\\\/\",\"url\":\"https:\\\/\\\/safe.pharmacy\\\/wp-content\\\/uploads\\\/2023\\\/12\\\/Safe-Pharmacy-Logo.svg\",\"contentUrl\":\"https:\\\/\\\/safe.pharmacy\\\/wp-content\\\/uploads\\\/2023\\\/12\\\/Safe-Pharmacy-Logo.svg\",\"width\":151,\"height\":68,\"caption\":\"NABP\"},\"image\":{\"@id\":\"https:\\\/\\\/safe.pharmacy\\\/es\\\/#\\\/schema\\\/logo\\\/image\\\/\"}}]}<\/script>\n<!-- \/ Yoast SEO plugin. -->","yoast_head_json":{"title":"Farmacia Segura | Asociaci\u00f3n Nacional de Juntas de Farmacia","description":"Aprenda a encontrar una farmacia segura, d\u00f3nde deshacerse de los medicamentos recetados y c\u00f3mo comprobar su medicaci\u00f3n antes de comprar por Internet.","robots":{"index":"index","follow":"follow","max-snippet":"max-snippet:-1","max-image-preview":"max-image-preview:large","max-video-preview":"max-video-preview:-1"},"canonical":"https:\/\/safe.pharmacy\/es\/","og_locale":"es_ES","og_type":"article","og_title":"Farmacia Segura | Asociaci\u00f3n Nacional de Juntas de Farmacia","og_description":"Aprenda a encontrar una farmacia segura, d\u00f3nde deshacerse de los medicamentos recetados y c\u00f3mo comprobar su medicaci\u00f3n antes de comprar por Internet.","og_url":"https:\/\/safe.pharmacy\/es\/","og_site_name":"Safe.Pharmacy","article_modified_time":"2026-01-26T17:30:55+00:00","og_image":[{"width":1065,"height":655,"url":"https:\/\/safe.pharmacy\/wp-content\/uploads\/2024\/01\/Homepage-Hero2.jpg","type":"image\/jpeg"}],"twitter_card":"summary_large_image","twitter_misc":{"Tiempo de lectura":"4 minutos"},"schema":{"@context":"https:\/\/schema.org","@graph":[{"@type":"WebPage","@id":"https:\/\/safe.pharmacy\/es\/","url":"https:\/\/safe.pharmacy\/es\/","name":"Farmacia Segura | Asociaci\u00f3n Nacional de Juntas de Farmacia","isPartOf":{"@id":"https:\/\/safe.pharmacy\/es\/#website"},"primaryImageOfPage":{"@id":"https:\/\/safe.pharmacy\/es\/#primaryimage"},"image":{"@id":"https:\/\/safe.pharmacy\/es\/#primaryimage"},"thumbnailUrl":"https:\/\/safe.pharmacy\/wp-content\/uploads\/2024\/01\/Homepage-Hero2.jpg","datePublished":"2019-10-15T17:10:26+00:00","dateModified":"2026-01-26T17:30:55+00:00","description":"Aprenda a encontrar una farmacia segura, d\u00f3nde deshacerse de los medicamentos recetados y c\u00f3mo comprobar su medicaci\u00f3n antes de comprar por Internet.","breadcrumb":{"@id":"https:\/\/safe.pharmacy\/es\/#breadcrumb"},"inLanguage":"es","potentialAction":[{"@type":"ReadAction","target":["https:\/\/safe.pharmacy\/es\/"]}]},{"@type":"ImageObject","inLanguage":"es","@id":"https:\/\/safe.pharmacy\/es\/#primaryimage","url":"https:\/\/safe.pharmacy\/wp-content\/uploads\/2024\/01\/Homepage-Hero2.jpg","contentUrl":"https:\/\/safe.pharmacy\/wp-content\/uploads\/2024\/01\/Homepage-Hero2.jpg","width":1065,"height":655,"caption":"Women searching for medication"},{"@type":"BreadcrumbList","@id":"https:\/\/safe.pharmacy\/es\/#breadcrumb","itemListElement":[{"@type":"ListItem","position":1,"name":"Home","item":"https:\/\/safe.pharmacy\/es\/"},{"@type":"ListItem","position":2,"name":"Home"}]},{"@type":"WebSite","@id":"https:\/\/safe.pharmacy\/es\/#website","url":"https:\/\/safe.pharmacy\/es\/","name":"NABP","description":"Your resource for safe pharmacy","publisher":{"@id":"https:\/\/safe.pharmacy\/es\/#organization"},"potentialAction":[{"@type":"SearchAction","target":{"@type":"EntryPoint","urlTemplate":"https:\/\/safe.pharmacy\/es\/?s={search_term_string}"},"query-input":{"@type":"PropertyValueSpecification","valueRequired":true,"valueName":"search_term_string"}}],"inLanguage":"es"},{"@type":"Organization","@id":"https:\/\/safe.pharmacy\/es\/#organization","name":"NABP","url":"https:\/\/safe.pharmacy\/es\/","logo":{"@type":"ImageObject","inLanguage":"es","@id":"https:\/\/safe.pharmacy\/es\/#\/schema\/logo\/image\/","url":"https:\/\/safe.pharmacy\/wp-content\/uploads\/2023\/12\/Safe-Pharmacy-Logo.svg","contentUrl":"https:\/\/safe.pharmacy\/wp-content\/uploads\/2023\/12\/Safe-Pharmacy-Logo.svg","width":151,"height":68,"caption":"NABP"},"image":{"@id":"https:\/\/safe.pharmacy\/es\/#\/schema\/logo\/image\/"}}]}},"_links":{"self":[{"href":"https:\/\/safe.pharmacy\/es\/wp-json\/wp\/v2\/pages\/595","targetHints":{"allow":["GET"]}}],"collection":[{"href":"https:\/\/safe.pharmacy\/es\/wp-json\/wp\/v2\/pages"}],"about":[{"href":"https:\/\/safe.pharmacy\/es\/wp-json\/wp\/v2\/types\/page"}],"author":[{"embeddable":true,"href":"https:\/\/safe.pharmacy\/es\/wp-json\/wp\/v2\/users\/5"}],"replies":[{"embeddable":true,"href":"https:\/\/safe.pharmacy\/es\/wp-json\/wp\/v2\/comments?post=595"}],"version-history":[{"count":31,"href":"https:\/\/safe.pharmacy\/es\/wp-json\/wp\/v2\/pages\/595\/revisions"}],"predecessor-version":[{"id":5910,"href":"https:\/\/safe.pharmacy\/es\/wp-json\/wp\/v2\/pages\/595\/revisions\/5910"}],"wp:featuredmedia":[{"embeddable":true,"href":"https:\/\/safe.pharmacy\/es\/wp-json\/wp\/v2\/media\/3888"}],"wp:attachment":[{"href":"https:\/\/safe.pharmacy\/es\/wp-json\/wp\/v2\/media?parent=595"}],"curies":[{"name":"wp","href":"https:\/\/api.w.org\/{rel}","templated":true}]}}