{"id":5726,"date":"2025-10-24T12:01:35","date_gmt":"2025-10-24T17:01:35","guid":{"rendered":"https:\/\/safe.pharmacy\/?page_id=5726"},"modified":"2025-10-24T12:01:58","modified_gmt":"2025-10-24T17:01:58","slug":"formulario-de-acreditacion-de-comerciantes-de-atencion-medica","status":"publish","type":"page","link":"https:\/\/safe.pharmacy\/es\/compre-con-seguridad\/formulario-de-acreditacion-de-comerciantes-de-atencion-medica\/","title":{"rendered":"Formulario de Acreditaci\u00f3n de Comerciantes de Atenci\u00f3n M\u00e9dica"},"content":{"rendered":"\n<div class=\"wp-block-cover alignfull\" style=\"padding-top:var(--wp--preset--spacing--80);padding-bottom:var(--wp--preset--spacing--80)\"><span aria-hidden=\"true\" class=\"wp-block-cover__background has-background-dim-100 has-background-dim has-background-gradient has-nabp-purple-gradient-gradient-background\"><\/span><div class=\"wp-block-cover__inner-container is-layout-constrained wp-block-cover-is-layout-constrained\">\n<div class=\"wp-block-columns is-layout-flex wp-container-core-columns-is-layout-9d6595d7 wp-block-columns-is-layout-flex\">\n<div class=\"wp-block-column is-vertically-aligned-center is-layout-flow wp-block-column-is-layout-flow\">\n<h1 class=\"wp-block-heading\">Formulario de Acreditaci\u00f3n de Comerciantes de Atenci\u00f3n M\u00e9dica<\/h1>\n<\/div>\n\n\n\n<div class=\"wp-block-column is-vertically-aligned-center is-layout-flow wp-block-column-is-layout-flow\">\n<p><\/p>\n<\/div>\n<\/div>\n<\/div><\/div>\n\n\n\n<div class=\"wp-block-group alignfull no-padding has-background is-layout-constrained wp-block-group-is-layout-constrained\" style=\"background-color:#f2f2f2\"><div class=\"yoast-breadcrumbs\"><span><span><a href=\"https:\/\/safe.pharmacy\/es\/\">Home<\/a><\/span> &raquo; <span><a href=\"https:\/\/safe.pharmacy\/es\/compre-con-seguridad\/\">Compre con Seguridad<\/a><\/span> &raquo; <span class=\"breadcrumb_last\" aria-current=\"page\">Formulario de Acreditaci\u00f3n de Comerciantes de Atenci\u00f3n M\u00e9dica<\/span><\/span><\/div><\/div>\n\n\n\n<div style=\"height:20px\" aria-hidden=\"true\" class=\"wp-block-spacer\"><\/div>\n\n\n\n<p>Para obtener acceso a la lista de Comerciantes de Atenci\u00f3n M\u00e9dica acreditados por NABP, complete el formulario que se encuentra a continuaci\u00f3n.<\/p>\n\n\n<link rel='stylesheet' id='formidable-css' href='https:\/\/safe.pharmacy\/wp-content\/plugins\/formidable\/css\/formidableforms.css?ver=3112152' type='text\/css' media='all' \/>\n<div class=\"frm_forms  with_frm_style frm_style_formidable-style\" id=\"frm_form_10_container\" data-token=\"2377634af4cf5cc8ffbc72f5f2a58eca\">\n<form enctype=\"multipart\/form-data\" method=\"post\" class=\"frm-show-form  frm_pro_form \" id=\"form_spanish-healthcare-merchant-accreditation-list-request\" data-token=\"2377634af4cf5cc8ffbc72f5f2a58eca\">\n<div class=\"frm_form_fields \">\n<fieldset>\n<legend class=\"frm_screen_reader\">Spanish &#8211; Healthcare Merchant Accreditation List Request<\/legend>\r\n\r\n<div class=\"frm_fields_container\">\n<input type=\"hidden\" name=\"frm_action\" value=\"create\" \/>\n<input type=\"hidden\" name=\"form_id\" value=\"10\" \/>\n<input type=\"hidden\" name=\"frm_hide_fields_10\" id=\"frm_hide_fields_10\" value=\"\" \/>\n<input type=\"hidden\" name=\"form_key\" value=\"spanish-healthcare-merchant-accreditation-list-request\" \/>\n<input type=\"hidden\" name=\"item_meta[0]\" value=\"\" \/>\n<input type=\"hidden\" id=\"frm_submit_entry_10\" name=\"frm_submit_entry_10\" value=\"3f03dd7138\" \/><input type=\"hidden\" name=\"_wp_http_referer\" value=\"\/es\/wp-json\/wp\/v2\/pages\/5726\" \/><div id=\"frm_field_92_container\" class=\"frm_form_field form-field  frm_required_field frm_top_container frm6 frm_first\">\r\n\t<label for=\"field_1ackg\" id=\"field_1ackg_label\" class=\"frm_primary_label\">Nombre\r\n\t\t<span class=\"frm_required\" aria-hidden=\"true\">*<\/span>\r\n\t<\/label>\r\n\t<input  type=\"text\" id=\"field_1ackg\" name=\"item_meta[92]\" value=\"\"  data-reqmsg=\"Nombre cannot be blank.\" aria-required=\"true\" data-invmsg=\"Nombre is invalid\" aria-invalid=\"false\"   \/>\r\n\t\r\n\t\r\n<\/div>\n<div id=\"frm_field_91_container\" class=\"frm_form_field form-field  frm_required_field frm_top_container frm6\">\r\n\t<label for=\"field_ij7ad\" id=\"field_ij7ad_label\" class=\"frm_primary_label\">Apellido\r\n\t\t<span class=\"frm_required\" aria-hidden=\"true\">*<\/span>\r\n\t<\/label>\r\n\t<input  type=\"text\" id=\"field_ij7ad\" name=\"item_meta[91]\" value=\"\"  data-reqmsg=\"Apellido cannot be blank.\" aria-required=\"true\" data-invmsg=\"Apellido is invalid\" aria-invalid=\"false\"   \/>\r\n\t\r\n\t\r\n<\/div>\n<div id=\"frm_field_94_container\" class=\"frm_form_field form-field  frm_required_field frm_top_container frm6 frm_first\">\r\n\t<label for=\"field_exqcu\" id=\"field_exqcu_label\" class=\"frm_primary_label\">Compa\u00f1\u00eda\r\n\t\t<span class=\"frm_required\" aria-hidden=\"true\">*<\/span>\r\n\t<\/label>\r\n\t<input  type=\"text\" id=\"field_exqcu\" name=\"item_meta[94]\" value=\"\"  data-reqmsg=\"Compa\u00f1\u00eda cannot be blank.\" aria-required=\"true\" data-invmsg=\"Compa\u00f1\u00eda is invalid\" aria-invalid=\"false\"   \/>\r\n\t\r\n\t\r\n<\/div>\n<div id=\"frm_field_93_container\" class=\"frm_form_field form-field  frm_required_field frm_top_container frm6\">\r\n\t<label for=\"field_xn3xi\" id=\"field_xn3xi_label\" class=\"frm_primary_label\">Correo electr\u00f3nico\r\n\t\t<span class=\"frm_required\" aria-hidden=\"true\">*<\/span>\r\n\t<\/label>\r\n\t<input  type=\"text\" id=\"field_xn3xi\" name=\"item_meta[93]\" value=\"\"  data-reqmsg=\"Correo electr\u00f3nico cannot be blank.\" aria-required=\"true\" data-invmsg=\"Correo electr\u00f3nico is invalid\" aria-invalid=\"false\"   \/>\r\n\t\r\n\t\r\n<\/div>\n<div id=\"frm_field_110_container\" class=\"frm_form_field form-field  frm_none_container\">\n\t<label for=\"g-recaptcha-response\" id=\"field_6spqo_label\" class=\"frm_primary_label\">Captcha\n\t\t<span class=\"frm_required\" aria-hidden=\"true\"><\/span>\n\t<\/label>\n\t<div  id=\"field_6spqo\" class=\"frm-g-recaptcha\" data-sitekey=\"6LfDvMQUAAAAADvhc4pwyp2OSazraC5MKXx_s6zt\" data-size=\"normal\" data-theme=\"light\"><\/div>\n\t\n\t\n<\/div>\n<div id=\"frm_field_90_container\" class=\"frm_form_field form-field \">\r\n\t<div class=\"frm_submit frm_flex\">\r\n<button class=\"frm_button_submit frm_final_submit\" type=\"submit\"  >Submit<\/button>\r\n\r\n\r\n\r\n<\/div>\r\n<\/div>\n\t<input type=\"hidden\" name=\"item_key\" value=\"\" \/>\n\t\t\t<div id=\"frm_field_118_container\">\n\t\t\t<label for=\"field_x7s2d\" >\n\t\t\t\tSi eres humano, deja este campo en blanco.\t\t\t<\/label>\n\t\t\t<input  id=\"field_x7s2d\" type=\"text\" class=\"frm_form_field form-field frm_verify\" name=\"item_meta[118]\" value=\"\"  \/>\n\t\t<\/div>\n\t\t<input name=\"frm_state\" type=\"hidden\" value=\"zbYGDgSlPAGB7DP3XlhX4p1LhcHaHoQbdDKHh6Zu\/4IJRwlAlk2ZaiFwLrN7ih0i\" \/><\/div>\n<\/fieldset>\n<\/div>\n\n<p style=\"display: none !important;\" class=\"akismet-fields-container\" data-prefix=\"ak_\"><label>&#916;<textarea name=\"ak_hp_textarea\" cols=\"45\" rows=\"8\" maxlength=\"100\"><\/textarea><\/label><input type=\"hidden\" id=\"ak_js_1\" name=\"ak_js\" value=\"238\"\/><script>document.getElementById( \"ak_js_1\" ).setAttribute( \"value\", ( new Date() ).getTime() );<\/script><\/p><\/form>\n<\/div>\n","protected":false},"excerpt":{"rendered":"<p>Para obtener acceso a la lista de Comerciantes de Atenci\u00f3n M\u00e9dica acreditados por NABP, complete el formulario que se encuentra a continuaci\u00f3n.<\/p>\n","protected":false},"author":13,"featured_media":0,"parent":597,"menu_order":0,"comment_status":"closed","ping_status":"closed","template":"","meta":{"_acf_changed":false,"footnotes":""},"class_list":["post-5726","page","type-page","status-publish","hentry"],"acf":[],"yoast_head":"<!-- This site is optimized with the Yoast SEO plugin v27.3 - https:\/\/yoast.com\/product\/yoast-seo-wordpress\/ -->\n<title>Formulario de Acreditaci\u00f3n de Comerciantes de Atenci\u00f3n M\u00e9dica - Safe.Pharmacy<\/title>\n<meta name=\"robots\" content=\"index, follow, max-snippet:-1, max-image-preview:large, max-video-preview:-1\" \/>\n<link rel=\"canonical\" href=\"https:\/\/safe.pharmacy\/es\/compre-con-seguridad\/formulario-de-acreditacion-de-comerciantes-de-atencion-medica\/\" \/>\n<meta property=\"og:locale\" content=\"es_ES\" \/>\n<meta property=\"og:type\" content=\"article\" \/>\n<meta property=\"og:title\" content=\"Formulario de Acreditaci\u00f3n de Comerciantes de Atenci\u00f3n M\u00e9dica - Safe.Pharmacy\" \/>\n<meta property=\"og:description\" content=\"Para obtener acceso a la lista de Comerciantes de Atenci\u00f3n M\u00e9dica acreditados por NABP, complete el formulario que se encuentra a continuaci\u00f3n.\" \/>\n<meta property=\"og:url\" content=\"https:\/\/safe.pharmacy\/es\/compre-con-seguridad\/formulario-de-acreditacion-de-comerciantes-de-atencion-medica\/\" \/>\n<meta property=\"og:site_name\" content=\"Safe.Pharmacy\" \/>\n<meta property=\"article:modified_time\" content=\"2025-10-24T17:01:58+00:00\" \/>\n<meta name=\"twitter:card\" content=\"summary_large_image\" \/>\n<meta name=\"twitter:label1\" content=\"Tiempo de lectura\" \/>\n\t<meta name=\"twitter:data1\" content=\"1 minuto\" \/>\n<script type=\"application\/ld+json\" class=\"yoast-schema-graph\">{\"@context\":\"https:\\\/\\\/schema.org\",\"@graph\":[{\"@type\":\"WebPage\",\"@id\":\"https:\\\/\\\/safe.pharmacy\\\/es\\\/compre-con-seguridad\\\/formulario-de-acreditacion-de-comerciantes-de-atencion-medica\\\/\",\"url\":\"https:\\\/\\\/safe.pharmacy\\\/es\\\/compre-con-seguridad\\\/formulario-de-acreditacion-de-comerciantes-de-atencion-medica\\\/\",\"name\":\"Formulario de Acreditaci\u00f3n de Comerciantes de Atenci\u00f3n M\u00e9dica - Safe.Pharmacy\",\"isPartOf\":{\"@id\":\"https:\\\/\\\/safe.pharmacy\\\/es\\\/#website\"},\"datePublished\":\"2025-10-24T17:01:35+00:00\",\"dateModified\":\"2025-10-24T17:01:58+00:00\",\"breadcrumb\":{\"@id\":\"https:\\\/\\\/safe.pharmacy\\\/es\\\/compre-con-seguridad\\\/formulario-de-acreditacion-de-comerciantes-de-atencion-medica\\\/#breadcrumb\"},\"inLanguage\":\"es\",\"potentialAction\":[{\"@type\":\"ReadAction\",\"target\":[\"https:\\\/\\\/safe.pharmacy\\\/es\\\/compre-con-seguridad\\\/formulario-de-acreditacion-de-comerciantes-de-atencion-medica\\\/\"]}]},{\"@type\":\"BreadcrumbList\",\"@id\":\"https:\\\/\\\/safe.pharmacy\\\/es\\\/compre-con-seguridad\\\/formulario-de-acreditacion-de-comerciantes-de-atencion-medica\\\/#breadcrumb\",\"itemListElement\":[{\"@type\":\"ListItem\",\"position\":1,\"name\":\"Home\",\"item\":\"https:\\\/\\\/safe.pharmacy\\\/es\\\/\"},{\"@type\":\"ListItem\",\"position\":2,\"name\":\"Compre con Seguridad\",\"item\":\"https:\\\/\\\/safe.pharmacy\\\/es\\\/compre-con-seguridad\\\/\"},{\"@type\":\"ListItem\",\"position\":3,\"name\":\"Formulario de Acreditaci\u00f3n de Comerciantes de Atenci\u00f3n M\u00e9dica\"}]},{\"@type\":\"WebSite\",\"@id\":\"https:\\\/\\\/safe.pharmacy\\\/es\\\/#website\",\"url\":\"https:\\\/\\\/safe.pharmacy\\\/es\\\/\",\"name\":\"NABP\",\"description\":\"Your resource for safe pharmacy\",\"publisher\":{\"@id\":\"https:\\\/\\\/safe.pharmacy\\\/es\\\/#organization\"},\"potentialAction\":[{\"@type\":\"SearchAction\",\"target\":{\"@type\":\"EntryPoint\",\"urlTemplate\":\"https:\\\/\\\/safe.pharmacy\\\/es\\\/?s={search_term_string}\"},\"query-input\":{\"@type\":\"PropertyValueSpecification\",\"valueRequired\":true,\"valueName\":\"search_term_string\"}}],\"inLanguage\":\"es\"},{\"@type\":\"Organization\",\"@id\":\"https:\\\/\\\/safe.pharmacy\\\/es\\\/#organization\",\"name\":\"NABP\",\"url\":\"https:\\\/\\\/safe.pharmacy\\\/es\\\/\",\"logo\":{\"@type\":\"ImageObject\",\"inLanguage\":\"es\",\"@id\":\"https:\\\/\\\/safe.pharmacy\\\/es\\\/#\\\/schema\\\/logo\\\/image\\\/\",\"url\":\"https:\\\/\\\/safe.pharmacy\\\/wp-content\\\/uploads\\\/2023\\\/12\\\/Safe-Pharmacy-Logo.svg\",\"contentUrl\":\"https:\\\/\\\/safe.pharmacy\\\/wp-content\\\/uploads\\\/2023\\\/12\\\/Safe-Pharmacy-Logo.svg\",\"width\":151,\"height\":68,\"caption\":\"NABP\"},\"image\":{\"@id\":\"https:\\\/\\\/safe.pharmacy\\\/es\\\/#\\\/schema\\\/logo\\\/image\\\/\"}}]}<\/script>\n<!-- \/ Yoast SEO plugin. -->","yoast_head_json":{"title":"Formulario de Acreditaci\u00f3n de Comerciantes de Atenci\u00f3n M\u00e9dica - Safe.Pharmacy","robots":{"index":"index","follow":"follow","max-snippet":"max-snippet:-1","max-image-preview":"max-image-preview:large","max-video-preview":"max-video-preview:-1"},"canonical":"https:\/\/safe.pharmacy\/es\/compre-con-seguridad\/formulario-de-acreditacion-de-comerciantes-de-atencion-medica\/","og_locale":"es_ES","og_type":"article","og_title":"Formulario de Acreditaci\u00f3n de Comerciantes de Atenci\u00f3n M\u00e9dica - Safe.Pharmacy","og_description":"Para obtener acceso a la lista de Comerciantes de Atenci\u00f3n M\u00e9dica acreditados por NABP, complete el formulario que se encuentra a continuaci\u00f3n.","og_url":"https:\/\/safe.pharmacy\/es\/compre-con-seguridad\/formulario-de-acreditacion-de-comerciantes-de-atencion-medica\/","og_site_name":"Safe.Pharmacy","article_modified_time":"2025-10-24T17:01:58+00:00","twitter_card":"summary_large_image","twitter_misc":{"Tiempo de lectura":"1 minuto"},"schema":{"@context":"https:\/\/schema.org","@graph":[{"@type":"WebPage","@id":"https:\/\/safe.pharmacy\/es\/compre-con-seguridad\/formulario-de-acreditacion-de-comerciantes-de-atencion-medica\/","url":"https:\/\/safe.pharmacy\/es\/compre-con-seguridad\/formulario-de-acreditacion-de-comerciantes-de-atencion-medica\/","name":"Formulario de Acreditaci\u00f3n de Comerciantes de Atenci\u00f3n M\u00e9dica - Safe.Pharmacy","isPartOf":{"@id":"https:\/\/safe.pharmacy\/es\/#website"},"datePublished":"2025-10-24T17:01:35+00:00","dateModified":"2025-10-24T17:01:58+00:00","breadcrumb":{"@id":"https:\/\/safe.pharmacy\/es\/compre-con-seguridad\/formulario-de-acreditacion-de-comerciantes-de-atencion-medica\/#breadcrumb"},"inLanguage":"es","potentialAction":[{"@type":"ReadAction","target":["https:\/\/safe.pharmacy\/es\/compre-con-seguridad\/formulario-de-acreditacion-de-comerciantes-de-atencion-medica\/"]}]},{"@type":"BreadcrumbList","@id":"https:\/\/safe.pharmacy\/es\/compre-con-seguridad\/formulario-de-acreditacion-de-comerciantes-de-atencion-medica\/#breadcrumb","itemListElement":[{"@type":"ListItem","position":1,"name":"Home","item":"https:\/\/safe.pharmacy\/es\/"},{"@type":"ListItem","position":2,"name":"Compre con Seguridad","item":"https:\/\/safe.pharmacy\/es\/compre-con-seguridad\/"},{"@type":"ListItem","position":3,"name":"Formulario de Acreditaci\u00f3n de Comerciantes de Atenci\u00f3n M\u00e9dica"}]},{"@type":"WebSite","@id":"https:\/\/safe.pharmacy\/es\/#website","url":"https:\/\/safe.pharmacy\/es\/","name":"NABP","description":"Your resource for safe pharmacy","publisher":{"@id":"https:\/\/safe.pharmacy\/es\/#organization"},"potentialAction":[{"@type":"SearchAction","target":{"@type":"EntryPoint","urlTemplate":"https:\/\/safe.pharmacy\/es\/?s={search_term_string}"},"query-input":{"@type":"PropertyValueSpecification","valueRequired":true,"valueName":"search_term_string"}}],"inLanguage":"es"},{"@type":"Organization","@id":"https:\/\/safe.pharmacy\/es\/#organization","name":"NABP","url":"https:\/\/safe.pharmacy\/es\/","logo":{"@type":"ImageObject","inLanguage":"es","@id":"https:\/\/safe.pharmacy\/es\/#\/schema\/logo\/image\/","url":"https:\/\/safe.pharmacy\/wp-content\/uploads\/2023\/12\/Safe-Pharmacy-Logo.svg","contentUrl":"https:\/\/safe.pharmacy\/wp-content\/uploads\/2023\/12\/Safe-Pharmacy-Logo.svg","width":151,"height":68,"caption":"NABP"},"image":{"@id":"https:\/\/safe.pharmacy\/es\/#\/schema\/logo\/image\/"}}]}},"_links":{"self":[{"href":"https:\/\/safe.pharmacy\/es\/wp-json\/wp\/v2\/pages\/5726","targetHints":{"allow":["GET"]}}],"collection":[{"href":"https:\/\/safe.pharmacy\/es\/wp-json\/wp\/v2\/pages"}],"about":[{"href":"https:\/\/safe.pharmacy\/es\/wp-json\/wp\/v2\/types\/page"}],"author":[{"embeddable":true,"href":"https:\/\/safe.pharmacy\/es\/wp-json\/wp\/v2\/users\/13"}],"replies":[{"embeddable":true,"href":"https:\/\/safe.pharmacy\/es\/wp-json\/wp\/v2\/comments?post=5726"}],"version-history":[{"count":2,"href":"https:\/\/safe.pharmacy\/es\/wp-json\/wp\/v2\/pages\/5726\/revisions"}],"predecessor-version":[{"id":5732,"href":"https:\/\/safe.pharmacy\/es\/wp-json\/wp\/v2\/pages\/5726\/revisions\/5732"}],"up":[{"embeddable":true,"href":"https:\/\/safe.pharmacy\/es\/wp-json\/wp\/v2\/pages\/597"}],"wp:attachment":[{"href":"https:\/\/safe.pharmacy\/es\/wp-json\/wp\/v2\/media?parent=5726"}],"curies":[{"name":"wp","href":"https:\/\/api.w.org\/{rel}","templated":true}]}}