{"id":5430,"date":"2025-03-07T10:53:11","date_gmt":"2025-03-07T16:53:11","guid":{"rendered":"https:\/\/safe.pharmacy\/?page_id=5430"},"modified":"2026-03-05T14:58:40","modified_gmt":"2026-03-05T20:58:40","slug":"como-puede-ayudar-los-farmaceuticos","status":"publish","type":"page","link":"https:\/\/safe.pharmacy\/es\/uso-seguro\/como-puede-ayudar-los-farmaceuticos\/","title":{"rendered":"C\u00f3mo puede ayudar los farmac\u00e9uticos"},"content":{"rendered":"\n<div class=\"wp-block-cover alignfull is-light\" style=\"min-height:347px;aspect-ratio:unset;\"><img loading=\"lazy\" decoding=\"async\" width=\"2560\" height=\"1709\" class=\"wp-block-cover__image-background wp-image-5920 size-large\" alt=\"\" src=\"https:\/\/safe.pharmacy\/wp-content\/uploads\/2026\/01\/How-Pharmacists-Help-Patients.svg\" style=\"object-position:55% 28%\" data-object-fit=\"cover\" data-object-position=\"55% 28%\"\/><span aria-hidden=\"true\" class=\"wp-block-cover__background has-background-dim-0 has-background-dim\" style=\"background-color:#c8c7c8\"><\/span><div class=\"wp-block-cover__inner-container is-layout-constrained wp-block-cover-is-layout-constrained\">\n<div class=\"wp-block-columns is-layout-flex wp-container-core-columns-is-layout-9d6595d7 wp-block-columns-is-layout-flex\">\n<div class=\"wp-block-column is-vertically-aligned-center is-layout-constrained wp-block-column-is-layout-constrained\">\n<h2 class=\"wp-block-heading is-style-black-with-blur\" style=\"font-size:47px;font-style:normal;font-weight:300\">Farmac\u00e9uticos: Expertos para ayudarle a administrar su atenci\u00f3n m\u00e9dica&nbsp;<\/h2>\n<\/div>\n\n\n\n<div class=\"wp-block-column is-layout-flow wp-block-column-is-layout-flow\"><\/div>\n<\/div>\n<\/div><\/div>\n\n\n\n<div class=\"wp-block-group alignfull no-padding has-background is-layout-constrained wp-block-group-is-layout-constrained\" style=\"background-color:#f2f2f2\"><div class=\"yoast-breadcrumbs\"><span><span><a href=\"https:\/\/safe.pharmacy\/es\/\">Home<\/a><\/span> &raquo; <span><a href=\"https:\/\/safe.pharmacy\/es\/uso-seguro\/\">Uso Seguro<\/a><\/span> &raquo; <span class=\"breadcrumb_last\" aria-current=\"page\">C\u00f3mo puede ayudar los farmac\u00e9uticos<\/span><\/span><\/div><\/div>\n\n\n\n<h1 class=\"wp-block-heading\">C\u00f3mo puede ayudar los farmac\u00e9uticos<\/h1>\n\n\n\n<p>Los farmac\u00e9uticos se encuentran entre los proveedores de atenci\u00f3n m\u00e9dica m\u00e1s accesibles a disposici\u00f3n de los pacientes. Los farmac\u00e9uticos son sus expertos en medicamentos y est\u00e1n muy bien informados sobre c\u00f3mo funcionan los medicamentos, qu\u00e9 tratan y c\u00f3mo interact\u00faan con otros productos; pero tambi\u00e9n pueden ayudarle con otros problemas y temas de salud sin esperar una cita con el m\u00e9dico.&nbsp;<\/p>\n\n\n\n<div style=\"height:25px\" aria-hidden=\"true\" class=\"wp-block-spacer\"><\/div>\n\n\n\n<div class=\"wp-block-columns is-layout-flex wp-container-core-columns-is-layout-9d6595d7 wp-block-columns-is-layout-flex\">\n<div class=\"wp-block-column is-layout-flow wp-block-column-is-layout-flow\" style=\"flex-basis:90px\">\n<figure class=\"wp-block-image size-large is-resized\"><img loading=\"lazy\" decoding=\"async\" width=\"72\" height=\"94\" src=\"https:\/\/safe.pharmacy\/wp-content\/uploads\/2024\/01\/ic-SafeOTC.svg\" alt=\"Prescription bottle\" class=\"wp-image-4157\" style=\"width:65px\"\/><\/figure>\n<\/div>\n\n\n\n<div class=\"wp-block-column is-layout-flow wp-block-column-is-layout-flow\">\n<h2 class=\"wp-block-heading\"><strong>Temas Con Los Que Su Farmac\u00e9utico Le Puede Ayudar<\/strong>\u00a0<\/h2>\n\n\n\n<div style=\"height:10px\" aria-hidden=\"true\" class=\"wp-block-spacer\"><\/div>\n\n\n\n<p>Hay una amplia gama de temas que su farmac\u00e9utico puede tratar con usted; aqu\u00ed hay algunos:&nbsp;<\/p>\n\n\n\n<h3 class=\"wp-block-heading\"><strong>Administrar Sus Medicamentos<\/strong><\/h3>\n\n\n\n<p>Si le cuesta seguir un horario constante, mantener las cosas organizadas para evitar perderse dosis o ajustar sus medicamentos, su farmac\u00e9utico puede trabajar con usted para crear un plan personalizado para sus necesidades de salud.&nbsp;<\/p>\n\n\n\n<h3 class=\"wp-block-heading\"><strong>Usar Opioides de Manera Segura<\/strong><\/h3>\n\n\n\n<p>Incluso si est\u00e1 usando opioides exactamente como se lo recet\u00f3 su m\u00e9dico, pueden ocurrir accidentes peligrosos. Su farmac\u00e9utico puede informarle sobre c\u00f3mo tomar su medicamento, lo que incluye analizar la dosis correcta, la frecuencia y c\u00f3mo evitar un accidente que podr\u00eda provocar una sobredosis. Si est\u00e1 buscando informaci\u00f3n sobre la naloxona, un medicamento para revertir la sobredosis que salva vidas, preg\u00fantele a su farmac\u00e9utico al respecto y\u202f <a href=\"https:\/\/youtu.be\/moC50FXVdAE?si=1aHKA5hhMFCAmjVJ\" target=\"_blank\" rel=\"noreferrer noopener\">vea este video<\/a>.&nbsp;<\/p>\n\n\n\n<h3 class=\"wp-block-heading\">Recetar medicamentos para el trastorno por consumo de opioides<\/h3>\n\n\n\n<p>Si usted o un ser querido sufre un trastorno por consumo de opioides (OUD), su farmac\u00e9utico puede recetarle buprenorfina. Al completar una formaci\u00f3n especializada, los farmac\u00e9uticos pueden proporcionar este tratamiento directamente en las farmacias comunitarias, ayudando a los pacientes a acceder a la atenci\u00f3n m\u00e1s r\u00e1pidamente. Este cambio facilita las cosas para las personas que padecen OUD y que tal vez no tengan acceso a un m\u00e9dico o se sientan inc\u00f3modas buscando tratamiento m\u00e9dico debido al estigma.<\/p>\n\n\n\n<h3 class=\"wp-block-heading\"><strong><strong>Encuentre Medicamentos y Suplementos de Venta Libre<\/strong>\u00a0<\/strong><\/h3>\n\n\n\n<p>Junto con los medicamentos de venta con receta, los farmac\u00e9uticos reciben capacitaci\u00f3n sobre la qu\u00edmica y la dosis de los medicamentos y suplementos de venta libre (OTC, por sus siglas en ingl\u00e9s). Si tiene curiosidad acerca de los medicamentos o suplementos de venta libre, preg\u00fantele a su farmac\u00e9utico c\u00f3mo podr\u00eda ayudarle a alcanzar sus objetivos de salud.&nbsp;<\/p>\n\n\n\n<h3 class=\"wp-block-heading\"><strong><strong>Manejo de Enfermedades Cr\u00f3nicas<\/strong>\u00a0<\/strong><\/h3>\n\n\n\n<p>Si tiene una enfermedad cr\u00f3nica como diabetes, enfermedad cardiovascular u otra cosa que afecte su salud a largo plazo, los farmac\u00e9uticos le pueden ayudar a elaborar un plan para administrar su tratamiento.&nbsp;<\/p>\n\n\n\n<h3 class=\"wp-block-heading\">Proporcionar consultas de salud antes del viaje.<\/h3>\n\n\n\n<p>Los farmac\u00e9uticos pueden ayudarlo a prepararse para un viaje internacional revisando su destino, su historial m\u00e9dico y sus medicamentos actuales. Pueden recomendar las vacunas necesarias, recetar ciertos medicamentos preventivos y brindarle orientaci\u00f3n para ayudarlo a evitar riesgos de salud comunes relacionados con los viajes. Una consulta previa al viaje puede ayudarle a viajar con mayor confianza y tranquilidad.<\/p>\n\n\n\n<h3 class=\"wp-block-heading\"><strong>Ahorrar Dinero en Medicamentos<\/strong><\/h3>\n\n\n\n<p>Es posible que los farmac\u00e9uticos puedan compartir opciones para ayudarle a ahorrar dinero en medicamentos. Pueden recomendar versiones gen\u00e9ricas de medicamentos o\u202f<a href=\"https:\/\/www.fda.gov\/drugs\/therapeutic-biologics-applications-bla\/biosimilars\" target=\"_blank\" rel=\"noreferrer noopener\">biosimilares<\/a>, encontrar medicamentos menos costosos que tengan los mismos efectos y compartir informaci\u00f3n sobre tarjetas de descuento o cupones.&nbsp;<\/p>\n\n\n\n<h3 class=\"wp-block-heading\"><strong>Vacunarse<\/strong><\/h3>\n\n\n\n<p>\u00a1No espere a una cita con el m\u00e9dico para recibir una vacuna! Programe su vacunaci\u00f3n en su farmacia local.&nbsp;<\/p>\n<\/div>\n<\/div>\n\n\n\n<div style=\"height:20px\" aria-hidden=\"true\" class=\"wp-block-spacer\"><\/div>\n\n\n\n<hr class=\"wp-block-separator alignfull has-text-color has-safe-blue-color has-alpha-channel-opacity has-safe-blue-background-color has-background is-style-wide\"\/>\n\n\n\n<div style=\"height:25px\" aria-hidden=\"true\" class=\"wp-block-spacer\"><\/div>\n\n\n\n<div style=\"height:25px\" aria-hidden=\"true\" class=\"wp-block-spacer\"><\/div>\n\n\n\n<div class=\"wp-block-columns is-layout-flex wp-container-core-columns-is-layout-9d6595d7 wp-block-columns-is-layout-flex\">\n<div class=\"wp-block-column is-layout-flow wp-block-column-is-layout-flow\" style=\"flex-basis:90px\">\n<figure class=\"wp-block-image size-large is-resized\"><img loading=\"lazy\" decoding=\"async\" width=\"72\" height=\"93\" src=\"https:\/\/safe.pharmacy\/wp-content\/uploads\/2024\/01\/ic-Pharmacist.svg\" alt=\"Pharmacist icon\" class=\"wp-image-4176\" style=\"width:65px\"\/><\/figure>\n<\/div>\n\n\n\n<div class=\"wp-block-column is-layout-flow wp-block-column-is-layout-flow\">\n<h2 class=\"wp-block-heading\"><strong>Preguntas para hacer a su farmac\u00e9utico<\/strong><\/h2>\n\n\n\n<div style=\"height:10px\" aria-hidden=\"true\" class=\"wp-block-spacer\"><\/div>\n\n\n\n<p>Cuando recoja un medicamento en su farmacia, lo m\u00e1s probable es que le pregunten: \u00ab\u00bfTiene alguna pregunta para el farmac\u00e9utico?\u00bb, pero, \u00bfsabe qu\u00e9 preguntas podr\u00eda hacer? Estos son algunos ejemplos de preguntas que puede hacerle a su farmac\u00e9utico.<\/p>\n\n\n<div class=\"rounded-rectangles rr-left\">\n\n  <div class=\"image-rectangle\" style=\"background-image:url(https:\/\/safe.pharmacy\/wp-content\/uploads\/2025\/01\/iStock-950292796-1-scaled-e1736877325754.jpg);\"><\/div>\n  <div class=\"content-rectangle darkbg\" style=\"background-color:#232667;\">\n        <div class=\"acf-innerblocks-container\">\n\n<ol class=\"wp-block-list\">\n<li class=\"has-medium-font-size\" style=\"font-style:normal;font-weight:300\">\u00bfHay alg\u00fan medicamento de venta libre que deba evitar mientras tomo mi medicamento recetado?&nbsp;<\/li>\n\n\n\n<li class=\"has-medium-font-size\" style=\"font-style:normal;font-weight:300\">\u00bfDebo evitar el alcohol mientras tomo mi prescripci\u00f3n?&nbsp;<\/li>\n\n\n\n<li class=\"has-medium-font-size\" style=\"font-style:normal;font-weight:300\">\u00bfEs seguro conducir mientras tomo mis medicamentos recetados?&nbsp;<\/li>\n\n\n\n<li class=\"has-medium-font-size\" style=\"font-style:normal;font-weight:300\">\u00bfHay alg\u00fan cup\u00f3n para este medicamento o alguna alternativa m\u00e1s econ\u00f3mica?&nbsp;<\/li>\n\n\n\n<li class=\"has-medium-font-size\" style=\"font-style:normal;font-weight:300\">\u00bfC\u00f3mo debo guardar este medicamento?&nbsp;<\/li>\n\n\n\n<li class=\"has-medium-font-size\" style=\"font-style:normal;font-weight:300\">\u00bfCu\u00e1nto tiempo tardar\u00e1 en hacer efecto este medicamento?&nbsp;<\/li>\n\n\n\n<li class=\"has-medium-font-size\" style=\"font-style:normal;font-weight:300\">\u00bfQu\u00e9 debo hacer si me olvido de una dosis?&nbsp;<\/li>\n\n\n\n<li class=\"has-medium-font-size\" style=\"font-style:normal;font-weight:300\">\u00bfQu\u00e9 debo hacer si olvido mi medicamento?&nbsp;<\/li>\n\n\n\n<li class=\"has-medium-font-size\" style=\"font-style:normal;font-weight:300\">\u00bfQu\u00e9 medicamentos de venta libre podr\u00edan ayudar con mi afecci\u00f3n?&nbsp;<\/li>\n\n\n\n<li class=\"has-medium-font-size\" style=\"font-style:normal;font-weight:300\">\u00bfC\u00f3mo debo viajar con este medicamento?&nbsp;<\/li>\n\n\n\n<li class=\"has-medium-font-size\" style=\"font-style:normal;font-weight:300\">\u00bfC\u00f3mo desecho correctamente este medicamento?&nbsp;<\/li>\n<\/ol>\n\n<\/div>\n\n  <\/div>\n<\/div>\n\n\n<div style=\"height:20px\" aria-hidden=\"true\" class=\"wp-block-spacer\"><\/div>\n\n\n\n<div style=\"height:0px\" aria-hidden=\"true\" class=\"wp-block-spacer\"><\/div>\n\n\n\n<p>Estos son solo algunos ejemplos de preguntas que puede hacerle a su farmac\u00e9utico, as\u00ed que no tenga miedo de pedir ayuda con otros problemas de salud. Encuentre m\u00e1s consejos de seguridad para medicamentos en el\u202f<a href=\"https:\/\/www.cdc.gov\/medication-safety\/about\/index.html\" target=\"_blank\" rel=\"noreferrer noopener\">sitio web de los CDC<\/a>.<\/p>\n<\/div>\n<\/div>\n","protected":false},"excerpt":{"rendered":"<p>C\u00f3mo puede ayudar los farmac\u00e9uticos Los farmac\u00e9uticos se encuentran entre los proveedores de atenci\u00f3n m\u00e9dica m\u00e1s accesibles a disposici\u00f3n de los pacientes. Los farmac\u00e9uticos son sus expertos en medicamentos y est\u00e1n muy bien informados sobre c\u00f3mo funcionan los medicamentos, qu\u00e9 tratan y c\u00f3mo interact\u00faan con otros productos; pero tambi\u00e9n pueden ayudarle con otros problemas y [&hellip;]<\/p>\n","protected":false},"author":13,"featured_media":5401,"parent":4698,"menu_order":0,"comment_status":"closed","ping_status":"closed","template":"","meta":{"_acf_changed":false,"footnotes":""},"class_list":["post-5430","page","type-page","status-publish","has-post-thumbnail","hentry"],"acf":[],"yoast_head":"<!-- This site is optimized with the Yoast SEO plugin v27.2 - https:\/\/yoast.com\/product\/yoast-seo-wordpress\/ -->\n<title>6 temas con los que su farmac\u00e9utico puede ayudarle<\/title>\n<meta name=\"description\" content=\"Descubra preguntas para hacerle a su farmac\u00e9utico y aprenda c\u00f3mo pueden ayudarlo a administrar sus necesidades de atenci\u00f3n m\u00e9dica.\" \/>\n<meta name=\"robots\" content=\"index, follow, max-snippet:-1, max-image-preview:large, max-video-preview:-1\" \/>\n<link rel=\"canonical\" href=\"https:\/\/safe.pharmacy\/es\/uso-seguro\/como-puede-ayudar-los-farmaceuticos\/\" \/>\n<meta property=\"og:locale\" content=\"es_ES\" \/>\n<meta property=\"og:type\" content=\"article\" \/>\n<meta property=\"og:title\" content=\"6 temas con los que su farmac\u00e9utico puede ayudarle\" \/>\n<meta property=\"og:description\" content=\"Descubra preguntas para hacerle a su farmac\u00e9utico y aprenda c\u00f3mo pueden ayudarlo a administrar sus necesidades de atenci\u00f3n m\u00e9dica.\" \/>\n<meta property=\"og:url\" content=\"https:\/\/safe.pharmacy\/es\/uso-seguro\/como-puede-ayudar-los-farmaceuticos\/\" \/>\n<meta property=\"og:site_name\" content=\"Safe.Pharmacy\" \/>\n<meta property=\"article:modified_time\" content=\"2026-03-05T20:58:40+00:00\" \/>\n<meta property=\"og:image\" content=\"https:\/\/safe.pharmacy\/wp-content\/uploads\/2025\/02\/iStock-518285260-scaled.jpg\" \/>\n\t<meta property=\"og:image:width\" content=\"2560\" \/>\n\t<meta property=\"og:image:height\" content=\"1709\" \/>\n\t<meta property=\"og:image:type\" content=\"image\/jpeg\" \/>\n<meta name=\"twitter:card\" content=\"summary_large_image\" \/>\n<meta name=\"twitter:label1\" content=\"Tiempo de lectura\" \/>\n\t<meta name=\"twitter:data1\" content=\"4 minutos\" \/>\n<script type=\"application\/ld+json\" class=\"yoast-schema-graph\">{\"@context\":\"https:\/\/schema.org\",\"@graph\":[{\"@type\":\"WebPage\",\"@id\":\"https:\/\/safe.pharmacy\/es\/uso-seguro\/como-puede-ayudar-los-farmaceuticos\/\",\"url\":\"https:\/\/safe.pharmacy\/es\/uso-seguro\/como-puede-ayudar-los-farmaceuticos\/\",\"name\":\"6 temas con los que su farmac\u00e9utico puede ayudarle\",\"isPartOf\":{\"@id\":\"https:\/\/safe.pharmacy\/es\/#website\"},\"primaryImageOfPage\":{\"@id\":\"https:\/\/safe.pharmacy\/es\/uso-seguro\/como-puede-ayudar-los-farmaceuticos\/#primaryimage\"},\"image\":{\"@id\":\"https:\/\/safe.pharmacy\/es\/uso-seguro\/como-puede-ayudar-los-farmaceuticos\/#primaryimage\"},\"thumbnailUrl\":\"https:\/\/safe.pharmacy\/wp-content\/uploads\/2025\/02\/iStock-518285260-scaled.jpg\",\"datePublished\":\"2025-03-07T16:53:11+00:00\",\"dateModified\":\"2026-03-05T20:58:40+00:00\",\"description\":\"Descubra preguntas para hacerle a su farmac\u00e9utico y aprenda c\u00f3mo pueden ayudarlo a administrar sus necesidades de atenci\u00f3n m\u00e9dica.\",\"breadcrumb\":{\"@id\":\"https:\/\/safe.pharmacy\/es\/uso-seguro\/como-puede-ayudar-los-farmaceuticos\/#breadcrumb\"},\"inLanguage\":\"es\",\"potentialAction\":[{\"@type\":\"ReadAction\",\"target\":[\"https:\/\/safe.pharmacy\/es\/uso-seguro\/como-puede-ayudar-los-farmaceuticos\/\"]}]},{\"@type\":\"ImageObject\",\"inLanguage\":\"es\",\"@id\":\"https:\/\/safe.pharmacy\/es\/uso-seguro\/como-puede-ayudar-los-farmaceuticos\/#primaryimage\",\"url\":\"https:\/\/safe.pharmacy\/wp-content\/uploads\/2025\/02\/iStock-518285260-scaled.jpg\",\"contentUrl\":\"https:\/\/safe.pharmacy\/wp-content\/uploads\/2025\/02\/iStock-518285260-scaled.jpg\",\"width\":2560,\"height\":1709,\"caption\":\"A female pharmacist sits with a senior female patient in the pharmacist consultation area and discusses her prescription and choice of medication. In the background a father and daughter stand at the dispensing counter and are served by a female pharmacy assistant .\"},{\"@type\":\"BreadcrumbList\",\"@id\":\"https:\/\/safe.pharmacy\/es\/uso-seguro\/como-puede-ayudar-los-farmaceuticos\/#breadcrumb\",\"itemListElement\":[{\"@type\":\"ListItem\",\"position\":1,\"name\":\"Home\",\"item\":\"https:\/\/safe.pharmacy\/es\/\"},{\"@type\":\"ListItem\",\"position\":2,\"name\":\"Uso Seguro\",\"item\":\"https:\/\/safe.pharmacy\/es\/uso-seguro\/\"},{\"@type\":\"ListItem\",\"position\":3,\"name\":\"C\u00f3mo puede ayudar los farmac\u00e9uticos\"}]},{\"@type\":\"WebSite\",\"@id\":\"https:\/\/safe.pharmacy\/es\/#website\",\"url\":\"https:\/\/safe.pharmacy\/es\/\",\"name\":\"NABP\",\"description\":\"Your resource for safe pharmacy\",\"publisher\":{\"@id\":\"https:\/\/safe.pharmacy\/es\/#organization\"},\"potentialAction\":[{\"@type\":\"SearchAction\",\"target\":{\"@type\":\"EntryPoint\",\"urlTemplate\":\"https:\/\/safe.pharmacy\/es\/?s={search_term_string}\"},\"query-input\":{\"@type\":\"PropertyValueSpecification\",\"valueRequired\":true,\"valueName\":\"search_term_string\"}}],\"inLanguage\":\"es\"},{\"@type\":\"Organization\",\"@id\":\"https:\/\/safe.pharmacy\/es\/#organization\",\"name\":\"NABP\",\"url\":\"https:\/\/safe.pharmacy\/es\/\",\"logo\":{\"@type\":\"ImageObject\",\"inLanguage\":\"es\",\"@id\":\"https:\/\/safe.pharmacy\/es\/#\/schema\/logo\/image\/\",\"url\":\"https:\/\/safe.pharmacy\/wp-content\/uploads\/2023\/12\/Safe-Pharmacy-Logo.svg\",\"contentUrl\":\"https:\/\/safe.pharmacy\/wp-content\/uploads\/2023\/12\/Safe-Pharmacy-Logo.svg\",\"width\":151,\"height\":68,\"caption\":\"NABP\"},\"image\":{\"@id\":\"https:\/\/safe.pharmacy\/es\/#\/schema\/logo\/image\/\"}}]}<\/script>\n<!-- \/ Yoast SEO plugin. -->","yoast_head_json":{"title":"6 temas con los que su farmac\u00e9utico puede ayudarle","description":"Descubra preguntas para hacerle a su farmac\u00e9utico y aprenda c\u00f3mo pueden ayudarlo a administrar sus necesidades de atenci\u00f3n m\u00e9dica.","robots":{"index":"index","follow":"follow","max-snippet":"max-snippet:-1","max-image-preview":"max-image-preview:large","max-video-preview":"max-video-preview:-1"},"canonical":"https:\/\/safe.pharmacy\/es\/uso-seguro\/como-puede-ayudar-los-farmaceuticos\/","og_locale":"es_ES","og_type":"article","og_title":"6 temas con los que su farmac\u00e9utico puede ayudarle","og_description":"Descubra preguntas para hacerle a su farmac\u00e9utico y aprenda c\u00f3mo pueden ayudarlo a administrar sus necesidades de atenci\u00f3n m\u00e9dica.","og_url":"https:\/\/safe.pharmacy\/es\/uso-seguro\/como-puede-ayudar-los-farmaceuticos\/","og_site_name":"Safe.Pharmacy","article_modified_time":"2026-03-05T20:58:40+00:00","og_image":[{"width":2560,"height":1709,"url":"https:\/\/safe.pharmacy\/wp-content\/uploads\/2025\/02\/iStock-518285260-scaled.jpg","type":"image\/jpeg"}],"twitter_card":"summary_large_image","twitter_misc":{"Tiempo de lectura":"4 minutos"},"schema":{"@context":"https:\/\/schema.org","@graph":[{"@type":"WebPage","@id":"https:\/\/safe.pharmacy\/es\/uso-seguro\/como-puede-ayudar-los-farmaceuticos\/","url":"https:\/\/safe.pharmacy\/es\/uso-seguro\/como-puede-ayudar-los-farmaceuticos\/","name":"6 temas con los que su farmac\u00e9utico puede ayudarle","isPartOf":{"@id":"https:\/\/safe.pharmacy\/es\/#website"},"primaryImageOfPage":{"@id":"https:\/\/safe.pharmacy\/es\/uso-seguro\/como-puede-ayudar-los-farmaceuticos\/#primaryimage"},"image":{"@id":"https:\/\/safe.pharmacy\/es\/uso-seguro\/como-puede-ayudar-los-farmaceuticos\/#primaryimage"},"thumbnailUrl":"https:\/\/safe.pharmacy\/wp-content\/uploads\/2025\/02\/iStock-518285260-scaled.jpg","datePublished":"2025-03-07T16:53:11+00:00","dateModified":"2026-03-05T20:58:40+00:00","description":"Descubra preguntas para hacerle a su farmac\u00e9utico y aprenda c\u00f3mo pueden ayudarlo a administrar sus necesidades de atenci\u00f3n m\u00e9dica.","breadcrumb":{"@id":"https:\/\/safe.pharmacy\/es\/uso-seguro\/como-puede-ayudar-los-farmaceuticos\/#breadcrumb"},"inLanguage":"es","potentialAction":[{"@type":"ReadAction","target":["https:\/\/safe.pharmacy\/es\/uso-seguro\/como-puede-ayudar-los-farmaceuticos\/"]}]},{"@type":"ImageObject","inLanguage":"es","@id":"https:\/\/safe.pharmacy\/es\/uso-seguro\/como-puede-ayudar-los-farmaceuticos\/#primaryimage","url":"https:\/\/safe.pharmacy\/wp-content\/uploads\/2025\/02\/iStock-518285260-scaled.jpg","contentUrl":"https:\/\/safe.pharmacy\/wp-content\/uploads\/2025\/02\/iStock-518285260-scaled.jpg","width":2560,"height":1709,"caption":"A female pharmacist sits with a senior female patient in the pharmacist consultation area and discusses her prescription and choice of medication. In the background a father and daughter stand at the dispensing counter and are served by a female pharmacy assistant ."},{"@type":"BreadcrumbList","@id":"https:\/\/safe.pharmacy\/es\/uso-seguro\/como-puede-ayudar-los-farmaceuticos\/#breadcrumb","itemListElement":[{"@type":"ListItem","position":1,"name":"Home","item":"https:\/\/safe.pharmacy\/es\/"},{"@type":"ListItem","position":2,"name":"Uso Seguro","item":"https:\/\/safe.pharmacy\/es\/uso-seguro\/"},{"@type":"ListItem","position":3,"name":"C\u00f3mo puede ayudar los farmac\u00e9uticos"}]},{"@type":"WebSite","@id":"https:\/\/safe.pharmacy\/es\/#website","url":"https:\/\/safe.pharmacy\/es\/","name":"NABP","description":"Your resource for safe pharmacy","publisher":{"@id":"https:\/\/safe.pharmacy\/es\/#organization"},"potentialAction":[{"@type":"SearchAction","target":{"@type":"EntryPoint","urlTemplate":"https:\/\/safe.pharmacy\/es\/?s={search_term_string}"},"query-input":{"@type":"PropertyValueSpecification","valueRequired":true,"valueName":"search_term_string"}}],"inLanguage":"es"},{"@type":"Organization","@id":"https:\/\/safe.pharmacy\/es\/#organization","name":"NABP","url":"https:\/\/safe.pharmacy\/es\/","logo":{"@type":"ImageObject","inLanguage":"es","@id":"https:\/\/safe.pharmacy\/es\/#\/schema\/logo\/image\/","url":"https:\/\/safe.pharmacy\/wp-content\/uploads\/2023\/12\/Safe-Pharmacy-Logo.svg","contentUrl":"https:\/\/safe.pharmacy\/wp-content\/uploads\/2023\/12\/Safe-Pharmacy-Logo.svg","width":151,"height":68,"caption":"NABP"},"image":{"@id":"https:\/\/safe.pharmacy\/es\/#\/schema\/logo\/image\/"}}]}},"_links":{"self":[{"href":"https:\/\/safe.pharmacy\/es\/wp-json\/wp\/v2\/pages\/5430","targetHints":{"allow":["GET"]}}],"collection":[{"href":"https:\/\/safe.pharmacy\/es\/wp-json\/wp\/v2\/pages"}],"about":[{"href":"https:\/\/safe.pharmacy\/es\/wp-json\/wp\/v2\/types\/page"}],"author":[{"embeddable":true,"href":"https:\/\/safe.pharmacy\/es\/wp-json\/wp\/v2\/users\/13"}],"replies":[{"embeddable":true,"href":"https:\/\/safe.pharmacy\/es\/wp-json\/wp\/v2\/comments?post=5430"}],"version-history":[{"count":5,"href":"https:\/\/safe.pharmacy\/es\/wp-json\/wp\/v2\/pages\/5430\/revisions"}],"predecessor-version":[{"id":6036,"href":"https:\/\/safe.pharmacy\/es\/wp-json\/wp\/v2\/pages\/5430\/revisions\/6036"}],"up":[{"embeddable":true,"href":"https:\/\/safe.pharmacy\/es\/wp-json\/wp\/v2\/pages\/4698"}],"wp:featuredmedia":[{"embeddable":true,"href":"https:\/\/safe.pharmacy\/es\/wp-json\/wp\/v2\/media\/5401"}],"wp:attachment":[{"href":"https:\/\/safe.pharmacy\/es\/wp-json\/wp\/v2\/media?parent=5430"}],"curies":[{"name":"wp","href":"https:\/\/api.w.org\/{rel}","templated":true}]}}