{"id":5420,"date":"2025-03-07T09:31:36","date_gmt":"2025-03-07T15:31:36","guid":{"rendered":"https:\/\/safe.pharmacy\/?page_id=5420"},"modified":"2025-03-07T09:31:38","modified_gmt":"2025-03-07T15:31:38","slug":"este-atento-para-obtener-mas-informacion-de-nabp","status":"publish","type":"page","link":"https:\/\/safe.pharmacy\/es\/este-atento-para-obtener-mas-informacion-de-nabp\/","title":{"rendered":"Est\u00e9 atento para obtener m\u00e1s informaci\u00f3n de NABP!"},"content":{"rendered":"\n<div class=\"wp-block-cover alignfull\" style=\"padding-top:var(--wp--preset--spacing--80);padding-bottom:var(--wp--preset--spacing--80)\"><span aria-hidden=\"true\" class=\"wp-block-cover__background has-background-dim-100 has-background-dim has-background-gradient has-nabp-purple-gradient-gradient-background\"><\/span><div class=\"wp-block-cover__inner-container is-layout-constrained wp-block-cover-is-layout-constrained\">\n<div class=\"wp-block-columns is-layout-flex wp-container-core-columns-is-layout-9d6595d7 wp-block-columns-is-layout-flex\">\n<div class=\"wp-block-column is-vertically-aligned-center is-layout-flow wp-block-column-is-layout-flow\">\n<h1 class=\"wp-block-heading\">\u00a1Ya est\u00e1 todo listo! Gracias por suscribirse a\u202f<em>Safe Pharmacy News<\/em>. Est\u00e9 atento para obtener m\u00e1s informaci\u00f3n de NABP.\u00a0<\/h1>\n<\/div>\n\n\n\n<div class=\"wp-block-column is-layout-flow wp-block-column-is-layout-flow\"><\/div>\n<\/div>\n<\/div><\/div>\n\n\n\n<div class=\"wp-block-group alignfull no-padding has-background is-layout-constrained wp-block-group-is-layout-constrained\" style=\"background-color:#f2f2f2\"><div class=\"yoast-breadcrumbs\"><span><span><a href=\"https:\/\/safe.pharmacy\/es\/\">Home<\/a><\/span> &raquo; <span class=\"breadcrumb_last\" aria-current=\"page\">Est\u00e9 atento para obtener m\u00e1s informaci\u00f3n de NABP!<\/span><\/span><\/div><\/div>\n\n\n\n<h2 class=\"wp-block-heading\"><strong>Gracias por ser un Suscriptor de\u202f<em>Safe Pharmacy News<\/em><\/strong>\u00a0<\/h2>\n\n\n\n<div class=\"wp-block-columns is-layout-flex wp-container-core-columns-is-layout-9d6595d7 wp-block-columns-is-layout-flex\">\n<div class=\"wp-block-column is-layout-flow wp-block-column-is-layout-flow\" style=\"flex-basis:66.66%\">\n<p>\u00a1Ya est\u00e1 todo listo! Su suscripci\u00f3n a\u202f<em>Safe Pharmacy News<\/em>\u202fha sido confirmada con \u00e9xito. Nos complace mantenerle informado sobre las \u00faltimas noticias sobre la seguridad de los medicamentos para el consumidor, entregadas directamente en su bandeja de entrada.<\/p>\n\n\n\n<p>Puede esperar recibir una amplia gama de contenido, incluido lo siguiente:\u00a0<\/p>\n\n\n\n<ul class=\"wp-block-list\">\n<li>Prevenci\u00f3n del abuso de medicamentos recetados\u00a0<\/li>\n\n\n\n<li>Seguridad de los medicamentos\u00a0<\/li>\n\n\n\n<li>Seguridad de la farmacia en l\u00ednea\u00a0<\/li>\n\n\n\n<li>Recursos centrados en el consumidor\u00a0<\/li>\n<\/ul>\n<\/div>\n\n\n\n<div class=\"wp-block-column is-layout-flow wp-block-column-is-layout-flow\" style=\"flex-basis:20%\">\n<figure class=\"wp-block-image size-large is-style-rounded is-style-rounded--1\"><img loading=\"lazy\" decoding=\"async\" width=\"991\" height=\"1024\" src=\"https:\/\/safe.pharmacy\/wp-content\/uploads\/2024\/01\/Resources-File-Image-991x1024.png\" alt=\"Resources Education Kit Image\" class=\"wp-image-3782\" srcset=\"https:\/\/safe.pharmacy\/wp-content\/uploads\/2024\/01\/Resources-File-Image-991x1024.png 991w, https:\/\/safe.pharmacy\/wp-content\/uploads\/2024\/01\/Resources-File-Image-290x300.png 290w, https:\/\/safe.pharmacy\/wp-content\/uploads\/2024\/01\/Resources-File-Image-768x793.png 768w, https:\/\/safe.pharmacy\/wp-content\/uploads\/2024\/01\/Resources-File-Image.png 1027w\" sizes=\"auto, (max-width: 991px) 100vw, 991px\" \/><\/figure>\n<\/div>\n<\/div>\n\n\n\n<div style=\"height:25px\" aria-hidden=\"true\" class=\"wp-block-spacer\"><\/div>\n\n\n\n<div class=\"wp-block-columns is-layout-flex wp-container-core-columns-is-layout-9d6595d7 wp-block-columns-is-layout-flex\">\n<div class=\"wp-block-column is-vertically-aligned-top is-layout-flow wp-block-column-is-layout-flow\" style=\"flex-basis:100px\">\n<div style=\"height:25px\" aria-hidden=\"true\" class=\"wp-block-spacer\"><\/div>\n\n\n\n<figure class=\"wp-block-image aligncenter size-large is-resized hide-on-mobile\"><img loading=\"lazy\" decoding=\"async\" width=\"84\" height=\"98\" src=\"https:\/\/safe.pharmacy\/wp-content\/uploads\/2024\/01\/ic-AvoidOnlineMeds.svg\" alt=\"Avoid Online Meds\" class=\"wp-image-4335\" style=\"width:65px;height:auto\"\/><\/figure>\n<\/div>\n\n\n\n<div class=\"wp-block-column is-layout-flow wp-block-column-is-layout-flow\">\n<h2 class=\"wp-block-heading\"><strong>Recursos de Safe Pharmacy<\/strong>\u00a0<\/h2>\n\n\n\n<p>Nos dedicamos a nuestra\u202f<a href=\"https:\/\/safe.pharmacy\/about\/\" target=\"_blank\" rel=\"noreferrer noopener\">misi\u00f3n<\/a>\u202fde proteger la salud p\u00fablica informando a los consumidores como usted sobre las pr\u00e1cticas seguras de medicamentos que apoyan su salud y bienestar y el de sus seres queridos.\u00a0<\/p>\n<\/div>\n<\/div>\n\n\n\n<hr class=\"wp-block-separator alignfull has-text-color has-custom-1-color has-alpha-channel-opacity has-custom-1-background-color has-background is-style-wide\"\/>\n\n\n\n<div style=\"height:25px\" aria-hidden=\"true\" class=\"wp-block-spacer\"><\/div>\n\n\n\n<div class=\"wp-block-columns is-layout-flex wp-container-core-columns-is-layout-9d6595d7 wp-block-columns-is-layout-flex\">\n<div class=\"wp-block-column is-vertically-aligned-top is-layout-flow wp-block-column-is-layout-flow\" style=\"flex-basis:100px\">\n<div style=\"height:25px\" aria-hidden=\"true\" class=\"wp-block-spacer\"><\/div>\n\n\n\n<figure class=\"wp-block-image aligncenter size-large is-resized hide-on-mobile\"><img loading=\"lazy\" decoding=\"async\" width=\"88\" height=\"84\" src=\"https:\/\/safe.pharmacy\/wp-content\/uploads\/2024\/01\/ic-OnlineCommunication.svg\" alt=\"Online Communication icon\" class=\"wp-image-4308\" style=\"width:65px;height:auto\"\/><\/figure>\n<\/div>\n\n\n\n<div class=\"wp-block-column is-layout-flow wp-block-column-is-layout-flow\">\n<h2 class=\"wp-block-heading\"><strong>Blogs educativos<\/strong><\/h2>\n\n\n\n<p>Mant\u00e9ngase al d\u00eda con nuestros blogs escritos por expertos que cubren temas cr\u00edticos de seguridad farmac\u00e9utica en l\u00ednea. Nuestros art\u00edculos proporcionan informaci\u00f3n valiosa sobre las \u00faltimas tendencias y las mejores pr\u00e1cticas para la seguridad de los medicamentos.\u00a0<\/p>\n\n\n\n<div class=\"wp-block-buttons is-layout-flex wp-block-buttons-is-layout-flex\">\n<div class=\"wp-block-button is-style-outline is-style-outline--2\"><a class=\"wp-block-button__link wp-element-button\" href=\"https:\/\/safe.pharmacy\/resources\/blog\/\">Obtenga m\u00e1s informaci\u00f3n<\/a><\/div>\n<\/div>\n<\/div>\n<\/div>\n\n\n\n<hr class=\"wp-block-separator alignfull has-text-color has-custom-1-color has-alpha-channel-opacity has-custom-1-background-color has-background is-style-wide\"\/>\n\n\n\n<div style=\"height:25px\" aria-hidden=\"true\" class=\"wp-block-spacer\"><\/div>\n\n\n\n<div class=\"wp-block-columns is-layout-flex wp-container-core-columns-is-layout-9d6595d7 wp-block-columns-is-layout-flex\">\n<div class=\"wp-block-column is-vertically-aligned-top is-layout-flow wp-block-column-is-layout-flow\" style=\"flex-basis:100px\">\n<div style=\"height:25px\" aria-hidden=\"true\" class=\"wp-block-spacer\"><\/div>\n\n\n\n<figure class=\"wp-block-image aligncenter size-large is-resized hide-on-mobile\"><img loading=\"lazy\" decoding=\"async\" width=\"94\" height=\"94\" src=\"https:\/\/safe.pharmacy\/wp-content\/uploads\/2024\/01\/ic-DataTransfer.svg\" alt=\"Two computers sharing data\" class=\"wp-image-4320\" style=\"width:65px;height:auto\"\/><\/figure>\n<\/div>\n\n\n\n<div class=\"wp-block-column is-layout-flow wp-block-column-is-layout-flow\">\n<h2 class=\"wp-block-heading\"><strong><strong><strong>S\u00edganos en las redes sociales<\/strong><\/strong><\/strong><\/h2>\n\n\n\n<p>\u00danase a la comunidad en las redes sociales para obtener actualizaciones en tiempo real sobre la seguridad de las farmacias en l\u00ednea. Formar\u00e1 parte de una comunidad en crecimiento dedicada a promover pr\u00e1cticas de seguridad de medicamentos seguras y confiables. \u00a1S\u00edganos hoy y ay\u00fadenos a correr la voz!\u00a0<\/p>\n\n\n\n<ul class=\"wp-block-social-links is-layout-flex wp-block-social-links-is-layout-flex\"><li class=\"wp-social-link wp-social-link-x  wp-block-social-link\"><a href=\"https:\/\/twitter.com\/NABPforPatients\" class=\"wp-block-social-link-anchor\"><svg width=\"24\" height=\"24\" viewBox=\"0 0 24 24\" version=\"1.1\" xmlns=\"http:\/\/www.w3.org\/2000\/svg\" aria-hidden=\"true\" focusable=\"false\"><path d=\"M13.982 10.622 20.54 3h-1.554l-5.693 6.618L8.745 3H3.5l6.876 10.007L3.5 21h1.554l6.012-6.989L15.868 21h5.245l-7.131-10.378Zm-2.128 2.474-.697-.997-5.543-7.93H8l4.474 6.4.697.996 5.815 8.318h-2.387l-4.745-6.787Z\" \/><\/svg><span class=\"wp-block-social-link-label screen-reader-text\">X<\/span><\/a><\/li>\n\n<li class=\"wp-social-link wp-social-link-facebook  wp-block-social-link\"><a href=\"https:\/\/www.facebook.com\/NABPforPatients\" class=\"wp-block-social-link-anchor\"><svg width=\"24\" height=\"24\" viewBox=\"0 0 24 24\" version=\"1.1\" xmlns=\"http:\/\/www.w3.org\/2000\/svg\" aria-hidden=\"true\" focusable=\"false\"><path d=\"M12 2C6.5 2 2 6.5 2 12c0 5 3.7 9.1 8.4 9.9v-7H7.9V12h2.5V9.8c0-2.5 1.5-3.9 3.8-3.9 1.1 0 2.2.2 2.2.2v2.5h-1.3c-1.2 0-1.6.8-1.6 1.6V12h2.8l-.4 2.9h-2.3v7C18.3 21.1 22 17 22 12c0-5.5-4.5-10-10-10z\"><\/path><\/svg><span class=\"wp-block-social-link-label screen-reader-text\">Facebook<\/span><\/a><\/li>\n\n<li class=\"wp-social-link wp-social-link-instagram  wp-block-social-link\"><a href=\"https:\/\/www.instagram.com\/nabpforpatients\/\" class=\"wp-block-social-link-anchor\"><svg width=\"24\" height=\"24\" viewBox=\"0 0 24 24\" version=\"1.1\" xmlns=\"http:\/\/www.w3.org\/2000\/svg\" aria-hidden=\"true\" focusable=\"false\"><path d=\"M12,4.622c2.403,0,2.688,0.009,3.637,0.052c0.877,0.04,1.354,0.187,1.671,0.31c0.42,0.163,0.72,0.358,1.035,0.673 c0.315,0.315,0.51,0.615,0.673,1.035c0.123,0.317,0.27,0.794,0.31,1.671c0.043,0.949,0.052,1.234,0.052,3.637 s-0.009,2.688-0.052,3.637c-0.04,0.877-0.187,1.354-0.31,1.671c-0.163,0.42-0.358,0.72-0.673,1.035 c-0.315,0.315-0.615,0.51-1.035,0.673c-0.317,0.123-0.794,0.27-1.671,0.31c-0.949,0.043-1.233,0.052-3.637,0.052 s-2.688-0.009-3.637-0.052c-0.877-0.04-1.354-0.187-1.671-0.31c-0.42-0.163-0.72-0.358-1.035-0.673 c-0.315-0.315-0.51-0.615-0.673-1.035c-0.123-0.317-0.27-0.794-0.31-1.671C4.631,14.688,4.622,14.403,4.622,12 s0.009-2.688,0.052-3.637c0.04-0.877,0.187-1.354,0.31-1.671c0.163-0.42,0.358-0.72,0.673-1.035 c0.315-0.315,0.615-0.51,1.035-0.673c0.317-0.123,0.794-0.27,1.671-0.31C9.312,4.631,9.597,4.622,12,4.622 M12,3 C9.556,3,9.249,3.01,8.289,3.054C7.331,3.098,6.677,3.25,6.105,3.472C5.513,3.702,5.011,4.01,4.511,4.511 c-0.5,0.5-0.808,1.002-1.038,1.594C3.25,6.677,3.098,7.331,3.054,8.289C3.01,9.249,3,9.556,3,12c0,2.444,0.01,2.751,0.054,3.711 c0.044,0.958,0.196,1.612,0.418,2.185c0.23,0.592,0.538,1.094,1.038,1.594c0.5,0.5,1.002,0.808,1.594,1.038 c0.572,0.222,1.227,0.375,2.185,0.418C9.249,20.99,9.556,21,12,21s2.751-0.01,3.711-0.054c0.958-0.044,1.612-0.196,2.185-0.418 c0.592-0.23,1.094-0.538,1.594-1.038c0.5-0.5,0.808-1.002,1.038-1.594c0.222-0.572,0.375-1.227,0.418-2.185 C20.99,14.751,21,14.444,21,12s-0.01-2.751-0.054-3.711c-0.044-0.958-0.196-1.612-0.418-2.185c-0.23-0.592-0.538-1.094-1.038-1.594 c-0.5-0.5-1.002-0.808-1.594-1.038c-0.572-0.222-1.227-0.375-2.185-0.418C14.751,3.01,14.444,3,12,3L12,3z M12,7.378 c-2.552,0-4.622,2.069-4.622,4.622S9.448,16.622,12,16.622s4.622-2.069,4.622-4.622S14.552,7.378,12,7.378z M12,15 c-1.657,0-3-1.343-3-3s1.343-3,3-3s3,1.343,3,3S13.657,15,12,15z M16.804,6.116c-0.596,0-1.08,0.484-1.08,1.08 s0.484,1.08,1.08,1.08c0.596,0,1.08-0.484,1.08-1.08S17.401,6.116,16.804,6.116z\"><\/path><\/svg><span class=\"wp-block-social-link-label screen-reader-text\">Instagram<\/span><\/a><\/li><\/ul>\n<\/div>\n<\/div>\n","protected":false},"excerpt":{"rendered":"<p>Gracias por ser un Suscriptor de\u202fSafe Pharmacy News\u00a0 \u00a1Ya est\u00e1 todo listo! Su suscripci\u00f3n a\u202fSafe Pharmacy News\u202fha sido confirmada con \u00e9xito. Nos complace mantenerle informado sobre las \u00faltimas noticias sobre la seguridad de los medicamentos para el consumidor, entregadas directamente en su bandeja de entrada. Puede esperar recibir una amplia gama de contenido, incluido lo [&hellip;]<\/p>\n","protected":false},"author":13,"featured_media":0,"parent":0,"menu_order":0,"comment_status":"closed","ping_status":"closed","template":"","meta":{"_acf_changed":false,"footnotes":""},"class_list":["post-5420","page","type-page","status-publish","hentry"],"acf":[],"yoast_head":"<!-- This site is optimized with the Yoast SEO plugin v27.3 - https:\/\/yoast.com\/product\/yoast-seo-wordpress\/ -->\n<title>Est\u00e9 atento para obtener m\u00e1s informaci\u00f3n de NABP! - Safe.Pharmacy<\/title>\n<meta name=\"robots\" content=\"noindex, nofollow\" \/>\n<meta property=\"og:locale\" content=\"es_ES\" \/>\n<meta property=\"og:type\" content=\"article\" \/>\n<meta property=\"og:title\" content=\"Est\u00e9 atento para obtener m\u00e1s informaci\u00f3n de NABP! - Safe.Pharmacy\" \/>\n<meta property=\"og:description\" content=\"Gracias por ser un Suscriptor de\u202fSafe Pharmacy News\u00a0 \u00a1Ya est\u00e1 todo listo! Su suscripci\u00f3n a\u202fSafe Pharmacy News\u202fha sido confirmada con \u00e9xito. Nos complace mantenerle informado sobre las \u00faltimas noticias sobre la seguridad de los medicamentos para el consumidor, entregadas directamente en su bandeja de entrada. Puede esperar recibir una amplia gama de contenido, incluido lo [&hellip;]\" \/>\n<meta property=\"og:url\" content=\"https:\/\/safe.pharmacy\/es\/este-atento-para-obtener-mas-informacion-de-nabp\/\" \/>\n<meta property=\"og:site_name\" content=\"Safe.Pharmacy\" \/>\n<meta property=\"article:modified_time\" content=\"2025-03-07T15:31:38+00:00\" \/>\n<meta property=\"og:image\" content=\"https:\/\/safe.pharmacy\/wp-content\/uploads\/2024\/01\/Resources-File-Image-991x1024.png\" \/>\n<meta name=\"twitter:card\" content=\"summary_large_image\" \/>\n<meta name=\"twitter:label1\" content=\"Tiempo de lectura\" \/>\n\t<meta name=\"twitter:data1\" content=\"2 minutos\" \/>\n<script type=\"application\/ld+json\" class=\"yoast-schema-graph\">{\"@context\":\"https:\\\/\\\/schema.org\",\"@graph\":[{\"@type\":\"WebPage\",\"@id\":\"https:\\\/\\\/safe.pharmacy\\\/es\\\/este-atento-para-obtener-mas-informacion-de-nabp\\\/\",\"url\":\"https:\\\/\\\/safe.pharmacy\\\/es\\\/este-atento-para-obtener-mas-informacion-de-nabp\\\/\",\"name\":\"Est\u00e9 atento para obtener m\u00e1s informaci\u00f3n de NABP! - Safe.Pharmacy\",\"isPartOf\":{\"@id\":\"https:\\\/\\\/safe.pharmacy\\\/es\\\/#website\"},\"primaryImageOfPage\":{\"@id\":\"https:\\\/\\\/safe.pharmacy\\\/es\\\/este-atento-para-obtener-mas-informacion-de-nabp\\\/#primaryimage\"},\"image\":{\"@id\":\"https:\\\/\\\/safe.pharmacy\\\/es\\\/este-atento-para-obtener-mas-informacion-de-nabp\\\/#primaryimage\"},\"thumbnailUrl\":\"https:\\\/\\\/safe.pharmacy\\\/wp-content\\\/uploads\\\/2024\\\/01\\\/Resources-File-Image-991x1024.png\",\"datePublished\":\"2025-03-07T15:31:36+00:00\",\"dateModified\":\"2025-03-07T15:31:38+00:00\",\"breadcrumb\":{\"@id\":\"https:\\\/\\\/safe.pharmacy\\\/es\\\/este-atento-para-obtener-mas-informacion-de-nabp\\\/#breadcrumb\"},\"inLanguage\":\"es\",\"potentialAction\":[{\"@type\":\"ReadAction\",\"target\":[\"https:\\\/\\\/safe.pharmacy\\\/es\\\/este-atento-para-obtener-mas-informacion-de-nabp\\\/\"]}]},{\"@type\":\"ImageObject\",\"inLanguage\":\"es\",\"@id\":\"https:\\\/\\\/safe.pharmacy\\\/es\\\/este-atento-para-obtener-mas-informacion-de-nabp\\\/#primaryimage\",\"url\":\"https:\\\/\\\/safe.pharmacy\\\/wp-content\\\/uploads\\\/2024\\\/01\\\/Resources-File-Image-991x1024.png\",\"contentUrl\":\"https:\\\/\\\/safe.pharmacy\\\/wp-content\\\/uploads\\\/2024\\\/01\\\/Resources-File-Image-991x1024.png\"},{\"@type\":\"BreadcrumbList\",\"@id\":\"https:\\\/\\\/safe.pharmacy\\\/es\\\/este-atento-para-obtener-mas-informacion-de-nabp\\\/#breadcrumb\",\"itemListElement\":[{\"@type\":\"ListItem\",\"position\":1,\"name\":\"Home\",\"item\":\"https:\\\/\\\/safe.pharmacy\\\/es\\\/\"},{\"@type\":\"ListItem\",\"position\":2,\"name\":\"Est\u00e9 atento para obtener m\u00e1s informaci\u00f3n de NABP!\"}]},{\"@type\":\"WebSite\",\"@id\":\"https:\\\/\\\/safe.pharmacy\\\/es\\\/#website\",\"url\":\"https:\\\/\\\/safe.pharmacy\\\/es\\\/\",\"name\":\"NABP\",\"description\":\"Your resource for safe pharmacy\",\"publisher\":{\"@id\":\"https:\\\/\\\/safe.pharmacy\\\/es\\\/#organization\"},\"potentialAction\":[{\"@type\":\"SearchAction\",\"target\":{\"@type\":\"EntryPoint\",\"urlTemplate\":\"https:\\\/\\\/safe.pharmacy\\\/es\\\/?s={search_term_string}\"},\"query-input\":{\"@type\":\"PropertyValueSpecification\",\"valueRequired\":true,\"valueName\":\"search_term_string\"}}],\"inLanguage\":\"es\"},{\"@type\":\"Organization\",\"@id\":\"https:\\\/\\\/safe.pharmacy\\\/es\\\/#organization\",\"name\":\"NABP\",\"url\":\"https:\\\/\\\/safe.pharmacy\\\/es\\\/\",\"logo\":{\"@type\":\"ImageObject\",\"inLanguage\":\"es\",\"@id\":\"https:\\\/\\\/safe.pharmacy\\\/es\\\/#\\\/schema\\\/logo\\\/image\\\/\",\"url\":\"https:\\\/\\\/safe.pharmacy\\\/wp-content\\\/uploads\\\/2023\\\/12\\\/Safe-Pharmacy-Logo.svg\",\"contentUrl\":\"https:\\\/\\\/safe.pharmacy\\\/wp-content\\\/uploads\\\/2023\\\/12\\\/Safe-Pharmacy-Logo.svg\",\"width\":151,\"height\":68,\"caption\":\"NABP\"},\"image\":{\"@id\":\"https:\\\/\\\/safe.pharmacy\\\/es\\\/#\\\/schema\\\/logo\\\/image\\\/\"}}]}<\/script>\n<!-- \/ Yoast SEO plugin. -->","yoast_head_json":{"title":"Est\u00e9 atento para obtener m\u00e1s informaci\u00f3n de NABP! - Safe.Pharmacy","robots":{"index":"noindex","follow":"nofollow"},"og_locale":"es_ES","og_type":"article","og_title":"Est\u00e9 atento para obtener m\u00e1s informaci\u00f3n de NABP! - Safe.Pharmacy","og_description":"Gracias por ser un Suscriptor de\u202fSafe Pharmacy News\u00a0 \u00a1Ya est\u00e1 todo listo! Su suscripci\u00f3n a\u202fSafe Pharmacy News\u202fha sido confirmada con \u00e9xito. Nos complace mantenerle informado sobre las \u00faltimas noticias sobre la seguridad de los medicamentos para el consumidor, entregadas directamente en su bandeja de entrada. Puede esperar recibir una amplia gama de contenido, incluido lo [&hellip;]","og_url":"https:\/\/safe.pharmacy\/es\/este-atento-para-obtener-mas-informacion-de-nabp\/","og_site_name":"Safe.Pharmacy","article_modified_time":"2025-03-07T15:31:38+00:00","og_image":[{"url":"https:\/\/safe.pharmacy\/wp-content\/uploads\/2024\/01\/Resources-File-Image-991x1024.png","type":"","width":"","height":""}],"twitter_card":"summary_large_image","twitter_misc":{"Tiempo de lectura":"2 minutos"},"schema":{"@context":"https:\/\/schema.org","@graph":[{"@type":"WebPage","@id":"https:\/\/safe.pharmacy\/es\/este-atento-para-obtener-mas-informacion-de-nabp\/","url":"https:\/\/safe.pharmacy\/es\/este-atento-para-obtener-mas-informacion-de-nabp\/","name":"Est\u00e9 atento para obtener m\u00e1s informaci\u00f3n de NABP! - Safe.Pharmacy","isPartOf":{"@id":"https:\/\/safe.pharmacy\/es\/#website"},"primaryImageOfPage":{"@id":"https:\/\/safe.pharmacy\/es\/este-atento-para-obtener-mas-informacion-de-nabp\/#primaryimage"},"image":{"@id":"https:\/\/safe.pharmacy\/es\/este-atento-para-obtener-mas-informacion-de-nabp\/#primaryimage"},"thumbnailUrl":"https:\/\/safe.pharmacy\/wp-content\/uploads\/2024\/01\/Resources-File-Image-991x1024.png","datePublished":"2025-03-07T15:31:36+00:00","dateModified":"2025-03-07T15:31:38+00:00","breadcrumb":{"@id":"https:\/\/safe.pharmacy\/es\/este-atento-para-obtener-mas-informacion-de-nabp\/#breadcrumb"},"inLanguage":"es","potentialAction":[{"@type":"ReadAction","target":["https:\/\/safe.pharmacy\/es\/este-atento-para-obtener-mas-informacion-de-nabp\/"]}]},{"@type":"ImageObject","inLanguage":"es","@id":"https:\/\/safe.pharmacy\/es\/este-atento-para-obtener-mas-informacion-de-nabp\/#primaryimage","url":"https:\/\/safe.pharmacy\/wp-content\/uploads\/2024\/01\/Resources-File-Image-991x1024.png","contentUrl":"https:\/\/safe.pharmacy\/wp-content\/uploads\/2024\/01\/Resources-File-Image-991x1024.png"},{"@type":"BreadcrumbList","@id":"https:\/\/safe.pharmacy\/es\/este-atento-para-obtener-mas-informacion-de-nabp\/#breadcrumb","itemListElement":[{"@type":"ListItem","position":1,"name":"Home","item":"https:\/\/safe.pharmacy\/es\/"},{"@type":"ListItem","position":2,"name":"Est\u00e9 atento para obtener m\u00e1s informaci\u00f3n de NABP!"}]},{"@type":"WebSite","@id":"https:\/\/safe.pharmacy\/es\/#website","url":"https:\/\/safe.pharmacy\/es\/","name":"NABP","description":"Your resource for safe pharmacy","publisher":{"@id":"https:\/\/safe.pharmacy\/es\/#organization"},"potentialAction":[{"@type":"SearchAction","target":{"@type":"EntryPoint","urlTemplate":"https:\/\/safe.pharmacy\/es\/?s={search_term_string}"},"query-input":{"@type":"PropertyValueSpecification","valueRequired":true,"valueName":"search_term_string"}}],"inLanguage":"es"},{"@type":"Organization","@id":"https:\/\/safe.pharmacy\/es\/#organization","name":"NABP","url":"https:\/\/safe.pharmacy\/es\/","logo":{"@type":"ImageObject","inLanguage":"es","@id":"https:\/\/safe.pharmacy\/es\/#\/schema\/logo\/image\/","url":"https:\/\/safe.pharmacy\/wp-content\/uploads\/2023\/12\/Safe-Pharmacy-Logo.svg","contentUrl":"https:\/\/safe.pharmacy\/wp-content\/uploads\/2023\/12\/Safe-Pharmacy-Logo.svg","width":151,"height":68,"caption":"NABP"},"image":{"@id":"https:\/\/safe.pharmacy\/es\/#\/schema\/logo\/image\/"}}]}},"_links":{"self":[{"href":"https:\/\/safe.pharmacy\/es\/wp-json\/wp\/v2\/pages\/5420","targetHints":{"allow":["GET"]}}],"collection":[{"href":"https:\/\/safe.pharmacy\/es\/wp-json\/wp\/v2\/pages"}],"about":[{"href":"https:\/\/safe.pharmacy\/es\/wp-json\/wp\/v2\/types\/page"}],"author":[{"embeddable":true,"href":"https:\/\/safe.pharmacy\/es\/wp-json\/wp\/v2\/users\/13"}],"replies":[{"embeddable":true,"href":"https:\/\/safe.pharmacy\/es\/wp-json\/wp\/v2\/comments?post=5420"}],"version-history":[{"count":1,"href":"https:\/\/safe.pharmacy\/es\/wp-json\/wp\/v2\/pages\/5420\/revisions"}],"predecessor-version":[{"id":5421,"href":"https:\/\/safe.pharmacy\/es\/wp-json\/wp\/v2\/pages\/5420\/revisions\/5421"}],"wp:attachment":[{"href":"https:\/\/safe.pharmacy\/es\/wp-json\/wp\/v2\/media?parent=5420"}],"curies":[{"name":"wp","href":"https:\/\/api.w.org\/{rel}","templated":true}]}}