{"id":4683,"date":"2024-01-26T12:24:35","date_gmt":"2024-01-26T18:24:35","guid":{"rendered":"https:\/\/safe.pharmacy\/?page_id=4683"},"modified":"2025-09-29T14:14:20","modified_gmt":"2025-09-29T19:14:20","slug":"recursos","status":"publish","type":"page","link":"https:\/\/safe.pharmacy\/es\/recursos\/","title":{"rendered":"Recursos"},"content":{"rendered":"\n<div class=\"wp-block-cover alignfull\" style=\"padding-top:var(--wp--preset--spacing--80);padding-bottom:var(--wp--preset--spacing--80)\"><span aria-hidden=\"true\" class=\"wp-block-cover__background has-background-dim-100 has-background-dim has-background-gradient\" style=\"background:linear-gradient(45deg,rgb(35,38,103) 0%,rgb(88,139,148) 100%)\"><\/span><div class=\"wp-block-cover__inner-container is-layout-constrained wp-block-cover-is-layout-constrained\">\n<div class=\"wp-block-columns is-layout-flex wp-container-core-columns-is-layout-9d6595d7 wp-block-columns-is-layout-flex\">\n<div class=\"wp-block-column is-layout-flow wp-block-column-is-layout-flow\">\n<h2 class=\"wp-block-heading is-style-white-header\" style=\"font-size:48px;font-style:normal;font-weight:300\">Compartir el conocimiento de Safe Pharmacy<\/h2>\n<\/div>\n\n\n\n<div class=\"wp-block-column is-layout-flow wp-block-column-is-layout-flow\"><\/div>\n<\/div>\n<\/div><\/div>\n\n\n\n<div class=\"wp-block-group alignfull no-padding has-background is-layout-constrained wp-block-group-is-layout-constrained\" style=\"background-color:#f2f2f2\"><div class=\"yoast-breadcrumbs\"><span><span><a href=\"https:\/\/safe.pharmacy\/es\/\">Home<\/a><\/span> &raquo; <span class=\"breadcrumb_last\" aria-current=\"page\">Recursos<\/span><\/span><\/div><\/div>\n\n\n\n<h1 class=\"wp-block-heading\">Recursos<\/h1>\n\n\n\n<p>Encuentre recursos para compartir con su comunidad sobre la seguridad de los medicamentos, incluyendo la eliminaci\u00f3n segura de los medicamentos, la compra de medicamentos en l\u00ednea, la prevenci\u00f3n del uso indebido de medicamentos y m\u00e1s.<\/p>\n\n\n\n<div class=\"wp-block-columns is-layout-flex wp-container-core-columns-is-layout-9d6595d7 wp-block-columns-is-layout-flex\">\n<div class=\"wp-block-column is-layout-flow wp-block-column-is-layout-flow\">\n<figure class=\"wp-block-image aligncenter size-full is-resized is-style-rounded is-style-rounded--1\"><img loading=\"lazy\" decoding=\"async\" width=\"841\" height=\"595\" src=\"https:\/\/safe.pharmacy\/wp-content\/uploads\/2024\/01\/GeneralBlogs.svg\" alt=\"Illustration of a laptop displaying stacked news banners.\" class=\"wp-image-4485\" style=\"width:500px\"\/><\/figure>\n<\/div>\n\n\n\n<div class=\"wp-block-column is-vertically-aligned-center is-layout-flow wp-block-column-is-layout-flow\">\n<h2 class=\"wp-block-heading\">Blog<\/h2>\n\n\n\n<p>Lea art\u00edculos escritos por expertos sobre diversos temas actuales para el consumidor relacionados con Safe Pharmacy.<\/p>\n\n\n\n<div class=\"wp-block-buttons is-layout-flex wp-block-buttons-is-layout-flex\">\n<div class=\"wp-block-button is-style-outline is-style-outline--2\"><a class=\"wp-block-button__link wp-element-button\" href=\"https:\/\/safe.pharmacy\/resources\/blog\/\">Explore los blogs<\/a><\/div>\n<\/div>\n<\/div>\n<\/div>\n\n\n\n<hr class=\"wp-block-separator alignfull has-text-color has-custom-1-color has-alpha-channel-opacity has-custom-1-background-color has-background is-style-wide\"\/>\n\n\n\n<div style=\"height:20px\" aria-hidden=\"true\" class=\"wp-block-spacer\"><\/div>\n\n\n\n<div class=\"wp-block-columns is-layout-flex wp-container-core-columns-is-layout-9d6595d7 wp-block-columns-is-layout-flex\">\n<div class=\"wp-block-column is-layout-flow wp-block-column-is-layout-flow\">\n<h2 class=\"wp-block-heading\">Kit de herramientas educativas<\/h2>\n\n\n\n<p>Encuentre mensajes, im\u00e1genes, herramientas y videos en las redes sociales para correr la voz sobre la compra de medicamentos en l\u00ednea.<\/p>\n\n\n\n<div class=\"wp-block-buttons is-layout-flex wp-block-buttons-is-layout-flex\">\n<div class=\"wp-block-button is-style-outline is-style-outline--3\"><a class=\"wp-block-button__link wp-element-button\" href=\"https:\/\/safe.pharmacy\/resources\/buy-safely-media-toolkit\/\">Descubra el kit de herramientas<\/a><\/div>\n<\/div>\n<\/div>\n\n\n\n<div class=\"wp-block-column is-vertically-aligned-center is-layout-flow wp-block-column-is-layout-flow\">\n<figure class=\"wp-block-image aligncenter size-full is-resized is-style-rounded is-style-rounded--4\"><img loading=\"lazy\" decoding=\"async\" width=\"841\" height=\"595\" src=\"https:\/\/safe.pharmacy\/wp-content\/uploads\/2024\/02\/Spanish-Verify-Before-You-Buy.svg\" alt=\"Spanish image saying, before you buy, verify \" class=\"wp-image-5034\" style=\"width:500px\"\/><\/figure>\n<\/div>\n<\/div>\n","protected":false},"excerpt":{"rendered":"<p>Recursos Encuentre recursos para compartir con su comunidad sobre la seguridad de los medicamentos, incluyendo la eliminaci\u00f3n segura de los medicamentos, la compra de medicamentos en l\u00ednea, la prevenci\u00f3n del uso indebido de medicamentos y m\u00e1s. Blog Lea art\u00edculos escritos por expertos sobre diversos temas actuales para el consumidor relacionados con Safe Pharmacy. Kit de [&hellip;]<\/p>\n","protected":false},"author":7,"featured_media":4487,"parent":0,"menu_order":0,"comment_status":"closed","ping_status":"closed","template":"","meta":{"_acf_changed":false,"footnotes":""},"class_list":["post-4683","page","type-page","status-publish","has-post-thumbnail","hentry"],"acf":[],"yoast_head":"<!-- This site is optimized with the Yoast SEO plugin v27.4 - https:\/\/yoast.com\/product\/yoast-seo-wordpress\/ -->\n<title>Farmacia segura | recursos | Articulos de expertos |compre en linea<\/title>\n<meta name=\"description\" content=\"Encuentre recursos para compartir con su comunidad sobre la seguridad de los medicamentos, incluida la eliminacion segura de medicamentos, la compra de medicamentos en linea y la prevencion del uso indebido de medicamentos.\" \/>\n<meta name=\"robots\" content=\"index, follow, max-snippet:-1, max-image-preview:large, max-video-preview:-1\" \/>\n<link rel=\"canonical\" href=\"https:\/\/safe.pharmacy\/es\/recursos\/\" \/>\n<meta property=\"og:locale\" content=\"es_ES\" \/>\n<meta property=\"og:type\" content=\"article\" \/>\n<meta property=\"og:title\" content=\"Farmacia segura | recursos | Articulos de expertos |compre en linea\" \/>\n<meta property=\"og:description\" content=\"Encuentre recursos para compartir con su comunidad sobre la seguridad de los medicamentos, incluida la eliminacion segura de medicamentos, la compra de medicamentos en linea y la prevencion del uso indebido de medicamentos.\" \/>\n<meta property=\"og:url\" content=\"https:\/\/safe.pharmacy\/es\/recursos\/\" \/>\n<meta property=\"og:site_name\" content=\"Safe.Pharmacy\" \/>\n<meta property=\"article:modified_time\" content=\"2025-09-29T19:14:20+00:00\" \/>\n<meta name=\"twitter:card\" content=\"summary_large_image\" \/>\n<meta name=\"twitter:label1\" content=\"Tiempo de lectura\" \/>\n\t<meta name=\"twitter:data1\" content=\"2 minutos\" \/>\n<script type=\"application\/ld+json\" class=\"yoast-schema-graph\">{\"@context\":\"https:\\\/\\\/schema.org\",\"@graph\":[{\"@type\":\"WebPage\",\"@id\":\"https:\\\/\\\/safe.pharmacy\\\/es\\\/recursos\\\/\",\"url\":\"https:\\\/\\\/safe.pharmacy\\\/es\\\/recursos\\\/\",\"name\":\"Farmacia segura | recursos | Articulos de expertos |compre en linea\",\"isPartOf\":{\"@id\":\"https:\\\/\\\/safe.pharmacy\\\/es\\\/#website\"},\"primaryImageOfPage\":{\"@id\":\"https:\\\/\\\/safe.pharmacy\\\/es\\\/recursos\\\/#primaryimage\"},\"image\":{\"@id\":\"https:\\\/\\\/safe.pharmacy\\\/es\\\/recursos\\\/#primaryimage\"},\"thumbnailUrl\":\"https:\\\/\\\/safe.pharmacy\\\/wp-content\\\/uploads\\\/2024\\\/01\\\/GeneralBlogs.svg\",\"datePublished\":\"2024-01-26T18:24:35+00:00\",\"dateModified\":\"2025-09-29T19:14:20+00:00\",\"description\":\"Encuentre recursos para compartir con su comunidad sobre la seguridad de los medicamentos, incluida la eliminacion segura de medicamentos, la compra de medicamentos en linea y la prevencion del uso indebido de medicamentos.\",\"breadcrumb\":{\"@id\":\"https:\\\/\\\/safe.pharmacy\\\/es\\\/recursos\\\/#breadcrumb\"},\"inLanguage\":\"es\",\"potentialAction\":[{\"@type\":\"ReadAction\",\"target\":[\"https:\\\/\\\/safe.pharmacy\\\/es\\\/recursos\\\/\"]}]},{\"@type\":\"ImageObject\",\"inLanguage\":\"es\",\"@id\":\"https:\\\/\\\/safe.pharmacy\\\/es\\\/recursos\\\/#primaryimage\",\"url\":\"https:\\\/\\\/safe.pharmacy\\\/wp-content\\\/uploads\\\/2024\\\/01\\\/GeneralBlogs.svg\",\"contentUrl\":\"https:\\\/\\\/safe.pharmacy\\\/wp-content\\\/uploads\\\/2024\\\/01\\\/GeneralBlogs.svg\",\"width\":841,\"height\":595,\"caption\":\"Image shows a variety of websites that outline pharmacy safety\"},{\"@type\":\"BreadcrumbList\",\"@id\":\"https:\\\/\\\/safe.pharmacy\\\/es\\\/recursos\\\/#breadcrumb\",\"itemListElement\":[{\"@type\":\"ListItem\",\"position\":1,\"name\":\"Home\",\"item\":\"https:\\\/\\\/safe.pharmacy\\\/es\\\/\"},{\"@type\":\"ListItem\",\"position\":2,\"name\":\"Recursos\"}]},{\"@type\":\"WebSite\",\"@id\":\"https:\\\/\\\/safe.pharmacy\\\/es\\\/#website\",\"url\":\"https:\\\/\\\/safe.pharmacy\\\/es\\\/\",\"name\":\"NABP\",\"description\":\"Your resource for safe pharmacy\",\"publisher\":{\"@id\":\"https:\\\/\\\/safe.pharmacy\\\/es\\\/#organization\"},\"potentialAction\":[{\"@type\":\"SearchAction\",\"target\":{\"@type\":\"EntryPoint\",\"urlTemplate\":\"https:\\\/\\\/safe.pharmacy\\\/es\\\/?s={search_term_string}\"},\"query-input\":{\"@type\":\"PropertyValueSpecification\",\"valueRequired\":true,\"valueName\":\"search_term_string\"}}],\"inLanguage\":\"es\"},{\"@type\":\"Organization\",\"@id\":\"https:\\\/\\\/safe.pharmacy\\\/es\\\/#organization\",\"name\":\"NABP\",\"url\":\"https:\\\/\\\/safe.pharmacy\\\/es\\\/\",\"logo\":{\"@type\":\"ImageObject\",\"inLanguage\":\"es\",\"@id\":\"https:\\\/\\\/safe.pharmacy\\\/es\\\/#\\\/schema\\\/logo\\\/image\\\/\",\"url\":\"https:\\\/\\\/safe.pharmacy\\\/wp-content\\\/uploads\\\/2023\\\/12\\\/Safe-Pharmacy-Logo.svg\",\"contentUrl\":\"https:\\\/\\\/safe.pharmacy\\\/wp-content\\\/uploads\\\/2023\\\/12\\\/Safe-Pharmacy-Logo.svg\",\"width\":151,\"height\":68,\"caption\":\"NABP\"},\"image\":{\"@id\":\"https:\\\/\\\/safe.pharmacy\\\/es\\\/#\\\/schema\\\/logo\\\/image\\\/\"}}]}<\/script>\n<!-- \/ Yoast SEO plugin. -->","yoast_head_json":{"title":"Farmacia segura | recursos | Articulos de expertos |compre en linea","description":"Encuentre recursos para compartir con su comunidad sobre la seguridad de los medicamentos, incluida la eliminacion segura de medicamentos, la compra de medicamentos en linea y la prevencion del uso indebido de medicamentos.","robots":{"index":"index","follow":"follow","max-snippet":"max-snippet:-1","max-image-preview":"max-image-preview:large","max-video-preview":"max-video-preview:-1"},"canonical":"https:\/\/safe.pharmacy\/es\/recursos\/","og_locale":"es_ES","og_type":"article","og_title":"Farmacia segura | recursos | Articulos de expertos |compre en linea","og_description":"Encuentre recursos para compartir con su comunidad sobre la seguridad de los medicamentos, incluida la eliminacion segura de medicamentos, la compra de medicamentos en linea y la prevencion del uso indebido de medicamentos.","og_url":"https:\/\/safe.pharmacy\/es\/recursos\/","og_site_name":"Safe.Pharmacy","article_modified_time":"2025-09-29T19:14:20+00:00","twitter_card":"summary_large_image","twitter_misc":{"Tiempo de lectura":"2 minutos"},"schema":{"@context":"https:\/\/schema.org","@graph":[{"@type":"WebPage","@id":"https:\/\/safe.pharmacy\/es\/recursos\/","url":"https:\/\/safe.pharmacy\/es\/recursos\/","name":"Farmacia segura | recursos | Articulos de expertos |compre en linea","isPartOf":{"@id":"https:\/\/safe.pharmacy\/es\/#website"},"primaryImageOfPage":{"@id":"https:\/\/safe.pharmacy\/es\/recursos\/#primaryimage"},"image":{"@id":"https:\/\/safe.pharmacy\/es\/recursos\/#primaryimage"},"thumbnailUrl":"https:\/\/safe.pharmacy\/wp-content\/uploads\/2024\/01\/GeneralBlogs.svg","datePublished":"2024-01-26T18:24:35+00:00","dateModified":"2025-09-29T19:14:20+00:00","description":"Encuentre recursos para compartir con su comunidad sobre la seguridad de los medicamentos, incluida la eliminacion segura de medicamentos, la compra de medicamentos en linea y la prevencion del uso indebido de medicamentos.","breadcrumb":{"@id":"https:\/\/safe.pharmacy\/es\/recursos\/#breadcrumb"},"inLanguage":"es","potentialAction":[{"@type":"ReadAction","target":["https:\/\/safe.pharmacy\/es\/recursos\/"]}]},{"@type":"ImageObject","inLanguage":"es","@id":"https:\/\/safe.pharmacy\/es\/recursos\/#primaryimage","url":"https:\/\/safe.pharmacy\/wp-content\/uploads\/2024\/01\/GeneralBlogs.svg","contentUrl":"https:\/\/safe.pharmacy\/wp-content\/uploads\/2024\/01\/GeneralBlogs.svg","width":841,"height":595,"caption":"Image shows a variety of websites that outline pharmacy safety"},{"@type":"BreadcrumbList","@id":"https:\/\/safe.pharmacy\/es\/recursos\/#breadcrumb","itemListElement":[{"@type":"ListItem","position":1,"name":"Home","item":"https:\/\/safe.pharmacy\/es\/"},{"@type":"ListItem","position":2,"name":"Recursos"}]},{"@type":"WebSite","@id":"https:\/\/safe.pharmacy\/es\/#website","url":"https:\/\/safe.pharmacy\/es\/","name":"NABP","description":"Your resource for safe pharmacy","publisher":{"@id":"https:\/\/safe.pharmacy\/es\/#organization"},"potentialAction":[{"@type":"SearchAction","target":{"@type":"EntryPoint","urlTemplate":"https:\/\/safe.pharmacy\/es\/?s={search_term_string}"},"query-input":{"@type":"PropertyValueSpecification","valueRequired":true,"valueName":"search_term_string"}}],"inLanguage":"es"},{"@type":"Organization","@id":"https:\/\/safe.pharmacy\/es\/#organization","name":"NABP","url":"https:\/\/safe.pharmacy\/es\/","logo":{"@type":"ImageObject","inLanguage":"es","@id":"https:\/\/safe.pharmacy\/es\/#\/schema\/logo\/image\/","url":"https:\/\/safe.pharmacy\/wp-content\/uploads\/2023\/12\/Safe-Pharmacy-Logo.svg","contentUrl":"https:\/\/safe.pharmacy\/wp-content\/uploads\/2023\/12\/Safe-Pharmacy-Logo.svg","width":151,"height":68,"caption":"NABP"},"image":{"@id":"https:\/\/safe.pharmacy\/es\/#\/schema\/logo\/image\/"}}]}},"_links":{"self":[{"href":"https:\/\/safe.pharmacy\/es\/wp-json\/wp\/v2\/pages\/4683","targetHints":{"allow":["GET"]}}],"collection":[{"href":"https:\/\/safe.pharmacy\/es\/wp-json\/wp\/v2\/pages"}],"about":[{"href":"https:\/\/safe.pharmacy\/es\/wp-json\/wp\/v2\/types\/page"}],"author":[{"embeddable":true,"href":"https:\/\/safe.pharmacy\/es\/wp-json\/wp\/v2\/users\/7"}],"replies":[{"embeddable":true,"href":"https:\/\/safe.pharmacy\/es\/wp-json\/wp\/v2\/comments?post=4683"}],"version-history":[{"count":6,"href":"https:\/\/safe.pharmacy\/es\/wp-json\/wp\/v2\/pages\/4683\/revisions"}],"predecessor-version":[{"id":5680,"href":"https:\/\/safe.pharmacy\/es\/wp-json\/wp\/v2\/pages\/4683\/revisions\/5680"}],"wp:featuredmedia":[{"embeddable":true,"href":"https:\/\/safe.pharmacy\/es\/wp-json\/wp\/v2\/media\/4487"}],"wp:attachment":[{"href":"https:\/\/safe.pharmacy\/es\/wp-json\/wp\/v2\/media?parent=4683"}],"curies":[{"name":"wp","href":"https:\/\/api.w.org\/{rel}","templated":true}]}}