{"id":4673,"date":"2024-01-26T12:12:55","date_gmt":"2024-01-26T18:12:55","guid":{"rendered":"https:\/\/safe.pharmacy\/?page_id=4673"},"modified":"2025-09-29T15:34:25","modified_gmt":"2025-09-29T20:34:25","slug":"acerca-de","status":"publish","type":"page","link":"https:\/\/safe.pharmacy\/es\/acerca-de\/","title":{"rendered":"Acerca De"},"content":{"rendered":"\n<div class=\"wp-block-columns is-layout-flex wp-container-core-columns-is-layout-9d6595d7 wp-block-columns-is-layout-flex\">\n<div class=\"wp-block-column is-layout-flow wp-block-column-is-layout-flow\" style=\"flex-basis:100%\">\n<div class=\"wp-block-cover alignfull is-light\" style=\"min-height:347px;aspect-ratio:unset;\"><img loading=\"lazy\" decoding=\"async\" width=\"2560\" height=\"1097\" class=\"wp-block-cover__image-background wp-image-4496\" alt=\"Pharmacist helping patient\" src=\"https:\/\/safe.pharmacy\/wp-content\/uploads\/2024\/01\/iStock-1325914414-scaled.jpg\" style=\"object-position:54% 12%\" data-object-fit=\"cover\" data-object-position=\"54% 12%\" srcset=\"https:\/\/safe.pharmacy\/wp-content\/uploads\/2024\/01\/iStock-1325914414-scaled.jpg 2560w, https:\/\/safe.pharmacy\/wp-content\/uploads\/2024\/01\/iStock-1325914414-300x129.jpg 300w, https:\/\/safe.pharmacy\/wp-content\/uploads\/2024\/01\/iStock-1325914414-1024x439.jpg 1024w, https:\/\/safe.pharmacy\/wp-content\/uploads\/2024\/01\/iStock-1325914414-768x329.jpg 768w, https:\/\/safe.pharmacy\/wp-content\/uploads\/2024\/01\/iStock-1325914414-1536x658.jpg 1536w, https:\/\/safe.pharmacy\/wp-content\/uploads\/2024\/01\/iStock-1325914414-2048x877.jpg 2048w\" sizes=\"auto, (max-width: 2560px) 100vw, 2560px\" \/><span aria-hidden=\"true\" class=\"wp-block-cover__background has-background-dim-0 has-background-dim\"><\/span><div class=\"wp-block-cover__inner-container is-layout-constrained wp-block-cover-is-layout-constrained\">\n<div class=\"wp-block-columns is-layout-flex wp-container-core-columns-is-layout-9d6595d7 wp-block-columns-is-layout-flex\">\n<div class=\"wp-block-column is-vertically-aligned-center is-layout-constrained wp-block-column-is-layout-constrained\">\n<h2 class=\"wp-block-heading is-style-black-with-blur\" style=\"font-size:48px;font-style:normal;font-weight:300\">Inf\u00f3rmese sobre la Iniciativa de Safe Pharmacy<\/h2>\n<\/div>\n\n\n\n<div class=\"wp-block-column is-layout-flow wp-block-column-is-layout-flow\"><\/div>\n<\/div>\n<\/div><\/div>\n<\/div>\n<\/div>\n\n\n\n<div class=\"wp-block-group alignfull no-padding has-background is-layout-constrained wp-block-group-is-layout-constrained\" style=\"background-color:#f2f2f2\"><div class=\"yoast-breadcrumbs\"><span><span><a href=\"https:\/\/safe.pharmacy\/es\/\">Home<\/a><\/span> &raquo; <span class=\"breadcrumb_last\" aria-current=\"page\">Acerca De<\/span><\/span><\/div><\/div>\n\n\n\n<h1 class=\"wp-block-heading\">Acerca De<\/h1>\n\n\n\n<div style=\"height:25px\" aria-hidden=\"true\" class=\"wp-block-spacer\"><\/div>\n\n\n\n<h2 class=\"wp-block-heading is-style-default has-black-color has-text-color\" id=\"national-association-of-boards-of-pharmacy\">National Association of Boards of Pharmacy<\/h2>\n\n\n\n<p>National Association of Boards of Pharmacy<sup>\u00ae<\/sup> (NABP<sup>\u00ae<\/sup>) es una organizaci\u00f3n sin fines de lucro que trabaja con las juntas de farmacia estatales para proteger la salud p\u00fablica y garantizar que usted y su familia reciban la mejor atenci\u00f3n de farmacia.&nbsp;<\/p>\n\n\n\n<p>Desde nuestra fundaci\u00f3n hace 120 a\u00f1os, hemos trabajado para promover la salud y seguridad p\u00fablicas a trav\u00e9s de diversos programas y servicios. En 1999, comenzamos a ayudar al p\u00fablico a identificar sitios web seguros de farmacias con un programa de acreditaci\u00f3n para farmacias en l\u00ednea. Y, en 2014, ampliamos el servicio para proporcionar el dominio .pharmacy a sitios web verificados, lo que hace que sea a\u00fan m\u00e1s f\u00e1cil reconocer un sitio seguro. Continuamos dando a conocer la epidemia de opioides y la seguridad de medicamentos recetados a trav\u00e9s de nuestra iniciativa de la farmacia segura, que se origin\u00f3 en 2010.<\/p>\n\n\n\n<p>La salud y seguridad p\u00fablicas son un principio fundamental de nuestra misi\u00f3n. Trabajamos con las juntas estatales de farmacia para servirle a usted, el consumidor.&nbsp;<a href=\"https:\/\/www.nabp.pharmacy\/\" target=\"_blank\" rel=\"noreferrer noopener\">Obtenga m\u00e1s informaci\u00f3n sobre NABP<\/a>.&nbsp;<\/p>\n\n\n\n<div style=\"height:25px\" aria-hidden=\"true\" class=\"wp-block-spacer\"><\/div>\n\n\n\n<div class=\"wp-block-cover alignfull is-light\"><span aria-hidden=\"true\" class=\"wp-block-cover__background has-custom-1-background-color has-background-dim-100 has-background-dim\"><\/span><div class=\"wp-block-cover__inner-container is-layout-constrained wp-block-cover-is-layout-constrained\">\n<div class=\"wp-block-columns is-layout-flex wp-container-core-columns-is-layout-9d6595d7 wp-block-columns-is-layout-flex\">\n<div class=\"wp-block-column is-vertically-aligned-center is-layout-flow wp-block-column-is-layout-flow\">\n<div style=\"height:25px\" aria-hidden=\"true\" class=\"wp-block-spacer\"><\/div>\n\n\n\n<figure class=\"wp-block-image size-full is-style-rounded is-style-rounded--1\"><img loading=\"lazy\" decoding=\"async\" width=\"2560\" height=\"1709\" src=\"https:\/\/safe.pharmacy\/wp-content\/uploads\/2024\/01\/Pharmacist-Patient-Care-1-scaled.jpg\" alt=\"Pharmacist talking to a patient.\" class=\"wp-image-4493\" srcset=\"https:\/\/safe.pharmacy\/wp-content\/uploads\/2024\/01\/Pharmacist-Patient-Care-1-scaled.jpg 2560w, https:\/\/safe.pharmacy\/wp-content\/uploads\/2024\/01\/Pharmacist-Patient-Care-1-300x200.jpg 300w, https:\/\/safe.pharmacy\/wp-content\/uploads\/2024\/01\/Pharmacist-Patient-Care-1-1024x683.jpg 1024w, https:\/\/safe.pharmacy\/wp-content\/uploads\/2024\/01\/Pharmacist-Patient-Care-1-768x513.jpg 768w, https:\/\/safe.pharmacy\/wp-content\/uploads\/2024\/01\/Pharmacist-Patient-Care-1-1536x1025.jpg 1536w, https:\/\/safe.pharmacy\/wp-content\/uploads\/2024\/01\/Pharmacist-Patient-Care-1-2048x1367.jpg 2048w\" sizes=\"auto, (max-width: 2560px) 100vw, 2560px\" \/><\/figure>\n<\/div>\n\n\n\n<div class=\"wp-block-column is-vertically-aligned-center is-layout-flow wp-block-column-is-layout-flow\">\n<h2 class=\"wp-block-heading\">Sobre safe.pharmacy<\/h2>\n\n\n\n<p>Nuestra iniciativa Safe Pharmacy (Farmacia Segura) comenz\u00f3 en 2010 con un sitio web creado para educar al p\u00fablico sobre la seguridad de los medicamentos con cuatro \u00e1reas de \u00e9nfasis: comprar de forma segura en l\u00ednea, uso seguro de los medicamentos, prevenci\u00f3n del uso indebido y eliminaci\u00f3n de los medicamentos. Con una cifra estimada de 8.5 millones de estadounidenses que abusaron de cualquier tipo de analg\u00e9sico recetado en 2022 &#8212; sin contar los analg\u00e9sicos de venta libre que tambi\u00e9n pueden usarse indebidamente o los ni\u00f1os y mascotas que ingieren accidentalmente medicamentos no asegurados \u2013 es importante que los consumidores los conozcan estos temas.<\/p>\n\n\n\n<p>Buscamos continuamente ampliar nuestro sitio web y &nbsp;nuestros esfuerzos de educaci\u00f3n- concentrados en informar aconsumidores como usted sobre las pr\u00e1cticas seguras respecto de los medicamentos que afectan su salud y seguridad, y las de sus seres queridos.<\/p>\n<\/div>\n<\/div>\n<\/div><\/div>\n\n\n\n<div style=\"height:20px\" aria-hidden=\"true\" class=\"wp-block-spacer\"><\/div>\n\n\n\n<hr class=\"wp-block-separator has-text-color has-custom-1-color has-alpha-channel-opacity has-custom-1-background-color has-background is-style-wide\"\/>\n\n\n\n<div style=\"height:25px\" aria-hidden=\"true\" class=\"wp-block-spacer\"><\/div>\n\n\n\n<h2 class=\"wp-block-heading has-black-color has-text-color\" id=\"your-additional-resources\">Sus recursos adicionales<\/h2>\n\n\n\n<p>Tanto su junta estatal de farmacia como su farmac\u00e9utico son recursos invaluables para la pr\u00e1ctica segura de medicaci\u00f3n. Encuentre la informaci\u00f3n de contacto de las&nbsp;<a href=\"https:\/\/nabp.pharmacy\/about\/boards-of-pharmacy\/\" target=\"_blank\" rel=\"noreferrer noopener\">juntas de farmacia<\/a>&nbsp;en el sitio web de NABP.<\/p>\n\n\n\n<div class=\"wp-block-columns is-layout-flex wp-container-core-columns-is-layout-9d6595d7 wp-block-columns-is-layout-flex\">\n<div class=\"wp-block-column is-vertically-aligned-top is-layout-flow wp-block-column-is-layout-flow\" style=\"flex-basis:100px\">\n<div style=\"height:25px\" aria-hidden=\"true\" class=\"wp-block-spacer\"><\/div>\n\n\n\n<figure class=\"wp-block-image aligncenter size-large is-resized\"><img loading=\"lazy\" decoding=\"async\" width=\"102\" height=\"94\" src=\"https:\/\/safe.pharmacy\/wp-content\/uploads\/2024\/01\/ic-HeartHand.svg\" alt=\"Icon of a hand holding a heart.\" class=\"wp-image-4477\" style=\"width:65px;height:auto\"\/><\/figure>\n<\/div>\n\n\n\n<div class=\"wp-block-column is-vertically-aligned-top is-layout-flow wp-block-column-is-layout-flow\" style=\"flex-basis:1000px\">\n<h3 class=\"wp-block-heading\" id=\"la-junta-de-farmacia-de-su-estado-puede-brindar-asistencia-en-estas-areas\">La junta de farmacia de su estado puede brindar asistencia en estas \u00e1reas:<\/h3>\n\n\n\n<ul class=\"wp-block-list\">\n<li>Determinar el estado de la licencia de un farmac\u00e9utico o farmacia y si se han tomado o no medidas disciplinarias o legales<\/li>\n\n\n\n<li>Ayudar con errores de medicaci\u00f3n y otros problemas que ocurren en su farmacia<\/li>\n\n\n\n<li>Proporcionar informaci\u00f3n pertinente que afecte a consumidores y pacientes en su estado<\/li>\n\n\n\n<li>C\u00f3mo deshacerse de los medicamentos de manera segura en su estado<\/li>\n\n\n\n<li>C\u00f3mo leer las etiquetas de medicamentos recetados<\/li>\n<\/ul>\n<\/div>\n<\/div>\n\n\n\n<div class=\"wp-block-columns is-layout-flex wp-container-core-columns-is-layout-9d6595d7 wp-block-columns-is-layout-flex\">\n<div class=\"wp-block-column is-vertically-aligned-top is-layout-flow wp-block-column-is-layout-flow\" style=\"flex-basis:100px\">\n<div style=\"height:25px\" aria-hidden=\"true\" class=\"wp-block-spacer\"><\/div>\n\n\n\n<figure class=\"wp-block-image aligncenter size-large is-resized\"><img loading=\"lazy\" decoding=\"async\" width=\"75\" height=\"98\" src=\"https:\/\/safe.pharmacy\/wp-content\/uploads\/2024\/01\/ic-Pharmacist-1-1.svg\" alt=\"Icon of a female pharmacist.\" class=\"wp-image-4474\" style=\"width:65px;height:auto\"\/><\/figure>\n<\/div>\n\n\n\n<div class=\"wp-block-column is-vertically-aligned-top is-layout-flow wp-block-column-is-layout-flow\" style=\"flex-basis:1000px\">\n<h3 class=\"wp-block-heading\" id=\"su-farmaceutico-puede-ayudarle-a\">Su farmac\u00e9utico puede ayudarle a:<\/h3>\n\n\n\n<ul class=\"wp-block-list\">\n<li>Administrar sus medicamentos y coordinar la atenci\u00f3n con su m\u00e9dico<\/li>\n\n\n\n<li>Usar los opioides de manera segura al proporcionar contenido educativo a pacientes y cuidadores<\/li>\n\n\n\n<li>Ahorrar dinero en medicamentos al proporcionar opciones de ahorro de costos<\/li>\n\n\n\n<li>Vacunarlo, incluso recibir vacunas contra la gripe.<\/li>\n<\/ul>\n<\/div>\n<\/div>\n\n\n\n<div style=\"height:10px\" aria-hidden=\"true\" class=\"wp-block-spacer\"><\/div>\n\n\n\n<div style=\"height:25px\" aria-hidden=\"true\" class=\"wp-block-spacer\"><\/div>\n","protected":false},"excerpt":{"rendered":"<p>Acerca De National Association of Boards of Pharmacy National Association of Boards of Pharmacy\u00ae (NABP\u00ae) es una organizaci\u00f3n sin fines de lucro que trabaja con las juntas de farmacia estatales para proteger la salud p\u00fablica y garantizar que usted y su familia reciban la mejor atenci\u00f3n de farmacia.&nbsp; Desde nuestra fundaci\u00f3n hace 120 a\u00f1os, hemos [&hellip;]<\/p>\n","protected":false},"author":7,"featured_media":4498,"parent":0,"menu_order":0,"comment_status":"closed","ping_status":"closed","template":"","meta":{"_acf_changed":false,"footnotes":""},"class_list":["post-4673","page","type-page","status-publish","has-post-thumbnail","hentry"],"acf":[],"yoast_head":"<!-- This site is optimized with the Yoast SEO plugin v27.3 - https:\/\/yoast.com\/product\/yoast-seo-wordpress\/ -->\n<title>Farmacia Segura | Seguridad de los medicamentos | NABP<\/title>\n<meta name=\"description\" content=\"Recursos para la seguridad de los medicamentos con receta, para encontrar farmacias seguras en Internet y para hablar con su farmac\u00e9utico.\" \/>\n<meta name=\"robots\" content=\"index, follow, max-snippet:-1, max-image-preview:large, max-video-preview:-1\" \/>\n<link rel=\"canonical\" href=\"https:\/\/safe.pharmacy\/es\/acerca-de\/\" \/>\n<meta property=\"og:locale\" content=\"es_ES\" \/>\n<meta property=\"og:type\" content=\"article\" \/>\n<meta property=\"og:title\" content=\"Farmacia Segura | Seguridad de los medicamentos | NABP\" \/>\n<meta property=\"og:description\" content=\"Recursos para la seguridad de los medicamentos con receta, para encontrar farmacias seguras en Internet y para hablar con su farmac\u00e9utico.\" \/>\n<meta property=\"og:url\" content=\"https:\/\/safe.pharmacy\/es\/acerca-de\/\" \/>\n<meta property=\"og:site_name\" content=\"Safe.Pharmacy\" \/>\n<meta property=\"article:modified_time\" content=\"2025-09-29T20:34:25+00:00\" \/>\n<meta property=\"og:image\" content=\"https:\/\/safe.pharmacy\/wp-content\/uploads\/2024\/01\/iStock-1325914414-scaled.jpg\" \/>\n\t<meta property=\"og:image:width\" content=\"2560\" \/>\n\t<meta property=\"og:image:height\" content=\"1097\" \/>\n\t<meta property=\"og:image:type\" content=\"image\/jpeg\" \/>\n<meta name=\"twitter:card\" content=\"summary_large_image\" \/>\n<meta name=\"twitter:label1\" content=\"Tiempo de lectura\" \/>\n\t<meta name=\"twitter:data1\" content=\"4 minutos\" \/>\n<script type=\"application\/ld+json\" class=\"yoast-schema-graph\">{\"@context\":\"https:\\\/\\\/schema.org\",\"@graph\":[{\"@type\":\"WebPage\",\"@id\":\"https:\\\/\\\/safe.pharmacy\\\/es\\\/acerca-de\\\/\",\"url\":\"https:\\\/\\\/safe.pharmacy\\\/es\\\/acerca-de\\\/\",\"name\":\"Farmacia Segura | Seguridad de los medicamentos | NABP\",\"isPartOf\":{\"@id\":\"https:\\\/\\\/safe.pharmacy\\\/es\\\/#website\"},\"primaryImageOfPage\":{\"@id\":\"https:\\\/\\\/safe.pharmacy\\\/es\\\/acerca-de\\\/#primaryimage\"},\"image\":{\"@id\":\"https:\\\/\\\/safe.pharmacy\\\/es\\\/acerca-de\\\/#primaryimage\"},\"thumbnailUrl\":\"https:\\\/\\\/safe.pharmacy\\\/wp-content\\\/uploads\\\/2024\\\/01\\\/iStock-1325914414-scaled.jpg\",\"datePublished\":\"2024-01-26T18:12:55+00:00\",\"dateModified\":\"2025-09-29T20:34:25+00:00\",\"description\":\"Recursos para la seguridad de los medicamentos con receta, para encontrar farmacias seguras en Internet y para hablar con su farmac\u00e9utico.\",\"breadcrumb\":{\"@id\":\"https:\\\/\\\/safe.pharmacy\\\/es\\\/acerca-de\\\/#breadcrumb\"},\"inLanguage\":\"es\",\"potentialAction\":[{\"@type\":\"ReadAction\",\"target\":[\"https:\\\/\\\/safe.pharmacy\\\/es\\\/acerca-de\\\/\"]}]},{\"@type\":\"ImageObject\",\"inLanguage\":\"es\",\"@id\":\"https:\\\/\\\/safe.pharmacy\\\/es\\\/acerca-de\\\/#primaryimage\",\"url\":\"https:\\\/\\\/safe.pharmacy\\\/wp-content\\\/uploads\\\/2024\\\/01\\\/iStock-1325914414-scaled.jpg\",\"contentUrl\":\"https:\\\/\\\/safe.pharmacy\\\/wp-content\\\/uploads\\\/2024\\\/01\\\/iStock-1325914414-scaled.jpg\",\"width\":2560,\"height\":1097,\"caption\":\"Pharmacy: Professional Specialist Pharmacist Helping Beautiful Senior Female Customer with Medicine Recommendation, Advice, Talking. Drugstore with Full of Drugs, Pills, Health Care, Beauty Products\"},{\"@type\":\"BreadcrumbList\",\"@id\":\"https:\\\/\\\/safe.pharmacy\\\/es\\\/acerca-de\\\/#breadcrumb\",\"itemListElement\":[{\"@type\":\"ListItem\",\"position\":1,\"name\":\"Home\",\"item\":\"https:\\\/\\\/safe.pharmacy\\\/es\\\/\"},{\"@type\":\"ListItem\",\"position\":2,\"name\":\"Acerca De\"}]},{\"@type\":\"WebSite\",\"@id\":\"https:\\\/\\\/safe.pharmacy\\\/es\\\/#website\",\"url\":\"https:\\\/\\\/safe.pharmacy\\\/es\\\/\",\"name\":\"NABP\",\"description\":\"Your resource for safe pharmacy\",\"publisher\":{\"@id\":\"https:\\\/\\\/safe.pharmacy\\\/es\\\/#organization\"},\"potentialAction\":[{\"@type\":\"SearchAction\",\"target\":{\"@type\":\"EntryPoint\",\"urlTemplate\":\"https:\\\/\\\/safe.pharmacy\\\/es\\\/?s={search_term_string}\"},\"query-input\":{\"@type\":\"PropertyValueSpecification\",\"valueRequired\":true,\"valueName\":\"search_term_string\"}}],\"inLanguage\":\"es\"},{\"@type\":\"Organization\",\"@id\":\"https:\\\/\\\/safe.pharmacy\\\/es\\\/#organization\",\"name\":\"NABP\",\"url\":\"https:\\\/\\\/safe.pharmacy\\\/es\\\/\",\"logo\":{\"@type\":\"ImageObject\",\"inLanguage\":\"es\",\"@id\":\"https:\\\/\\\/safe.pharmacy\\\/es\\\/#\\\/schema\\\/logo\\\/image\\\/\",\"url\":\"https:\\\/\\\/safe.pharmacy\\\/wp-content\\\/uploads\\\/2023\\\/12\\\/Safe-Pharmacy-Logo.svg\",\"contentUrl\":\"https:\\\/\\\/safe.pharmacy\\\/wp-content\\\/uploads\\\/2023\\\/12\\\/Safe-Pharmacy-Logo.svg\",\"width\":151,\"height\":68,\"caption\":\"NABP\"},\"image\":{\"@id\":\"https:\\\/\\\/safe.pharmacy\\\/es\\\/#\\\/schema\\\/logo\\\/image\\\/\"}}]}<\/script>\n<!-- \/ Yoast SEO plugin. -->","yoast_head_json":{"title":"Farmacia Segura | Seguridad de los medicamentos | NABP","description":"Recursos para la seguridad de los medicamentos con receta, para encontrar farmacias seguras en Internet y para hablar con su farmac\u00e9utico.","robots":{"index":"index","follow":"follow","max-snippet":"max-snippet:-1","max-image-preview":"max-image-preview:large","max-video-preview":"max-video-preview:-1"},"canonical":"https:\/\/safe.pharmacy\/es\/acerca-de\/","og_locale":"es_ES","og_type":"article","og_title":"Farmacia Segura | Seguridad de los medicamentos | NABP","og_description":"Recursos para la seguridad de los medicamentos con receta, para encontrar farmacias seguras en Internet y para hablar con su farmac\u00e9utico.","og_url":"https:\/\/safe.pharmacy\/es\/acerca-de\/","og_site_name":"Safe.Pharmacy","article_modified_time":"2025-09-29T20:34:25+00:00","og_image":[{"width":2560,"height":1097,"url":"https:\/\/safe.pharmacy\/wp-content\/uploads\/2024\/01\/iStock-1325914414-scaled.jpg","type":"image\/jpeg"}],"twitter_card":"summary_large_image","twitter_misc":{"Tiempo de lectura":"4 minutos"},"schema":{"@context":"https:\/\/schema.org","@graph":[{"@type":"WebPage","@id":"https:\/\/safe.pharmacy\/es\/acerca-de\/","url":"https:\/\/safe.pharmacy\/es\/acerca-de\/","name":"Farmacia Segura | Seguridad de los medicamentos | NABP","isPartOf":{"@id":"https:\/\/safe.pharmacy\/es\/#website"},"primaryImageOfPage":{"@id":"https:\/\/safe.pharmacy\/es\/acerca-de\/#primaryimage"},"image":{"@id":"https:\/\/safe.pharmacy\/es\/acerca-de\/#primaryimage"},"thumbnailUrl":"https:\/\/safe.pharmacy\/wp-content\/uploads\/2024\/01\/iStock-1325914414-scaled.jpg","datePublished":"2024-01-26T18:12:55+00:00","dateModified":"2025-09-29T20:34:25+00:00","description":"Recursos para la seguridad de los medicamentos con receta, para encontrar farmacias seguras en Internet y para hablar con su farmac\u00e9utico.","breadcrumb":{"@id":"https:\/\/safe.pharmacy\/es\/acerca-de\/#breadcrumb"},"inLanguage":"es","potentialAction":[{"@type":"ReadAction","target":["https:\/\/safe.pharmacy\/es\/acerca-de\/"]}]},{"@type":"ImageObject","inLanguage":"es","@id":"https:\/\/safe.pharmacy\/es\/acerca-de\/#primaryimage","url":"https:\/\/safe.pharmacy\/wp-content\/uploads\/2024\/01\/iStock-1325914414-scaled.jpg","contentUrl":"https:\/\/safe.pharmacy\/wp-content\/uploads\/2024\/01\/iStock-1325914414-scaled.jpg","width":2560,"height":1097,"caption":"Pharmacy: Professional Specialist Pharmacist Helping Beautiful Senior Female Customer with Medicine Recommendation, Advice, Talking. Drugstore with Full of Drugs, Pills, Health Care, Beauty Products"},{"@type":"BreadcrumbList","@id":"https:\/\/safe.pharmacy\/es\/acerca-de\/#breadcrumb","itemListElement":[{"@type":"ListItem","position":1,"name":"Home","item":"https:\/\/safe.pharmacy\/es\/"},{"@type":"ListItem","position":2,"name":"Acerca De"}]},{"@type":"WebSite","@id":"https:\/\/safe.pharmacy\/es\/#website","url":"https:\/\/safe.pharmacy\/es\/","name":"NABP","description":"Your resource for safe pharmacy","publisher":{"@id":"https:\/\/safe.pharmacy\/es\/#organization"},"potentialAction":[{"@type":"SearchAction","target":{"@type":"EntryPoint","urlTemplate":"https:\/\/safe.pharmacy\/es\/?s={search_term_string}"},"query-input":{"@type":"PropertyValueSpecification","valueRequired":true,"valueName":"search_term_string"}}],"inLanguage":"es"},{"@type":"Organization","@id":"https:\/\/safe.pharmacy\/es\/#organization","name":"NABP","url":"https:\/\/safe.pharmacy\/es\/","logo":{"@type":"ImageObject","inLanguage":"es","@id":"https:\/\/safe.pharmacy\/es\/#\/schema\/logo\/image\/","url":"https:\/\/safe.pharmacy\/wp-content\/uploads\/2023\/12\/Safe-Pharmacy-Logo.svg","contentUrl":"https:\/\/safe.pharmacy\/wp-content\/uploads\/2023\/12\/Safe-Pharmacy-Logo.svg","width":151,"height":68,"caption":"NABP"},"image":{"@id":"https:\/\/safe.pharmacy\/es\/#\/schema\/logo\/image\/"}}]}},"_links":{"self":[{"href":"https:\/\/safe.pharmacy\/es\/wp-json\/wp\/v2\/pages\/4673","targetHints":{"allow":["GET"]}}],"collection":[{"href":"https:\/\/safe.pharmacy\/es\/wp-json\/wp\/v2\/pages"}],"about":[{"href":"https:\/\/safe.pharmacy\/es\/wp-json\/wp\/v2\/types\/page"}],"author":[{"embeddable":true,"href":"https:\/\/safe.pharmacy\/es\/wp-json\/wp\/v2\/users\/7"}],"replies":[{"embeddable":true,"href":"https:\/\/safe.pharmacy\/es\/wp-json\/wp\/v2\/comments?post=4673"}],"version-history":[{"count":11,"href":"https:\/\/safe.pharmacy\/es\/wp-json\/wp\/v2\/pages\/4673\/revisions"}],"predecessor-version":[{"id":5685,"href":"https:\/\/safe.pharmacy\/es\/wp-json\/wp\/v2\/pages\/4673\/revisions\/5685"}],"wp:featuredmedia":[{"embeddable":true,"href":"https:\/\/safe.pharmacy\/es\/wp-json\/wp\/v2\/media\/4498"}],"wp:attachment":[{"href":"https:\/\/safe.pharmacy\/es\/wp-json\/wp\/v2\/media?parent=4673"}],"curies":[{"name":"wp","href":"https:\/\/api.w.org\/{rel}","templated":true}]}}