{"id":1659,"date":"2021-05-18T17:00:31","date_gmt":"2021-05-18T22:00:31","guid":{"rendered":"https:\/\/safe.pharmacy\/?page_id=1659"},"modified":"2024-01-30T14:39:51","modified_gmt":"2024-01-30T20:39:51","slug":"reporte-un-sitio-web-sospechoso","status":"publish","type":"page","link":"https:\/\/safe.pharmacy\/es\/reporte-un-sitio-web-sospechoso\/","title":{"rendered":"Rep\u00f3rte un Sitio Web Sospechoso"},"content":{"rendered":"\n<div class=\"wp-block-cover alignfull\" style=\"padding-top:var(--wp--preset--spacing--80);padding-bottom:var(--wp--preset--spacing--80)\"><span aria-hidden=\"true\" class=\"wp-block-cover__background has-background-dim-100 has-background-dim has-background-gradient has-nabp-purple-gradient-gradient-background\"><\/span><div class=\"wp-block-cover__inner-container is-layout-constrained wp-block-cover-is-layout-constrained\">\n<div class=\"wp-block-columns is-layout-flex wp-container-core-columns-is-layout-9d6595d7 wp-block-columns-is-layout-flex\">\n<div class=\"wp-block-column is-vertically-aligned-center is-layout-flow wp-block-column-is-layout-flow\">\n<h1 class=\"wp-block-heading\">Rep\u00f3rte un Sitio Web Sospechoso<\/h1>\n<\/div>\n\n\n\n<div class=\"wp-block-column is-vertically-aligned-center is-layout-flow wp-block-column-is-layout-flow\">\n<p>Si un sitio web que visit\u00f3 es sospechoso, pero actualmente no figura en la lista no recomendada, rep\u00f3rtelo a continuaci\u00f3n.<\/p>\n<\/div>\n<\/div>\n<\/div><\/div>\n\n\n\n<div class=\"wp-block-group alignfull no-padding has-background is-layout-constrained wp-block-group-is-layout-constrained\" style=\"background-color:#f2f2f2\"><div class=\"yoast-breadcrumbs\"><span><span><a href=\"https:\/\/safe.pharmacy\/es\/\">Home<\/a><\/span> &raquo; <span class=\"breadcrumb_last\" aria-current=\"page\">Rep\u00f3rte un Sitio Web Sospechoso<\/span><\/span><\/div><\/div>\n\n\n<link rel='stylesheet' id='formidable-css' href='https:\/\/safe.pharmacy\/wp-content\/plugins\/formidable\/css\/formidableforms.css?ver=3112152' type='text\/css' media='all' \/>\n<div class=\"frm_forms  with_frm_style frm_style_formidable-style\" id=\"frm_form_6_container\" >\n<form enctype=\"multipart\/form-data\" method=\"post\" class=\"frm-show-form  frm_pro_form \" id=\"form_reportasuspiciousinternetpharmacysite22\" >\n<div class=\"frm_form_fields \">\n<fieldset>\n<legend class=\"frm_screen_reader\">SP Report a Suspicious Internet Pharmacy Site<\/legend>\r\n\r\n<div class=\"frm_fields_container\">\n<input type=\"hidden\" name=\"frm_action\" value=\"create\" \/>\n<input type=\"hidden\" name=\"form_id\" value=\"6\" \/>\n<input type=\"hidden\" name=\"frm_hide_fields_6\" id=\"frm_hide_fields_6\" value=\"\" \/>\n<input type=\"hidden\" name=\"form_key\" value=\"reportasuspiciousinternetpharmacysite22\" \/>\n<input type=\"hidden\" name=\"item_meta[0]\" value=\"\" \/>\n<input type=\"hidden\" id=\"frm_submit_entry_6\" name=\"frm_submit_entry_6\" value=\"868afdd434\" \/><input type=\"hidden\" name=\"_wp_http_referer\" value=\"\/es\/wp-json\/wp\/v2\/pages\/1659\" \/><div id=\"frm_field_53_container\" class=\"frm_form_field form-field  frm_top_container\">\r\n    <label for=\"field_s1p6g2\" id=\"field_s1p6g2_label\" class=\"frm_primary_label\">Nombre de la empresa o patrocinador del sitio (si se conoce):\r\n        <span class=\"frm_required\"><\/span>\r\n    <\/label>\r\n    <input  type=\"text\" id=\"field_s1p6g2\" name=\"item_meta[53]\" value=\"\"  data-invmsg=\"Text is invalid\" aria-invalid=\"false\"   \/>\r\n    \r\n    \r\n<\/div>\n<div id=\"frm_field_54_container\" class=\"frm_form_field form-field  frm_required_field frm_top_container\">\r\n    <label for=\"field_ewc0v2\" id=\"field_ewc0v2_label\" class=\"frm_primary_label\">URL del sitio:\r\n        <span class=\"frm_required\">*<\/span>\r\n    <\/label>\r\n    <input type=\"url\" id=\"field_ewc0v2\" name=\"item_meta[54]\" value=\"\"  data-reqmsg=\"URL del sitio: cannot be blank.\" aria-required=\"true\" data-invmsg=\"Website\/URL is invalid\" aria-invalid=\"false\"  \/>\r\n    \r\n    \r\n<\/div>\n<div id=\"frm_field_55_container\" class=\"frm_form_field form-field  frm_required_field frm_top_container\">\r\n    <label for=\"field_z04a02\" id=\"field_z04a02_label\" class=\"frm_primary_label\">Fecha en que encontr\u00f3 el sitio:\r\n        <span class=\"frm_required\">*<\/span>\r\n    <\/label>\r\n    <input type=\"text\" id=\"field_z04a02\" name=\"item_meta[55]\" value=\"\"  maxlength=\"10\" data-reqmsg=\"Fecha en que encontr\u00f3 el sitio: cannot be blank.\" aria-required=\"true\" data-invmsg=\"Date is invalid\" class=\"frm_date\" aria-invalid=\"false\"  \/>\r\n    \r\n    \r\n<\/div>\n<div id=\"frm_field_56_container\" class=\"frm_form_field form-field  frm_required_field frm_top_container vertical_radio\">\r\n    <div  id=\"field_78ite2_label\" class=\"frm_primary_label\">\u00bfC\u00f3mo se enter\u00f3 del sitio sospechoso?\r\n        <span class=\"frm_required\">*<\/span>\r\n    <\/div>\r\n    <div class=\"frm_opt_container\" aria-labelledby=\"field_78ite2_label\" role=\"radiogroup\" aria-required=\"true\">\t\t<div class=\"frm_radio\" id=\"frm_radio_56-0\">\t\t\t<label  for=\"field_78ite2-0\">\n\t\t\t\t\t<input type=\"radio\" name=\"item_meta[56]\" id=\"field_78ite2-0\" value=\"Correo electr\u00f3nico\"\n\t\t data-reqmsg=\"\u00bfC\u00f3mo se enter\u00f3 del sitio sospechoso? cannot be blank.\" data-invmsg=\"\u00bfC\u00f3mo se enter\u00f3 del sitio sospechoso? no es v\u00e1lido\"   \/> Correo electr\u00f3nico<\/label><\/div>\n\t\t<div class=\"frm_radio\" id=\"frm_radio_56-1\">\t\t\t<label  for=\"field_78ite2-1\">\n\t\t\t\t\t<input type=\"radio\" name=\"item_meta[56]\" id=\"field_78ite2-1\" value=\"Referencia del sitio web\"\n\t\t data-reqmsg=\"\u00bfC\u00f3mo se enter\u00f3 del sitio sospechoso? cannot be blank.\" data-invmsg=\"\u00bfC\u00f3mo se enter\u00f3 del sitio sospechoso? no es v\u00e1lido\"   \/> Referencia del sitio web<\/label><\/div>\n\t\t<div class=\"frm_radio\" id=\"frm_radio_56-2\">\t\t\t<label  for=\"field_78ite2-2\">\n\t\t\t\t\t<input type=\"radio\" name=\"item_meta[56]\" id=\"field_78ite2-2\" value=\"Otro\"\n\t\t data-reqmsg=\"\u00bfC\u00f3mo se enter\u00f3 del sitio sospechoso? cannot be blank.\" data-invmsg=\"\u00bfC\u00f3mo se enter\u00f3 del sitio sospechoso? no es v\u00e1lido\"   \/> Otro<\/label><\/div>\n<\/div>\r\n    \r\n    \r\n<\/div>\n<div id=\"frm_field_57_container\" class=\"frm_form_field form-field  frm_required_field frm_top_container\">\r\n    <label for=\"field_k9i3k2\" id=\"field_k9i3k2_label\" class=\"frm_primary_label\">\u00bfQu\u00e9 era sospechoso sobre el sitio?\r\n        <span class=\"frm_required\">*<\/span>\r\n    <\/label>\r\n    <textarea name=\"item_meta[57]\" id=\"field_k9i3k2\" rows=\"5\"  data-reqmsg=\"\u00bfQu\u00e9 era sospechoso sobre el sitio? cannot be blank.\" aria-required=\"true\" data-invmsg=\"\u00bfQu\u00e9 era sospechoso sobre el sitio? no es v\u00e1lido\" aria-invalid=\"false\"  ><\/textarea>\r\n    \r\n    \r\n<\/div>\n<div id=\"frm_field_58_container\" class=\"frm_form_field form-field  frm_top_container\">\r\n    <label for=\"field_bdwfi2\" id=\"field_bdwfi2_label\" class=\"frm_primary_label\">Estado d\u00f3nde se encuentra la empresa (si se conoce):\r\n        <span class=\"frm_required\"><\/span>\r\n    <\/label>\r\n    <input  type=\"text\" id=\"field_bdwfi2\" name=\"item_meta[58]\" value=\"\"  data-invmsg=\"Text is invalid\" aria-invalid=\"false\"   \/>\r\n    \r\n    \r\n<\/div>\n<div id=\"frm_field_59_container\" class=\"frm_form_field form-field  frm_required_field frm_top_container\">\r\n    <label for=\"field_lhdv52\" id=\"field_lhdv52_label\" class=\"frm_primary_label\">Su estado de residencia:\r\n        <span class=\"frm_required\">*<\/span>\r\n    <\/label>\r\n    <input  type=\"text\" id=\"field_lhdv52\" name=\"item_meta[59]\" value=\"\"  data-reqmsg=\"Su estado de residencia: cannot be blank.\" aria-required=\"true\" data-invmsg=\"Text is invalid\" aria-invalid=\"false\"   \/>\r\n    \r\n    \r\n<\/div>\n<div id=\"frm_field_60_container\" class=\"frm_form_field form-field  frm_required_field frm_top_container\">\r\n    <label for=\"field_krhk2\" id=\"field_krhk2_label\" class=\"frm_primary_label\">\u00bfFue da\u00f1ado alguien conocido o usted por las acciones de los operadores del sitio? (Explique)\r\n        <span class=\"frm_required\">*<\/span>\r\n    <\/label>\r\n    <textarea name=\"item_meta[60]\" id=\"field_krhk2\" rows=\"5\"  data-reqmsg=\"\u00bfFue da\u00f1ado alguien conocido o usted por las acciones de los operadores del sitio? (Explique) cannot be blank.\" aria-required=\"true\" data-invmsg=\"\u00bfFue da\u00f1ado alguien conocido o usted por las acciones de los operadores del sitio? (Explique) no es v\u00e1lido\" aria-invalid=\"false\"  ><\/textarea>\r\n    \r\n    \r\n<\/div>\n<div id=\"frm_field_61_container\" class=\"frm_form_field form-field  frm_required_field frm_top_container vertical_radio\">\r\n    <div  id=\"field_pagj52_label\" class=\"frm_primary_label\">\u00bfPuede NABP o una agencia reguladora contactarlo para obtener m\u00e1s informaci\u00f3n o aclaraciones (si es necesario)? \r\n        <span class=\"frm_required\">*<\/span>\r\n    <\/div>\r\n    <div class=\"frm_opt_container\" aria-labelledby=\"field_pagj52_label\" role=\"radiogroup\" aria-required=\"true\">\t\t<div class=\"frm_radio\" id=\"frm_radio_61-0\">\t\t\t<label  for=\"field_pagj52-0\">\n\t\t\t\t\t<input type=\"radio\" name=\"item_meta[61]\" id=\"field_pagj52-0\" value=\"Yes\"\n\t\t data-reqmsg=\"\u00bfPuede NABP o una agencia reguladora contactarlo para obtener m\u00e1s informaci\u00f3n o aclaraciones (si es necesario)?  cannot be blank.\" data-invmsg=\"\u00bfPuede NABP o una agencia reguladora contactarlo para obtener m\u00e1s informaci\u00f3n o aclaraciones (si es necesario)?  no es v\u00e1lido\"   \/> Yes<\/label><\/div>\n\t\t<div class=\"frm_radio\" id=\"frm_radio_61-1\">\t\t\t<label  for=\"field_pagj52-1\">\n\t\t\t\t\t<input type=\"radio\" name=\"item_meta[61]\" id=\"field_pagj52-1\" value=\"No\"\n\t\t data-reqmsg=\"\u00bfPuede NABP o una agencia reguladora contactarlo para obtener m\u00e1s informaci\u00f3n o aclaraciones (si es necesario)?  cannot be blank.\" data-invmsg=\"\u00bfPuede NABP o una agencia reguladora contactarlo para obtener m\u00e1s informaci\u00f3n o aclaraciones (si es necesario)?  no es v\u00e1lido\"   \/> No<\/label><\/div>\n<\/div>\r\n    \r\n    \r\n<\/div>\n<div id=\"frm_field_62_container\" class=\"frm_form_field frm_section_heading form-field \">\r\n<h3 class=\"frm_pos_top frm_section_spacing\">Informaci\u00f3n de contacto<\/h3>\r\n\r\n\r\n<div id=\"frm_field_63_container\" class=\"frm_form_field form-field  frm_top_container frm_first frm_half\">\r\n    <label for=\"field_nu43z2\" id=\"field_nu43z2_label\" class=\"frm_primary_label\">Nombre\r\n        <span class=\"frm_required\"><\/span>\r\n    <\/label>\r\n    <input  type=\"text\" id=\"field_nu43z2\" name=\"item_meta[63]\" value=\"\"  data-sectionid=\"62\"  data-invmsg=\"Text is invalid\" aria-invalid=\"false\"   \/>\r\n    \r\n    \r\n<\/div>\n<div id=\"frm_field_64_container\" class=\"frm_form_field form-field  frm_top_container frm_half\">\r\n    <label for=\"field_wf46v2\" id=\"field_wf46v2_label\" class=\"frm_primary_label\">Apellido\r\n        <span class=\"frm_required\"><\/span>\r\n    <\/label>\r\n    <input  type=\"text\" id=\"field_wf46v2\" name=\"item_meta[64]\" value=\"\"  data-sectionid=\"62\"  data-invmsg=\"Text is invalid\" aria-invalid=\"false\"   \/>\r\n    \r\n    \r\n<\/div>\n<div id=\"frm_field_65_container\" class=\"frm_form_field form-field  frm_top_container\">\r\n    <label for=\"field_rkz262\" id=\"field_rkz262_label\" class=\"frm_primary_label\">Tel\u00e9fono\r\n        <span class=\"frm_required\"><\/span>\r\n    <\/label>\r\n    <input type=\"tel\" id=\"field_rkz262\" name=\"item_meta[65]\" value=\"\"  data-sectionid=\"62\"  data-invmsg=\"Phone is invalid\" aria-invalid=\"false\" pattern=\"((\\+\\d{1,3}(-|.| )?\\(?\\d\\)?(-| |.)?\\d{1,5})|(\\(?\\d{2,6}\\)?))(-|.| )?(\\d{3,4})(-|.| )?(\\d{4})(( x| ext)\\d{1,5}){0,1}$\"  \/>\r\n    \r\n    \r\n<\/div>\n<div id=\"frm_field_66_container\" class=\"frm_form_field form-field  frm_top_container\">\r\n    <label for=\"field_owtt12\" id=\"field_owtt12_label\" class=\"frm_primary_label\">Correo electr\u00f3nico\r\n        <span class=\"frm_required\"><\/span>\r\n    <\/label>\r\n    <input type=\"email\" id=\"field_owtt12\" name=\"item_meta[66]\" value=\"\"  data-invmsg=\"Email is invalid\" aria-invalid=\"false\"   aria-describedby=\"frm_desc_field_owtt12\"\/>\r\n    <div class=\"frm_description\" id=\"frm_desc_field_owtt12\">Aseg\u00farese de incluir su direcci\u00f3n de correo electr\u00f3nico para recibir una respuesta por escrito a sus consultas.<\/div>\r\n    \r\n<\/div>\n<div id=\"frm_field_67_container\" class=\"frm_form_field form-field  frm_top_container\">\r\n    <label for=\"field_l01bv2\" id=\"field_l01bv2_label\" class=\"frm_primary_label\">El mejor momento para contactarlo\r\n        <span class=\"frm_required\"><\/span>\r\n    <\/label>\r\n    \t\t<select name=\"item_meta[67]\" id=\"field_l01bv2\"  data-invmsg=\"El mejor momento para contactarlo no es v\u00e1lido\" aria-invalid=\"false\"  >\n\t\t<option  value=\"8 - 10 AM\">8 &#8211; 10 AM<\/option><option  value=\"10 AM - mediod\u00eda\">10 AM &#8211; mediod\u00eda<\/option><option  value=\"Mediod\u00eda - 2 PM\">Mediod\u00eda &#8211; 2 PM<\/option><option  value=\"2 PM - 4 PM\">2 PM &#8211; 4 PM<\/option><option  value=\"Despu\u00e9s de las 4 PM\">Despu\u00e9s de las 4 PM<\/option>\t<\/select>\n\t\r\n    \r\n    \r\n<\/div>\n<\/div>\n<div id=\"frm_field_82_container\" class=\"frm_form_field form-field  frm_none_container\">\r\n    <div  id=\"field_lpggl_label\" class=\"frm_primary_label\">reCAPTCHA\r\n        <span class=\"frm_required\"><\/span>\r\n    <\/div>\r\n    <div  id=\"field_lpggl\" class=\"frm-g-recaptcha\" data-sitekey=\"6LfDvMQUAAAAADvhc4pwyp2OSazraC5MKXx_s6zt\" data-size=\"normal\" data-theme=\"light\"><\/div>\r\n    \r\n    \r\n<\/div>\n\t<input type=\"hidden\" name=\"item_key\" value=\"\" \/>\n\t\t\t<div id=\"frm_field_118_container\">\n\t\t\t<label for=\"field_8f7mb\" >\n\t\t\t\tSi eres humano, deja este campo en blanco.\t\t\t<\/label>\n\t\t\t<input  id=\"field_8f7mb\" type=\"text\" class=\"frm_form_field form-field frm_verify\" name=\"item_meta[118]\" value=\"\"  \/>\n\t\t<\/div>\n\t\t<input name=\"frm_state\" type=\"hidden\" value=\"zbYGDgSlPAGB7DP3XlhX4h6MjdJioY0JXBy5EJlbWQkJRwlAlk2ZaiFwLrN7ih0i\" \/><div class=\"frm_submit\">\r\n\r\n<button class=\"frm_button_submit frm_final_submit\" type=\"submit\"   formnovalidate=\"formnovalidate\">Enviar<\/button>\r\n\r\n<\/div><\/div>\n<\/fieldset>\n<\/div>\n\n<p style=\"display: none !important;\" class=\"akismet-fields-container\" data-prefix=\"ak_\"><label>&#916;<textarea name=\"ak_hp_textarea\" cols=\"45\" rows=\"8\" maxlength=\"100\"><\/textarea><\/label><input type=\"hidden\" id=\"ak_js_1\" name=\"ak_js\" value=\"188\"\/><script>document.getElementById( \"ak_js_1\" ).setAttribute( \"value\", ( new Date() ).getTime() );<\/script><\/p><\/form>\n<\/div>\n","protected":false},"excerpt":{"rendered":"","protected":false},"author":7,"featured_media":0,"parent":0,"menu_order":0,"comment_status":"closed","ping_status":"closed","template":"","meta":{"_acf_changed":false,"footnotes":""},"class_list":["post-1659","page","type-page","status-publish","hentry"],"acf":[],"yoast_head":"<!-- This site is optimized with the Yoast SEO plugin v27.3 - https:\/\/yoast.com\/product\/yoast-seo-wordpress\/ -->\n<title>Pagina seguro | No recomendado | Informe<\/title>\n<meta name=\"description\" content=\"Si una pagina que visito es sospechoso, pero actualmente no figura en la lista no recomendada, reportarlo.\" \/>\n<meta name=\"robots\" content=\"index, follow, max-snippet:-1, max-image-preview:large, max-video-preview:-1\" \/>\n<link rel=\"canonical\" href=\"https:\/\/safe.pharmacy\/es\/reporte-un-sitio-web-sospechoso\/\" \/>\n<meta property=\"og:locale\" content=\"es_ES\" \/>\n<meta property=\"og:type\" content=\"article\" \/>\n<meta property=\"og:title\" content=\"Pagina seguro | No recomendado | Informe\" \/>\n<meta property=\"og:description\" content=\"Si una pagina que visito es sospechoso, pero actualmente no figura en la lista no recomendada, reportarlo.\" \/>\n<meta property=\"og:url\" content=\"https:\/\/safe.pharmacy\/es\/reporte-un-sitio-web-sospechoso\/\" \/>\n<meta property=\"og:site_name\" content=\"Safe.Pharmacy\" \/>\n<meta property=\"article:modified_time\" content=\"2024-01-30T20:39:51+00:00\" \/>\n<meta name=\"twitter:card\" content=\"summary_large_image\" \/>\n<meta name=\"twitter:label1\" content=\"Tiempo de lectura\" \/>\n\t<meta name=\"twitter:data1\" content=\"1 minuto\" \/>\n<script type=\"application\/ld+json\" class=\"yoast-schema-graph\">{\"@context\":\"https:\\\/\\\/schema.org\",\"@graph\":[{\"@type\":\"WebPage\",\"@id\":\"https:\\\/\\\/safe.pharmacy\\\/es\\\/reporte-un-sitio-web-sospechoso\\\/\",\"url\":\"https:\\\/\\\/safe.pharmacy\\\/es\\\/reporte-un-sitio-web-sospechoso\\\/\",\"name\":\"Pagina seguro | No recomendado | Informe\",\"isPartOf\":{\"@id\":\"https:\\\/\\\/safe.pharmacy\\\/es\\\/#website\"},\"datePublished\":\"2021-05-18T22:00:31+00:00\",\"dateModified\":\"2024-01-30T20:39:51+00:00\",\"description\":\"Si una pagina que visito es sospechoso, pero actualmente no figura en la lista no recomendada, reportarlo.\",\"breadcrumb\":{\"@id\":\"https:\\\/\\\/safe.pharmacy\\\/es\\\/reporte-un-sitio-web-sospechoso\\\/#breadcrumb\"},\"inLanguage\":\"es\",\"potentialAction\":[{\"@type\":\"ReadAction\",\"target\":[\"https:\\\/\\\/safe.pharmacy\\\/es\\\/reporte-un-sitio-web-sospechoso\\\/\"]}]},{\"@type\":\"BreadcrumbList\",\"@id\":\"https:\\\/\\\/safe.pharmacy\\\/es\\\/reporte-un-sitio-web-sospechoso\\\/#breadcrumb\",\"itemListElement\":[{\"@type\":\"ListItem\",\"position\":1,\"name\":\"Home\",\"item\":\"https:\\\/\\\/safe.pharmacy\\\/es\\\/\"},{\"@type\":\"ListItem\",\"position\":2,\"name\":\"Rep\u00f3rte un Sitio Web Sospechoso\"}]},{\"@type\":\"WebSite\",\"@id\":\"https:\\\/\\\/safe.pharmacy\\\/es\\\/#website\",\"url\":\"https:\\\/\\\/safe.pharmacy\\\/es\\\/\",\"name\":\"NABP\",\"description\":\"Your resource for safe pharmacy\",\"publisher\":{\"@id\":\"https:\\\/\\\/safe.pharmacy\\\/es\\\/#organization\"},\"potentialAction\":[{\"@type\":\"SearchAction\",\"target\":{\"@type\":\"EntryPoint\",\"urlTemplate\":\"https:\\\/\\\/safe.pharmacy\\\/es\\\/?s={search_term_string}\"},\"query-input\":{\"@type\":\"PropertyValueSpecification\",\"valueRequired\":true,\"valueName\":\"search_term_string\"}}],\"inLanguage\":\"es\"},{\"@type\":\"Organization\",\"@id\":\"https:\\\/\\\/safe.pharmacy\\\/es\\\/#organization\",\"name\":\"NABP\",\"url\":\"https:\\\/\\\/safe.pharmacy\\\/es\\\/\",\"logo\":{\"@type\":\"ImageObject\",\"inLanguage\":\"es\",\"@id\":\"https:\\\/\\\/safe.pharmacy\\\/es\\\/#\\\/schema\\\/logo\\\/image\\\/\",\"url\":\"https:\\\/\\\/safe.pharmacy\\\/wp-content\\\/uploads\\\/2023\\\/12\\\/Safe-Pharmacy-Logo.svg\",\"contentUrl\":\"https:\\\/\\\/safe.pharmacy\\\/wp-content\\\/uploads\\\/2023\\\/12\\\/Safe-Pharmacy-Logo.svg\",\"width\":151,\"height\":68,\"caption\":\"NABP\"},\"image\":{\"@id\":\"https:\\\/\\\/safe.pharmacy\\\/es\\\/#\\\/schema\\\/logo\\\/image\\\/\"}}]}<\/script>\n<!-- \/ Yoast SEO plugin. -->","yoast_head_json":{"title":"Pagina seguro | No recomendado | Informe","description":"Si una pagina que visito es sospechoso, pero actualmente no figura en la lista no recomendada, reportarlo.","robots":{"index":"index","follow":"follow","max-snippet":"max-snippet:-1","max-image-preview":"max-image-preview:large","max-video-preview":"max-video-preview:-1"},"canonical":"https:\/\/safe.pharmacy\/es\/reporte-un-sitio-web-sospechoso\/","og_locale":"es_ES","og_type":"article","og_title":"Pagina seguro | No recomendado | Informe","og_description":"Si una pagina que visito es sospechoso, pero actualmente no figura en la lista no recomendada, reportarlo.","og_url":"https:\/\/safe.pharmacy\/es\/reporte-un-sitio-web-sospechoso\/","og_site_name":"Safe.Pharmacy","article_modified_time":"2024-01-30T20:39:51+00:00","twitter_card":"summary_large_image","twitter_misc":{"Tiempo de lectura":"1 minuto"},"schema":{"@context":"https:\/\/schema.org","@graph":[{"@type":"WebPage","@id":"https:\/\/safe.pharmacy\/es\/reporte-un-sitio-web-sospechoso\/","url":"https:\/\/safe.pharmacy\/es\/reporte-un-sitio-web-sospechoso\/","name":"Pagina seguro | No recomendado | Informe","isPartOf":{"@id":"https:\/\/safe.pharmacy\/es\/#website"},"datePublished":"2021-05-18T22:00:31+00:00","dateModified":"2024-01-30T20:39:51+00:00","description":"Si una pagina que visito es sospechoso, pero actualmente no figura en la lista no recomendada, reportarlo.","breadcrumb":{"@id":"https:\/\/safe.pharmacy\/es\/reporte-un-sitio-web-sospechoso\/#breadcrumb"},"inLanguage":"es","potentialAction":[{"@type":"ReadAction","target":["https:\/\/safe.pharmacy\/es\/reporte-un-sitio-web-sospechoso\/"]}]},{"@type":"BreadcrumbList","@id":"https:\/\/safe.pharmacy\/es\/reporte-un-sitio-web-sospechoso\/#breadcrumb","itemListElement":[{"@type":"ListItem","position":1,"name":"Home","item":"https:\/\/safe.pharmacy\/es\/"},{"@type":"ListItem","position":2,"name":"Rep\u00f3rte un Sitio Web Sospechoso"}]},{"@type":"WebSite","@id":"https:\/\/safe.pharmacy\/es\/#website","url":"https:\/\/safe.pharmacy\/es\/","name":"NABP","description":"Your resource for safe pharmacy","publisher":{"@id":"https:\/\/safe.pharmacy\/es\/#organization"},"potentialAction":[{"@type":"SearchAction","target":{"@type":"EntryPoint","urlTemplate":"https:\/\/safe.pharmacy\/es\/?s={search_term_string}"},"query-input":{"@type":"PropertyValueSpecification","valueRequired":true,"valueName":"search_term_string"}}],"inLanguage":"es"},{"@type":"Organization","@id":"https:\/\/safe.pharmacy\/es\/#organization","name":"NABP","url":"https:\/\/safe.pharmacy\/es\/","logo":{"@type":"ImageObject","inLanguage":"es","@id":"https:\/\/safe.pharmacy\/es\/#\/schema\/logo\/image\/","url":"https:\/\/safe.pharmacy\/wp-content\/uploads\/2023\/12\/Safe-Pharmacy-Logo.svg","contentUrl":"https:\/\/safe.pharmacy\/wp-content\/uploads\/2023\/12\/Safe-Pharmacy-Logo.svg","width":151,"height":68,"caption":"NABP"},"image":{"@id":"https:\/\/safe.pharmacy\/es\/#\/schema\/logo\/image\/"}}]}},"_links":{"self":[{"href":"https:\/\/safe.pharmacy\/es\/wp-json\/wp\/v2\/pages\/1659","targetHints":{"allow":["GET"]}}],"collection":[{"href":"https:\/\/safe.pharmacy\/es\/wp-json\/wp\/v2\/pages"}],"about":[{"href":"https:\/\/safe.pharmacy\/es\/wp-json\/wp\/v2\/types\/page"}],"author":[{"embeddable":true,"href":"https:\/\/safe.pharmacy\/es\/wp-json\/wp\/v2\/users\/7"}],"replies":[{"embeddable":true,"href":"https:\/\/safe.pharmacy\/es\/wp-json\/wp\/v2\/comments?post=1659"}],"version-history":[{"count":9,"href":"https:\/\/safe.pharmacy\/es\/wp-json\/wp\/v2\/pages\/1659\/revisions"}],"predecessor-version":[{"id":4779,"href":"https:\/\/safe.pharmacy\/es\/wp-json\/wp\/v2\/pages\/1659\/revisions\/4779"}],"wp:attachment":[{"href":"https:\/\/safe.pharmacy\/es\/wp-json\/wp\/v2\/media?parent=1659"}],"curies":[{"name":"wp","href":"https:\/\/api.w.org\/{rel}","templated":true}]}}